{"id":29645,"date":"2020-10-23T09:31:13","date_gmt":"2020-10-23T09:31:13","guid":{"rendered":"http:\/\/tugraztestweb.asol.at\/gesamtverzeichnis\/unkategorisiert\/2-grazer-baubetriebs-und-baurechtsseminar\/"},"modified":"2020-10-23T11:32:13","modified_gmt":"2020-10-23T09:32:13","slug":"2-grazer-baubetriebs-und-baurechtsseminar","status":"publish","type":"product","link":"https:\/\/tugraztestweb.asol.at\/en\/gesamtverzeichnis\/bauingenieurwissenschaften\/2-grazer-baubetriebs-und-baurechtsseminar\/","title":{"rendered":"2. Grazer Baubetriebs- und Baurechtsseminar"},"content":{"rendered":"<p class=\"qtranxs-available-languages-message qtranxs-available-languages-message-en\">Sorry, this entry is only available in <a href=\"https:\/\/tugraztestweb.asol.at\/de\/wp-json\/wp\/v2\/product\/29645\" class=\"qtranxs-available-language-link qtranxs-available-language-link-de\" title=\"Deutsch\">Deutsch<\/a>.<\/p><p>Der Tagungsband des 2. Baube-triebs- und Baurechtsseminar beinhaltet einen grundlegenden Beitrag zum Thema \u201eBauzeit\u201c mit dem Schwerpunkt bei der Behinderung und der bauzeitlichen Untersuchung der Puffer. Weiterhin wird in zwei Beitr\u00e4gen aus baurechtlicher und bauwirtschaftlicher Sicht eine Differenzierung zwischen Schadenersatz und Verg\u00fctung bei Behinderungsereignissen vorgenommen.<br \/>\nMit Inkrafttreten der beiden neuen Bauvertragsnormen \u00d6NORM B 2110 und B 2118 zum 01. J\u00e4nner 2009 nehmen Rechtsanw\u00e4lte, Auftraggeber und Auf-<br \/>\ntragnehmer Stellung zu den Auswirkungen auf die Einfl\u00fcsse durch die neuen Normen auf die am Bau Beteiligten. Abgerundet wird der Tagungsband durch einen Schriftsatz zum Thema des \u201eValue Engineerings\u201c.<\/p>","protected":false},"excerpt":{"rendered":"<p class=\"qtranxs-available-languages-message qtranxs-available-languages-message-en\">Sorry, this entry is only available in <a href=\"https:\/\/tugraztestweb.asol.at\/de\/wp-json\/wp\/v2\/product\/29645\" class=\"qtranxs-available-language-link qtranxs-available-language-link-de\" title=\"Deutsch\">Deutsch<\/a>.<\/p>\n<p>Der Tagungsband des 2. Baube-triebs- und Baurechtsseminar beinhaltet einen grundlegenden Beitrag zum Thema \u201eBauzeit\u201c mit dem Schwerpunkt bei der Behinderung und der bauzeitlichen Untersuchung der Puffer. Weiterhin wird in zwei Beitr\u00e4gen aus baurechtlicher und bauwirtschaftlicher Sicht eine Differenzierung zwischen Schadenersatz und Verg\u00fctung bei Behinderungsereignissen vorgenommen.<br \/>\nMit Inkrafttreten der beiden neuen Bauvertragsnormen \u00d6NORM B 2110 und B 2118 zum 01. J\u00e4nner 2009 nehmen Rechtsanw\u00e4lte, Auftraggeber und Auf-<br \/>\ntragnehmer Stellung zu den Auswirkungen auf die Einfl\u00fcsse durch die neuen Normen auf die am Bau Beteiligten. Abgerundet wird der Tagungsband durch einen Schriftsatz zum Thema des \u201eValue Engineerings\u201c.<\/p>\n","protected":false},"featured_media":39603,"comment_status":"open","ping_status":"closed","template":"","meta":[],"yoast_head":"<!-- This site is optimized with the Yoast SEO plugin v16.1.1 - https:\/\/yoast.com\/wordpress\/plugins\/seo\/ -->\n<link rel=\"canonical\" href=\"https:\/\/tugraztestweb.asol.at\/gesamtverzeichnis\/bauingenieurwissenschaften\/2-grazer-baubetriebs-und-baurechtsseminar\/\" \/>\n<meta property=\"og:locale\" content=\"en_US\" \/>\n<meta property=\"og:type\" content=\"article\" \/>\n<meta property=\"og:title\" content=\"2. Grazer Baubetriebs- und Baurechtsseminar - Verlag der TU Graz\" \/>\n<meta property=\"og:description\" content=\"Der Tagungsband des 2. Baube-triebs- und Baurechtsseminar beinhaltet einen grundlegenden Beitrag zum Thema \u201eBauzeit\u201c mit dem Schwerpunkt bei der Behinderung und der bauzeitlichen Untersuchung der Puffer. Weiterhin wird in zwei Beitr\u00e4gen aus baurechtlicher und bauwirtschaftlicher Sicht eine Differenzierung zwischen Schadenersatz und Verg\u00fctung bei Behinderungsereignissen vorgenommen. Mit Inkrafttreten der beiden neuen Bauvertragsnormen \u00d6NORM B 2110 und B 2118 zum 01. J\u00e4nner 2009 nehmen Rechtsanw\u00e4lte, Auftraggeber und Auf- tragnehmer Stellung zu den Auswirkungen auf die Einfl\u00fcsse durch die neuen Normen auf die am Bau Beteiligten. Abgerundet wird der Tagungsband durch einen Schriftsatz zum Thema des \u201eValue Engineerings\u201c.\" \/>\n<meta property=\"og:url\" content=\"https:\/\/tugraztestweb.asol.at\/gesamtverzeichnis\/bauingenieurwissenschaften\/2-grazer-baubetriebs-und-baurechtsseminar\/\" \/>\n<meta property=\"og:site_name\" content=\"Verlag der TU Graz\" \/>\n<meta property=\"article:modified_time\" content=\"2020-10-23T09:32:13+00:00\" \/>\n<meta property=\"og:image\" content=\"https:\/\/tugraztestweb.asol.at\/wp-content\/uploads\/2020\/10\/image-978-3-85125-030-5.jpg\" \/>\n\t<meta property=\"og:image:width\" content=\"447\" \/>\n\t<meta property=\"og:image:height\" content=\"632\" \/>\n<meta name=\"twitter:card\" content=\"summary_large_image\" \/>\n<script type=\"application\/ld+json\" class=\"yoast-schema-graph\">{\"@context\":\"https:\/\/schema.org\",\"@graph\":[{\"@type\":\"WebSite\",\"@id\":\"https:\/\/tugraztestweb.asol.at\/#website\",\"url\":\"https:\/\/tugraztestweb.asol.at\/\",\"name\":\"Verlag der TU Graz\",\"description\":\"Verlag der Technischen Universit\\u00e4t Graz\",\"potentialAction\":[{\"@type\":\"SearchAction\",\"target\":\"https:\/\/tugraztestweb.asol.at\/?s={search_term_string}\",\"query-input\":\"required name=search_term_string\"}],\"inLanguage\":\"en-US\"},{\"@type\":\"ImageObject\",\"@id\":\"https:\/\/tugraztestweb.asol.at\/gesamtverzeichnis\/bauingenieurwissenschaften\/2-grazer-baubetriebs-und-baurechtsseminar\/#primaryimage\",\"inLanguage\":\"en-US\",\"url\":\"https:\/\/tugraztestweb.asol.at\/wp-content\/uploads\/2020\/10\/image-978-3-85125-030-5.jpg\",\"contentUrl\":\"https:\/\/tugraztestweb.asol.at\/wp-content\/uploads\/2020\/10\/image-978-3-85125-030-5.jpg\",\"width\":447,\"height\":632},{\"@type\":\"WebPage\",\"@id\":\"https:\/\/tugraztestweb.asol.at\/gesamtverzeichnis\/bauingenieurwissenschaften\/2-grazer-baubetriebs-und-baurechtsseminar\/#webpage\",\"url\":\"https:\/\/tugraztestweb.asol.at\/gesamtverzeichnis\/bauingenieurwissenschaften\/2-grazer-baubetriebs-und-baurechtsseminar\/\",\"name\":\"2. Grazer Baubetriebs- und Baurechtsseminar - Verlag der TU Graz\",\"isPartOf\":{\"@id\":\"https:\/\/tugraztestweb.asol.at\/#website\"},\"primaryImageOfPage\":{\"@id\":\"https:\/\/tugraztestweb.asol.at\/gesamtverzeichnis\/bauingenieurwissenschaften\/2-grazer-baubetriebs-und-baurechtsseminar\/#primaryimage\"},\"datePublished\":\"2020-10-23T09:31:13+00:00\",\"dateModified\":\"2020-10-23T09:32:13+00:00\",\"breadcrumb\":{\"@id\":\"https:\/\/tugraztestweb.asol.at\/gesamtverzeichnis\/bauingenieurwissenschaften\/2-grazer-baubetriebs-und-baurechtsseminar\/#breadcrumb\"},\"inLanguage\":\"en-US\",\"potentialAction\":[{\"@type\":\"ReadAction\",\"target\":[\"https:\/\/tugraztestweb.asol.at\/gesamtverzeichnis\/bauingenieurwissenschaften\/2-grazer-baubetriebs-und-baurechtsseminar\/\"]}]},{\"@type\":\"BreadcrumbList\",\"@id\":\"https:\/\/tugraztestweb.asol.at\/gesamtverzeichnis\/bauingenieurwissenschaften\/2-grazer-baubetriebs-und-baurechtsseminar\/#breadcrumb\",\"itemListElement\":[{\"@type\":\"ListItem\",\"position\":1,\"item\":{\"@type\":\"WebPage\",\"@id\":\"https:\/\/tugraztestweb.asol.at\/\",\"url\":\"https:\/\/tugraztestweb.asol.at\/\",\"name\":\"Home\"}},{\"@type\":\"ListItem\",\"position\":2,\"item\":{\"@type\":\"WebPage\",\"@id\":\"https:\/\/tugraztestweb.asol.at\/gesamtverzeichnis\/\",\"url\":\"https:\/\/tugraztestweb.asol.at\/gesamtverzeichnis\/\",\"name\":\"Gesamtverzeichnis\"}},{\"@type\":\"ListItem\",\"position\":3,\"item\":{\"@type\":\"WebPage\",\"@id\":\"https:\/\/tugraztestweb.asol.at\/gesamtverzeichnis\/bauingenieurwissenschaften\/2-grazer-baubetriebs-und-baurechtsseminar\/\",\"url\":\"https:\/\/tugraztestweb.asol.at\/gesamtverzeichnis\/bauingenieurwissenschaften\/2-grazer-baubetriebs-und-baurechtsseminar\/\",\"name\":\"2. Grazer Baubetriebs- und Baurechtsseminar\"}}]}]}<\/script>\n<!-- \/ Yoast SEO plugin. -->","_links":{"self":[{"href":"https:\/\/tugraztestweb.asol.at\/en\/wp-json\/wp\/v2\/product\/29645"}],"collection":[{"href":"https:\/\/tugraztestweb.asol.at\/en\/wp-json\/wp\/v2\/product"}],"about":[{"href":"https:\/\/tugraztestweb.asol.at\/en\/wp-json\/wp\/v2\/types\/product"}],"replies":[{"embeddable":true,"href":"https:\/\/tugraztestweb.asol.at\/en\/wp-json\/wp\/v2\/comments?post=29645"}],"wp:featuredmedia":[{"embeddable":true,"href":"https:\/\/tugraztestweb.asol.at\/en\/wp-json\/wp\/v2\/media\/39603"}],"wp:attachment":[{"href":"https:\/\/tugraztestweb.asol.at\/en\/wp-json\/wp\/v2\/media?parent=29645"}],"curies":[{"name":"wp","href":"https:\/\/api.w.org\/{rel}","templated":true}]}}