{"id":29650,"date":"2020-10-23T10:43:24","date_gmt":"2020-10-23T10:43:24","guid":{"rendered":"http:\/\/tugraztestweb.asol.at\/gesamtverzeichnis\/unkategorisiert\/3-grazer-baubetriebs-und-baurechtsseminar-tagungsband-2010\/"},"modified":"2020-10-23T12:44:24","modified_gmt":"2020-10-23T10:44:24","slug":"3-grazer-baubetriebs-und-baurechtsseminar-tagungsband-2010","status":"publish","type":"product","link":"https:\/\/tugraztestweb.asol.at\/en\/gesamtverzeichnis\/bauingenieurwissenschaften\/3-grazer-baubetriebs-und-baurechtsseminar-tagungsband-2010\/","title":{"rendered":"3. Grazer Baubetriebs- und Baurechtsseminar, Tagungsband 2010"},"content":{"rendered":"<p class=\"qtranxs-available-languages-message qtranxs-available-languages-message-en\">Sorry, this entry is only available in <a href=\"https:\/\/tugraztestweb.asol.at\/de\/wp-json\/wp\/v2\/product\/29650\" class=\"qtranxs-available-language-link qtranxs-available-language-link-de\" title=\"Deutsch\">Deutsch<\/a>.<\/p><p>Nach den ersten beiden Tagungen in Bad Blumau wird das Thema der Bauzeit und hierbei im Besonderen das der Beschleunigung thematisiert. Hierbei spielen die Verg\u00fctung und der Werkerfolg im Bauvertrag eine bedeutende Rolle. Wesentlich f\u00fcr die interdisziplin\u00e4re Diskussion ist nicht nur das Meinungsbild der Auftraggeber und Auftragnehmer, sondern auch jenes zwischen Architekten, Bauingenieuren und Juristen. Hierbei stellen die vorgenannten Themen den Schl\u00fcssel f\u00fcr den Projekterfolg dar.<br \/>\nDie international anerkannten Vortragenden haben auf 200 Seiten Ihre Beitr\u00e4ge in schriftlicher Form dargelegt.)<\/p>","protected":false},"excerpt":{"rendered":"<p class=\"qtranxs-available-languages-message qtranxs-available-languages-message-en\">Sorry, this entry is only available in <a href=\"https:\/\/tugraztestweb.asol.at\/de\/wp-json\/wp\/v2\/product\/29650\" class=\"qtranxs-available-language-link qtranxs-available-language-link-de\" title=\"Deutsch\">Deutsch<\/a>.<\/p>\n<p>Nach den ersten beiden Tagungen in Bad Blumau wird das Thema der Bauzeit und hierbei im Besonderen das der Beschleunigung thematisiert. Hierbei spielen die Verg\u00fctung und der Werkerfolg im Bauvertrag eine bedeutende Rolle. Wesentlich f\u00fcr die interdisziplin\u00e4re Diskussion ist nicht nur das Meinungsbild der Auftraggeber und Auftragnehmer, sondern auch jenes zwischen Architekten, Bauingenieuren und Juristen. Hierbei stellen die vorgenannten Themen den Schl\u00fcssel f\u00fcr den Projekterfolg dar.<br \/>\nDie international anerkannten Vortragenden haben auf 200 Seiten Ihre Beitr\u00e4ge in schriftlicher Form dargelegt.)<\/p>\n","protected":false},"featured_media":39605,"comment_status":"open","ping_status":"closed","template":"","meta":[],"yoast_head":"<!-- This site is optimized with the Yoast SEO plugin v16.1.1 - https:\/\/yoast.com\/wordpress\/plugins\/seo\/ -->\n<link rel=\"canonical\" href=\"https:\/\/tugraztestweb.asol.at\/en\/gesamtverzeichnis\/bauingenieurwissenschaften\/3-grazer-baubetriebs-und-baurechtsseminar-tagungsband-2010\/\" \/>\n<meta property=\"og:locale\" content=\"en_US\" \/>\n<meta property=\"og:type\" content=\"article\" \/>\n<meta property=\"og:title\" content=\"3. Grazer Baubetriebs- und Baurechtsseminar, Tagungsband 2010 - Verlag der TU Graz\" \/>\n<meta property=\"og:description\" content=\"Nach den ersten beiden Tagungen in Bad Blumau wird das Thema der Bauzeit und hierbei im Besonderen das der Beschleunigung thematisiert. Hierbei spielen die Verg\u00fctung und der Werkerfolg im Bauvertrag eine bedeutende Rolle. Wesentlich f\u00fcr die interdisziplin\u00e4re Diskussion ist nicht nur das Meinungsbild der Auftraggeber und Auftragnehmer, sondern auch jenes zwischen Architekten, Bauingenieuren und Juristen. Hierbei stellen die vorgenannten Themen den Schl\u00fcssel f\u00fcr den Projekterfolg dar. Die international anerkannten Vortragenden haben auf 200 Seiten Ihre Beitr\u00e4ge in schriftlicher Form dargelegt.)\" \/>\n<meta property=\"og:url\" content=\"https:\/\/tugraztestweb.asol.at\/en\/gesamtverzeichnis\/bauingenieurwissenschaften\/3-grazer-baubetriebs-und-baurechtsseminar-tagungsband-2010\/\" \/>\n<meta property=\"og:site_name\" content=\"Verlag der TU Graz\" \/>\n<meta property=\"article:modified_time\" content=\"2020-10-23T10:44:24+00:00\" \/>\n<meta property=\"og:image\" content=\"https:\/\/tugraztestweb.asol.at\/wp-content\/uploads\/2020\/10\/image-978-3-85125-079-4.jpg\" \/>\n\t<meta property=\"og:image:width\" content=\"607\" \/>\n\t<meta property=\"og:image:height\" content=\"859\" \/>\n<meta name=\"twitter:card\" content=\"summary_large_image\" \/>\n<script type=\"application\/ld+json\" class=\"yoast-schema-graph\">{\"@context\":\"https:\/\/schema.org\",\"@graph\":[{\"@type\":\"WebSite\",\"@id\":\"https:\/\/tugraztestweb.asol.at\/#website\",\"url\":\"https:\/\/tugraztestweb.asol.at\/\",\"name\":\"Verlag der TU Graz\",\"description\":\"Verlag der Technischen Universit\\u00e4t Graz\",\"potentialAction\":[{\"@type\":\"SearchAction\",\"target\":\"https:\/\/tugraztestweb.asol.at\/?s={search_term_string}\",\"query-input\":\"required name=search_term_string\"}],\"inLanguage\":\"en-US\"},{\"@type\":\"ImageObject\",\"@id\":\"https:\/\/tugraztestweb.asol.at\/en\/gesamtverzeichnis\/bauingenieurwissenschaften\/3-grazer-baubetriebs-und-baurechtsseminar-tagungsband-2010\/#primaryimage\",\"inLanguage\":\"en-US\",\"url\":\"https:\/\/tugraztestweb.asol.at\/wp-content\/uploads\/2020\/10\/image-978-3-85125-079-4.jpg\",\"contentUrl\":\"https:\/\/tugraztestweb.asol.at\/wp-content\/uploads\/2020\/10\/image-978-3-85125-079-4.jpg\",\"width\":607,\"height\":859},{\"@type\":\"WebPage\",\"@id\":\"https:\/\/tugraztestweb.asol.at\/en\/gesamtverzeichnis\/bauingenieurwissenschaften\/3-grazer-baubetriebs-und-baurechtsseminar-tagungsband-2010\/#webpage\",\"url\":\"https:\/\/tugraztestweb.asol.at\/en\/gesamtverzeichnis\/bauingenieurwissenschaften\/3-grazer-baubetriebs-und-baurechtsseminar-tagungsband-2010\/\",\"name\":\"3. Grazer Baubetriebs- und Baurechtsseminar, Tagungsband 2010 - Verlag der TU Graz\",\"isPartOf\":{\"@id\":\"https:\/\/tugraztestweb.asol.at\/#website\"},\"primaryImageOfPage\":{\"@id\":\"https:\/\/tugraztestweb.asol.at\/en\/gesamtverzeichnis\/bauingenieurwissenschaften\/3-grazer-baubetriebs-und-baurechtsseminar-tagungsband-2010\/#primaryimage\"},\"datePublished\":\"2020-10-23T10:43:24+00:00\",\"dateModified\":\"2020-10-23T10:44:24+00:00\",\"breadcrumb\":{\"@id\":\"https:\/\/tugraztestweb.asol.at\/en\/gesamtverzeichnis\/bauingenieurwissenschaften\/3-grazer-baubetriebs-und-baurechtsseminar-tagungsband-2010\/#breadcrumb\"},\"inLanguage\":\"en-US\",\"potentialAction\":[{\"@type\":\"ReadAction\",\"target\":[\"https:\/\/tugraztestweb.asol.at\/en\/gesamtverzeichnis\/bauingenieurwissenschaften\/3-grazer-baubetriebs-und-baurechtsseminar-tagungsband-2010\/\"]}]},{\"@type\":\"BreadcrumbList\",\"@id\":\"https:\/\/tugraztestweb.asol.at\/en\/gesamtverzeichnis\/bauingenieurwissenschaften\/3-grazer-baubetriebs-und-baurechtsseminar-tagungsband-2010\/#breadcrumb\",\"itemListElement\":[{\"@type\":\"ListItem\",\"position\":1,\"item\":{\"@type\":\"WebPage\",\"@id\":\"https:\/\/tugraztestweb.asol.at\/\",\"url\":\"https:\/\/tugraztestweb.asol.at\/\",\"name\":\"Home\"}},{\"@type\":\"ListItem\",\"position\":2,\"item\":{\"@type\":\"WebPage\",\"@id\":\"https:\/\/tugraztestweb.asol.at\/gesamtverzeichnis\/\",\"url\":\"https:\/\/tugraztestweb.asol.at\/gesamtverzeichnis\/\",\"name\":\"Gesamtverzeichnis\"}},{\"@type\":\"ListItem\",\"position\":3,\"item\":{\"@type\":\"WebPage\",\"@id\":\"https:\/\/tugraztestweb.asol.at\/en\/gesamtverzeichnis\/bauingenieurwissenschaften\/3-grazer-baubetriebs-und-baurechtsseminar-tagungsband-2010\/\",\"url\":\"https:\/\/tugraztestweb.asol.at\/en\/gesamtverzeichnis\/bauingenieurwissenschaften\/3-grazer-baubetriebs-und-baurechtsseminar-tagungsband-2010\/\",\"name\":\"3. Grazer Baubetriebs- und Baurechtsseminar, Tagungsband 2010\"}}]}]}<\/script>\n<!-- \/ Yoast SEO plugin. -->","_links":{"self":[{"href":"https:\/\/tugraztestweb.asol.at\/en\/wp-json\/wp\/v2\/product\/29650"}],"collection":[{"href":"https:\/\/tugraztestweb.asol.at\/en\/wp-json\/wp\/v2\/product"}],"about":[{"href":"https:\/\/tugraztestweb.asol.at\/en\/wp-json\/wp\/v2\/types\/product"}],"replies":[{"embeddable":true,"href":"https:\/\/tugraztestweb.asol.at\/en\/wp-json\/wp\/v2\/comments?post=29650"}],"wp:featuredmedia":[{"embeddable":true,"href":"https:\/\/tugraztestweb.asol.at\/en\/wp-json\/wp\/v2\/media\/39605"}],"wp:attachment":[{"href":"https:\/\/tugraztestweb.asol.at\/en\/wp-json\/wp\/v2\/media?parent=29650"}],"curies":[{"name":"wp","href":"https:\/\/api.w.org\/{rel}","templated":true}]}}