{"id":29652,"date":"2020-08-21T12:53:38","date_gmt":"2020-08-21T12:53:38","guid":{"rendered":"http:\/\/tugraztestweb.asol.at\/gesamtverzeichnis\/unkategorisiert\/4-grazer-baubetriebs-und-baurechtsseminar-tagungsband-2011-die-schnittstelle-zwischen-vergabe-und-bauvertragswesen\/"},"modified":"2020-08-21T14:54:38","modified_gmt":"2020-08-21T12:54:38","slug":"4-grazer-baubetriebs-und-baurechtsseminar-tagungsband-2011-die-schnittstelle-zwischen-vergabe-und-bauvertragswesen","status":"publish","type":"product","link":"https:\/\/tugraztestweb.asol.at\/en\/gesamtverzeichnis\/bauingenieurwissenschaften\/4-grazer-baubetriebs-und-baurechtsseminar-tagungsband-2011-die-schnittstelle-zwischen-vergabe-und-bauvertragswesen\/","title":{"rendered":"4. Grazer Baubetriebs- und Baurechtsseminar; Tagungsband 2011; Die Schnittstelle zwischen Vergabe und Bauvertragswesen"},"content":{"rendered":"<p class=\"qtranxs-available-languages-message qtranxs-available-languages-message-en\">Sorry, this entry is only available in <a href=\"https:\/\/tugraztestweb.asol.at\/de\/wp-json\/wp\/v2\/product\/29652\" class=\"qtranxs-available-language-link qtranxs-available-language-link-de\" title=\"Deutsch\">Deutsch<\/a>.<\/p><p>Nach drei erfolgreichen Veranstaltungen steht das 4. Grazer Baubetriebs- und Baurechts-seminar unter dem Fokus der Schnittstelle zwischen der Vergabe und dem Bauvertrag. In den vergangenen Monaten hat diese interdisziplin\u00e4re Aufgabe mit einer Verknappung an \u00f6ffentlichen Auftr\u00e4gen und einer wachsenden Zahl an Vergabeeinspr\u00fcchen an Bedeutung gewonnen.<br \/>\nEine Reihe von international renommierten Fachleuten haben auf \u00fcber 200 Seiten unter anderem zu folgenden Fragestellungen Beitr\u00e4ge ausgearbeitet:<br \/>\nDer geschuldete Erfolg<br \/>\n&#8211; externes und internes Bausoll<br \/>\n&#8211; Kalkulation und Kalkulations- irrtum<br \/>\n&#8211; Vergaberecht und Bauvertrag<br \/>\n&#8211; funktionale Ausschreibung<\/p>","protected":false},"excerpt":{"rendered":"<p class=\"qtranxs-available-languages-message qtranxs-available-languages-message-en\">Sorry, this entry is only available in <a href=\"https:\/\/tugraztestweb.asol.at\/de\/wp-json\/wp\/v2\/product\/29652\" class=\"qtranxs-available-language-link qtranxs-available-language-link-de\" title=\"Deutsch\">Deutsch<\/a>.<\/p>\n<p>Nach drei erfolgreichen Veranstaltungen steht das 4. Grazer Baubetriebs- und Baurechts-seminar unter dem Fokus der Schnittstelle zwischen der Vergabe und dem Bauvertrag. In den vergangenen Monaten hat diese interdisziplin\u00e4re Aufgabe mit einer Verknappung an \u00f6ffentlichen Auftr\u00e4gen und einer wachsenden Zahl an Vergabeeinspr\u00fcchen an Bedeutung gewonnen.<br \/>\nEine Reihe von international renommierten Fachleuten haben auf \u00fcber 200 Seiten unter anderem zu folgenden Fragestellungen Beitr\u00e4ge ausgearbeitet:<br \/>\nDer geschuldete Erfolg<br \/>\n&#8211; externes und internes Bausoll<br \/>\n&#8211; Kalkulation und Kalkulations- irrtum<br \/>\n&#8211; Vergaberecht und Bauvertrag<br \/>\n&#8211; funktionale Ausschreibung<\/p>\n","protected":false},"featured_media":39606,"comment_status":"open","ping_status":"closed","template":"","meta":[],"yoast_head":"<!-- This site is optimized with the Yoast SEO plugin v16.1.1 - https:\/\/yoast.com\/wordpress\/plugins\/seo\/ -->\n<link rel=\"canonical\" href=\"https:\/\/tugraztestweb.asol.at\/en\/gesamtverzeichnis\/bauingenieurwissenschaften\/4-grazer-baubetriebs-und-baurechtsseminar-tagungsband-2011-die-schnittstelle-zwischen-vergabe-und-bauvertragswesen\/\" \/>\n<meta property=\"og:locale\" content=\"en_US\" \/>\n<meta property=\"og:type\" content=\"article\" \/>\n<meta property=\"og:title\" content=\"4. Grazer Baubetriebs- und Baurechtsseminar; Tagungsband 2011; Die Schnittstelle zwischen Vergabe und Bauvertragswesen - Verlag der TU Graz\" \/>\n<meta property=\"og:description\" content=\"Nach drei erfolgreichen Veranstaltungen steht das 4. Grazer Baubetriebs- und Baurechts-seminar unter dem Fokus der Schnittstelle zwischen der Vergabe und dem Bauvertrag. In den vergangenen Monaten hat diese interdisziplin\u00e4re Aufgabe mit einer Verknappung an \u00f6ffentlichen Auftr\u00e4gen und einer wachsenden Zahl an Vergabeeinspr\u00fcchen an Bedeutung gewonnen. Eine Reihe von international renommierten Fachleuten haben auf \u00fcber 200 Seiten unter anderem zu folgenden Fragestellungen Beitr\u00e4ge ausgearbeitet: Der geschuldete Erfolg - externes und internes Bausoll - Kalkulation und Kalkulations- irrtum - Vergaberecht und Bauvertrag - funktionale Ausschreibung\" \/>\n<meta property=\"og:url\" content=\"https:\/\/tugraztestweb.asol.at\/en\/gesamtverzeichnis\/bauingenieurwissenschaften\/4-grazer-baubetriebs-und-baurechtsseminar-tagungsband-2011-die-schnittstelle-zwischen-vergabe-und-bauvertragswesen\/\" \/>\n<meta property=\"og:site_name\" content=\"Verlag der TU Graz\" \/>\n<meta property=\"article:modified_time\" content=\"2020-08-21T12:54:38+00:00\" \/>\n<meta property=\"og:image\" content=\"https:\/\/tugraztestweb.asol.at\/wp-content\/uploads\/2020\/08\/image-978-3-85125-135-7.jpg\" \/>\n\t<meta property=\"og:image:width\" content=\"607\" \/>\n\t<meta property=\"og:image:height\" content=\"859\" \/>\n<meta name=\"twitter:card\" content=\"summary_large_image\" \/>\n<script type=\"application\/ld+json\" class=\"yoast-schema-graph\">{\"@context\":\"https:\/\/schema.org\",\"@graph\":[{\"@type\":\"WebSite\",\"@id\":\"https:\/\/tugraztestweb.asol.at\/#website\",\"url\":\"https:\/\/tugraztestweb.asol.at\/\",\"name\":\"Verlag der TU Graz\",\"description\":\"Verlag der Technischen Universit\\u00e4t Graz\",\"potentialAction\":[{\"@type\":\"SearchAction\",\"target\":\"https:\/\/tugraztestweb.asol.at\/?s={search_term_string}\",\"query-input\":\"required name=search_term_string\"}],\"inLanguage\":\"en-US\"},{\"@type\":\"ImageObject\",\"@id\":\"https:\/\/tugraztestweb.asol.at\/en\/gesamtverzeichnis\/bauingenieurwissenschaften\/4-grazer-baubetriebs-und-baurechtsseminar-tagungsband-2011-die-schnittstelle-zwischen-vergabe-und-bauvertragswesen\/#primaryimage\",\"inLanguage\":\"en-US\",\"url\":\"https:\/\/tugraztestweb.asol.at\/wp-content\/uploads\/2020\/08\/image-978-3-85125-135-7.jpg\",\"contentUrl\":\"https:\/\/tugraztestweb.asol.at\/wp-content\/uploads\/2020\/08\/image-978-3-85125-135-7.jpg\",\"width\":607,\"height\":859},{\"@type\":\"WebPage\",\"@id\":\"https:\/\/tugraztestweb.asol.at\/en\/gesamtverzeichnis\/bauingenieurwissenschaften\/4-grazer-baubetriebs-und-baurechtsseminar-tagungsband-2011-die-schnittstelle-zwischen-vergabe-und-bauvertragswesen\/#webpage\",\"url\":\"https:\/\/tugraztestweb.asol.at\/en\/gesamtverzeichnis\/bauingenieurwissenschaften\/4-grazer-baubetriebs-und-baurechtsseminar-tagungsband-2011-die-schnittstelle-zwischen-vergabe-und-bauvertragswesen\/\",\"name\":\"4. Grazer Baubetriebs- und Baurechtsseminar; Tagungsband 2011; Die Schnittstelle zwischen Vergabe und Bauvertragswesen - Verlag der TU Graz\",\"isPartOf\":{\"@id\":\"https:\/\/tugraztestweb.asol.at\/#website\"},\"primaryImageOfPage\":{\"@id\":\"https:\/\/tugraztestweb.asol.at\/en\/gesamtverzeichnis\/bauingenieurwissenschaften\/4-grazer-baubetriebs-und-baurechtsseminar-tagungsband-2011-die-schnittstelle-zwischen-vergabe-und-bauvertragswesen\/#primaryimage\"},\"datePublished\":\"2020-08-21T12:53:38+00:00\",\"dateModified\":\"2020-08-21T12:54:38+00:00\",\"breadcrumb\":{\"@id\":\"https:\/\/tugraztestweb.asol.at\/en\/gesamtverzeichnis\/bauingenieurwissenschaften\/4-grazer-baubetriebs-und-baurechtsseminar-tagungsband-2011-die-schnittstelle-zwischen-vergabe-und-bauvertragswesen\/#breadcrumb\"},\"inLanguage\":\"en-US\",\"potentialAction\":[{\"@type\":\"ReadAction\",\"target\":[\"https:\/\/tugraztestweb.asol.at\/en\/gesamtverzeichnis\/bauingenieurwissenschaften\/4-grazer-baubetriebs-und-baurechtsseminar-tagungsband-2011-die-schnittstelle-zwischen-vergabe-und-bauvertragswesen\/\"]}]},{\"@type\":\"BreadcrumbList\",\"@id\":\"https:\/\/tugraztestweb.asol.at\/en\/gesamtverzeichnis\/bauingenieurwissenschaften\/4-grazer-baubetriebs-und-baurechtsseminar-tagungsband-2011-die-schnittstelle-zwischen-vergabe-und-bauvertragswesen\/#breadcrumb\",\"itemListElement\":[{\"@type\":\"ListItem\",\"position\":1,\"item\":{\"@type\":\"WebPage\",\"@id\":\"https:\/\/tugraztestweb.asol.at\/\",\"url\":\"https:\/\/tugraztestweb.asol.at\/\",\"name\":\"Home\"}},{\"@type\":\"ListItem\",\"position\":2,\"item\":{\"@type\":\"WebPage\",\"@id\":\"https:\/\/tugraztestweb.asol.at\/gesamtverzeichnis\/\",\"url\":\"https:\/\/tugraztestweb.asol.at\/gesamtverzeichnis\/\",\"name\":\"Gesamtverzeichnis\"}},{\"@type\":\"ListItem\",\"position\":3,\"item\":{\"@type\":\"WebPage\",\"@id\":\"https:\/\/tugraztestweb.asol.at\/en\/gesamtverzeichnis\/bauingenieurwissenschaften\/4-grazer-baubetriebs-und-baurechtsseminar-tagungsband-2011-die-schnittstelle-zwischen-vergabe-und-bauvertragswesen\/\",\"url\":\"https:\/\/tugraztestweb.asol.at\/en\/gesamtverzeichnis\/bauingenieurwissenschaften\/4-grazer-baubetriebs-und-baurechtsseminar-tagungsband-2011-die-schnittstelle-zwischen-vergabe-und-bauvertragswesen\/\",\"name\":\"4. Grazer Baubetriebs- und Baurechtsseminar; Tagungsband 2011; Die Schnittstelle zwischen Vergabe und Bauvertragswesen\"}}]}]}<\/script>\n<!-- \/ Yoast SEO plugin. -->","_links":{"self":[{"href":"https:\/\/tugraztestweb.asol.at\/en\/wp-json\/wp\/v2\/product\/29652"}],"collection":[{"href":"https:\/\/tugraztestweb.asol.at\/en\/wp-json\/wp\/v2\/product"}],"about":[{"href":"https:\/\/tugraztestweb.asol.at\/en\/wp-json\/wp\/v2\/types\/product"}],"replies":[{"embeddable":true,"href":"https:\/\/tugraztestweb.asol.at\/en\/wp-json\/wp\/v2\/comments?post=29652"}],"wp:featuredmedia":[{"embeddable":true,"href":"https:\/\/tugraztestweb.asol.at\/en\/wp-json\/wp\/v2\/media\/39606"}],"wp:attachment":[{"href":"https:\/\/tugraztestweb.asol.at\/en\/wp-json\/wp\/v2\/media?parent=29652"}],"curies":[{"name":"wp","href":"https:\/\/api.w.org\/{rel}","templated":true}]}}