{"id":29667,"date":"2020-08-21T12:53:39","date_gmt":"2020-08-21T12:53:39","guid":{"rendered":"http:\/\/tugraztestweb.asol.at\/gesamtverzeichnis\/unkategorisiert\/ablaufkontrolle-ablaufrevision\/"},"modified":"2020-08-21T14:54:39","modified_gmt":"2020-08-21T12:54:39","slug":"ablaufkontrolle-ablaufrevision","status":"publish","type":"product","link":"https:\/\/tugraztestweb.asol.at\/en\/gesamtverzeichnis\/bauingenieurwissenschaften\/ablaufkontrolle-ablaufrevision\/","title":{"rendered":"Ablaufkontrolle, Ablaufrevision"},"content":{"rendered":"<p class=\"qtranxs-available-languages-message qtranxs-available-languages-message-en\">Sorry, this entry is only available in <a href=\"https:\/\/tugraztestweb.asol.at\/de\/wp-json\/wp\/v2\/product\/29667\" class=\"qtranxs-available-language-link qtranxs-available-language-link-de\" title=\"Deutsch\">Deutsch<\/a>.<\/p><p>Terminkontrolle ist Voraussetzung f\u00fcr die laufende Anpassung der Projektarbeit, die Fokussierung auf die inhaltliche Arbeit<br \/>\nwird mit Terminkontrolle wesentlich erleichtert.<br \/>\nTerminkontrolle ist wichtig f\u00fcr das interne Qualit\u00e4tsmanagement eines Planers, aber auch f\u00fcr die Zielerreichung des Projektes.<br \/>\nTerminkontrolle f\u00fcr Mittel- und Gro\u00dfprojekte sind gemeinsame Aufgabe der Projektmanager und \u00f6rtlichen Bauaufsicht.<br \/>\nVersionenverwaltung und -betrachtung von Terminpl\u00e4nen.<\/p>\n<p>ZIELE<br \/>\nStrukturanforderungen der Terminkontrolle<br \/>\nSoll-Ist Vergleiche als Basis der Projektarbeit<br \/>\nSteuerungsma\u00dfnahmen<\/p>\n<p>INHALTE<br \/>\nInhalte und Vorgangsweisen der Terminkontrolle<br \/>\nAufbau von Gewerkeausz\u00fcgen<br \/>\nAufbau von zeitfensterbezogenen TPAusz\u00fcgen<br \/>\nTerminkontrollberichte<br \/>\nR\u00fcckf\u00fchrung der Ergebnisse, Anpassungsma\u00dfnahmen<br \/>\nTerminplanversion und -revision<\/p>","protected":false},"excerpt":{"rendered":"<p class=\"qtranxs-available-languages-message qtranxs-available-languages-message-en\">Sorry, this entry is only available in <a href=\"https:\/\/tugraztestweb.asol.at\/de\/wp-json\/wp\/v2\/product\/29667\" class=\"qtranxs-available-language-link qtranxs-available-language-link-de\" title=\"Deutsch\">Deutsch<\/a>.<\/p>\n<p>Terminkontrolle ist Voraussetzung f\u00fcr die laufende Anpassung der Projektarbeit, die Fokussierung auf die inhaltliche Arbeit<br \/>\nwird mit Terminkontrolle wesentlich erleichtert.<br \/>\nTerminkontrolle ist wichtig f\u00fcr das interne Qualit\u00e4tsmanagement eines Planers, aber auch f\u00fcr die Zielerreichung des Projektes.<br \/>\nTerminkontrolle f\u00fcr Mittel- und Gro\u00dfprojekte sind gemeinsame Aufgabe der Projektmanager und \u00f6rtlichen Bauaufsicht.<br \/>\nVersionenverwaltung und -betrachtung von Terminpl\u00e4nen.<\/p>\n<p>ZIELE<br \/>\nStrukturanforderungen der Terminkontrolle<br \/>\nSoll-Ist Vergleiche als Basis der Projektarbeit<br \/>\nSteuerungsma\u00dfnahmen<\/p>\n<p>INHALTE<br \/>\nInhalte und Vorgangsweisen der Terminkontrolle<br \/>\nAufbau von Gewerkeausz\u00fcgen<br \/>\nAufbau von zeitfensterbezogenen TPAusz\u00fcgen<br \/>\nTerminkontrollberichte<br \/>\nR\u00fcckf\u00fchrung der Ergebnisse, Anpassungsma\u00dfnahmen<br \/>\nTerminplanversion und -revision<\/p>\n","protected":false},"featured_media":39612,"comment_status":"open","ping_status":"closed","template":"","meta":[],"yoast_head":"<!-- This site is optimized with the Yoast SEO plugin v16.1.1 - https:\/\/yoast.com\/wordpress\/plugins\/seo\/ -->\n<link rel=\"canonical\" href=\"https:\/\/tugraztestweb.asol.at\/gesamtverzeichnis\/bauingenieurwissenschaften\/ablaufkontrolle-ablaufrevision\/\" \/>\n<meta property=\"og:locale\" content=\"en_US\" \/>\n<meta property=\"og:type\" content=\"article\" \/>\n<meta property=\"og:title\" content=\"Ablaufkontrolle, Ablaufrevision - Verlag der TU Graz\" \/>\n<meta property=\"og:description\" content=\"Terminkontrolle ist Voraussetzung f\u00fcr die laufende Anpassung der Projektarbeit, die Fokussierung auf die inhaltliche Arbeit wird mit Terminkontrolle wesentlich erleichtert. Terminkontrolle ist wichtig f\u00fcr das interne Qualit\u00e4tsmanagement eines Planers, aber auch f\u00fcr die Zielerreichung des Projektes. Terminkontrolle f\u00fcr Mittel- und Gro\u00dfprojekte sind gemeinsame Aufgabe der Projektmanager und \u00f6rtlichen Bauaufsicht. Versionenverwaltung und -betrachtung von Terminpl\u00e4nen. ZIELE Strukturanforderungen der Terminkontrolle Soll-Ist Vergleiche als Basis der Projektarbeit Steuerungsma\u00dfnahmen INHALTE Inhalte und Vorgangsweisen der Terminkontrolle Aufbau von Gewerkeausz\u00fcgen Aufbau von zeitfensterbezogenen TPAusz\u00fcgen Terminkontrollberichte R\u00fcckf\u00fchrung der Ergebnisse, Anpassungsma\u00dfnahmen Terminplanversion und -revision\" \/>\n<meta property=\"og:url\" content=\"https:\/\/tugraztestweb.asol.at\/gesamtverzeichnis\/bauingenieurwissenschaften\/ablaufkontrolle-ablaufrevision\/\" \/>\n<meta property=\"og:site_name\" content=\"Verlag der TU Graz\" \/>\n<meta property=\"article:modified_time\" content=\"2020-08-21T12:54:39+00:00\" \/>\n<meta property=\"og:image\" content=\"https:\/\/tugraztestweb.asol.at\/wp-content\/uploads\/2020\/08\/image-978-3-85125-098-5.jpg\" \/>\n\t<meta property=\"og:image:width\" content=\"1193\" \/>\n\t<meta property=\"og:image:height\" content=\"843\" \/>\n<meta name=\"twitter:card\" content=\"summary_large_image\" \/>\n<script type=\"application\/ld+json\" class=\"yoast-schema-graph\">{\"@context\":\"https:\/\/schema.org\",\"@graph\":[{\"@type\":\"WebSite\",\"@id\":\"https:\/\/tugraztestweb.asol.at\/#website\",\"url\":\"https:\/\/tugraztestweb.asol.at\/\",\"name\":\"Verlag der TU Graz\",\"description\":\"Verlag der Technischen Universit\\u00e4t Graz\",\"potentialAction\":[{\"@type\":\"SearchAction\",\"target\":\"https:\/\/tugraztestweb.asol.at\/?s={search_term_string}\",\"query-input\":\"required name=search_term_string\"}],\"inLanguage\":\"en-US\"},{\"@type\":\"ImageObject\",\"@id\":\"https:\/\/tugraztestweb.asol.at\/gesamtverzeichnis\/bauingenieurwissenschaften\/ablaufkontrolle-ablaufrevision\/#primaryimage\",\"inLanguage\":\"en-US\",\"url\":\"https:\/\/tugraztestweb.asol.at\/wp-content\/uploads\/2020\/08\/image-978-3-85125-098-5.jpg\",\"contentUrl\":\"https:\/\/tugraztestweb.asol.at\/wp-content\/uploads\/2020\/08\/image-978-3-85125-098-5.jpg\",\"width\":1193,\"height\":843},{\"@type\":\"WebPage\",\"@id\":\"https:\/\/tugraztestweb.asol.at\/gesamtverzeichnis\/bauingenieurwissenschaften\/ablaufkontrolle-ablaufrevision\/#webpage\",\"url\":\"https:\/\/tugraztestweb.asol.at\/gesamtverzeichnis\/bauingenieurwissenschaften\/ablaufkontrolle-ablaufrevision\/\",\"name\":\"Ablaufkontrolle, Ablaufrevision - Verlag der TU Graz\",\"isPartOf\":{\"@id\":\"https:\/\/tugraztestweb.asol.at\/#website\"},\"primaryImageOfPage\":{\"@id\":\"https:\/\/tugraztestweb.asol.at\/gesamtverzeichnis\/bauingenieurwissenschaften\/ablaufkontrolle-ablaufrevision\/#primaryimage\"},\"datePublished\":\"2020-08-21T12:53:39+00:00\",\"dateModified\":\"2020-08-21T12:54:39+00:00\",\"breadcrumb\":{\"@id\":\"https:\/\/tugraztestweb.asol.at\/gesamtverzeichnis\/bauingenieurwissenschaften\/ablaufkontrolle-ablaufrevision\/#breadcrumb\"},\"inLanguage\":\"en-US\",\"potentialAction\":[{\"@type\":\"ReadAction\",\"target\":[\"https:\/\/tugraztestweb.asol.at\/gesamtverzeichnis\/bauingenieurwissenschaften\/ablaufkontrolle-ablaufrevision\/\"]}]},{\"@type\":\"BreadcrumbList\",\"@id\":\"https:\/\/tugraztestweb.asol.at\/gesamtverzeichnis\/bauingenieurwissenschaften\/ablaufkontrolle-ablaufrevision\/#breadcrumb\",\"itemListElement\":[{\"@type\":\"ListItem\",\"position\":1,\"item\":{\"@type\":\"WebPage\",\"@id\":\"https:\/\/tugraztestweb.asol.at\/\",\"url\":\"https:\/\/tugraztestweb.asol.at\/\",\"name\":\"Home\"}},{\"@type\":\"ListItem\",\"position\":2,\"item\":{\"@type\":\"WebPage\",\"@id\":\"https:\/\/tugraztestweb.asol.at\/gesamtverzeichnis\/\",\"url\":\"https:\/\/tugraztestweb.asol.at\/gesamtverzeichnis\/\",\"name\":\"Gesamtverzeichnis\"}},{\"@type\":\"ListItem\",\"position\":3,\"item\":{\"@type\":\"WebPage\",\"@id\":\"https:\/\/tugraztestweb.asol.at\/gesamtverzeichnis\/bauingenieurwissenschaften\/ablaufkontrolle-ablaufrevision\/\",\"url\":\"https:\/\/tugraztestweb.asol.at\/gesamtverzeichnis\/bauingenieurwissenschaften\/ablaufkontrolle-ablaufrevision\/\",\"name\":\"Ablaufkontrolle, Ablaufrevision\"}}]}]}<\/script>\n<!-- \/ Yoast SEO plugin. -->","_links":{"self":[{"href":"https:\/\/tugraztestweb.asol.at\/en\/wp-json\/wp\/v2\/product\/29667"}],"collection":[{"href":"https:\/\/tugraztestweb.asol.at\/en\/wp-json\/wp\/v2\/product"}],"about":[{"href":"https:\/\/tugraztestweb.asol.at\/en\/wp-json\/wp\/v2\/types\/product"}],"replies":[{"embeddable":true,"href":"https:\/\/tugraztestweb.asol.at\/en\/wp-json\/wp\/v2\/comments?post=29667"}],"wp:featuredmedia":[{"embeddable":true,"href":"https:\/\/tugraztestweb.asol.at\/en\/wp-json\/wp\/v2\/media\/39612"}],"wp:attachment":[{"href":"https:\/\/tugraztestweb.asol.at\/en\/wp-json\/wp\/v2\/media?parent=29667"}],"curies":[{"name":"wp","href":"https:\/\/api.w.org\/{rel}","templated":true}]}}