{"id":29669,"date":"2020-08-21T12:53:39","date_gmt":"2020-08-21T12:53:39","guid":{"rendered":"http:\/\/tugraztestweb.asol.at\/gesamtverzeichnis\/unkategorisiert\/ablaufplanung\/"},"modified":"2020-08-21T14:54:39","modified_gmt":"2020-08-21T12:54:39","slug":"ablaufplanung","status":"publish","type":"product","link":"https:\/\/tugraztestweb.asol.at\/en\/gesamtverzeichnis\/bauingenieurwissenschaften\/ablaufplanung\/","title":{"rendered":"Ablaufplanung"},"content":{"rendered":"<p class=\"qtranxs-available-languages-message qtranxs-available-languages-message-en\">Sorry, this entry is only available in <a href=\"https:\/\/tugraztestweb.asol.at\/de\/wp-json\/wp\/v2\/product\/29669\" class=\"qtranxs-available-language-link qtranxs-available-language-link-de\" title=\"Deutsch\">Deutsch<\/a>.<\/p><p>Das Werkzeug der Ablaufplanung zeigt die Zusammenh\u00e4nge und Verflechtungen eines Projektes und sorgt f\u00fcr einen besseren<br \/>\nBauablauf, der dadurch geringere Kosten und eine h\u00f6here Ausf\u00fchrungsqualit\u00e4t zur Folge hat.<br \/>\nBauvorhaben werden terminkritisch durchgef\u00fchrt.<br \/>\nVerz\u00f6gerungen im Baufortschritt werden immer teurer und zunehmend dem Planerteam angelastet<br \/>\nKonstruktionsarten oder Verfahrensvarianten beeinflussen die zeitliche Abwicklung.<br \/>\nStruktur, Aufbau und Auswertungsvarianten werden schrittweise erarbeitet.<\/p>\n<p>ZIELE<br \/>\nDarstellung unterschiedlicher Terminplanungsmethoden<br \/>\nRegeln und Kennzahlen f\u00fcr den Aufbau<br \/>\nvon Terminpl\u00e4nen<\/p>\n<p>INHALTE<br \/>\nIntegration der Terminplanung in das<br \/>\nProjektmanagement<br \/>\nEinsatz von Filtern zur Informationsverdichtung<br \/>\nallgemeine Bearbeitungshinweise<br \/>\n(Layoutierung, Archivierung etc.)<br \/>\ntypische Projektabl\u00e4ufe<br \/>\nwoher kommen die Dauern ?<\/p>","protected":false},"excerpt":{"rendered":"<p class=\"qtranxs-available-languages-message qtranxs-available-languages-message-en\">Sorry, this entry is only available in <a href=\"https:\/\/tugraztestweb.asol.at\/de\/wp-json\/wp\/v2\/product\/29669\" class=\"qtranxs-available-language-link qtranxs-available-language-link-de\" title=\"Deutsch\">Deutsch<\/a>.<\/p>\n<p>Das Werkzeug der Ablaufplanung zeigt die Zusammenh\u00e4nge und Verflechtungen eines Projektes und sorgt f\u00fcr einen besseren<br \/>\nBauablauf, der dadurch geringere Kosten und eine h\u00f6here Ausf\u00fchrungsqualit\u00e4t zur Folge hat.<br \/>\nBauvorhaben werden terminkritisch durchgef\u00fchrt.<br \/>\nVerz\u00f6gerungen im Baufortschritt werden immer teurer und zunehmend dem Planerteam angelastet<br \/>\nKonstruktionsarten oder Verfahrensvarianten beeinflussen die zeitliche Abwicklung.<br \/>\nStruktur, Aufbau und Auswertungsvarianten werden schrittweise erarbeitet.<\/p>\n<p>ZIELE<br \/>\nDarstellung unterschiedlicher Terminplanungsmethoden<br \/>\nRegeln und Kennzahlen f\u00fcr den Aufbau<br \/>\nvon Terminpl\u00e4nen<\/p>\n<p>INHALTE<br \/>\nIntegration der Terminplanung in das<br \/>\nProjektmanagement<br \/>\nEinsatz von Filtern zur Informationsverdichtung<br \/>\nallgemeine Bearbeitungshinweise<br \/>\n(Layoutierung, Archivierung etc.)<br \/>\ntypische Projektabl\u00e4ufe<br \/>\nwoher kommen die Dauern ?<\/p>\n","protected":false},"featured_media":39613,"comment_status":"open","ping_status":"closed","template":"","meta":[],"yoast_head":"<!-- This site is optimized with the Yoast SEO plugin v16.1.1 - https:\/\/yoast.com\/wordpress\/plugins\/seo\/ -->\n<link rel=\"canonical\" href=\"https:\/\/tugraztestweb.asol.at\/gesamtverzeichnis\/bauingenieurwissenschaften\/ablaufplanung\/\" \/>\n<meta property=\"og:locale\" content=\"en_US\" \/>\n<meta property=\"og:type\" content=\"article\" \/>\n<meta property=\"og:title\" content=\"Ablaufplanung - Verlag der TU Graz\" \/>\n<meta property=\"og:description\" content=\"Das Werkzeug der Ablaufplanung zeigt die Zusammenh\u00e4nge und Verflechtungen eines Projektes und sorgt f\u00fcr einen besseren Bauablauf, der dadurch geringere Kosten und eine h\u00f6here Ausf\u00fchrungsqualit\u00e4t zur Folge hat. Bauvorhaben werden terminkritisch durchgef\u00fchrt. Verz\u00f6gerungen im Baufortschritt werden immer teurer und zunehmend dem Planerteam angelastet Konstruktionsarten oder Verfahrensvarianten beeinflussen die zeitliche Abwicklung. Struktur, Aufbau und Auswertungsvarianten werden schrittweise erarbeitet. ZIELE Darstellung unterschiedlicher Terminplanungsmethoden Regeln und Kennzahlen f\u00fcr den Aufbau von Terminpl\u00e4nen INHALTE Integration der Terminplanung in das Projektmanagement Einsatz von Filtern zur Informationsverdichtung allgemeine Bearbeitungshinweise (Layoutierung, Archivierung etc.) typische Projektabl\u00e4ufe woher kommen die Dauern ?\" \/>\n<meta property=\"og:url\" content=\"https:\/\/tugraztestweb.asol.at\/gesamtverzeichnis\/bauingenieurwissenschaften\/ablaufplanung\/\" \/>\n<meta property=\"og:site_name\" content=\"Verlag der TU Graz\" \/>\n<meta property=\"article:modified_time\" content=\"2020-08-21T12:54:39+00:00\" \/>\n<meta property=\"og:image\" content=\"https:\/\/tugraztestweb.asol.at\/wp-content\/uploads\/2020\/08\/image-978-3-85125-097-8.jpg\" \/>\n\t<meta property=\"og:image:width\" content=\"1193\" \/>\n\t<meta property=\"og:image:height\" content=\"842\" \/>\n<meta name=\"twitter:card\" content=\"summary_large_image\" \/>\n<meta name=\"twitter:label1\" content=\"Est. reading time\">\n\t<meta name=\"twitter:data1\" content=\"1 minute\">\n<script type=\"application\/ld+json\" class=\"yoast-schema-graph\">{\"@context\":\"https:\/\/schema.org\",\"@graph\":[{\"@type\":\"WebSite\",\"@id\":\"https:\/\/tugraztestweb.asol.at\/#website\",\"url\":\"https:\/\/tugraztestweb.asol.at\/\",\"name\":\"Verlag der TU Graz\",\"description\":\"Verlag der Technischen Universit\\u00e4t Graz\",\"potentialAction\":[{\"@type\":\"SearchAction\",\"target\":\"https:\/\/tugraztestweb.asol.at\/?s={search_term_string}\",\"query-input\":\"required name=search_term_string\"}],\"inLanguage\":\"en-US\"},{\"@type\":\"ImageObject\",\"@id\":\"https:\/\/tugraztestweb.asol.at\/gesamtverzeichnis\/bauingenieurwissenschaften\/ablaufplanung\/#primaryimage\",\"inLanguage\":\"en-US\",\"url\":\"https:\/\/tugraztestweb.asol.at\/wp-content\/uploads\/2020\/08\/image-978-3-85125-097-8.jpg\",\"contentUrl\":\"https:\/\/tugraztestweb.asol.at\/wp-content\/uploads\/2020\/08\/image-978-3-85125-097-8.jpg\",\"width\":1193,\"height\":842},{\"@type\":\"WebPage\",\"@id\":\"https:\/\/tugraztestweb.asol.at\/gesamtverzeichnis\/bauingenieurwissenschaften\/ablaufplanung\/#webpage\",\"url\":\"https:\/\/tugraztestweb.asol.at\/gesamtverzeichnis\/bauingenieurwissenschaften\/ablaufplanung\/\",\"name\":\"Ablaufplanung - Verlag der TU Graz\",\"isPartOf\":{\"@id\":\"https:\/\/tugraztestweb.asol.at\/#website\"},\"primaryImageOfPage\":{\"@id\":\"https:\/\/tugraztestweb.asol.at\/gesamtverzeichnis\/bauingenieurwissenschaften\/ablaufplanung\/#primaryimage\"},\"datePublished\":\"2020-08-21T12:53:39+00:00\",\"dateModified\":\"2020-08-21T12:54:39+00:00\",\"breadcrumb\":{\"@id\":\"https:\/\/tugraztestweb.asol.at\/gesamtverzeichnis\/bauingenieurwissenschaften\/ablaufplanung\/#breadcrumb\"},\"inLanguage\":\"en-US\",\"potentialAction\":[{\"@type\":\"ReadAction\",\"target\":[\"https:\/\/tugraztestweb.asol.at\/gesamtverzeichnis\/bauingenieurwissenschaften\/ablaufplanung\/\"]}]},{\"@type\":\"BreadcrumbList\",\"@id\":\"https:\/\/tugraztestweb.asol.at\/gesamtverzeichnis\/bauingenieurwissenschaften\/ablaufplanung\/#breadcrumb\",\"itemListElement\":[{\"@type\":\"ListItem\",\"position\":1,\"item\":{\"@type\":\"WebPage\",\"@id\":\"https:\/\/tugraztestweb.asol.at\/\",\"url\":\"https:\/\/tugraztestweb.asol.at\/\",\"name\":\"Home\"}},{\"@type\":\"ListItem\",\"position\":2,\"item\":{\"@type\":\"WebPage\",\"@id\":\"https:\/\/tugraztestweb.asol.at\/gesamtverzeichnis\/\",\"url\":\"https:\/\/tugraztestweb.asol.at\/gesamtverzeichnis\/\",\"name\":\"Gesamtverzeichnis\"}},{\"@type\":\"ListItem\",\"position\":3,\"item\":{\"@type\":\"WebPage\",\"@id\":\"https:\/\/tugraztestweb.asol.at\/gesamtverzeichnis\/bauingenieurwissenschaften\/ablaufplanung\/\",\"url\":\"https:\/\/tugraztestweb.asol.at\/gesamtverzeichnis\/bauingenieurwissenschaften\/ablaufplanung\/\",\"name\":\"Ablaufplanung\"}}]}]}<\/script>\n<!-- \/ Yoast SEO plugin. -->","_links":{"self":[{"href":"https:\/\/tugraztestweb.asol.at\/en\/wp-json\/wp\/v2\/product\/29669"}],"collection":[{"href":"https:\/\/tugraztestweb.asol.at\/en\/wp-json\/wp\/v2\/product"}],"about":[{"href":"https:\/\/tugraztestweb.asol.at\/en\/wp-json\/wp\/v2\/types\/product"}],"replies":[{"embeddable":true,"href":"https:\/\/tugraztestweb.asol.at\/en\/wp-json\/wp\/v2\/comments?post=29669"}],"wp:featuredmedia":[{"embeddable":true,"href":"https:\/\/tugraztestweb.asol.at\/en\/wp-json\/wp\/v2\/media\/39613"}],"wp:attachment":[{"href":"https:\/\/tugraztestweb.asol.at\/en\/wp-json\/wp\/v2\/media?parent=29669"}],"curies":[{"name":"wp","href":"https:\/\/api.w.org\/{rel}","templated":true}]}}