{"id":29682,"date":"2020-10-23T09:03:07","date_gmt":"2020-10-23T09:03:07","guid":{"rendered":"http:\/\/tugraztestweb.asol.at\/gesamtverzeichnis\/unkategorisiert\/anna-margaretha-hohmann-vogrin-1946-2009\/"},"modified":"2020-10-23T11:04:07","modified_gmt":"2020-10-23T09:04:07","slug":"anna-margaretha-hohmann-vogrin-1946-2009","status":"publish","type":"product","link":"https:\/\/tugraztestweb.asol.at\/en\/gesamtverzeichnis\/architektur\/anna-margaretha-hohmann-vogrin-1946-2009\/","title":{"rendered":"Anna Margaretha Hohmann-Vogrin 1946-2009"},"content":{"rendered":"<p class=\"qtranxs-available-languages-message qtranxs-available-languages-message-en\">Sorry, this entry is only available in <a href=\"https:\/\/tugraztestweb.asol.at\/de\/wp-json\/wp\/v2\/product\/29682\" class=\"qtranxs-available-language-link qtranxs-available-language-link-de\" title=\"Deutsch\">Deutsch<\/a>.<\/p><p>A.M. Hohmann-Vogrin hat ihre Feldforschungen in Mesoamerika bereits w\u00e4hrend ihres Architekturstudiums 1970 begonnen und bis kurz vor ihrem verfr\u00fchten Ableben stetig mit mehr als 20 Forschungsreisen ins Maya-Gebiet fortgesetzt. Mit ihren Beitr\u00e4gen in entsprechenden Publikationen, Vortr\u00e4gen bei wissenschaftlichen Kongressen und nicht zuletzt in ihrer Dissertation und der umfangreichen Habilitationsschrift hat sie die Ergebnisse vorstellen k\u00f6nnen. Ihr starkes Engagement f\u00fcr die Themen des St\u00e4dtebaus und der \u2013planung \u2013 sie war a.o. Professorin am Institut f\u00fcr St\u00e4dtebau der TUGraz \u2013 liessen auch eine gro\u00dfe Anzahl an Beitr\u00e4gen in Fachzeitschriften, Essays und Vorlesungstexten entstehen. Sie hat sich sehr fr\u00fch intensiv mit der Space Syntax von Hillier und Hanson auseinandergesetzt und die SS nicht nur in ihre Lehre integriert, sondern auch aktiv an der weiteren Entwicklung teilgenommen. Auch waren ihre Kenntnisse in Anthropologie und Philosophie bedeutend, was sie zu einer Art Verschr\u00e4nlung der Architektur mit den Kulturwissenschaften gef\u00fchrt hat.<br \/>\nWir haben aus dieser  F\u00fclle die uns wesentlichst erscheinenden Texte \u2013 ein gro\u00dfer Teil wurde schon im Original in englischer Sprache geschrieben \u2013 ausgew\u00e4hlt.<br \/>\nDas folgende Zitat verdeutlicht ihr Denken, was die Erforschung der Maya-Architektur betrifft: \u201c&#8230;der Raum strukturiert wurde, in dessen st\u00e4ndiger Ver\u00e4nderung und \u00dcberbauung sich die Zeit manifestiert. Der sich wandelnde Raum wird zur gebauten Zeit.\u201c<\/p>","protected":false},"excerpt":{"rendered":"<p class=\"qtranxs-available-languages-message qtranxs-available-languages-message-en\">Sorry, this entry is only available in <a href=\"https:\/\/tugraztestweb.asol.at\/de\/wp-json\/wp\/v2\/product\/29682\" class=\"qtranxs-available-language-link qtranxs-available-language-link-de\" title=\"Deutsch\">Deutsch<\/a>.<\/p>\n<p>A.M. Hohmann-Vogrin hat ihre Feldforschungen in Mesoamerika bereits w\u00e4hrend ihres Architekturstudiums 1970 begonnen und bis kurz vor ihrem verfr\u00fchten Ableben stetig mit mehr als 20 Forschungsreisen ins Maya-Gebiet fortgesetzt. Mit ihren Beitr\u00e4gen in entsprechenden Publikationen, Vortr\u00e4gen bei wissenschaftlichen Kongressen und nicht zuletzt in ihrer Dissertation und der umfangreichen Habilitationsschrift hat sie die Ergebnisse vorstellen k\u00f6nnen. Ihr starkes Engagement f\u00fcr die Themen des St\u00e4dtebaus und der \u2013planung \u2013 sie war a.o. Professorin am Institut f\u00fcr St\u00e4dtebau der TUGraz \u2013 liessen auch eine gro\u00dfe Anzahl an Beitr\u00e4gen in Fachzeitschriften, Essays und Vorlesungstexten entstehen. Sie hat sich sehr fr\u00fch intensiv mit der Space Syntax von Hillier und Hanson auseinandergesetzt und die SS nicht nur in ihre Lehre integriert, sondern auch aktiv an der weiteren Entwicklung teilgenommen. Auch waren ihre Kenntnisse in Anthropologie und Philosophie bedeutend, was sie zu einer Art Verschr\u00e4nlung der Architektur mit den Kulturwissenschaften gef\u00fchrt hat.<br \/>\nWir haben aus dieser  F\u00fclle die uns wesentlichst erscheinenden Texte \u2013 ein gro\u00dfer Teil wurde schon im Original in englischer Sprache geschrieben \u2013 ausgew\u00e4hlt.<br \/>\nDas folgende Zitat verdeutlicht ihr Denken, was die Erforschung der Maya-Architektur betrifft: \u201c&#8230;der Raum strukturiert wurde, in dessen st\u00e4ndiger Ver\u00e4nderung und \u00dcberbauung sich die Zeit manifestiert. Der sich wandelnde Raum wird zur gebauten Zeit.\u201c<\/p>\n","protected":false},"featured_media":39619,"comment_status":"open","ping_status":"closed","template":"","meta":[],"yoast_head":"<!-- This site is optimized with the Yoast SEO plugin v16.1.1 - https:\/\/yoast.com\/wordpress\/plugins\/seo\/ -->\n<link rel=\"canonical\" href=\"https:\/\/tugraztestweb.asol.at\/gesamtverzeichnis\/architektur\/anna-margaretha-hohmann-vogrin-1946-2009\/\" \/>\n<meta property=\"og:locale\" content=\"en_US\" \/>\n<meta property=\"og:type\" content=\"article\" \/>\n<meta property=\"og:title\" content=\"Anna Margaretha Hohmann-Vogrin 1946-2009 - Verlag der TU Graz\" \/>\n<meta property=\"og:description\" content=\"A.M. Hohmann-Vogrin hat ihre Feldforschungen in Mesoamerika bereits w\u00e4hrend ihres Architekturstudiums 1970 begonnen und bis kurz vor ihrem verfr\u00fchten Ableben stetig mit mehr als 20 Forschungsreisen ins Maya-Gebiet fortgesetzt. Mit ihren Beitr\u00e4gen in entsprechenden Publikationen, Vortr\u00e4gen bei wissenschaftlichen Kongressen und nicht zuletzt in ihrer Dissertation und der umfangreichen Habilitationsschrift hat sie die Ergebnisse vorstellen k\u00f6nnen. Ihr starkes Engagement f\u00fcr die Themen des St\u00e4dtebaus und der \u2013planung \u2013 sie war a.o. Professorin am Institut f\u00fcr St\u00e4dtebau der TUGraz \u2013 liessen auch eine gro\u00dfe Anzahl an Beitr\u00e4gen in Fachzeitschriften, Essays und Vorlesungstexten entstehen. Sie hat sich sehr fr\u00fch intensiv mit der Space Syntax von Hillier und Hanson auseinandergesetzt und die SS nicht nur in ihre Lehre integriert, sondern auch aktiv an der weiteren Entwicklung teilgenommen. Auch waren ihre Kenntnisse in Anthropologie und Philosophie bedeutend, was sie zu einer Art Verschr\u00e4nlung der Architektur mit den Kulturwissenschaften gef\u00fchrt hat. Wir haben aus dieser F\u00fclle die uns wesentlichst erscheinenden Texte \u2013 ein gro\u00dfer Teil wurde schon im Original in englischer Sprache geschrieben \u2013 ausgew\u00e4hlt. Das folgende Zitat verdeutlicht ihr Denken, was die Erforschung der Maya-Architektur betrifft: \u201c...der Raum strukturiert wurde, in dessen st\u00e4ndiger Ver\u00e4nderung und \u00dcberbauung sich die Zeit manifestiert. Der sich wandelnde Raum wird zur gebauten Zeit.\u201c\" \/>\n<meta property=\"og:url\" content=\"https:\/\/tugraztestweb.asol.at\/gesamtverzeichnis\/architektur\/anna-margaretha-hohmann-vogrin-1946-2009\/\" \/>\n<meta property=\"og:site_name\" content=\"Verlag der TU Graz\" \/>\n<meta property=\"article:modified_time\" content=\"2020-10-23T09:04:07+00:00\" \/>\n<meta property=\"og:image\" content=\"https:\/\/tugraztestweb.asol.at\/wp-content\/uploads\/2020\/10\/image-978-3-85125-120-3.jpg\" \/>\n\t<meta property=\"og:image:width\" content=\"690\" \/>\n\t<meta property=\"og:image:height\" content=\"868\" \/>\n<meta name=\"twitter:card\" content=\"summary_large_image\" \/>\n<meta name=\"twitter:label1\" content=\"Est. reading time\">\n\t<meta name=\"twitter:data1\" content=\"1 minute\">\n<script type=\"application\/ld+json\" class=\"yoast-schema-graph\">{\"@context\":\"https:\/\/schema.org\",\"@graph\":[{\"@type\":\"WebSite\",\"@id\":\"https:\/\/tugraztestweb.asol.at\/#website\",\"url\":\"https:\/\/tugraztestweb.asol.at\/\",\"name\":\"Verlag der TU Graz\",\"description\":\"Verlag der Technischen Universit\\u00e4t Graz\",\"potentialAction\":[{\"@type\":\"SearchAction\",\"target\":\"https:\/\/tugraztestweb.asol.at\/?s={search_term_string}\",\"query-input\":\"required name=search_term_string\"}],\"inLanguage\":\"en-US\"},{\"@type\":\"ImageObject\",\"@id\":\"https:\/\/tugraztestweb.asol.at\/gesamtverzeichnis\/architektur\/anna-margaretha-hohmann-vogrin-1946-2009\/#primaryimage\",\"inLanguage\":\"en-US\",\"url\":\"https:\/\/tugraztestweb.asol.at\/wp-content\/uploads\/2020\/10\/image-978-3-85125-120-3.jpg\",\"contentUrl\":\"https:\/\/tugraztestweb.asol.at\/wp-content\/uploads\/2020\/10\/image-978-3-85125-120-3.jpg\",\"width\":690,\"height\":868},{\"@type\":\"WebPage\",\"@id\":\"https:\/\/tugraztestweb.asol.at\/gesamtverzeichnis\/architektur\/anna-margaretha-hohmann-vogrin-1946-2009\/#webpage\",\"url\":\"https:\/\/tugraztestweb.asol.at\/gesamtverzeichnis\/architektur\/anna-margaretha-hohmann-vogrin-1946-2009\/\",\"name\":\"Anna Margaretha Hohmann-Vogrin 1946-2009 - Verlag der TU Graz\",\"isPartOf\":{\"@id\":\"https:\/\/tugraztestweb.asol.at\/#website\"},\"primaryImageOfPage\":{\"@id\":\"https:\/\/tugraztestweb.asol.at\/gesamtverzeichnis\/architektur\/anna-margaretha-hohmann-vogrin-1946-2009\/#primaryimage\"},\"datePublished\":\"2020-10-23T09:03:07+00:00\",\"dateModified\":\"2020-10-23T09:04:07+00:00\",\"breadcrumb\":{\"@id\":\"https:\/\/tugraztestweb.asol.at\/gesamtverzeichnis\/architektur\/anna-margaretha-hohmann-vogrin-1946-2009\/#breadcrumb\"},\"inLanguage\":\"en-US\",\"potentialAction\":[{\"@type\":\"ReadAction\",\"target\":[\"https:\/\/tugraztestweb.asol.at\/gesamtverzeichnis\/architektur\/anna-margaretha-hohmann-vogrin-1946-2009\/\"]}]},{\"@type\":\"BreadcrumbList\",\"@id\":\"https:\/\/tugraztestweb.asol.at\/gesamtverzeichnis\/architektur\/anna-margaretha-hohmann-vogrin-1946-2009\/#breadcrumb\",\"itemListElement\":[{\"@type\":\"ListItem\",\"position\":1,\"item\":{\"@type\":\"WebPage\",\"@id\":\"https:\/\/tugraztestweb.asol.at\/\",\"url\":\"https:\/\/tugraztestweb.asol.at\/\",\"name\":\"Home\"}},{\"@type\":\"ListItem\",\"position\":2,\"item\":{\"@type\":\"WebPage\",\"@id\":\"https:\/\/tugraztestweb.asol.at\/gesamtverzeichnis\/\",\"url\":\"https:\/\/tugraztestweb.asol.at\/gesamtverzeichnis\/\",\"name\":\"Gesamtverzeichnis\"}},{\"@type\":\"ListItem\",\"position\":3,\"item\":{\"@type\":\"WebPage\",\"@id\":\"https:\/\/tugraztestweb.asol.at\/gesamtverzeichnis\/architektur\/anna-margaretha-hohmann-vogrin-1946-2009\/\",\"url\":\"https:\/\/tugraztestweb.asol.at\/gesamtverzeichnis\/architektur\/anna-margaretha-hohmann-vogrin-1946-2009\/\",\"name\":\"Anna Margaretha Hohmann-Vogrin 1946-2009\"}}]}]}<\/script>\n<!-- \/ Yoast SEO plugin. -->","_links":{"self":[{"href":"https:\/\/tugraztestweb.asol.at\/en\/wp-json\/wp\/v2\/product\/29682"}],"collection":[{"href":"https:\/\/tugraztestweb.asol.at\/en\/wp-json\/wp\/v2\/product"}],"about":[{"href":"https:\/\/tugraztestweb.asol.at\/en\/wp-json\/wp\/v2\/types\/product"}],"replies":[{"embeddable":true,"href":"https:\/\/tugraztestweb.asol.at\/en\/wp-json\/wp\/v2\/comments?post=29682"}],"wp:featuredmedia":[{"embeddable":true,"href":"https:\/\/tugraztestweb.asol.at\/en\/wp-json\/wp\/v2\/media\/39619"}],"wp:attachment":[{"href":"https:\/\/tugraztestweb.asol.at\/en\/wp-json\/wp\/v2\/media?parent=29682"}],"curies":[{"name":"wp","href":"https:\/\/api.w.org\/{rel}","templated":true}]}}