{"id":29684,"date":"2020-12-09T06:31:53","date_gmt":"2020-12-09T06:31:53","guid":{"rendered":"http:\/\/tugraztestweb.asol.at\/gesamtverzeichnis\/unkategorisiert\/anticlaim-management-acm\/"},"modified":"2020-12-09T09:32:54","modified_gmt":"2020-12-09T07:32:54","slug":"anticlaim-management-acm","status":"publish","type":"product","link":"https:\/\/tugraztestweb.asol.at\/en\/gesamtverzeichnis\/bauingenieurwissenschaften\/anticlaim-management-acm\/","title":{"rendered":"AntiClaim Management (ACM)"},"content":{"rendered":"<p class=\"qtranxs-available-languages-message qtranxs-available-languages-message-en\">Sorry, this entry is only available in <a href=\"https:\/\/tugraztestweb.asol.at\/de\/wp-json\/wp\/v2\/product\/29684\" class=\"qtranxs-available-language-link qtranxs-available-language-link-de\" title=\"Deutsch\">Deutsch<\/a>.<\/p><p>Claimmanagement, der strategische Angriff der Bauauftragnehmer auf die Projektbudgets stellt eine gro\u00dfe Belastung f\u00fcr die Auftraggeber dar.<br \/>\nDie Kosten der Projekte steigen, sind nicht mehr steuerbar. Die Aufw\u00e4nde f\u00fcr die Claimabwehr nehmen zu. Die Pr\u00fcfung und Abwehr der Claims kostet fast so viel wie deren Aufstellung. Die Projektbeteiligten auf Seite der Auftraggeber sind weniger gut aufgestellt als die Angreifer.<br \/>\nDie \u00d6N B 2118:2009 versucht dies in ein Partnerschaftsmodell \u00fcberzuleiten, um die Konfrontationen zu mindern.<br \/>\nNeben der sachlich-fachlichen, bauwirtschaftlich-juristischen Detailarbeit gibt es gute Ans\u00e4tze<br \/>\nzum strategischen AntiClaim-management in Planung, Aus-schreibung und Bauaufsicht, vor<br \/>\nallem aber im Kostenmanagement, mit denen die Konfronta-tionsaspekte in strategische Ar-<br \/>\nbeitsans\u00e4tze \u00fcbergeleitet werden.<br \/>\nAntiClaimManagement ist mehr als nur der Widerstand gegen die Claims.<\/p>","protected":false},"excerpt":{"rendered":"<p class=\"qtranxs-available-languages-message qtranxs-available-languages-message-en\">Sorry, this entry is only available in <a href=\"https:\/\/tugraztestweb.asol.at\/de\/wp-json\/wp\/v2\/product\/29684\" class=\"qtranxs-available-language-link qtranxs-available-language-link-de\" title=\"Deutsch\">Deutsch<\/a>.<\/p>\n<p>Claimmanagement, der strategische Angriff der Bauauftragnehmer auf die Projektbudgets stellt eine gro\u00dfe Belastung f\u00fcr die Auftraggeber dar.<br \/>\nDie Kosten der Projekte steigen, sind nicht mehr steuerbar. Die Aufw\u00e4nde f\u00fcr die Claimabwehr nehmen zu. Die Pr\u00fcfung und Abwehr der Claims kostet fast so viel wie deren Aufstellung. Die Projektbeteiligten auf Seite der Auftraggeber sind weniger gut aufgestellt als die Angreifer.<br \/>\nDie \u00d6N B 2118:2009 versucht dies in ein Partnerschaftsmodell \u00fcberzuleiten, um die Konfrontationen zu mindern.<br \/>\nNeben der sachlich-fachlichen, bauwirtschaftlich-juristischen Detailarbeit gibt es gute Ans\u00e4tze<br \/>\nzum strategischen AntiClaim-management in Planung, Aus-schreibung und Bauaufsicht, vor<br \/>\nallem aber im Kostenmanagement, mit denen die Konfronta-tionsaspekte in strategische Ar-<br \/>\nbeitsans\u00e4tze \u00fcbergeleitet werden.<br \/>\nAntiClaimManagement ist mehr als nur der Widerstand gegen die Claims.<\/p>\n","protected":false},"featured_media":39620,"comment_status":"open","ping_status":"closed","template":"","meta":[],"yoast_head":"<!-- This site is optimized with the Yoast SEO plugin v16.1.1 - https:\/\/yoast.com\/wordpress\/plugins\/seo\/ -->\n<link rel=\"canonical\" href=\"https:\/\/tugraztestweb.asol.at\/en\/gesamtverzeichnis\/bauingenieurwissenschaften\/anticlaim-management-acm\/\" \/>\n<meta property=\"og:locale\" content=\"en_US\" \/>\n<meta property=\"og:type\" content=\"article\" \/>\n<meta property=\"og:title\" content=\"AntiClaim Management (ACM) - Verlag der TU Graz\" \/>\n<meta property=\"og:description\" content=\"Claimmanagement, der strategische Angriff der Bauauftragnehmer auf die Projektbudgets stellt eine gro\u00dfe Belastung f\u00fcr die Auftraggeber dar. Die Kosten der Projekte steigen, sind nicht mehr steuerbar. Die Aufw\u00e4nde f\u00fcr die Claimabwehr nehmen zu. Die Pr\u00fcfung und Abwehr der Claims kostet fast so viel wie deren Aufstellung. Die Projektbeteiligten auf Seite der Auftraggeber sind weniger gut aufgestellt als die Angreifer. Die \u00d6N B 2118:2009 versucht dies in ein Partnerschaftsmodell \u00fcberzuleiten, um die Konfrontationen zu mindern. Neben der sachlich-fachlichen, bauwirtschaftlich-juristischen Detailarbeit gibt es gute Ans\u00e4tze zum strategischen AntiClaim-management in Planung, Aus-schreibung und Bauaufsicht, vor allem aber im Kostenmanagement, mit denen die Konfronta-tionsaspekte in strategische Ar- beitsans\u00e4tze \u00fcbergeleitet werden. AntiClaimManagement ist mehr als nur der Widerstand gegen die Claims.\" \/>\n<meta property=\"og:url\" content=\"https:\/\/tugraztestweb.asol.at\/en\/gesamtverzeichnis\/bauingenieurwissenschaften\/anticlaim-management-acm\/\" \/>\n<meta property=\"og:site_name\" content=\"Verlag der TU Graz\" \/>\n<meta property=\"article:modified_time\" content=\"2020-12-09T07:32:54+00:00\" \/>\n<meta property=\"og:image\" content=\"https:\/\/tugraztestweb.asol.at\/wp-content\/uploads\/2020\/12\/image-978-3-85125-035-0.jpg\" \/>\n\t<meta property=\"og:image:width\" content=\"452\" \/>\n\t<meta property=\"og:image:height\" content=\"640\" \/>\n<meta name=\"twitter:card\" content=\"summary_large_image\" \/>\n<meta name=\"twitter:label1\" content=\"Est. reading time\">\n\t<meta name=\"twitter:data1\" content=\"1 minute\">\n<script type=\"application\/ld+json\" class=\"yoast-schema-graph\">{\"@context\":\"https:\/\/schema.org\",\"@graph\":[{\"@type\":\"WebSite\",\"@id\":\"https:\/\/tugraztestweb.asol.at\/#website\",\"url\":\"https:\/\/tugraztestweb.asol.at\/\",\"name\":\"Verlag der TU Graz\",\"description\":\"Verlag der Technischen Universit\\u00e4t Graz\",\"potentialAction\":[{\"@type\":\"SearchAction\",\"target\":\"https:\/\/tugraztestweb.asol.at\/?s={search_term_string}\",\"query-input\":\"required name=search_term_string\"}],\"inLanguage\":\"en-US\"},{\"@type\":\"ImageObject\",\"@id\":\"https:\/\/tugraztestweb.asol.at\/en\/gesamtverzeichnis\/bauingenieurwissenschaften\/anticlaim-management-acm\/#primaryimage\",\"inLanguage\":\"en-US\",\"url\":\"https:\/\/tugraztestweb.asol.at\/wp-content\/uploads\/2020\/12\/image-978-3-85125-035-0.jpg\",\"contentUrl\":\"https:\/\/tugraztestweb.asol.at\/wp-content\/uploads\/2020\/12\/image-978-3-85125-035-0.jpg\",\"width\":452,\"height\":640},{\"@type\":\"WebPage\",\"@id\":\"https:\/\/tugraztestweb.asol.at\/en\/gesamtverzeichnis\/bauingenieurwissenschaften\/anticlaim-management-acm\/#webpage\",\"url\":\"https:\/\/tugraztestweb.asol.at\/en\/gesamtverzeichnis\/bauingenieurwissenschaften\/anticlaim-management-acm\/\",\"name\":\"AntiClaim Management (ACM) - Verlag der TU Graz\",\"isPartOf\":{\"@id\":\"https:\/\/tugraztestweb.asol.at\/#website\"},\"primaryImageOfPage\":{\"@id\":\"https:\/\/tugraztestweb.asol.at\/en\/gesamtverzeichnis\/bauingenieurwissenschaften\/anticlaim-management-acm\/#primaryimage\"},\"datePublished\":\"2020-12-09T06:31:53+00:00\",\"dateModified\":\"2020-12-09T07:32:54+00:00\",\"breadcrumb\":{\"@id\":\"https:\/\/tugraztestweb.asol.at\/en\/gesamtverzeichnis\/bauingenieurwissenschaften\/anticlaim-management-acm\/#breadcrumb\"},\"inLanguage\":\"en-US\",\"potentialAction\":[{\"@type\":\"ReadAction\",\"target\":[\"https:\/\/tugraztestweb.asol.at\/en\/gesamtverzeichnis\/bauingenieurwissenschaften\/anticlaim-management-acm\/\"]}]},{\"@type\":\"BreadcrumbList\",\"@id\":\"https:\/\/tugraztestweb.asol.at\/en\/gesamtverzeichnis\/bauingenieurwissenschaften\/anticlaim-management-acm\/#breadcrumb\",\"itemListElement\":[{\"@type\":\"ListItem\",\"position\":1,\"item\":{\"@type\":\"WebPage\",\"@id\":\"https:\/\/tugraztestweb.asol.at\/\",\"url\":\"https:\/\/tugraztestweb.asol.at\/\",\"name\":\"Home\"}},{\"@type\":\"ListItem\",\"position\":2,\"item\":{\"@type\":\"WebPage\",\"@id\":\"https:\/\/tugraztestweb.asol.at\/gesamtverzeichnis\/\",\"url\":\"https:\/\/tugraztestweb.asol.at\/gesamtverzeichnis\/\",\"name\":\"Gesamtverzeichnis\"}},{\"@type\":\"ListItem\",\"position\":3,\"item\":{\"@type\":\"WebPage\",\"@id\":\"https:\/\/tugraztestweb.asol.at\/en\/gesamtverzeichnis\/bauingenieurwissenschaften\/anticlaim-management-acm\/\",\"url\":\"https:\/\/tugraztestweb.asol.at\/en\/gesamtverzeichnis\/bauingenieurwissenschaften\/anticlaim-management-acm\/\",\"name\":\"AntiClaim Management (ACM)\"}}]}]}<\/script>\n<!-- \/ Yoast SEO plugin. -->","_links":{"self":[{"href":"https:\/\/tugraztestweb.asol.at\/en\/wp-json\/wp\/v2\/product\/29684"}],"collection":[{"href":"https:\/\/tugraztestweb.asol.at\/en\/wp-json\/wp\/v2\/product"}],"about":[{"href":"https:\/\/tugraztestweb.asol.at\/en\/wp-json\/wp\/v2\/types\/product"}],"replies":[{"embeddable":true,"href":"https:\/\/tugraztestweb.asol.at\/en\/wp-json\/wp\/v2\/comments?post=29684"}],"wp:featuredmedia":[{"embeddable":true,"href":"https:\/\/tugraztestweb.asol.at\/en\/wp-json\/wp\/v2\/media\/39620"}],"wp:attachment":[{"href":"https:\/\/tugraztestweb.asol.at\/en\/wp-json\/wp\/v2\/media?parent=29684"}],"curies":[{"name":"wp","href":"https:\/\/api.w.org\/{rel}","templated":true}]}}