{"id":29692,"date":"2020-08-21T12:53:42","date_gmt":"2020-08-21T12:53:42","guid":{"rendered":"http:\/\/tugraztestweb.asol.at\/gesamtverzeichnis\/unkategorisiert\/ausschreibung-und-pruefung-von-lvs\/"},"modified":"2020-08-21T14:54:42","modified_gmt":"2020-08-21T12:54:42","slug":"ausschreibung-und-pruefung-von-lvs","status":"publish","type":"product","link":"https:\/\/tugraztestweb.asol.at\/en\/gesamtverzeichnis\/bauingenieurwissenschaften\/ausschreibung-und-pruefung-von-lvs\/","title":{"rendered":"Ausschreibung und Pr\u00fcfung von LVs"},"content":{"rendered":"<p class=\"qtranxs-available-languages-message qtranxs-available-languages-message-en\">Sorry, this entry is only available in <a href=\"https:\/\/tugraztestweb.asol.at\/de\/wp-json\/wp\/v2\/product\/29692\" class=\"qtranxs-available-language-link qtranxs-available-language-link-de\" title=\"Deutsch\">Deutsch<\/a>.<\/p><p>LVs werden von den Planern erstellt, vom Projektmanagement \u00fcberpr\u00fcft, wof\u00fcr im Prinzip die gleiche Qualifikation gefordert ist.<br \/>\nDie Arbeit mit Normen, Vertragsbedingungen, Standardleistungsb\u00fcchern ist soweit zu vertiefen, dass die inhaltliche Pr\u00fcfung von LVs erfolgreich absolviert werden kann.<br \/>\nDas Ergebnis ist die Feststellung der Versandfertigkeit und die Freigabe der Verfahren.<br \/>\n\u00dcberpr\u00fcfen der Angebotsauswertungen, Preisspiegel in technisch-wirtschaftlicher Hinsicht und F\u00fchren von Aufkl\u00e4rungsgespr\u00e4chen.<\/p>\n<p>ZIELE<br \/>\nBasiskenntnisse in Vertragsrecht, Vertragsbedingungen,<br \/>\nder \u00d6N B 2110 et<br \/>\nalt.<br \/>\nAnalyse von Angebotspr\u00fcfungen,<br \/>\nPreisspiegel, K-Bl\u00e4tter<\/p>\n<p>INHALTE<br \/>\nVorbereitung einer Ausschreibung<br \/>\ngem. \u00d6NORMEN und BVergG<br \/>\nFallen bei der Erstellung von Vergabeunterlagen<br \/>\nZuschlagsentscheidung, Vergabe, Auftragserteilung<\/p>","protected":false},"excerpt":{"rendered":"<p class=\"qtranxs-available-languages-message qtranxs-available-languages-message-en\">Sorry, this entry is only available in <a href=\"https:\/\/tugraztestweb.asol.at\/de\/wp-json\/wp\/v2\/product\/29692\" class=\"qtranxs-available-language-link qtranxs-available-language-link-de\" title=\"Deutsch\">Deutsch<\/a>.<\/p>\n<p>LVs werden von den Planern erstellt, vom Projektmanagement \u00fcberpr\u00fcft, wof\u00fcr im Prinzip die gleiche Qualifikation gefordert ist.<br \/>\nDie Arbeit mit Normen, Vertragsbedingungen, Standardleistungsb\u00fcchern ist soweit zu vertiefen, dass die inhaltliche Pr\u00fcfung von LVs erfolgreich absolviert werden kann.<br \/>\nDas Ergebnis ist die Feststellung der Versandfertigkeit und die Freigabe der Verfahren.<br \/>\n\u00dcberpr\u00fcfen der Angebotsauswertungen, Preisspiegel in technisch-wirtschaftlicher Hinsicht und F\u00fchren von Aufkl\u00e4rungsgespr\u00e4chen.<\/p>\n<p>ZIELE<br \/>\nBasiskenntnisse in Vertragsrecht, Vertragsbedingungen,<br \/>\nder \u00d6N B 2110 et<br \/>\nalt.<br \/>\nAnalyse von Angebotspr\u00fcfungen,<br \/>\nPreisspiegel, K-Bl\u00e4tter<\/p>\n<p>INHALTE<br \/>\nVorbereitung einer Ausschreibung<br \/>\ngem. \u00d6NORMEN und BVergG<br \/>\nFallen bei der Erstellung von Vergabeunterlagen<br \/>\nZuschlagsentscheidung, Vergabe, Auftragserteilung<\/p>\n","protected":false},"featured_media":39624,"comment_status":"open","ping_status":"closed","template":"","meta":[],"yoast_head":"<!-- This site is optimized with the Yoast SEO plugin v16.1.1 - https:\/\/yoast.com\/wordpress\/plugins\/seo\/ -->\n<link rel=\"canonical\" href=\"https:\/\/tugraztestweb.asol.at\/gesamtverzeichnis\/bauingenieurwissenschaften\/ausschreibung-und-pruefung-von-lvs\/\" \/>\n<meta property=\"og:locale\" content=\"en_US\" \/>\n<meta property=\"og:type\" content=\"article\" \/>\n<meta property=\"og:title\" content=\"Ausschreibung und Pr\u00fcfung von LVs - Verlag der TU Graz\" \/>\n<meta property=\"og:description\" content=\"LVs werden von den Planern erstellt, vom Projektmanagement \u00fcberpr\u00fcft, wof\u00fcr im Prinzip die gleiche Qualifikation gefordert ist. Die Arbeit mit Normen, Vertragsbedingungen, Standardleistungsb\u00fcchern ist soweit zu vertiefen, dass die inhaltliche Pr\u00fcfung von LVs erfolgreich absolviert werden kann. Das Ergebnis ist die Feststellung der Versandfertigkeit und die Freigabe der Verfahren. \u00dcberpr\u00fcfen der Angebotsauswertungen, Preisspiegel in technisch-wirtschaftlicher Hinsicht und F\u00fchren von Aufkl\u00e4rungsgespr\u00e4chen. ZIELE Basiskenntnisse in Vertragsrecht, Vertragsbedingungen, der \u00d6N B 2110 et alt. Analyse von Angebotspr\u00fcfungen, Preisspiegel, K-Bl\u00e4tter INHALTE Vorbereitung einer Ausschreibung gem. \u00d6NORMEN und BVergG Fallen bei der Erstellung von Vergabeunterlagen Zuschlagsentscheidung, Vergabe, Auftragserteilung\" \/>\n<meta property=\"og:url\" content=\"https:\/\/tugraztestweb.asol.at\/gesamtverzeichnis\/bauingenieurwissenschaften\/ausschreibung-und-pruefung-von-lvs\/\" \/>\n<meta property=\"og:site_name\" content=\"Verlag der TU Graz\" \/>\n<meta property=\"article:modified_time\" content=\"2020-08-21T12:54:42+00:00\" \/>\n<meta property=\"og:image\" content=\"https:\/\/tugraztestweb.asol.at\/wp-content\/uploads\/2020\/08\/image-978-3-85125-101-2.jpg\" \/>\n\t<meta property=\"og:image:width\" content=\"1192\" \/>\n\t<meta property=\"og:image:height\" content=\"843\" \/>\n<meta name=\"twitter:card\" content=\"summary_large_image\" \/>\n<meta name=\"twitter:label1\" content=\"Est. reading time\">\n\t<meta name=\"twitter:data1\" content=\"1 minute\">\n<script type=\"application\/ld+json\" class=\"yoast-schema-graph\">{\"@context\":\"https:\/\/schema.org\",\"@graph\":[{\"@type\":\"WebSite\",\"@id\":\"https:\/\/tugraztestweb.asol.at\/#website\",\"url\":\"https:\/\/tugraztestweb.asol.at\/\",\"name\":\"Verlag der TU Graz\",\"description\":\"Verlag der Technischen Universit\\u00e4t Graz\",\"potentialAction\":[{\"@type\":\"SearchAction\",\"target\":\"https:\/\/tugraztestweb.asol.at\/?s={search_term_string}\",\"query-input\":\"required name=search_term_string\"}],\"inLanguage\":\"en-US\"},{\"@type\":\"ImageObject\",\"@id\":\"https:\/\/tugraztestweb.asol.at\/gesamtverzeichnis\/bauingenieurwissenschaften\/ausschreibung-und-pruefung-von-lvs\/#primaryimage\",\"inLanguage\":\"en-US\",\"url\":\"https:\/\/tugraztestweb.asol.at\/wp-content\/uploads\/2020\/08\/image-978-3-85125-101-2.jpg\",\"contentUrl\":\"https:\/\/tugraztestweb.asol.at\/wp-content\/uploads\/2020\/08\/image-978-3-85125-101-2.jpg\",\"width\":1192,\"height\":843},{\"@type\":\"WebPage\",\"@id\":\"https:\/\/tugraztestweb.asol.at\/gesamtverzeichnis\/bauingenieurwissenschaften\/ausschreibung-und-pruefung-von-lvs\/#webpage\",\"url\":\"https:\/\/tugraztestweb.asol.at\/gesamtverzeichnis\/bauingenieurwissenschaften\/ausschreibung-und-pruefung-von-lvs\/\",\"name\":\"Ausschreibung und Pr\\u00fcfung von LVs - Verlag der TU Graz\",\"isPartOf\":{\"@id\":\"https:\/\/tugraztestweb.asol.at\/#website\"},\"primaryImageOfPage\":{\"@id\":\"https:\/\/tugraztestweb.asol.at\/gesamtverzeichnis\/bauingenieurwissenschaften\/ausschreibung-und-pruefung-von-lvs\/#primaryimage\"},\"datePublished\":\"2020-08-21T12:53:42+00:00\",\"dateModified\":\"2020-08-21T12:54:42+00:00\",\"breadcrumb\":{\"@id\":\"https:\/\/tugraztestweb.asol.at\/gesamtverzeichnis\/bauingenieurwissenschaften\/ausschreibung-und-pruefung-von-lvs\/#breadcrumb\"},\"inLanguage\":\"en-US\",\"potentialAction\":[{\"@type\":\"ReadAction\",\"target\":[\"https:\/\/tugraztestweb.asol.at\/gesamtverzeichnis\/bauingenieurwissenschaften\/ausschreibung-und-pruefung-von-lvs\/\"]}]},{\"@type\":\"BreadcrumbList\",\"@id\":\"https:\/\/tugraztestweb.asol.at\/gesamtverzeichnis\/bauingenieurwissenschaften\/ausschreibung-und-pruefung-von-lvs\/#breadcrumb\",\"itemListElement\":[{\"@type\":\"ListItem\",\"position\":1,\"item\":{\"@type\":\"WebPage\",\"@id\":\"https:\/\/tugraztestweb.asol.at\/\",\"url\":\"https:\/\/tugraztestweb.asol.at\/\",\"name\":\"Home\"}},{\"@type\":\"ListItem\",\"position\":2,\"item\":{\"@type\":\"WebPage\",\"@id\":\"https:\/\/tugraztestweb.asol.at\/gesamtverzeichnis\/\",\"url\":\"https:\/\/tugraztestweb.asol.at\/gesamtverzeichnis\/\",\"name\":\"Gesamtverzeichnis\"}},{\"@type\":\"ListItem\",\"position\":3,\"item\":{\"@type\":\"WebPage\",\"@id\":\"https:\/\/tugraztestweb.asol.at\/gesamtverzeichnis\/bauingenieurwissenschaften\/ausschreibung-und-pruefung-von-lvs\/\",\"url\":\"https:\/\/tugraztestweb.asol.at\/gesamtverzeichnis\/bauingenieurwissenschaften\/ausschreibung-und-pruefung-von-lvs\/\",\"name\":\"Ausschreibung und Pr\\u00fcfung von LVs\"}}]}]}<\/script>\n<!-- \/ Yoast SEO plugin. -->","_links":{"self":[{"href":"https:\/\/tugraztestweb.asol.at\/en\/wp-json\/wp\/v2\/product\/29692"}],"collection":[{"href":"https:\/\/tugraztestweb.asol.at\/en\/wp-json\/wp\/v2\/product"}],"about":[{"href":"https:\/\/tugraztestweb.asol.at\/en\/wp-json\/wp\/v2\/types\/product"}],"replies":[{"embeddable":true,"href":"https:\/\/tugraztestweb.asol.at\/en\/wp-json\/wp\/v2\/comments?post=29692"}],"wp:featuredmedia":[{"embeddable":true,"href":"https:\/\/tugraztestweb.asol.at\/en\/wp-json\/wp\/v2\/media\/39624"}],"wp:attachment":[{"href":"https:\/\/tugraztestweb.asol.at\/en\/wp-json\/wp\/v2\/media?parent=29692"}],"curies":[{"name":"wp","href":"https:\/\/api.w.org\/{rel}","templated":true}]}}