{"id":29695,"date":"2020-08-21T12:53:42","date_gmt":"2020-08-21T12:53:42","guid":{"rendered":"http:\/\/tugraztestweb.asol.at\/gesamtverzeichnis\/unkategorisiert\/9-grazer-baubetriebs-und-bauwirtschaftssymposium-bauablaufstoerungen-tagungsband-2011\/"},"modified":"2020-08-21T14:54:42","modified_gmt":"2020-08-21T12:54:42","slug":"9-grazer-baubetriebs-und-bauwirtschaftssymposium-bauablaufstoerungen-tagungsband-2011","status":"publish","type":"product","link":"https:\/\/tugraztestweb.asol.at\/en\/gesamtverzeichnis\/bauingenieurwissenschaften\/9-grazer-baubetriebs-und-bauwirtschaftssymposium-bauablaufstoerungen-tagungsband-2011\/","title":{"rendered":"9. Grazer Baubetriebs- und Bauwirtschaftssymposium, Bauablaufst\u00f6rungen, Tagungsband 2011"},"content":{"rendered":"<p class=\"qtranxs-available-languages-message qtranxs-available-languages-message-en\">Sorry, this entry is only available in <a href=\"https:\/\/tugraztestweb.asol.at\/de\/wp-json\/wp\/v2\/product\/29695\" class=\"qtranxs-available-language-link qtranxs-available-language-link-de\" title=\"Deutsch\">Deutsch<\/a>.<\/p><p>Ein Bauprojekt ohne Bauablaufst\u00f6rungen ist fast schon eine Seltenheit. Daher ist es bereits in der Projektvorbereitung wichtig, anwendungsf\u00e4hige Regeln zu schaffen, die den Umgang mit Bauablaufst\u00f6rungen erm\u00f6glichen. Zwischen Auftragneh-mern und -gebern existieren unterschiedliche Ansichten \u00fcber die Ursachen, Auswirkungen und den Umgang mit Bauablaufst\u00f6rungen. Diese kontroversen Einsch\u00e4tzungen wurden zum Anlass genommen, sich mit der Thematik im Rahmen des 9. BBW-Symposiums auseinander zu setzen.<br \/>\nNeben der Frage, ob und inwie-<br \/>\nfern Bauablaufst\u00f6rungen Mehrkosten verursachen, werden auch die Dimensionen von Pro-<br \/>\nduktivit\u00e4tsverlusten sowie Me-thoden und Erfahrungen der an-<br \/>\ngemessenen Bew\u00e4ltigung er\u00f6rtert und zur offenen Diskussion gestellt.<\/p>","protected":false},"excerpt":{"rendered":"<p class=\"qtranxs-available-languages-message qtranxs-available-languages-message-en\">Sorry, this entry is only available in <a href=\"https:\/\/tugraztestweb.asol.at\/de\/wp-json\/wp\/v2\/product\/29695\" class=\"qtranxs-available-language-link qtranxs-available-language-link-de\" title=\"Deutsch\">Deutsch<\/a>.<\/p>\n<p>Ein Bauprojekt ohne Bauablaufst\u00f6rungen ist fast schon eine Seltenheit. Daher ist es bereits in der Projektvorbereitung wichtig, anwendungsf\u00e4hige Regeln zu schaffen, die den Umgang mit Bauablaufst\u00f6rungen erm\u00f6glichen. Zwischen Auftragneh-mern und -gebern existieren unterschiedliche Ansichten \u00fcber die Ursachen, Auswirkungen und den Umgang mit Bauablaufst\u00f6rungen. Diese kontroversen Einsch\u00e4tzungen wurden zum Anlass genommen, sich mit der Thematik im Rahmen des 9. BBW-Symposiums auseinander zu setzen.<br \/>\nNeben der Frage, ob und inwie-<br \/>\nfern Bauablaufst\u00f6rungen Mehrkosten verursachen, werden auch die Dimensionen von Pro-<br \/>\nduktivit\u00e4tsverlusten sowie Me-thoden und Erfahrungen der an-<br \/>\ngemessenen Bew\u00e4ltigung er\u00f6rtert und zur offenen Diskussion gestellt.<\/p>\n","protected":false},"featured_media":39625,"comment_status":"open","ping_status":"closed","template":"","meta":[],"yoast_head":"<!-- This site is optimized with the Yoast SEO plugin v16.1.1 - https:\/\/yoast.com\/wordpress\/plugins\/seo\/ -->\n<link rel=\"canonical\" href=\"https:\/\/tugraztestweb.asol.at\/gesamtverzeichnis\/bauingenieurwissenschaften\/9-grazer-baubetriebs-und-bauwirtschaftssymposium-bauablaufstoerungen-tagungsband-2011\/\" \/>\n<meta property=\"og:locale\" content=\"en_US\" \/>\n<meta property=\"og:type\" content=\"article\" \/>\n<meta property=\"og:title\" content=\"9. Grazer Baubetriebs- und Bauwirtschaftssymposium, Bauablaufst\u00f6rungen, Tagungsband 2011 - Verlag der TU Graz\" \/>\n<meta property=\"og:description\" content=\"Ein Bauprojekt ohne Bauablaufst\u00f6rungen ist fast schon eine Seltenheit. Daher ist es bereits in der Projektvorbereitung wichtig, anwendungsf\u00e4hige Regeln zu schaffen, die den Umgang mit Bauablaufst\u00f6rungen erm\u00f6glichen. Zwischen Auftragneh-mern und -gebern existieren unterschiedliche Ansichten \u00fcber die Ursachen, Auswirkungen und den Umgang mit Bauablaufst\u00f6rungen. Diese kontroversen Einsch\u00e4tzungen wurden zum Anlass genommen, sich mit der Thematik im Rahmen des 9. BBW-Symposiums auseinander zu setzen. Neben der Frage, ob und inwie- fern Bauablaufst\u00f6rungen Mehrkosten verursachen, werden auch die Dimensionen von Pro- duktivit\u00e4tsverlusten sowie Me-thoden und Erfahrungen der an- gemessenen Bew\u00e4ltigung er\u00f6rtert und zur offenen Diskussion gestellt.\" \/>\n<meta property=\"og:url\" content=\"https:\/\/tugraztestweb.asol.at\/gesamtverzeichnis\/bauingenieurwissenschaften\/9-grazer-baubetriebs-und-bauwirtschaftssymposium-bauablaufstoerungen-tagungsband-2011\/\" \/>\n<meta property=\"og:site_name\" content=\"Verlag der TU Graz\" \/>\n<meta property=\"article:modified_time\" content=\"2020-08-21T12:54:42+00:00\" \/>\n<meta property=\"og:image\" content=\"https:\/\/tugraztestweb.asol.at\/wp-content\/uploads\/2020\/08\/image-978-3-85125-136-4.jpg\" \/>\n\t<meta property=\"og:image:width\" content=\"579\" \/>\n\t<meta property=\"og:image:height\" content=\"819\" \/>\n<meta name=\"twitter:card\" content=\"summary_large_image\" \/>\n<meta name=\"twitter:label1\" content=\"Est. reading time\">\n\t<meta name=\"twitter:data1\" content=\"1 minute\">\n<script type=\"application\/ld+json\" class=\"yoast-schema-graph\">{\"@context\":\"https:\/\/schema.org\",\"@graph\":[{\"@type\":\"WebSite\",\"@id\":\"https:\/\/tugraztestweb.asol.at\/#website\",\"url\":\"https:\/\/tugraztestweb.asol.at\/\",\"name\":\"Verlag der TU Graz\",\"description\":\"Verlag der Technischen Universit\\u00e4t Graz\",\"potentialAction\":[{\"@type\":\"SearchAction\",\"target\":\"https:\/\/tugraztestweb.asol.at\/?s={search_term_string}\",\"query-input\":\"required name=search_term_string\"}],\"inLanguage\":\"en-US\"},{\"@type\":\"ImageObject\",\"@id\":\"https:\/\/tugraztestweb.asol.at\/gesamtverzeichnis\/bauingenieurwissenschaften\/9-grazer-baubetriebs-und-bauwirtschaftssymposium-bauablaufstoerungen-tagungsband-2011\/#primaryimage\",\"inLanguage\":\"en-US\",\"url\":\"https:\/\/tugraztestweb.asol.at\/wp-content\/uploads\/2020\/08\/image-978-3-85125-136-4.jpg\",\"contentUrl\":\"https:\/\/tugraztestweb.asol.at\/wp-content\/uploads\/2020\/08\/image-978-3-85125-136-4.jpg\",\"width\":579,\"height\":819},{\"@type\":\"WebPage\",\"@id\":\"https:\/\/tugraztestweb.asol.at\/gesamtverzeichnis\/bauingenieurwissenschaften\/9-grazer-baubetriebs-und-bauwirtschaftssymposium-bauablaufstoerungen-tagungsband-2011\/#webpage\",\"url\":\"https:\/\/tugraztestweb.asol.at\/gesamtverzeichnis\/bauingenieurwissenschaften\/9-grazer-baubetriebs-und-bauwirtschaftssymposium-bauablaufstoerungen-tagungsband-2011\/\",\"name\":\"9. Grazer Baubetriebs- und Bauwirtschaftssymposium, Bauablaufst\\u00f6rungen, Tagungsband 2011 - Verlag der TU Graz\",\"isPartOf\":{\"@id\":\"https:\/\/tugraztestweb.asol.at\/#website\"},\"primaryImageOfPage\":{\"@id\":\"https:\/\/tugraztestweb.asol.at\/gesamtverzeichnis\/bauingenieurwissenschaften\/9-grazer-baubetriebs-und-bauwirtschaftssymposium-bauablaufstoerungen-tagungsband-2011\/#primaryimage\"},\"datePublished\":\"2020-08-21T12:53:42+00:00\",\"dateModified\":\"2020-08-21T12:54:42+00:00\",\"breadcrumb\":{\"@id\":\"https:\/\/tugraztestweb.asol.at\/gesamtverzeichnis\/bauingenieurwissenschaften\/9-grazer-baubetriebs-und-bauwirtschaftssymposium-bauablaufstoerungen-tagungsband-2011\/#breadcrumb\"},\"inLanguage\":\"en-US\",\"potentialAction\":[{\"@type\":\"ReadAction\",\"target\":[\"https:\/\/tugraztestweb.asol.at\/gesamtverzeichnis\/bauingenieurwissenschaften\/9-grazer-baubetriebs-und-bauwirtschaftssymposium-bauablaufstoerungen-tagungsband-2011\/\"]}]},{\"@type\":\"BreadcrumbList\",\"@id\":\"https:\/\/tugraztestweb.asol.at\/gesamtverzeichnis\/bauingenieurwissenschaften\/9-grazer-baubetriebs-und-bauwirtschaftssymposium-bauablaufstoerungen-tagungsband-2011\/#breadcrumb\",\"itemListElement\":[{\"@type\":\"ListItem\",\"position\":1,\"item\":{\"@type\":\"WebPage\",\"@id\":\"https:\/\/tugraztestweb.asol.at\/\",\"url\":\"https:\/\/tugraztestweb.asol.at\/\",\"name\":\"Home\"}},{\"@type\":\"ListItem\",\"position\":2,\"item\":{\"@type\":\"WebPage\",\"@id\":\"https:\/\/tugraztestweb.asol.at\/gesamtverzeichnis\/\",\"url\":\"https:\/\/tugraztestweb.asol.at\/gesamtverzeichnis\/\",\"name\":\"Gesamtverzeichnis\"}},{\"@type\":\"ListItem\",\"position\":3,\"item\":{\"@type\":\"WebPage\",\"@id\":\"https:\/\/tugraztestweb.asol.at\/gesamtverzeichnis\/bauingenieurwissenschaften\/9-grazer-baubetriebs-und-bauwirtschaftssymposium-bauablaufstoerungen-tagungsband-2011\/\",\"url\":\"https:\/\/tugraztestweb.asol.at\/gesamtverzeichnis\/bauingenieurwissenschaften\/9-grazer-baubetriebs-und-bauwirtschaftssymposium-bauablaufstoerungen-tagungsband-2011\/\",\"name\":\"9. Grazer Baubetriebs- und Bauwirtschaftssymposium, Bauablaufst\\u00f6rungen, Tagungsband 2011\"}}]}]}<\/script>\n<!-- \/ Yoast SEO plugin. -->","_links":{"self":[{"href":"https:\/\/tugraztestweb.asol.at\/en\/wp-json\/wp\/v2\/product\/29695"}],"collection":[{"href":"https:\/\/tugraztestweb.asol.at\/en\/wp-json\/wp\/v2\/product"}],"about":[{"href":"https:\/\/tugraztestweb.asol.at\/en\/wp-json\/wp\/v2\/types\/product"}],"replies":[{"embeddable":true,"href":"https:\/\/tugraztestweb.asol.at\/en\/wp-json\/wp\/v2\/comments?post=29695"}],"wp:featuredmedia":[{"embeddable":true,"href":"https:\/\/tugraztestweb.asol.at\/en\/wp-json\/wp\/v2\/media\/39625"}],"wp:attachment":[{"href":"https:\/\/tugraztestweb.asol.at\/en\/wp-json\/wp\/v2\/media?parent=29695"}],"curies":[{"name":"wp","href":"https:\/\/api.w.org\/{rel}","templated":true}]}}