{"id":29697,"date":"2020-08-21T12:53:42","date_gmt":"2020-08-21T12:53:42","guid":{"rendered":"http:\/\/tugraztestweb.asol.at\/gesamtverzeichnis\/unkategorisiert\/baubetrieb-und-bauwirtschaft-festschrift-prof-gert-stadler\/"},"modified":"2020-08-21T14:54:42","modified_gmt":"2020-08-21T12:54:42","slug":"baubetrieb-und-bauwirtschaft-festschrift-prof-gert-stadler","status":"publish","type":"product","link":"https:\/\/tugraztestweb.asol.at\/en\/gesamtverzeichnis\/bauingenieurwissenschaften\/baubetrieb-und-bauwirtschaft-festschrift-prof-gert-stadler\/","title":{"rendered":"Baubetrieb und Bauwirtschaft &#8211; Festschrift Prof. Gert Stadler"},"content":{"rendered":"<p class=\"qtranxs-available-languages-message qtranxs-available-languages-message-en\">Sorry, this entry is only available in <a href=\"https:\/\/tugraztestweb.asol.at\/de\/wp-json\/wp\/v2\/product\/29697\" class=\"qtranxs-available-language-link qtranxs-available-language-link-de\" title=\"Deutsch\">Deutsch<\/a>.<\/p><p>Die Festschrift zu Ehren von Professor Gert Stadler ist anl\u00e4sslich seines 65. Geburtstages herausgegeben worden. Zu diesem Anlass haben 27 Autoren aus Wissenschaft und Praxis sich gerne bereit erkl\u00e4rt, die Laudatio mit ihren Beitr\u00e4gen zu unterst\u00fctzen. Neben den klassischen Themen zu Baubetrieb und Bauwirtschaft werden auch bauvertraglich rechtliche Aspekte, sowie Projektentwicklung und Projektmanagement unter die Lupe genommen.<\/p>","protected":false},"excerpt":{"rendered":"<p class=\"qtranxs-available-languages-message qtranxs-available-languages-message-en\">Sorry, this entry is only available in <a href=\"https:\/\/tugraztestweb.asol.at\/de\/wp-json\/wp\/v2\/product\/29697\" class=\"qtranxs-available-language-link qtranxs-available-language-link-de\" title=\"Deutsch\">Deutsch<\/a>.<\/p>\n<p>Die Festschrift zu Ehren von Professor Gert Stadler ist anl\u00e4sslich seines 65. Geburtstages herausgegeben worden. Zu diesem Anlass haben 27 Autoren aus Wissenschaft und Praxis sich gerne bereit erkl\u00e4rt, die Laudatio mit ihren Beitr\u00e4gen zu unterst\u00fctzen. Neben den klassischen Themen zu Baubetrieb und Bauwirtschaft werden auch bauvertraglich rechtliche Aspekte, sowie Projektentwicklung und Projektmanagement unter die Lupe genommen.<\/p>\n","protected":false},"featured_media":39448,"comment_status":"open","ping_status":"closed","template":"","meta":[],"yoast_head":"<!-- This site is optimized with the Yoast SEO plugin v16.1.1 - https:\/\/yoast.com\/wordpress\/plugins\/seo\/ -->\n<link rel=\"canonical\" href=\"https:\/\/tugraztestweb.asol.at\/gesamtverzeichnis\/bauingenieurwissenschaften\/baubetrieb-und-bauwirtschaft-festschrift-prof-gert-stadler\/\" \/>\n<meta property=\"og:locale\" content=\"en_US\" \/>\n<meta property=\"og:type\" content=\"article\" \/>\n<meta property=\"og:title\" content=\"Baubetrieb und Bauwirtschaft - Festschrift Prof. Gert Stadler - Verlag der TU Graz\" \/>\n<meta property=\"og:description\" content=\"Die Festschrift zu Ehren von Professor Gert Stadler ist anl\u00e4sslich seines 65. Geburtstages herausgegeben worden. Zu diesem Anlass haben 27 Autoren aus Wissenschaft und Praxis sich gerne bereit erkl\u00e4rt, die Laudatio mit ihren Beitr\u00e4gen zu unterst\u00fctzen. Neben den klassischen Themen zu Baubetrieb und Bauwirtschaft werden auch bauvertraglich rechtliche Aspekte, sowie Projektentwicklung und Projektmanagement unter die Lupe genommen.\" \/>\n<meta property=\"og:url\" content=\"https:\/\/tugraztestweb.asol.at\/gesamtverzeichnis\/bauingenieurwissenschaften\/baubetrieb-und-bauwirtschaft-festschrift-prof-gert-stadler\/\" \/>\n<meta property=\"og:site_name\" content=\"Verlag der TU Graz\" \/>\n<meta property=\"article:modified_time\" content=\"2020-08-21T12:54:42+00:00\" \/>\n<meta property=\"og:image\" content=\"https:\/\/tugraztestweb.asol.at\/wp-content\/uploads\/2020\/08\/image-978-3-902465-09-2.jpg\" \/>\n\t<meta property=\"og:image:width\" content=\"583\" \/>\n\t<meta property=\"og:image:height\" content=\"818\" \/>\n<meta name=\"twitter:card\" content=\"summary_large_image\" \/>\n<script type=\"application\/ld+json\" class=\"yoast-schema-graph\">{\"@context\":\"https:\/\/schema.org\",\"@graph\":[{\"@type\":\"WebSite\",\"@id\":\"https:\/\/tugraztestweb.asol.at\/#website\",\"url\":\"https:\/\/tugraztestweb.asol.at\/\",\"name\":\"Verlag der TU Graz\",\"description\":\"Verlag der Technischen Universit\\u00e4t Graz\",\"potentialAction\":[{\"@type\":\"SearchAction\",\"target\":\"https:\/\/tugraztestweb.asol.at\/?s={search_term_string}\",\"query-input\":\"required name=search_term_string\"}],\"inLanguage\":\"en-US\"},{\"@type\":\"ImageObject\",\"@id\":\"https:\/\/tugraztestweb.asol.at\/gesamtverzeichnis\/bauingenieurwissenschaften\/baubetrieb-und-bauwirtschaft-festschrift-prof-gert-stadler\/#primaryimage\",\"inLanguage\":\"en-US\",\"url\":\"https:\/\/tugraztestweb.asol.at\/wp-content\/uploads\/2020\/08\/image-978-3-902465-09-2.jpg\",\"contentUrl\":\"https:\/\/tugraztestweb.asol.at\/wp-content\/uploads\/2020\/08\/image-978-3-902465-09-2.jpg\",\"width\":583,\"height\":818},{\"@type\":\"WebPage\",\"@id\":\"https:\/\/tugraztestweb.asol.at\/gesamtverzeichnis\/bauingenieurwissenschaften\/baubetrieb-und-bauwirtschaft-festschrift-prof-gert-stadler\/#webpage\",\"url\":\"https:\/\/tugraztestweb.asol.at\/gesamtverzeichnis\/bauingenieurwissenschaften\/baubetrieb-und-bauwirtschaft-festschrift-prof-gert-stadler\/\",\"name\":\"Baubetrieb und Bauwirtschaft - Festschrift Prof. Gert Stadler - Verlag der TU Graz\",\"isPartOf\":{\"@id\":\"https:\/\/tugraztestweb.asol.at\/#website\"},\"primaryImageOfPage\":{\"@id\":\"https:\/\/tugraztestweb.asol.at\/gesamtverzeichnis\/bauingenieurwissenschaften\/baubetrieb-und-bauwirtschaft-festschrift-prof-gert-stadler\/#primaryimage\"},\"datePublished\":\"2020-08-21T12:53:42+00:00\",\"dateModified\":\"2020-08-21T12:54:42+00:00\",\"breadcrumb\":{\"@id\":\"https:\/\/tugraztestweb.asol.at\/gesamtverzeichnis\/bauingenieurwissenschaften\/baubetrieb-und-bauwirtschaft-festschrift-prof-gert-stadler\/#breadcrumb\"},\"inLanguage\":\"en-US\",\"potentialAction\":[{\"@type\":\"ReadAction\",\"target\":[\"https:\/\/tugraztestweb.asol.at\/gesamtverzeichnis\/bauingenieurwissenschaften\/baubetrieb-und-bauwirtschaft-festschrift-prof-gert-stadler\/\"]}]},{\"@type\":\"BreadcrumbList\",\"@id\":\"https:\/\/tugraztestweb.asol.at\/gesamtverzeichnis\/bauingenieurwissenschaften\/baubetrieb-und-bauwirtschaft-festschrift-prof-gert-stadler\/#breadcrumb\",\"itemListElement\":[{\"@type\":\"ListItem\",\"position\":1,\"item\":{\"@type\":\"WebPage\",\"@id\":\"https:\/\/tugraztestweb.asol.at\/\",\"url\":\"https:\/\/tugraztestweb.asol.at\/\",\"name\":\"Home\"}},{\"@type\":\"ListItem\",\"position\":2,\"item\":{\"@type\":\"WebPage\",\"@id\":\"https:\/\/tugraztestweb.asol.at\/gesamtverzeichnis\/\",\"url\":\"https:\/\/tugraztestweb.asol.at\/gesamtverzeichnis\/\",\"name\":\"Gesamtverzeichnis\"}},{\"@type\":\"ListItem\",\"position\":3,\"item\":{\"@type\":\"WebPage\",\"@id\":\"https:\/\/tugraztestweb.asol.at\/gesamtverzeichnis\/bauingenieurwissenschaften\/baubetrieb-und-bauwirtschaft-festschrift-prof-gert-stadler\/\",\"url\":\"https:\/\/tugraztestweb.asol.at\/gesamtverzeichnis\/bauingenieurwissenschaften\/baubetrieb-und-bauwirtschaft-festschrift-prof-gert-stadler\/\",\"name\":\"Baubetrieb und Bauwirtschaft &#8211; Festschrift Prof. Gert Stadler\"}}]}]}<\/script>\n<!-- \/ Yoast SEO plugin. -->","_links":{"self":[{"href":"https:\/\/tugraztestweb.asol.at\/en\/wp-json\/wp\/v2\/product\/29697"}],"collection":[{"href":"https:\/\/tugraztestweb.asol.at\/en\/wp-json\/wp\/v2\/product"}],"about":[{"href":"https:\/\/tugraztestweb.asol.at\/en\/wp-json\/wp\/v2\/types\/product"}],"replies":[{"embeddable":true,"href":"https:\/\/tugraztestweb.asol.at\/en\/wp-json\/wp\/v2\/comments?post=29697"}],"wp:featuredmedia":[{"embeddable":true,"href":"https:\/\/tugraztestweb.asol.at\/en\/wp-json\/wp\/v2\/media\/39448"}],"wp:attachment":[{"href":"https:\/\/tugraztestweb.asol.at\/en\/wp-json\/wp\/v2\/media?parent=29697"}],"curies":[{"name":"wp","href":"https:\/\/api.w.org\/{rel}","templated":true}]}}