{"id":29699,"date":"2020-08-21T12:53:42","date_gmt":"2020-08-21T12:53:42","guid":{"rendered":"http:\/\/tugraztestweb.asol.at\/gesamtverzeichnis\/unkategorisiert\/bauphysiktagung-2008\/"},"modified":"2020-08-21T14:54:42","modified_gmt":"2020-08-21T12:54:42","slug":"bauphysiktagung-2008","status":"publish","type":"product","link":"https:\/\/tugraztestweb.asol.at\/en\/gesamtverzeichnis\/bauingenieurwissenschaften\/bauphysiktagung-2008\/","title":{"rendered":"Bauphysiktagung 2008"},"content":{"rendered":"<p class=\"qtranxs-available-languages-message qtranxs-available-languages-message-en\">Sorry, this entry is only available in <a href=\"https:\/\/tugraztestweb.asol.at\/de\/wp-json\/wp\/v2\/product\/29699\" class=\"qtranxs-available-language-link qtranxs-available-language-link-de\" title=\"Deutsch\">Deutsch<\/a>.<\/p><p>Mit Freude darf ich Sie zur mittlerweile f\u00fcnften Bauphysiktagung an der TU Graz begr\u00fc\u00dfen. Diesmal verbunden mit einem interessanten Rundgang durch unser Labor f\u00fcr Bauphysik gefolgt von der Pr\u00e4sentation der neuen Wege und Ziele unseres erweiterten Instituts f\u00fcr Hochbau und Bauphysik. Bedingt nicht zuletzt durch EU-weite Zielvorgaben bilden Energieoptimierung und -effizienz einen aktuellen und spannenden Themenschwerpunkt. Bei unseren Bauphysiktagungen wird stets auch der Architektur ein bedeutender Stellenwert einger\u00e4umt und verspricht \u201eBeyond the Blue\u201c interessante Einblicke in die Kraft der Vision.<br \/>Schlie\u00dflich runden neue Trends bis hin zur Robotik im Bauwesen und innovative Forschungsthemen die Bauphysiktagung 2008 ab.<\/p>\n<p><\/p>","protected":false},"excerpt":{"rendered":"<p class=\"qtranxs-available-languages-message qtranxs-available-languages-message-en\">Sorry, this entry is only available in <a href=\"https:\/\/tugraztestweb.asol.at\/de\/wp-json\/wp\/v2\/product\/29699\" class=\"qtranxs-available-language-link qtranxs-available-language-link-de\" title=\"Deutsch\">Deutsch<\/a>.<\/p>\n<p>Mit Freude darf ich Sie zur mittlerweile f\u00fcnften Bauphysiktagung an der TU Graz begr\u00fc\u00dfen. Diesmal verbunden mit einem interessanten Rundgang durch unser Labor f\u00fcr Bauphysik gefolgt von der Pr\u00e4sentation der neuen Wege und Ziele unseres erweiterten Instituts f\u00fcr Hochbau und Bauphysik. Bedingt nicht zuletzt durch EU-weite Zielvorgaben bilden Energieoptimierung und -effizienz einen aktuellen und spannenden Themenschwerpunkt. Bei unseren Bauphysiktagungen wird stets auch der Architektur ein bedeutender Stellenwert einger\u00e4umt und verspricht \u201eBeyond the Blue\u201c interessante Einblicke in die Kraft der Vision.<br \/>Schlie\u00dflich runden neue Trends bis hin zur Robotik im Bauwesen und innovative Forschungsthemen die Bauphysiktagung 2008 ab.<\/p>\n","protected":false},"featured_media":39626,"comment_status":"open","ping_status":"closed","template":"","meta":[],"yoast_head":"<!-- This site is optimized with the Yoast SEO plugin v16.1.1 - https:\/\/yoast.com\/wordpress\/plugins\/seo\/ -->\n<link rel=\"canonical\" href=\"https:\/\/tugraztestweb.asol.at\/gesamtverzeichnis\/bauingenieurwissenschaften\/bauphysiktagung-2008\/\" \/>\n<meta property=\"og:locale\" content=\"en_US\" \/>\n<meta property=\"og:type\" content=\"article\" \/>\n<meta property=\"og:title\" content=\"Bauphysiktagung 2008 - Verlag der TU Graz\" \/>\n<meta property=\"og:description\" content=\"Mit Freude darf ich Sie zur mittlerweile f\u00fcnften Bauphysiktagung an der TU Graz begr\u00fc\u00dfen. Diesmal verbunden mit einem interessanten Rundgang durch unser Labor f\u00fcr Bauphysik gefolgt von der Pr\u00e4sentation der neuen Wege und Ziele unseres erweiterten Instituts f\u00fcr Hochbau und Bauphysik. Bedingt nicht zuletzt durch EU-weite Zielvorgaben bilden Energieoptimierung und -effizienz einen aktuellen und spannenden Themenschwerpunkt. Bei unseren Bauphysiktagungen wird stets auch der Architektur ein bedeutender Stellenwert einger\u00e4umt und verspricht \u201eBeyond the Blue\u201c interessante Einblicke in die Kraft der Vision.Schlie\u00dflich runden neue Trends bis hin zur Robotik im Bauwesen und innovative Forschungsthemen die Bauphysiktagung 2008 ab.\" \/>\n<meta property=\"og:url\" content=\"https:\/\/tugraztestweb.asol.at\/gesamtverzeichnis\/bauingenieurwissenschaften\/bauphysiktagung-2008\/\" \/>\n<meta property=\"og:site_name\" content=\"Verlag der TU Graz\" \/>\n<meta property=\"article:modified_time\" content=\"2020-08-21T12:54:42+00:00\" \/>\n<meta property=\"og:image\" content=\"https:\/\/tugraztestweb.asol.at\/wp-content\/uploads\/2020\/08\/image-978-3-85125-026-8.jpg\" \/>\n\t<meta property=\"og:image:width\" content=\"390\" \/>\n\t<meta property=\"og:image:height\" content=\"552\" \/>\n<meta name=\"twitter:card\" content=\"summary_large_image\" \/>\n<meta name=\"twitter:label1\" content=\"Est. reading time\">\n\t<meta name=\"twitter:data1\" content=\"1 minute\">\n<script type=\"application\/ld+json\" class=\"yoast-schema-graph\">{\"@context\":\"https:\/\/schema.org\",\"@graph\":[{\"@type\":\"WebSite\",\"@id\":\"https:\/\/tugraztestweb.asol.at\/#website\",\"url\":\"https:\/\/tugraztestweb.asol.at\/\",\"name\":\"Verlag der TU Graz\",\"description\":\"Verlag der Technischen Universit\\u00e4t Graz\",\"potentialAction\":[{\"@type\":\"SearchAction\",\"target\":\"https:\/\/tugraztestweb.asol.at\/?s={search_term_string}\",\"query-input\":\"required name=search_term_string\"}],\"inLanguage\":\"en-US\"},{\"@type\":\"ImageObject\",\"@id\":\"https:\/\/tugraztestweb.asol.at\/gesamtverzeichnis\/bauingenieurwissenschaften\/bauphysiktagung-2008\/#primaryimage\",\"inLanguage\":\"en-US\",\"url\":\"https:\/\/tugraztestweb.asol.at\/wp-content\/uploads\/2020\/08\/image-978-3-85125-026-8.jpg\",\"contentUrl\":\"https:\/\/tugraztestweb.asol.at\/wp-content\/uploads\/2020\/08\/image-978-3-85125-026-8.jpg\",\"width\":390,\"height\":552},{\"@type\":\"WebPage\",\"@id\":\"https:\/\/tugraztestweb.asol.at\/gesamtverzeichnis\/bauingenieurwissenschaften\/bauphysiktagung-2008\/#webpage\",\"url\":\"https:\/\/tugraztestweb.asol.at\/gesamtverzeichnis\/bauingenieurwissenschaften\/bauphysiktagung-2008\/\",\"name\":\"Bauphysiktagung 2008 - Verlag der TU Graz\",\"isPartOf\":{\"@id\":\"https:\/\/tugraztestweb.asol.at\/#website\"},\"primaryImageOfPage\":{\"@id\":\"https:\/\/tugraztestweb.asol.at\/gesamtverzeichnis\/bauingenieurwissenschaften\/bauphysiktagung-2008\/#primaryimage\"},\"datePublished\":\"2020-08-21T12:53:42+00:00\",\"dateModified\":\"2020-08-21T12:54:42+00:00\",\"breadcrumb\":{\"@id\":\"https:\/\/tugraztestweb.asol.at\/gesamtverzeichnis\/bauingenieurwissenschaften\/bauphysiktagung-2008\/#breadcrumb\"},\"inLanguage\":\"en-US\",\"potentialAction\":[{\"@type\":\"ReadAction\",\"target\":[\"https:\/\/tugraztestweb.asol.at\/gesamtverzeichnis\/bauingenieurwissenschaften\/bauphysiktagung-2008\/\"]}]},{\"@type\":\"BreadcrumbList\",\"@id\":\"https:\/\/tugraztestweb.asol.at\/gesamtverzeichnis\/bauingenieurwissenschaften\/bauphysiktagung-2008\/#breadcrumb\",\"itemListElement\":[{\"@type\":\"ListItem\",\"position\":1,\"item\":{\"@type\":\"WebPage\",\"@id\":\"https:\/\/tugraztestweb.asol.at\/\",\"url\":\"https:\/\/tugraztestweb.asol.at\/\",\"name\":\"Home\"}},{\"@type\":\"ListItem\",\"position\":2,\"item\":{\"@type\":\"WebPage\",\"@id\":\"https:\/\/tugraztestweb.asol.at\/gesamtverzeichnis\/\",\"url\":\"https:\/\/tugraztestweb.asol.at\/gesamtverzeichnis\/\",\"name\":\"Gesamtverzeichnis\"}},{\"@type\":\"ListItem\",\"position\":3,\"item\":{\"@type\":\"WebPage\",\"@id\":\"https:\/\/tugraztestweb.asol.at\/gesamtverzeichnis\/bauingenieurwissenschaften\/bauphysiktagung-2008\/\",\"url\":\"https:\/\/tugraztestweb.asol.at\/gesamtverzeichnis\/bauingenieurwissenschaften\/bauphysiktagung-2008\/\",\"name\":\"Bauphysiktagung 2008\"}}]}]}<\/script>\n<!-- \/ Yoast SEO plugin. -->","_links":{"self":[{"href":"https:\/\/tugraztestweb.asol.at\/en\/wp-json\/wp\/v2\/product\/29699"}],"collection":[{"href":"https:\/\/tugraztestweb.asol.at\/en\/wp-json\/wp\/v2\/product"}],"about":[{"href":"https:\/\/tugraztestweb.asol.at\/en\/wp-json\/wp\/v2\/types\/product"}],"replies":[{"embeddable":true,"href":"https:\/\/tugraztestweb.asol.at\/en\/wp-json\/wp\/v2\/comments?post=29699"}],"wp:featuredmedia":[{"embeddable":true,"href":"https:\/\/tugraztestweb.asol.at\/en\/wp-json\/wp\/v2\/media\/39626"}],"wp:attachment":[{"href":"https:\/\/tugraztestweb.asol.at\/en\/wp-json\/wp\/v2\/media?parent=29699"}],"curies":[{"name":"wp","href":"https:\/\/api.w.org\/{rel}","templated":true}]}}