{"id":29701,"date":"2020-08-21T12:53:42","date_gmt":"2020-08-21T12:53:42","guid":{"rendered":"http:\/\/tugraztestweb.asol.at\/gesamtverzeichnis\/unkategorisiert\/baustatik\/"},"modified":"2020-08-21T14:54:42","modified_gmt":"2020-08-21T12:54:42","slug":"baustatik","status":"publish","type":"product","link":"https:\/\/tugraztestweb.asol.at\/en\/gesamtverzeichnis\/bauingenieurwissenschaften\/baustatik\/","title":{"rendered":"Baustatik"},"content":{"rendered":"<p class=\"qtranxs-available-languages-message qtranxs-available-languages-message-en\">Sorry, this entry is only available in <a href=\"https:\/\/tugraztestweb.asol.at\/de\/wp-json\/wp\/v2\/product\/29701\" class=\"qtranxs-available-language-link qtranxs-available-language-link-de\" title=\"Deutsch\">Deutsch<\/a>.<\/p><p>Dieses Lehrbuch besch\u00e4ftigt sich mit der numerischen Berechnung von statisch bestimmten und statisch unbestimmten, ebenen und r\u00e4umlichen, Stabtragwerken. Es vereint die Grundlagen der Mechanik mit der \u00dcberleitung von komplexen Tragstrukturen in einfache Rechenmodelle. Dabei wird besonders auf die computerunterst\u00fctzte Berechnung eingegangen. Es wird versucht, anhand von vielen, zum Teil praxisrelevanten Beispielen, ein \u201estatisches Gef\u00fchl\u201d zu vermitteln, welches f\u00fcr die kritische Betrachtung der Ergebnisse von weit verbreiteten und immer benutzerfreundlicher werdenden Rechenprogrammen unabdingbar ist.<br \/>\nUniv.Prof. Dr.techn. Dipl.Ing. Gernot Beer ist seit 1993 Vorstand des Instituts f\u00fcr Baustatik an der TU Graz. Sein Hauptinteresse in der Lehre ist es, komplexe Probleme in der Baustatik m\u00f6glichst einfach zu erkl\u00e4ren und, mit Hilfe von praktischen Anwendungen, die Faszination f\u00fcr dieses Fach zu wecken. Sein Interesse in der Forschung liegt in der Entwicklung und Anwendung von effizienten numerischen Methoden f\u00fcr komplexe Aufgaben im Bauingenieurwesen.<\/p>","protected":false},"excerpt":{"rendered":"<p class=\"qtranxs-available-languages-message qtranxs-available-languages-message-en\">Sorry, this entry is only available in <a href=\"https:\/\/tugraztestweb.asol.at\/de\/wp-json\/wp\/v2\/product\/29701\" class=\"qtranxs-available-language-link qtranxs-available-language-link-de\" title=\"Deutsch\">Deutsch<\/a>.<\/p>\n<p>Dieses Lehrbuch besch\u00e4ftigt sich mit der numerischen Berechnung von statisch bestimmten und statisch unbestimmten, ebenen und r\u00e4umlichen, Stabtragwerken. Es vereint die Grundlagen der Mechanik mit der \u00dcberleitung von komplexen Tragstrukturen in einfache Rechenmodelle. Dabei wird besonders auf die computerunterst\u00fctzte Berechnung eingegangen. Es wird versucht, anhand von vielen, zum Teil praxisrelevanten Beispielen, ein \u201estatisches Gef\u00fchl\u201d zu vermitteln, welches f\u00fcr die kritische Betrachtung der Ergebnisse von weit verbreiteten und immer benutzerfreundlicher werdenden Rechenprogrammen unabdingbar ist.<br \/>\nUniv.Prof. Dr.techn. Dipl.Ing. Gernot Beer ist seit 1993 Vorstand des Instituts f\u00fcr Baustatik an der TU Graz. Sein Hauptinteresse in der Lehre ist es, komplexe Probleme in der Baustatik m\u00f6glichst einfach zu erkl\u00e4ren und, mit Hilfe von praktischen Anwendungen, die Faszination f\u00fcr dieses Fach zu wecken. Sein Interesse in der Forschung liegt in der Entwicklung und Anwendung von effizienten numerischen Methoden f\u00fcr komplexe Aufgaben im Bauingenieurwesen.<\/p>\n","protected":false},"featured_media":39627,"comment_status":"open","ping_status":"closed","template":"","meta":[],"yoast_head":"<!-- This site is optimized with the Yoast SEO plugin v16.1.1 - https:\/\/yoast.com\/wordpress\/plugins\/seo\/ -->\n<link rel=\"canonical\" href=\"https:\/\/tugraztestweb.asol.at\/gesamtverzeichnis\/bauingenieurwissenschaften\/baustatik\/\" \/>\n<meta property=\"og:locale\" content=\"en_US\" \/>\n<meta property=\"og:type\" content=\"article\" \/>\n<meta property=\"og:title\" content=\"Baustatik - Verlag der TU Graz\" \/>\n<meta property=\"og:description\" content=\"Dieses Lehrbuch besch\u00e4ftigt sich mit der numerischen Berechnung von statisch bestimmten und statisch unbestimmten, ebenen und r\u00e4umlichen, Stabtragwerken. Es vereint die Grundlagen der Mechanik mit der \u00dcberleitung von komplexen Tragstrukturen in einfache Rechenmodelle. Dabei wird besonders auf die computerunterst\u00fctzte Berechnung eingegangen. Es wird versucht, anhand von vielen, zum Teil praxisrelevanten Beispielen, ein \u201estatisches Gef\u00fchl\u201d zu vermitteln, welches f\u00fcr die kritische Betrachtung der Ergebnisse von weit verbreiteten und immer benutzerfreundlicher werdenden Rechenprogrammen unabdingbar ist. Univ.Prof. Dr.techn. Dipl.Ing. Gernot Beer ist seit 1993 Vorstand des Instituts f\u00fcr Baustatik an der TU Graz. Sein Hauptinteresse in der Lehre ist es, komplexe Probleme in der Baustatik m\u00f6glichst einfach zu erkl\u00e4ren und, mit Hilfe von praktischen Anwendungen, die Faszination f\u00fcr dieses Fach zu wecken. Sein Interesse in der Forschung liegt in der Entwicklung und Anwendung von effizienten numerischen Methoden f\u00fcr komplexe Aufgaben im Bauingenieurwesen.\" \/>\n<meta property=\"og:url\" content=\"https:\/\/tugraztestweb.asol.at\/gesamtverzeichnis\/bauingenieurwissenschaften\/baustatik\/\" \/>\n<meta property=\"og:site_name\" content=\"Verlag der TU Graz\" \/>\n<meta property=\"article:modified_time\" content=\"2020-08-21T12:54:42+00:00\" \/>\n<meta property=\"og:image\" content=\"https:\/\/tugraztestweb.asol.at\/wp-content\/uploads\/2020\/08\/image-978-3-85125-181-4.jpg\" \/>\n\t<meta property=\"og:image:width\" content=\"601\" \/>\n\t<meta property=\"og:image:height\" content=\"842\" \/>\n<meta name=\"twitter:card\" content=\"summary_large_image\" \/>\n<meta name=\"twitter:label1\" content=\"Est. reading time\">\n\t<meta name=\"twitter:data1\" content=\"1 minute\">\n<script type=\"application\/ld+json\" class=\"yoast-schema-graph\">{\"@context\":\"https:\/\/schema.org\",\"@graph\":[{\"@type\":\"WebSite\",\"@id\":\"https:\/\/tugraztestweb.asol.at\/#website\",\"url\":\"https:\/\/tugraztestweb.asol.at\/\",\"name\":\"Verlag der TU Graz\",\"description\":\"Verlag der Technischen Universit\\u00e4t Graz\",\"potentialAction\":[{\"@type\":\"SearchAction\",\"target\":\"https:\/\/tugraztestweb.asol.at\/?s={search_term_string}\",\"query-input\":\"required name=search_term_string\"}],\"inLanguage\":\"en-US\"},{\"@type\":\"ImageObject\",\"@id\":\"https:\/\/tugraztestweb.asol.at\/gesamtverzeichnis\/bauingenieurwissenschaften\/baustatik\/#primaryimage\",\"inLanguage\":\"en-US\",\"url\":\"https:\/\/tugraztestweb.asol.at\/wp-content\/uploads\/2020\/08\/image-978-3-85125-181-4.jpg\",\"contentUrl\":\"https:\/\/tugraztestweb.asol.at\/wp-content\/uploads\/2020\/08\/image-978-3-85125-181-4.jpg\",\"width\":601,\"height\":842},{\"@type\":\"WebPage\",\"@id\":\"https:\/\/tugraztestweb.asol.at\/gesamtverzeichnis\/bauingenieurwissenschaften\/baustatik\/#webpage\",\"url\":\"https:\/\/tugraztestweb.asol.at\/gesamtverzeichnis\/bauingenieurwissenschaften\/baustatik\/\",\"name\":\"Baustatik - Verlag der TU Graz\",\"isPartOf\":{\"@id\":\"https:\/\/tugraztestweb.asol.at\/#website\"},\"primaryImageOfPage\":{\"@id\":\"https:\/\/tugraztestweb.asol.at\/gesamtverzeichnis\/bauingenieurwissenschaften\/baustatik\/#primaryimage\"},\"datePublished\":\"2020-08-21T12:53:42+00:00\",\"dateModified\":\"2020-08-21T12:54:42+00:00\",\"breadcrumb\":{\"@id\":\"https:\/\/tugraztestweb.asol.at\/gesamtverzeichnis\/bauingenieurwissenschaften\/baustatik\/#breadcrumb\"},\"inLanguage\":\"en-US\",\"potentialAction\":[{\"@type\":\"ReadAction\",\"target\":[\"https:\/\/tugraztestweb.asol.at\/gesamtverzeichnis\/bauingenieurwissenschaften\/baustatik\/\"]}]},{\"@type\":\"BreadcrumbList\",\"@id\":\"https:\/\/tugraztestweb.asol.at\/gesamtverzeichnis\/bauingenieurwissenschaften\/baustatik\/#breadcrumb\",\"itemListElement\":[{\"@type\":\"ListItem\",\"position\":1,\"item\":{\"@type\":\"WebPage\",\"@id\":\"https:\/\/tugraztestweb.asol.at\/\",\"url\":\"https:\/\/tugraztestweb.asol.at\/\",\"name\":\"Home\"}},{\"@type\":\"ListItem\",\"position\":2,\"item\":{\"@type\":\"WebPage\",\"@id\":\"https:\/\/tugraztestweb.asol.at\/gesamtverzeichnis\/\",\"url\":\"https:\/\/tugraztestweb.asol.at\/gesamtverzeichnis\/\",\"name\":\"Gesamtverzeichnis\"}},{\"@type\":\"ListItem\",\"position\":3,\"item\":{\"@type\":\"WebPage\",\"@id\":\"https:\/\/tugraztestweb.asol.at\/gesamtverzeichnis\/bauingenieurwissenschaften\/baustatik\/\",\"url\":\"https:\/\/tugraztestweb.asol.at\/gesamtverzeichnis\/bauingenieurwissenschaften\/baustatik\/\",\"name\":\"Baustatik\"}}]}]}<\/script>\n<!-- \/ Yoast SEO plugin. -->","_links":{"self":[{"href":"https:\/\/tugraztestweb.asol.at\/en\/wp-json\/wp\/v2\/product\/29701"}],"collection":[{"href":"https:\/\/tugraztestweb.asol.at\/en\/wp-json\/wp\/v2\/product"}],"about":[{"href":"https:\/\/tugraztestweb.asol.at\/en\/wp-json\/wp\/v2\/types\/product"}],"replies":[{"embeddable":true,"href":"https:\/\/tugraztestweb.asol.at\/en\/wp-json\/wp\/v2\/comments?post=29701"}],"wp:featuredmedia":[{"embeddable":true,"href":"https:\/\/tugraztestweb.asol.at\/en\/wp-json\/wp\/v2\/media\/39627"}],"wp:attachment":[{"href":"https:\/\/tugraztestweb.asol.at\/en\/wp-json\/wp\/v2\/media?parent=29701"}],"curies":[{"name":"wp","href":"https:\/\/api.w.org\/{rel}","templated":true}]}}