{"id":29707,"date":"2020-08-21T12:53:43","date_gmt":"2020-08-21T12:53:43","guid":{"rendered":"http:\/\/tugraztestweb.asol.at\/gesamtverzeichnis\/unkategorisiert\/beschaffung-kundenspezifischer-produktionsgueter\/"},"modified":"2020-08-21T14:54:43","modified_gmt":"2020-08-21T12:54:43","slug":"beschaffung-kundenspezifischer-produktionsgueter","status":"publish","type":"product","link":"https:\/\/tugraztestweb.asol.at\/en\/gesamtverzeichnis\/maschinenbau-und-wirtschaftswissenschaften\/beschaffung-kundenspezifischer-produktionsgueter\/","title":{"rendered":"Beschaffung kundenspezifischer Produktionsg\u00fcter"},"content":{"rendered":"<p class=\"qtranxs-available-languages-message qtranxs-available-languages-message-en\">Sorry, this entry is only available in <a href=\"https:\/\/tugraztestweb.asol.at\/de\/wp-json\/wp\/v2\/product\/29707\" class=\"qtranxs-available-language-link qtranxs-available-language-link-de\" title=\"Deutsch\">Deutsch<\/a>.<\/p><p>Durch die zunehmende Verlagerung von Teilen der Wertsch\u00f6pfung aus Produktionsunternehmen auf die jeweiligen Beschaffungsm\u00e4rkte gewinnt die innerbetriebliche Funktion Beschaffung wesentlich an Bedeutung. Besonders Hersteller technologieintensiver Produkte sind durch eine immer schwerer beherrschbare Komplexit\u00e4t der verk\u00fcrzten Produkt- und Technologielebenszyklen davon betroffen. Steigende technologische Anforderungen weisen gerade der Beschaffung eine wichtige Vermittlerrolle zwischen unternehmensinternen Bedarfstr\u00e4gern und dem Beschaffungsmarkt zu.<br \/>\nAlexander Marchner untersucht die Funktion der Beschaffung unter dem Gesichtspunkt kundenspezifischer Produktionsg\u00fcter, wie sie beispielsweise in der Automobil- und Luftfahrtindustrie vielfach g\u00e4ngig sind. Die Analyse und Optimierung der Beziehungsgestaltung des beschaffenden Unternehmens zu seinen Lieferanten, aber auch die interne Zusammenarbeit der Beschaffung mit Forschung &#038; Entwicklung bilden den Schwerpunkt des Buches, ein Ma\u00dfnahmenkatalog zur Verbesserung der betriebsinternen Kooperation wird vorgestellt. Der wichtigen Rolle des Immaterialg\u00fcterrechts im technologischen Bereich wird durch die Behandlung ausgew\u00e4hlter Aspekte Rechnung getragen, Auswirkungen auf Wertsch\u00f6pfungsketten werden praxisbezogen dargestellt.<\/p>","protected":false},"excerpt":{"rendered":"<p class=\"qtranxs-available-languages-message qtranxs-available-languages-message-en\">Sorry, this entry is only available in <a href=\"https:\/\/tugraztestweb.asol.at\/de\/wp-json\/wp\/v2\/product\/29707\" class=\"qtranxs-available-language-link qtranxs-available-language-link-de\" title=\"Deutsch\">Deutsch<\/a>.<\/p>\n<p>Durch die zunehmende Verlagerung von Teilen der Wertsch\u00f6pfung aus Produktionsunternehmen auf die jeweiligen Beschaffungsm\u00e4rkte gewinnt die innerbetriebliche Funktion Beschaffung wesentlich an Bedeutung. Besonders Hersteller technologieintensiver Produkte sind durch eine immer schwerer beherrschbare Komplexit\u00e4t der verk\u00fcrzten Produkt- und Technologielebenszyklen davon betroffen. Steigende technologische Anforderungen weisen gerade der Beschaffung eine wichtige Vermittlerrolle zwischen unternehmensinternen Bedarfstr\u00e4gern und dem Beschaffungsmarkt zu.<br \/>\nAlexander Marchner untersucht die Funktion der Beschaffung unter dem Gesichtspunkt kundenspezifischer Produktionsg\u00fcter, wie sie beispielsweise in der Automobil- und Luftfahrtindustrie vielfach g\u00e4ngig sind. Die Analyse und Optimierung der Beziehungsgestaltung des beschaffenden Unternehmens zu seinen Lieferanten, aber auch die interne Zusammenarbeit der Beschaffung mit Forschung &#038; Entwicklung bilden den Schwerpunkt des Buches, ein Ma\u00dfnahmenkatalog zur Verbesserung der betriebsinternen Kooperation wird vorgestellt. Der wichtigen Rolle des Immaterialg\u00fcterrechts im technologischen Bereich wird durch die Behandlung ausgew\u00e4hlter Aspekte Rechnung getragen, Auswirkungen auf Wertsch\u00f6pfungsketten werden praxisbezogen dargestellt.<\/p>\n","protected":false},"featured_media":39629,"comment_status":"open","ping_status":"closed","template":"","meta":[],"yoast_head":"<!-- This site is optimized with the Yoast SEO plugin v16.1.1 - https:\/\/yoast.com\/wordpress\/plugins\/seo\/ -->\n<link rel=\"canonical\" href=\"https:\/\/tugraztestweb.asol.at\/en\/gesamtverzeichnis\/maschinenbau-und-wirtschaftswissenschaften\/beschaffung-kundenspezifischer-produktionsgueter\/\" \/>\n<meta property=\"og:locale\" content=\"en_US\" \/>\n<meta property=\"og:type\" content=\"article\" \/>\n<meta property=\"og:title\" content=\"Beschaffung kundenspezifischer Produktionsg\u00fcter - Verlag der TU Graz\" \/>\n<meta property=\"og:description\" content=\"Durch die zunehmende Verlagerung von Teilen der Wertsch\u00f6pfung aus Produktionsunternehmen auf die jeweiligen Beschaffungsm\u00e4rkte gewinnt die innerbetriebliche Funktion Beschaffung wesentlich an Bedeutung. Besonders Hersteller technologieintensiver Produkte sind durch eine immer schwerer beherrschbare Komplexit\u00e4t der verk\u00fcrzten Produkt- und Technologielebenszyklen davon betroffen. Steigende technologische Anforderungen weisen gerade der Beschaffung eine wichtige Vermittlerrolle zwischen unternehmensinternen Bedarfstr\u00e4gern und dem Beschaffungsmarkt zu. Alexander Marchner untersucht die Funktion der Beschaffung unter dem Gesichtspunkt kundenspezifischer Produktionsg\u00fcter, wie sie beispielsweise in der Automobil- und Luftfahrtindustrie vielfach g\u00e4ngig sind. Die Analyse und Optimierung der Beziehungsgestaltung des beschaffenden Unternehmens zu seinen Lieferanten, aber auch die interne Zusammenarbeit der Beschaffung mit Forschung &amp; Entwicklung bilden den Schwerpunkt des Buches, ein Ma\u00dfnahmenkatalog zur Verbesserung der betriebsinternen Kooperation wird vorgestellt. Der wichtigen Rolle des Immaterialg\u00fcterrechts im technologischen Bereich wird durch die Behandlung ausgew\u00e4hlter Aspekte Rechnung getragen, Auswirkungen auf Wertsch\u00f6pfungsketten werden praxisbezogen dargestellt.\" \/>\n<meta property=\"og:url\" content=\"https:\/\/tugraztestweb.asol.at\/en\/gesamtverzeichnis\/maschinenbau-und-wirtschaftswissenschaften\/beschaffung-kundenspezifischer-produktionsgueter\/\" \/>\n<meta property=\"og:site_name\" content=\"Verlag der TU Graz\" \/>\n<meta property=\"article:modified_time\" content=\"2020-08-21T12:54:43+00:00\" \/>\n<meta property=\"og:image\" content=\"https:\/\/tugraztestweb.asol.at\/wp-content\/uploads\/2020\/08\/image-978-3-85125-031-2.jpg\" \/>\n\t<meta property=\"og:image:width\" content=\"432\" \/>\n\t<meta property=\"og:image:height\" content=\"635\" \/>\n<meta name=\"twitter:card\" content=\"summary_large_image\" \/>\n<meta name=\"twitter:label1\" content=\"Est. reading time\">\n\t<meta name=\"twitter:data1\" content=\"1 minute\">\n<script type=\"application\/ld+json\" class=\"yoast-schema-graph\">{\"@context\":\"https:\/\/schema.org\",\"@graph\":[{\"@type\":\"WebSite\",\"@id\":\"https:\/\/tugraztestweb.asol.at\/#website\",\"url\":\"https:\/\/tugraztestweb.asol.at\/\",\"name\":\"Verlag der TU Graz\",\"description\":\"Verlag der Technischen Universit\\u00e4t Graz\",\"potentialAction\":[{\"@type\":\"SearchAction\",\"target\":\"https:\/\/tugraztestweb.asol.at\/?s={search_term_string}\",\"query-input\":\"required name=search_term_string\"}],\"inLanguage\":\"en-US\"},{\"@type\":\"ImageObject\",\"@id\":\"https:\/\/tugraztestweb.asol.at\/en\/gesamtverzeichnis\/maschinenbau-und-wirtschaftswissenschaften\/beschaffung-kundenspezifischer-produktionsgueter\/#primaryimage\",\"inLanguage\":\"en-US\",\"url\":\"https:\/\/tugraztestweb.asol.at\/wp-content\/uploads\/2020\/08\/image-978-3-85125-031-2.jpg\",\"contentUrl\":\"https:\/\/tugraztestweb.asol.at\/wp-content\/uploads\/2020\/08\/image-978-3-85125-031-2.jpg\",\"width\":432,\"height\":635},{\"@type\":\"WebPage\",\"@id\":\"https:\/\/tugraztestweb.asol.at\/en\/gesamtverzeichnis\/maschinenbau-und-wirtschaftswissenschaften\/beschaffung-kundenspezifischer-produktionsgueter\/#webpage\",\"url\":\"https:\/\/tugraztestweb.asol.at\/en\/gesamtverzeichnis\/maschinenbau-und-wirtschaftswissenschaften\/beschaffung-kundenspezifischer-produktionsgueter\/\",\"name\":\"Beschaffung kundenspezifischer Produktionsg\\u00fcter - Verlag der TU Graz\",\"isPartOf\":{\"@id\":\"https:\/\/tugraztestweb.asol.at\/#website\"},\"primaryImageOfPage\":{\"@id\":\"https:\/\/tugraztestweb.asol.at\/en\/gesamtverzeichnis\/maschinenbau-und-wirtschaftswissenschaften\/beschaffung-kundenspezifischer-produktionsgueter\/#primaryimage\"},\"datePublished\":\"2020-08-21T12:53:43+00:00\",\"dateModified\":\"2020-08-21T12:54:43+00:00\",\"breadcrumb\":{\"@id\":\"https:\/\/tugraztestweb.asol.at\/en\/gesamtverzeichnis\/maschinenbau-und-wirtschaftswissenschaften\/beschaffung-kundenspezifischer-produktionsgueter\/#breadcrumb\"},\"inLanguage\":\"en-US\",\"potentialAction\":[{\"@type\":\"ReadAction\",\"target\":[\"https:\/\/tugraztestweb.asol.at\/en\/gesamtverzeichnis\/maschinenbau-und-wirtschaftswissenschaften\/beschaffung-kundenspezifischer-produktionsgueter\/\"]}]},{\"@type\":\"BreadcrumbList\",\"@id\":\"https:\/\/tugraztestweb.asol.at\/en\/gesamtverzeichnis\/maschinenbau-und-wirtschaftswissenschaften\/beschaffung-kundenspezifischer-produktionsgueter\/#breadcrumb\",\"itemListElement\":[{\"@type\":\"ListItem\",\"position\":1,\"item\":{\"@type\":\"WebPage\",\"@id\":\"https:\/\/tugraztestweb.asol.at\/\",\"url\":\"https:\/\/tugraztestweb.asol.at\/\",\"name\":\"Home\"}},{\"@type\":\"ListItem\",\"position\":2,\"item\":{\"@type\":\"WebPage\",\"@id\":\"https:\/\/tugraztestweb.asol.at\/gesamtverzeichnis\/\",\"url\":\"https:\/\/tugraztestweb.asol.at\/gesamtverzeichnis\/\",\"name\":\"Gesamtverzeichnis\"}},{\"@type\":\"ListItem\",\"position\":3,\"item\":{\"@type\":\"WebPage\",\"@id\":\"https:\/\/tugraztestweb.asol.at\/en\/gesamtverzeichnis\/maschinenbau-und-wirtschaftswissenschaften\/beschaffung-kundenspezifischer-produktionsgueter\/\",\"url\":\"https:\/\/tugraztestweb.asol.at\/en\/gesamtverzeichnis\/maschinenbau-und-wirtschaftswissenschaften\/beschaffung-kundenspezifischer-produktionsgueter\/\",\"name\":\"Beschaffung kundenspezifischer Produktionsg\\u00fcter\"}}]}]}<\/script>\n<!-- \/ Yoast SEO plugin. -->","_links":{"self":[{"href":"https:\/\/tugraztestweb.asol.at\/en\/wp-json\/wp\/v2\/product\/29707"}],"collection":[{"href":"https:\/\/tugraztestweb.asol.at\/en\/wp-json\/wp\/v2\/product"}],"about":[{"href":"https:\/\/tugraztestweb.asol.at\/en\/wp-json\/wp\/v2\/types\/product"}],"replies":[{"embeddable":true,"href":"https:\/\/tugraztestweb.asol.at\/en\/wp-json\/wp\/v2\/comments?post=29707"}],"wp:featuredmedia":[{"embeddable":true,"href":"https:\/\/tugraztestweb.asol.at\/en\/wp-json\/wp\/v2\/media\/39629"}],"wp:attachment":[{"href":"https:\/\/tugraztestweb.asol.at\/en\/wp-json\/wp\/v2\/media?parent=29707"}],"curies":[{"name":"wp","href":"https:\/\/api.w.org\/{rel}","templated":true}]}}