{"id":29712,"date":"2020-08-21T12:53:43","date_gmt":"2020-08-21T12:53:43","guid":{"rendered":"http:\/\/tugraztestweb.asol.at\/gesamtverzeichnis\/unkategorisiert\/beyond-budgeting-in-technologieorientierten-unternehmungen\/"},"modified":"2020-08-21T14:54:43","modified_gmt":"2020-08-21T12:54:43","slug":"beyond-budgeting-in-technologieorientierten-unternehmungen","status":"publish","type":"product","link":"https:\/\/tugraztestweb.asol.at\/en\/gesamtverzeichnis\/maschinenbau-und-wirtschaftswissenschaften\/beyond-budgeting-in-technologieorientierten-unternehmungen\/","title":{"rendered":"Beyond Budgeting in technologieorientierten Unternehmungen"},"content":{"rendered":"<p class=\"qtranxs-available-languages-message qtranxs-available-languages-message-en\">Sorry, this entry is only available in <a href=\"https:\/\/tugraztestweb.asol.at\/de\/wp-json\/wp\/v2\/product\/29712\" class=\"qtranxs-available-language-link qtranxs-available-language-link-de\" title=\"Deutsch\">Deutsch<\/a>.<\/p><p>In einem hoch dynamischen, komplexen und von Diskontinuit\u00e4ten gepr\u00e4gten Umfeld werden nur jene Unternehmungen erfolgreich sein, die ihre Ressourcen effizient und effektiv einsetzen und m\u00f6glichst schnell auf sich anbahnende Ver\u00e4nderungen reagieren k\u00f6nnen. Diese externen Einfl\u00fcsse und eine zunehmende Differenziertheit und Komplexit\u00e4t in der Entwicklung der unternehmensinternen Strukturen stellen Unternehmen vor immer neue Herausforderungen und zwingen Management und Controlling, ihre betriebswirtschaftlichen F\u00fchrungs- und Steuerungskonzepte entsprechend anzupassen, weiterzuentwickeln und wenn notwendig neu zu \u00fc-berdenken.<br \/>\nUnter Ber\u00fccksichtigung dieser Gegebenheiten besch\u00e4ftigt sich Christian Theuermann mit dem Beyond Budgeting-Managementmodell f\u00fcr technologieorientierte Unternehmungen. Das Konzept des Beyond Budgeting er\u00f6ffnet neue M\u00f6glichkeiten und Chancen in der nachhaltigen Steuerung und F\u00fchrung von Technologieunternehmungen und stellt eine, den heutigen Anforderungen besser gerecht werdende, Alternative zur klassischen budgetfokussierten Unternehmungsf\u00fchrung und -steuerung dar. Den inhaltlichen Schwerpunkt dieses Buches bildet das entwickelte Hybride Beyond Budgeting-Managementmodell (HBBM), welches unter anderem den Leadership-Aspekt, eine leistungsorientierte Unternehmungskultur sowie das Strategic Issues-Management in das Zentrum einer zukunftsf\u00e4higen Unternehmungsf\u00fchrung und -steuerung r\u00fcckt.<\/p>","protected":false},"excerpt":{"rendered":"<p class=\"qtranxs-available-languages-message qtranxs-available-languages-message-en\">Sorry, this entry is only available in <a href=\"https:\/\/tugraztestweb.asol.at\/de\/wp-json\/wp\/v2\/product\/29712\" class=\"qtranxs-available-language-link qtranxs-available-language-link-de\" title=\"Deutsch\">Deutsch<\/a>.<\/p>\n<p>In einem hoch dynamischen, komplexen und von Diskontinuit\u00e4ten gepr\u00e4gten Umfeld werden nur jene Unternehmungen erfolgreich sein, die ihre Ressourcen effizient und effektiv einsetzen und m\u00f6glichst schnell auf sich anbahnende Ver\u00e4nderungen reagieren k\u00f6nnen. Diese externen Einfl\u00fcsse und eine zunehmende Differenziertheit und Komplexit\u00e4t in der Entwicklung der unternehmensinternen Strukturen stellen Unternehmen vor immer neue Herausforderungen und zwingen Management und Controlling, ihre betriebswirtschaftlichen F\u00fchrungs- und Steuerungskonzepte entsprechend anzupassen, weiterzuentwickeln und wenn notwendig neu zu \u00fc-berdenken.<br \/>\nUnter Ber\u00fccksichtigung dieser Gegebenheiten besch\u00e4ftigt sich Christian Theuermann mit dem Beyond Budgeting-Managementmodell f\u00fcr technologieorientierte Unternehmungen. Das Konzept des Beyond Budgeting er\u00f6ffnet neue M\u00f6glichkeiten und Chancen in der nachhaltigen Steuerung und F\u00fchrung von Technologieunternehmungen und stellt eine, den heutigen Anforderungen besser gerecht werdende, Alternative zur klassischen budgetfokussierten Unternehmungsf\u00fchrung und -steuerung dar. Den inhaltlichen Schwerpunkt dieses Buches bildet das entwickelte Hybride Beyond Budgeting-Managementmodell (HBBM), welches unter anderem den Leadership-Aspekt, eine leistungsorientierte Unternehmungskultur sowie das Strategic Issues-Management in das Zentrum einer zukunftsf\u00e4higen Unternehmungsf\u00fchrung und -steuerung r\u00fcckt.<\/p>\n","protected":false},"featured_media":39632,"comment_status":"open","ping_status":"closed","template":"","meta":[],"yoast_head":"<!-- This site is optimized with the Yoast SEO plugin v16.1.1 - https:\/\/yoast.com\/wordpress\/plugins\/seo\/ -->\n<link rel=\"canonical\" href=\"https:\/\/tugraztestweb.asol.at\/gesamtverzeichnis\/maschinenbau-und-wirtschaftswissenschaften\/beyond-budgeting-in-technologieorientierten-unternehmungen\/\" \/>\n<meta property=\"og:locale\" content=\"en_US\" \/>\n<meta property=\"og:type\" content=\"article\" \/>\n<meta property=\"og:title\" content=\"Beyond Budgeting in technologieorientierten Unternehmungen - Verlag der TU Graz\" \/>\n<meta property=\"og:description\" content=\"In einem hoch dynamischen, komplexen und von Diskontinuit\u00e4ten gepr\u00e4gten Umfeld werden nur jene Unternehmungen erfolgreich sein, die ihre Ressourcen effizient und effektiv einsetzen und m\u00f6glichst schnell auf sich anbahnende Ver\u00e4nderungen reagieren k\u00f6nnen. Diese externen Einfl\u00fcsse und eine zunehmende Differenziertheit und Komplexit\u00e4t in der Entwicklung der unternehmensinternen Strukturen stellen Unternehmen vor immer neue Herausforderungen und zwingen Management und Controlling, ihre betriebswirtschaftlichen F\u00fchrungs- und Steuerungskonzepte entsprechend anzupassen, weiterzuentwickeln und wenn notwendig neu zu \u00fc-berdenken. Unter Ber\u00fccksichtigung dieser Gegebenheiten besch\u00e4ftigt sich Christian Theuermann mit dem Beyond Budgeting-Managementmodell f\u00fcr technologieorientierte Unternehmungen. Das Konzept des Beyond Budgeting er\u00f6ffnet neue M\u00f6glichkeiten und Chancen in der nachhaltigen Steuerung und F\u00fchrung von Technologieunternehmungen und stellt eine, den heutigen Anforderungen besser gerecht werdende, Alternative zur klassischen budgetfokussierten Unternehmungsf\u00fchrung und -steuerung dar. Den inhaltlichen Schwerpunkt dieses Buches bildet das entwickelte Hybride Beyond Budgeting-Managementmodell (HBBM), welches unter anderem den Leadership-Aspekt, eine leistungsorientierte Unternehmungskultur sowie das Strategic Issues-Management in das Zentrum einer zukunftsf\u00e4higen Unternehmungsf\u00fchrung und -steuerung r\u00fcckt.\" \/>\n<meta property=\"og:url\" content=\"https:\/\/tugraztestweb.asol.at\/gesamtverzeichnis\/maschinenbau-und-wirtschaftswissenschaften\/beyond-budgeting-in-technologieorientierten-unternehmungen\/\" \/>\n<meta property=\"og:site_name\" content=\"Verlag der TU Graz\" \/>\n<meta property=\"article:modified_time\" content=\"2020-08-21T12:54:43+00:00\" \/>\n<meta property=\"og:image\" content=\"https:\/\/tugraztestweb.asol.at\/wp-content\/uploads\/2020\/08\/image-978-3-902465-49-8.jpg\" \/>\n\t<meta property=\"og:image:width\" content=\"150\" \/>\n\t<meta property=\"og:image:height\" content=\"216\" \/>\n<meta name=\"twitter:card\" content=\"summary_large_image\" \/>\n<meta name=\"twitter:label1\" content=\"Est. reading time\">\n\t<meta name=\"twitter:data1\" content=\"1 minute\">\n<script type=\"application\/ld+json\" class=\"yoast-schema-graph\">{\"@context\":\"https:\/\/schema.org\",\"@graph\":[{\"@type\":\"WebSite\",\"@id\":\"https:\/\/tugraztestweb.asol.at\/#website\",\"url\":\"https:\/\/tugraztestweb.asol.at\/\",\"name\":\"Verlag der TU Graz\",\"description\":\"Verlag der Technischen Universit\\u00e4t Graz\",\"potentialAction\":[{\"@type\":\"SearchAction\",\"target\":\"https:\/\/tugraztestweb.asol.at\/?s={search_term_string}\",\"query-input\":\"required name=search_term_string\"}],\"inLanguage\":\"en-US\"},{\"@type\":\"ImageObject\",\"@id\":\"https:\/\/tugraztestweb.asol.at\/gesamtverzeichnis\/maschinenbau-und-wirtschaftswissenschaften\/beyond-budgeting-in-technologieorientierten-unternehmungen\/#primaryimage\",\"inLanguage\":\"en-US\",\"url\":\"https:\/\/tugraztestweb.asol.at\/wp-content\/uploads\/2020\/08\/image-978-3-902465-49-8.jpg\",\"contentUrl\":\"https:\/\/tugraztestweb.asol.at\/wp-content\/uploads\/2020\/08\/image-978-3-902465-49-8.jpg\",\"width\":150,\"height\":216},{\"@type\":\"WebPage\",\"@id\":\"https:\/\/tugraztestweb.asol.at\/gesamtverzeichnis\/maschinenbau-und-wirtschaftswissenschaften\/beyond-budgeting-in-technologieorientierten-unternehmungen\/#webpage\",\"url\":\"https:\/\/tugraztestweb.asol.at\/gesamtverzeichnis\/maschinenbau-und-wirtschaftswissenschaften\/beyond-budgeting-in-technologieorientierten-unternehmungen\/\",\"name\":\"Beyond Budgeting in technologieorientierten Unternehmungen - Verlag der TU Graz\",\"isPartOf\":{\"@id\":\"https:\/\/tugraztestweb.asol.at\/#website\"},\"primaryImageOfPage\":{\"@id\":\"https:\/\/tugraztestweb.asol.at\/gesamtverzeichnis\/maschinenbau-und-wirtschaftswissenschaften\/beyond-budgeting-in-technologieorientierten-unternehmungen\/#primaryimage\"},\"datePublished\":\"2020-08-21T12:53:43+00:00\",\"dateModified\":\"2020-08-21T12:54:43+00:00\",\"breadcrumb\":{\"@id\":\"https:\/\/tugraztestweb.asol.at\/gesamtverzeichnis\/maschinenbau-und-wirtschaftswissenschaften\/beyond-budgeting-in-technologieorientierten-unternehmungen\/#breadcrumb\"},\"inLanguage\":\"en-US\",\"potentialAction\":[{\"@type\":\"ReadAction\",\"target\":[\"https:\/\/tugraztestweb.asol.at\/gesamtverzeichnis\/maschinenbau-und-wirtschaftswissenschaften\/beyond-budgeting-in-technologieorientierten-unternehmungen\/\"]}]},{\"@type\":\"BreadcrumbList\",\"@id\":\"https:\/\/tugraztestweb.asol.at\/gesamtverzeichnis\/maschinenbau-und-wirtschaftswissenschaften\/beyond-budgeting-in-technologieorientierten-unternehmungen\/#breadcrumb\",\"itemListElement\":[{\"@type\":\"ListItem\",\"position\":1,\"item\":{\"@type\":\"WebPage\",\"@id\":\"https:\/\/tugraztestweb.asol.at\/\",\"url\":\"https:\/\/tugraztestweb.asol.at\/\",\"name\":\"Home\"}},{\"@type\":\"ListItem\",\"position\":2,\"item\":{\"@type\":\"WebPage\",\"@id\":\"https:\/\/tugraztestweb.asol.at\/gesamtverzeichnis\/\",\"url\":\"https:\/\/tugraztestweb.asol.at\/gesamtverzeichnis\/\",\"name\":\"Gesamtverzeichnis\"}},{\"@type\":\"ListItem\",\"position\":3,\"item\":{\"@type\":\"WebPage\",\"@id\":\"https:\/\/tugraztestweb.asol.at\/gesamtverzeichnis\/maschinenbau-und-wirtschaftswissenschaften\/beyond-budgeting-in-technologieorientierten-unternehmungen\/\",\"url\":\"https:\/\/tugraztestweb.asol.at\/gesamtverzeichnis\/maschinenbau-und-wirtschaftswissenschaften\/beyond-budgeting-in-technologieorientierten-unternehmungen\/\",\"name\":\"Beyond Budgeting in technologieorientierten Unternehmungen\"}}]}]}<\/script>\n<!-- \/ Yoast SEO plugin. -->","_links":{"self":[{"href":"https:\/\/tugraztestweb.asol.at\/en\/wp-json\/wp\/v2\/product\/29712"}],"collection":[{"href":"https:\/\/tugraztestweb.asol.at\/en\/wp-json\/wp\/v2\/product"}],"about":[{"href":"https:\/\/tugraztestweb.asol.at\/en\/wp-json\/wp\/v2\/types\/product"}],"replies":[{"embeddable":true,"href":"https:\/\/tugraztestweb.asol.at\/en\/wp-json\/wp\/v2\/comments?post=29712"}],"wp:featuredmedia":[{"embeddable":true,"href":"https:\/\/tugraztestweb.asol.at\/en\/wp-json\/wp\/v2\/media\/39632"}],"wp:attachment":[{"href":"https:\/\/tugraztestweb.asol.at\/en\/wp-json\/wp\/v2\/media?parent=29712"}],"curies":[{"name":"wp","href":"https:\/\/api.w.org\/{rel}","templated":true}]}}