{"id":29721,"date":"2020-08-21T12:53:43","date_gmt":"2020-08-21T12:53:43","guid":{"rendered":"http:\/\/tugraztestweb.asol.at\/gesamtverzeichnis\/unkategorisiert\/bsphandbuch-holz-massivbauweise-in-brettsperrholz\/"},"modified":"2020-08-21T14:54:43","modified_gmt":"2020-08-21T12:54:43","slug":"bsphandbuch-holz-massivbauweise-in-brettsperrholz","status":"publish","type":"product","link":"https:\/\/tugraztestweb.asol.at\/en\/gesamtverzeichnis\/bauingenieurwissenschaften\/bsphandbuch-holz-massivbauweise-in-brettsperrholz\/","title":{"rendered":"BSPhandbuch, Holz- Massivbauweise in Brettsperrholz"},"content":{"rendered":"<p class=\"qtranxs-available-languages-message qtranxs-available-languages-message-en\">Sorry, this entry is only available in <a href=\"https:\/\/tugraztestweb.asol.at\/de\/wp-json\/wp\/v2\/product\/29721\" class=\"qtranxs-available-language-link qtranxs-available-language-link-de\" title=\"Deutsch\">Deutsch<\/a>.<\/p><p>Vorwort <\/p>\n<p>Mehrfach angesprochen, ob das vorliegende BSPhandbuch wohl auch tats\u00e4chlich noch ein Handbuch im Sinne des Wortes sei, kann erw\u00e4hnt werden, dass unter einem Handbuch gem\u00e4\u00df Definition \u201eeine geordnete Zusammenstellung eines Ausschnitts des menschlichen Wissens\u201c verstanden wird, welches \u201eals Nachschlagwerk\u201c aber auch als Lehrbuch respektive Skriptum aufgefasst werden kann und durch eine systematische inhaltliche Gliederung gekennzeichnet ist. Weiters ist ein Handbuch dadurch gekennzeichnet, dass gew\u00f6hnlich eine Autorenschaft den Inhalt verantwortet. Unter \u201eHandbuch\u201c ist somit nicht ein Buch im handlichen \u201eTaschenformat\u201c gemeint, sondern ein eher umfassendes Werk zu einem Themenfeld. <\/p>\n<p>Die Motivation zum vorliegenden BSPhandbuch \u2013 ebenfalls nicht im \u201eTaschenformat\u201c \u2013 ist mit dem Ziel verbunden, den Stand der Entwicklung zur sogenannten Holz-Massivbauweise in Brettsperrholz darzulegen und somit dem interessierten Fachpublikum n\u00e4her zu bringen. Trotz des Bem\u00fchens der 15 Autoren um Abdeckung eines gro\u00dfen Bereits des Themenfeldes in Breite und Tiefe werden mit Sicherheit \u201ewei\u00dfe Felder\u201c verbleiben. Es ist ein weiterer Schritt in Richtung Transfer f\u00fcr Ingenieure und Architekten, welcher mit dem Bem\u00fchen verbunden ist, einen gr\u00f6\u00dftm\u00f6glichen Ausschnitt aus dem Stand der Forschung und Entwicklung darzulegen. <\/p>\n<p>Gemeinsam mit dem Kompetenzzentrum, der holz.bau forschungs gmbh, arbeitet das Institut f\u00fcr Holzbau und Holztechnologie der Technischen Universit\u00e4t Graz seit nunmehr fast 20 Jahren im Themenfeld der Holz-Massivbauweise in Brettsperrholz und war somit von Beginn an federf\u00fchrend sowohl auf wissenschaftlicher Ebene als auch im Entwicklungsbereich t\u00e4tig. <\/p>\n<p>Die dynamische Entwicklung der Holz-Masivbauweise in Brettsperrholz verbunden mit der ungebrochenen \u2013 eher steigenden \u2013 Nachfrage nach dem vorliegenden BSPhandbuch veranlasst die Herausgeber zum Druck dieser 2. Auflage. Diese beinhaltet geringf\u00fcgige Anpassungen basierend auf breit abgesicherten und intern diskutierten Forschungsergebnissen \u2013 siehe z.B. Kapitel 5 \u201eBrandverhalten von Brettsperrholzplatten\u201c. <\/p>\n<p><\/p>","protected":false},"excerpt":{"rendered":"<p class=\"qtranxs-available-languages-message qtranxs-available-languages-message-en\">Sorry, this entry is only available in <a href=\"https:\/\/tugraztestweb.asol.at\/de\/wp-json\/wp\/v2\/product\/29721\" class=\"qtranxs-available-language-link qtranxs-available-language-link-de\" title=\"Deutsch\">Deutsch<\/a>.<\/p>\n<p>Vorwort <\/p>\n<p>Mehrfach angesprochen, ob das vorliegende BSPhandbuch wohl auch tats\u00e4chlich noch ein Handbuch im Sinne des Wortes sei, kann erw\u00e4hnt werden, dass unter einem Handbuch gem\u00e4\u00df Definition \u201eeine geordnete Zusammenstellung eines Ausschnitts des menschlichen Wissens\u201c verstanden wird, welches \u201eals Nachschlagwerk\u201c aber auch als Lehrbuch respektive Skriptum aufgefasst werden kann und durch eine systematische inhaltliche Gliederung gekennzeichnet ist. Weiters ist ein Handbuch dadurch gekennzeichnet, dass gew\u00f6hnlich eine Autorenschaft den Inhalt verantwortet. Unter \u201eHandbuch\u201c ist somit nicht ein Buch im handlichen \u201eTaschenformat\u201c gemeint, sondern ein eher umfassendes Werk zu einem Themenfeld. <\/p>\n<p>Die Motivation zum vorliegenden BSPhandbuch \u2013 ebenfalls nicht im \u201eTaschenformat\u201c \u2013 ist mit dem Ziel verbunden, den Stand der Entwicklung zur sogenannten Holz-Massivbauweise in Brettsperrholz darzulegen und somit dem interessierten Fachpublikum n\u00e4her zu bringen. Trotz des Bem\u00fchens der 15 Autoren um Abdeckung eines gro\u00dfen Bereits des Themenfeldes in Breite und Tiefe werden mit Sicherheit \u201ewei\u00dfe Felder\u201c verbleiben. Es ist ein weiterer Schritt in Richtung Transfer f\u00fcr Ingenieure und Architekten, welcher mit dem Bem\u00fchen verbunden ist, einen gr\u00f6\u00dftm\u00f6glichen Ausschnitt aus dem Stand der Forschung und Entwicklung darzulegen. <\/p>\n<p>Gemeinsam mit dem Kompetenzzentrum, der holz.bau forschungs gmbh, arbeitet das Institut f\u00fcr Holzbau und Holztechnologie der Technischen Universit\u00e4t Graz seit nunmehr fast 20 Jahren im Themenfeld der Holz-Massivbauweise in Brettsperrholz und war somit von Beginn an federf\u00fchrend sowohl auf wissenschaftlicher Ebene als auch im Entwicklungsbereich t\u00e4tig. <\/p>\n<p>Die dynamische Entwicklung der Holz-Masivbauweise in Brettsperrholz verbunden mit der ungebrochenen \u2013 eher steigenden \u2013 Nachfrage nach dem vorliegenden BSPhandbuch veranlasst die Herausgeber zum Druck dieser 2. Auflage. Diese beinhaltet geringf\u00fcgige Anpassungen basierend auf breit abgesicherten und intern diskutierten Forschungsergebnissen \u2013 siehe z.B. Kapitel 5 \u201eBrandverhalten von Brettsperrholzplatten\u201c. <\/p>\n","protected":false},"featured_media":39576,"comment_status":"open","ping_status":"closed","template":"","meta":[],"yoast_head":"<!-- This site is optimized with the Yoast SEO plugin v16.1.1 - https:\/\/yoast.com\/wordpress\/plugins\/seo\/ -->\n<link rel=\"canonical\" href=\"https:\/\/tugraztestweb.asol.at\/gesamtverzeichnis\/bauingenieurwissenschaften\/bsphandbuch-holz-massivbauweise-in-brettsperrholz\/\" \/>\n<meta property=\"og:locale\" content=\"en_US\" \/>\n<meta property=\"og:type\" content=\"article\" \/>\n<meta property=\"og:title\" content=\"BSPhandbuch, Holz- Massivbauweise in Brettsperrholz - Verlag der TU Graz\" \/>\n<meta property=\"og:description\" content=\"Vorwort Mehrfach angesprochen, ob das vorliegende BSPhandbuch wohl auch tats\u00e4chlich noch ein Handbuch im Sinne des Wortes sei, kann erw\u00e4hnt werden, dass unter einem Handbuch gem\u00e4\u00df Definition \u201eeine geordnete Zusammenstellung eines Ausschnitts des menschlichen Wissens\u201c verstanden wird, welches \u201eals Nachschlagwerk\u201c aber auch als Lehrbuch respektive Skriptum aufgefasst werden kann und durch eine systematische inhaltliche Gliederung gekennzeichnet ist. Weiters ist ein Handbuch dadurch gekennzeichnet, dass gew\u00f6hnlich eine Autorenschaft den Inhalt verantwortet. Unter \u201eHandbuch\u201c ist somit nicht ein Buch im handlichen \u201eTaschenformat\u201c gemeint, sondern ein eher umfassendes Werk zu einem Themenfeld. Die Motivation zum vorliegenden BSPhandbuch \u2013 ebenfalls nicht im \u201eTaschenformat\u201c \u2013 ist mit dem Ziel verbunden, den Stand der Entwicklung zur sogenannten Holz-Massivbauweise in Brettsperrholz darzulegen und somit dem interessierten Fachpublikum n\u00e4her zu bringen. Trotz des Bem\u00fchens der 15 Autoren um Abdeckung eines gro\u00dfen Bereits des Themenfeldes in Breite und Tiefe werden mit Sicherheit \u201ewei\u00dfe Felder\u201c verbleiben. Es ist ein weiterer Schritt in Richtung Transfer f\u00fcr Ingenieure und Architekten, welcher mit dem Bem\u00fchen verbunden ist, einen gr\u00f6\u00dftm\u00f6glichen Ausschnitt aus dem Stand der Forschung und Entwicklung darzulegen. Gemeinsam mit dem Kompetenzzentrum, der holz.bau forschungs gmbh, arbeitet das Institut f\u00fcr Holzbau und Holztechnologie der Technischen Universit\u00e4t Graz seit nunmehr fast 20 Jahren im Themenfeld der Holz-Massivbauweise in Brettsperrholz und war somit von Beginn an federf\u00fchrend sowohl auf wissenschaftlicher Ebene als auch im Entwicklungsbereich t\u00e4tig. Die dynamische Entwicklung der Holz-Masivbauweise in Brettsperrholz verbunden mit der ungebrochenen \u2013 eher steigenden \u2013 Nachfrage nach dem vorliegenden BSPhandbuch veranlasst die Herausgeber zum Druck dieser 2. Auflage. Diese beinhaltet geringf\u00fcgige Anpassungen basierend auf breit abgesicherten und intern diskutierten Forschungsergebnissen \u2013 siehe z.B. Kapitel 5 \u201eBrandverhalten von Brettsperrholzplatten\u201c.\" \/>\n<meta property=\"og:url\" content=\"https:\/\/tugraztestweb.asol.at\/gesamtverzeichnis\/bauingenieurwissenschaften\/bsphandbuch-holz-massivbauweise-in-brettsperrholz\/\" \/>\n<meta property=\"og:site_name\" content=\"Verlag der TU Graz\" \/>\n<meta property=\"article:modified_time\" content=\"2020-08-21T12:54:43+00:00\" \/>\n<meta property=\"og:image\" content=\"https:\/\/tugraztestweb.asol.at\/wp-content\/uploads\/2020\/08\/image-978-3-85125-109-8.jpg\" \/>\n\t<meta property=\"og:image:width\" content=\"601\" \/>\n\t<meta property=\"og:image:height\" content=\"855\" \/>\n<meta name=\"twitter:card\" content=\"summary_large_image\" \/>\n<meta name=\"twitter:label1\" content=\"Est. reading time\">\n\t<meta name=\"twitter:data1\" content=\"1 minute\">\n<script type=\"application\/ld+json\" class=\"yoast-schema-graph\">{\"@context\":\"https:\/\/schema.org\",\"@graph\":[{\"@type\":\"WebSite\",\"@id\":\"https:\/\/tugraztestweb.asol.at\/#website\",\"url\":\"https:\/\/tugraztestweb.asol.at\/\",\"name\":\"Verlag der TU Graz\",\"description\":\"Verlag der Technischen Universit\\u00e4t Graz\",\"potentialAction\":[{\"@type\":\"SearchAction\",\"target\":\"https:\/\/tugraztestweb.asol.at\/?s={search_term_string}\",\"query-input\":\"required name=search_term_string\"}],\"inLanguage\":\"en-US\"},{\"@type\":\"ImageObject\",\"@id\":\"https:\/\/tugraztestweb.asol.at\/gesamtverzeichnis\/bauingenieurwissenschaften\/bsphandbuch-holz-massivbauweise-in-brettsperrholz\/#primaryimage\",\"inLanguage\":\"en-US\",\"url\":\"https:\/\/tugraztestweb.asol.at\/wp-content\/uploads\/2020\/08\/image-978-3-85125-109-8.jpg\",\"contentUrl\":\"https:\/\/tugraztestweb.asol.at\/wp-content\/uploads\/2020\/08\/image-978-3-85125-109-8.jpg\",\"width\":601,\"height\":855},{\"@type\":\"WebPage\",\"@id\":\"https:\/\/tugraztestweb.asol.at\/gesamtverzeichnis\/bauingenieurwissenschaften\/bsphandbuch-holz-massivbauweise-in-brettsperrholz\/#webpage\",\"url\":\"https:\/\/tugraztestweb.asol.at\/gesamtverzeichnis\/bauingenieurwissenschaften\/bsphandbuch-holz-massivbauweise-in-brettsperrholz\/\",\"name\":\"BSPhandbuch, Holz- Massivbauweise in Brettsperrholz - Verlag der TU Graz\",\"isPartOf\":{\"@id\":\"https:\/\/tugraztestweb.asol.at\/#website\"},\"primaryImageOfPage\":{\"@id\":\"https:\/\/tugraztestweb.asol.at\/gesamtverzeichnis\/bauingenieurwissenschaften\/bsphandbuch-holz-massivbauweise-in-brettsperrholz\/#primaryimage\"},\"datePublished\":\"2020-08-21T12:53:43+00:00\",\"dateModified\":\"2020-08-21T12:54:43+00:00\",\"breadcrumb\":{\"@id\":\"https:\/\/tugraztestweb.asol.at\/gesamtverzeichnis\/bauingenieurwissenschaften\/bsphandbuch-holz-massivbauweise-in-brettsperrholz\/#breadcrumb\"},\"inLanguage\":\"en-US\",\"potentialAction\":[{\"@type\":\"ReadAction\",\"target\":[\"https:\/\/tugraztestweb.asol.at\/gesamtverzeichnis\/bauingenieurwissenschaften\/bsphandbuch-holz-massivbauweise-in-brettsperrholz\/\"]}]},{\"@type\":\"BreadcrumbList\",\"@id\":\"https:\/\/tugraztestweb.asol.at\/gesamtverzeichnis\/bauingenieurwissenschaften\/bsphandbuch-holz-massivbauweise-in-brettsperrholz\/#breadcrumb\",\"itemListElement\":[{\"@type\":\"ListItem\",\"position\":1,\"item\":{\"@type\":\"WebPage\",\"@id\":\"https:\/\/tugraztestweb.asol.at\/\",\"url\":\"https:\/\/tugraztestweb.asol.at\/\",\"name\":\"Home\"}},{\"@type\":\"ListItem\",\"position\":2,\"item\":{\"@type\":\"WebPage\",\"@id\":\"https:\/\/tugraztestweb.asol.at\/gesamtverzeichnis\/\",\"url\":\"https:\/\/tugraztestweb.asol.at\/gesamtverzeichnis\/\",\"name\":\"Gesamtverzeichnis\"}},{\"@type\":\"ListItem\",\"position\":3,\"item\":{\"@type\":\"WebPage\",\"@id\":\"https:\/\/tugraztestweb.asol.at\/gesamtverzeichnis\/bauingenieurwissenschaften\/bsphandbuch-holz-massivbauweise-in-brettsperrholz\/\",\"url\":\"https:\/\/tugraztestweb.asol.at\/gesamtverzeichnis\/bauingenieurwissenschaften\/bsphandbuch-holz-massivbauweise-in-brettsperrholz\/\",\"name\":\"BSPhandbuch, Holz- Massivbauweise in Brettsperrholz\"}}]}]}<\/script>\n<!-- \/ Yoast SEO plugin. -->","_links":{"self":[{"href":"https:\/\/tugraztestweb.asol.at\/en\/wp-json\/wp\/v2\/product\/29721"}],"collection":[{"href":"https:\/\/tugraztestweb.asol.at\/en\/wp-json\/wp\/v2\/product"}],"about":[{"href":"https:\/\/tugraztestweb.asol.at\/en\/wp-json\/wp\/v2\/types\/product"}],"replies":[{"embeddable":true,"href":"https:\/\/tugraztestweb.asol.at\/en\/wp-json\/wp\/v2\/comments?post=29721"}],"wp:featuredmedia":[{"embeddable":true,"href":"https:\/\/tugraztestweb.asol.at\/en\/wp-json\/wp\/v2\/media\/39576"}],"wp:attachment":[{"href":"https:\/\/tugraztestweb.asol.at\/en\/wp-json\/wp\/v2\/media?parent=29721"}],"curies":[{"name":"wp","href":"https:\/\/api.w.org\/{rel}","templated":true}]}}