{"id":29727,"date":"2020-08-21T12:53:43","date_gmt":"2020-08-21T12:53:43","guid":{"rendered":"http:\/\/tugraztestweb.asol.at\/gesamtverzeichnis\/unkategorisiert\/controlling-von-kundenbeziehungen\/"},"modified":"2020-08-21T14:54:43","modified_gmt":"2020-08-21T12:54:43","slug":"controlling-von-kundenbeziehungen","status":"publish","type":"product","link":"https:\/\/tugraztestweb.asol.at\/en\/gesamtverzeichnis\/maschinenbau-und-wirtschaftswissenschaften\/controlling-von-kundenbeziehungen\/","title":{"rendered":"Controlling von Kundenbeziehungen"},"content":{"rendered":"<p class=\"qtranxs-available-languages-message qtranxs-available-languages-message-en\">Sorry, this entry is only available in <a href=\"https:\/\/tugraztestweb.asol.at\/de\/wp-json\/wp\/v2\/product\/29727\" class=\"qtranxs-available-language-link qtranxs-available-language-link-de\" title=\"Deutsch\">Deutsch<\/a>.<\/p><p>Der vor dem Hintergrund des globalen Verdr\u00e4ngungswettbewerbs entbrannte Kampf um jeden einzelnen Kunden, kombiniert mit steigender Ressourcenknappheit und \u2013verteuerung, ist gegenw\u00e4rtig auch auf technologieorientierten Business-to-Business (B2B)-M\u00e4rkten unbestrittene Realit\u00e4t. Um wirtschaftlich zu \u00fcberleben, m\u00fcssen technologieorientierte Unternehmen in jede \u201eKundenschlacht\u201c ziehen ohne dabei das Optimum zwischen Effektivit\u00e4t und Effizienz des Kundenbeziehungsmanagements aus den Augen zu verlieren.<br \/>\nGenau an dieser Stelle setzt das vorliegende Buch an. Bernd Markus Zunk erarbeitet darin, unter der Anwendung eines breiten techno\u00f6konomischen Zugangs, einen empirisch abgesicherten Gestaltungsrahmen f\u00fcr ein Controlling von Kundenbeziehungen im technologieorientierten B2B-Umfeld.<br \/>\nIn einer schrittweisen Verfeinerung fokussiert er sich auf die Modellierung von B2B-Kundenbeziehungsmotiven, eines idealtypischen Kundenbeziehungslebenszyklus, relevanter vertrags- und wettbewerbsrechtlicher Gestaltungsaspekte von Kundenbeziehungen sowie eines ganzheitlichen Kundenbeziehungswertes. Erg\u00e4nzend stellt er ein Aufgaben- und Kompetenzprofil von \u201eidealen\u201c Kundenbeziehungscontrollern vor, welches die verantwortlichen Manager im Verkauf, Vertrieb und Marketing sowohl im Recruitungprozess als auch bei der Planung von Qualifizierungsma\u00dfnahmen f\u00fcr Controller unterst\u00fctzen soll.<\/p>","protected":false},"excerpt":{"rendered":"<p class=\"qtranxs-available-languages-message qtranxs-available-languages-message-en\">Sorry, this entry is only available in <a href=\"https:\/\/tugraztestweb.asol.at\/de\/wp-json\/wp\/v2\/product\/29727\" class=\"qtranxs-available-language-link qtranxs-available-language-link-de\" title=\"Deutsch\">Deutsch<\/a>.<\/p>\n<p>Der vor dem Hintergrund des globalen Verdr\u00e4ngungswettbewerbs entbrannte Kampf um jeden einzelnen Kunden, kombiniert mit steigender Ressourcenknappheit und \u2013verteuerung, ist gegenw\u00e4rtig auch auf technologieorientierten Business-to-Business (B2B)-M\u00e4rkten unbestrittene Realit\u00e4t. Um wirtschaftlich zu \u00fcberleben, m\u00fcssen technologieorientierte Unternehmen in jede \u201eKundenschlacht\u201c ziehen ohne dabei das Optimum zwischen Effektivit\u00e4t und Effizienz des Kundenbeziehungsmanagements aus den Augen zu verlieren.<br \/>\nGenau an dieser Stelle setzt das vorliegende Buch an. Bernd Markus Zunk erarbeitet darin, unter der Anwendung eines breiten techno\u00f6konomischen Zugangs, einen empirisch abgesicherten Gestaltungsrahmen f\u00fcr ein Controlling von Kundenbeziehungen im technologieorientierten B2B-Umfeld.<br \/>\nIn einer schrittweisen Verfeinerung fokussiert er sich auf die Modellierung von B2B-Kundenbeziehungsmotiven, eines idealtypischen Kundenbeziehungslebenszyklus, relevanter vertrags- und wettbewerbsrechtlicher Gestaltungsaspekte von Kundenbeziehungen sowie eines ganzheitlichen Kundenbeziehungswertes. Erg\u00e4nzend stellt er ein Aufgaben- und Kompetenzprofil von \u201eidealen\u201c Kundenbeziehungscontrollern vor, welches die verantwortlichen Manager im Verkauf, Vertrieb und Marketing sowohl im Recruitungprozess als auch bei der Planung von Qualifizierungsma\u00dfnahmen f\u00fcr Controller unterst\u00fctzen soll.<\/p>\n","protected":false},"featured_media":39637,"comment_status":"open","ping_status":"closed","template":"","meta":[],"yoast_head":"<!-- This site is optimized with the Yoast SEO plugin v16.1.1 - https:\/\/yoast.com\/wordpress\/plugins\/seo\/ -->\n<link rel=\"canonical\" href=\"https:\/\/tugraztestweb.asol.at\/gesamtverzeichnis\/maschinenbau-und-wirtschaftswissenschaften\/controlling-von-kundenbeziehungen\/\" \/>\n<meta property=\"og:locale\" content=\"en_US\" \/>\n<meta property=\"og:type\" content=\"article\" \/>\n<meta property=\"og:title\" content=\"Controlling von Kundenbeziehungen - Verlag der TU Graz\" \/>\n<meta property=\"og:description\" content=\"Der vor dem Hintergrund des globalen Verdr\u00e4ngungswettbewerbs entbrannte Kampf um jeden einzelnen Kunden, kombiniert mit steigender Ressourcenknappheit und \u2013verteuerung, ist gegenw\u00e4rtig auch auf technologieorientierten Business-to-Business (B2B)-M\u00e4rkten unbestrittene Realit\u00e4t. Um wirtschaftlich zu \u00fcberleben, m\u00fcssen technologieorientierte Unternehmen in jede \u201eKundenschlacht\u201c ziehen ohne dabei das Optimum zwischen Effektivit\u00e4t und Effizienz des Kundenbeziehungsmanagements aus den Augen zu verlieren. Genau an dieser Stelle setzt das vorliegende Buch an. Bernd Markus Zunk erarbeitet darin, unter der Anwendung eines breiten techno\u00f6konomischen Zugangs, einen empirisch abgesicherten Gestaltungsrahmen f\u00fcr ein Controlling von Kundenbeziehungen im technologieorientierten B2B-Umfeld. In einer schrittweisen Verfeinerung fokussiert er sich auf die Modellierung von B2B-Kundenbeziehungsmotiven, eines idealtypischen Kundenbeziehungslebenszyklus, relevanter vertrags- und wettbewerbsrechtlicher Gestaltungsaspekte von Kundenbeziehungen sowie eines ganzheitlichen Kundenbeziehungswertes. Erg\u00e4nzend stellt er ein Aufgaben- und Kompetenzprofil von \u201eidealen\u201c Kundenbeziehungscontrollern vor, welches die verantwortlichen Manager im Verkauf, Vertrieb und Marketing sowohl im Recruitungprozess als auch bei der Planung von Qualifizierungsma\u00dfnahmen f\u00fcr Controller unterst\u00fctzen soll.\" \/>\n<meta property=\"og:url\" content=\"https:\/\/tugraztestweb.asol.at\/gesamtverzeichnis\/maschinenbau-und-wirtschaftswissenschaften\/controlling-von-kundenbeziehungen\/\" \/>\n<meta property=\"og:site_name\" content=\"Verlag der TU Graz\" \/>\n<meta property=\"article:modified_time\" content=\"2020-08-21T12:54:43+00:00\" \/>\n<meta property=\"og:image\" content=\"https:\/\/tugraztestweb.asol.at\/wp-content\/uploads\/2020\/08\/image-978-3-85125-037-4.jpg\" \/>\n\t<meta property=\"og:image:width\" content=\"455\" \/>\n\t<meta property=\"og:image:height\" content=\"668\" \/>\n<meta name=\"twitter:card\" content=\"summary_large_image\" \/>\n<meta name=\"twitter:label1\" content=\"Est. reading time\">\n\t<meta name=\"twitter:data1\" content=\"1 minute\">\n<script type=\"application\/ld+json\" class=\"yoast-schema-graph\">{\"@context\":\"https:\/\/schema.org\",\"@graph\":[{\"@type\":\"WebSite\",\"@id\":\"https:\/\/tugraztestweb.asol.at\/#website\",\"url\":\"https:\/\/tugraztestweb.asol.at\/\",\"name\":\"Verlag der TU Graz\",\"description\":\"Verlag der Technischen Universit\\u00e4t Graz\",\"potentialAction\":[{\"@type\":\"SearchAction\",\"target\":\"https:\/\/tugraztestweb.asol.at\/?s={search_term_string}\",\"query-input\":\"required name=search_term_string\"}],\"inLanguage\":\"en-US\"},{\"@type\":\"ImageObject\",\"@id\":\"https:\/\/tugraztestweb.asol.at\/gesamtverzeichnis\/maschinenbau-und-wirtschaftswissenschaften\/controlling-von-kundenbeziehungen\/#primaryimage\",\"inLanguage\":\"en-US\",\"url\":\"https:\/\/tugraztestweb.asol.at\/wp-content\/uploads\/2020\/08\/image-978-3-85125-037-4.jpg\",\"contentUrl\":\"https:\/\/tugraztestweb.asol.at\/wp-content\/uploads\/2020\/08\/image-978-3-85125-037-4.jpg\",\"width\":455,\"height\":668},{\"@type\":\"WebPage\",\"@id\":\"https:\/\/tugraztestweb.asol.at\/gesamtverzeichnis\/maschinenbau-und-wirtschaftswissenschaften\/controlling-von-kundenbeziehungen\/#webpage\",\"url\":\"https:\/\/tugraztestweb.asol.at\/gesamtverzeichnis\/maschinenbau-und-wirtschaftswissenschaften\/controlling-von-kundenbeziehungen\/\",\"name\":\"Controlling von Kundenbeziehungen - Verlag der TU Graz\",\"isPartOf\":{\"@id\":\"https:\/\/tugraztestweb.asol.at\/#website\"},\"primaryImageOfPage\":{\"@id\":\"https:\/\/tugraztestweb.asol.at\/gesamtverzeichnis\/maschinenbau-und-wirtschaftswissenschaften\/controlling-von-kundenbeziehungen\/#primaryimage\"},\"datePublished\":\"2020-08-21T12:53:43+00:00\",\"dateModified\":\"2020-08-21T12:54:43+00:00\",\"breadcrumb\":{\"@id\":\"https:\/\/tugraztestweb.asol.at\/gesamtverzeichnis\/maschinenbau-und-wirtschaftswissenschaften\/controlling-von-kundenbeziehungen\/#breadcrumb\"},\"inLanguage\":\"en-US\",\"potentialAction\":[{\"@type\":\"ReadAction\",\"target\":[\"https:\/\/tugraztestweb.asol.at\/gesamtverzeichnis\/maschinenbau-und-wirtschaftswissenschaften\/controlling-von-kundenbeziehungen\/\"]}]},{\"@type\":\"BreadcrumbList\",\"@id\":\"https:\/\/tugraztestweb.asol.at\/gesamtverzeichnis\/maschinenbau-und-wirtschaftswissenschaften\/controlling-von-kundenbeziehungen\/#breadcrumb\",\"itemListElement\":[{\"@type\":\"ListItem\",\"position\":1,\"item\":{\"@type\":\"WebPage\",\"@id\":\"https:\/\/tugraztestweb.asol.at\/\",\"url\":\"https:\/\/tugraztestweb.asol.at\/\",\"name\":\"Home\"}},{\"@type\":\"ListItem\",\"position\":2,\"item\":{\"@type\":\"WebPage\",\"@id\":\"https:\/\/tugraztestweb.asol.at\/gesamtverzeichnis\/\",\"url\":\"https:\/\/tugraztestweb.asol.at\/gesamtverzeichnis\/\",\"name\":\"Gesamtverzeichnis\"}},{\"@type\":\"ListItem\",\"position\":3,\"item\":{\"@type\":\"WebPage\",\"@id\":\"https:\/\/tugraztestweb.asol.at\/gesamtverzeichnis\/maschinenbau-und-wirtschaftswissenschaften\/controlling-von-kundenbeziehungen\/\",\"url\":\"https:\/\/tugraztestweb.asol.at\/gesamtverzeichnis\/maschinenbau-und-wirtschaftswissenschaften\/controlling-von-kundenbeziehungen\/\",\"name\":\"Controlling von Kundenbeziehungen\"}}]}]}<\/script>\n<!-- \/ Yoast SEO plugin. -->","_links":{"self":[{"href":"https:\/\/tugraztestweb.asol.at\/en\/wp-json\/wp\/v2\/product\/29727"}],"collection":[{"href":"https:\/\/tugraztestweb.asol.at\/en\/wp-json\/wp\/v2\/product"}],"about":[{"href":"https:\/\/tugraztestweb.asol.at\/en\/wp-json\/wp\/v2\/types\/product"}],"replies":[{"embeddable":true,"href":"https:\/\/tugraztestweb.asol.at\/en\/wp-json\/wp\/v2\/comments?post=29727"}],"wp:featuredmedia":[{"embeddable":true,"href":"https:\/\/tugraztestweb.asol.at\/en\/wp-json\/wp\/v2\/media\/39637"}],"wp:attachment":[{"href":"https:\/\/tugraztestweb.asol.at\/en\/wp-json\/wp\/v2\/media?parent=29727"}],"curies":[{"name":"wp","href":"https:\/\/api.w.org\/{rel}","templated":true}]}}