{"id":29730,"date":"2020-08-21T12:53:43","date_gmt":"2020-08-21T12:53:43","guid":{"rendered":"http:\/\/tugraztestweb.asol.at\/gesamtverzeichnis\/unkategorisiert\/coupling-bemfem-for-fluid-soil-structure-interaction\/"},"modified":"2020-08-21T14:54:44","modified_gmt":"2020-08-21T12:54:44","slug":"coupling-bem-fem-for-fluid-soil-structure-interaction","status":"publish","type":"product","link":"https:\/\/tugraztestweb.asol.at\/en\/gesamtverzeichnis\/bauingenieurwissenschaften\/coupling-bem-fem-for-fluid-soil-structure-interaction\/","title":{"rendered":"Coupling BEM\/FEM for fluid-soil-structure interaction"},"content":{"rendered":"<p class=\"qtranxs-available-languages-message qtranxs-available-languages-message-en\">Sorry, this entry is only available in <a href=\"https:\/\/tugraztestweb.asol.at\/de\/wp-json\/wp\/v2\/product\/29730\" class=\"qtranxs-available-language-link qtranxs-available-language-link-de\" title=\"Deutsch\">Deutsch<\/a>.<\/p><p>Das Ziel dieser Arbeit ist die Entwicklung effizienter und robuster numerischer Algorithmen zur Kopplung von mehreren Gebieten in der Dynamik sowie in der Elastostatik. Mit Hilfe der Methode der Randelemente und der Finite Elemente Methode werden instation\u00e4re Problemstellungen der Fl\u00fcssigkeit &#8211; Boden &#8211; Bauwerk Interaktion behandelt. Die Formulierung basiert auf einem Koppelungsalgorithmus f\u00fcr unterschiedlichste Gebiete statischer Problemstellungen. Dieser Algorithmus wird mit Hilfe der Variationsrechnung hergeleitet, wobei die Gr\u00f6\u00dfe der resultierenden Steifigkeitsmatrix der Anzahl der Freitheitsgrade an der Kopplungsfl\u00e4che entspricht. Die erste Anwendung ist formuliert auf der Basis der Integralgeichung nach Duhamel, welche mit der Methode der Faltungsquadratur und der Methode der Randelemente im Laplace Raum numerisch behandelt wird. Eine weitere M\u00f6glichkeit ist die direkte Berechnung der Steifigkeitsmatrizen. Hierbei wird die instation\u00e4re Randintegralgleichung f\u00fcr Probleme bestehend aus einem Gebiet verwendet und so adaptiert, dass sie zur Berechnung von Steifigkeitsmatrizen mehrerer Gebiete geeignet ist. Festk\u00f6rpergebiete werden entweder elastisch oder viskoelastisch modelliert und Fl\u00fcssigkeitsgebiete werden als akustische Medien ber\u00fccksichtigt. Zur Diskretisierung der Gebiete und zur Berechnung der Steifigkeitsmatrizen werden sowohl die Methode der Randelemente (BEM) als auch die der Finiten Elemente (FEM) angewendet. Im Fall der FEM wird zur Beschreibung des zeitlichen Verlaufes die Methode nach Newmark verwendet, im Fall der BEM kommt entweder die klassische Zeit-Gebietsformulierung (TD-BEM) oder eine transformierte Zeit-Gebietsformulierung (CQM-BEM) zur Anwendung. Die Wahl der Methode ist von vielen Faktoren abh\u00e4ngig, und es gibt daher keinen konkreten Vorteil einer Methode gegen\u00fcber den anderen. Der Vorteil der untersuchten Methoden liegt in der Anzahl der Unbekannten die auf die Anzahl der Freiheitsgrade an der Kopplungsfl\u00e4che reduziert wird. Dies bedeutet eine erhebliche Steigerung der Effizienz der Berechnung gegen\u00fcber existierenden Verfahren. Um die implementierten Techniken in Bezug auf Genauigkeit, Effizienz und Benutzerfreundlichkeit zu \u00fcberpr\u00fcfen werden unterschiedliche Beispiele in 2D und 3D gerechnet und die Ergebnisse dargestellt, sowie mit den existierenden Verfahren verglichen.<\/p>","protected":false},"excerpt":{"rendered":"<p class=\"qtranxs-available-languages-message qtranxs-available-languages-message-en\">Sorry, this entry is only available in <a href=\"https:\/\/tugraztestweb.asol.at\/de\/wp-json\/wp\/v2\/product\/29730\" class=\"qtranxs-available-language-link qtranxs-available-language-link-de\" title=\"Deutsch\">Deutsch<\/a>.<\/p>\n<p>Das Ziel dieser Arbeit ist die Entwicklung effizienter und robuster numerischer Algorithmen zur Kopplung von mehreren Gebieten in der Dynamik sowie in der Elastostatik. Mit Hilfe der Methode der Randelemente und der Finite Elemente Methode werden instation\u00e4re Problemstellungen der Fl\u00fcssigkeit &#8211; Boden &#8211; Bauwerk Interaktion behandelt. Die Formulierung basiert auf einem Koppelungsalgorithmus f\u00fcr unterschiedlichste Gebiete statischer Problemstellungen. Dieser Algorithmus wird mit Hilfe der Variationsrechnung hergeleitet, wobei die Gr\u00f6\u00dfe der resultierenden Steifigkeitsmatrix der Anzahl der Freitheitsgrade an der Kopplungsfl\u00e4che entspricht. Die erste Anwendung ist formuliert auf der Basis der Integralgeichung nach Duhamel, welche mit der Methode der Faltungsquadratur und der Methode der Randelemente im Laplace Raum numerisch behandelt wird. Eine weitere M\u00f6glichkeit ist die direkte Berechnung der Steifigkeitsmatrizen. Hierbei wird die instation\u00e4re Randintegralgleichung f\u00fcr Probleme bestehend aus einem Gebiet verwendet und so adaptiert, dass sie zur Berechnung von Steifigkeitsmatrizen mehrerer Gebiete geeignet ist. Festk\u00f6rpergebiete werden entweder elastisch oder viskoelastisch modelliert und Fl\u00fcssigkeitsgebiete werden als akustische Medien ber\u00fccksichtigt. Zur Diskretisierung der Gebiete und zur Berechnung der Steifigkeitsmatrizen werden sowohl die Methode der Randelemente (BEM) als auch die der Finiten Elemente (FEM) angewendet. Im Fall der FEM wird zur Beschreibung des zeitlichen Verlaufes die Methode nach Newmark verwendet, im Fall der BEM kommt entweder die klassische Zeit-Gebietsformulierung (TD-BEM) oder eine transformierte Zeit-Gebietsformulierung (CQM-BEM) zur Anwendung. Die Wahl der Methode ist von vielen Faktoren abh\u00e4ngig, und es gibt daher keinen konkreten Vorteil einer Methode gegen\u00fcber den anderen. Der Vorteil der untersuchten Methoden liegt in der Anzahl der Unbekannten die auf die Anzahl der Freiheitsgrade an der Kopplungsfl\u00e4che reduziert wird. Dies bedeutet eine erhebliche Steigerung der Effizienz der Berechnung gegen\u00fcber existierenden Verfahren. Um die implementierten Techniken in Bezug auf Genauigkeit, Effizienz und Benutzerfreundlichkeit zu \u00fcberpr\u00fcfen werden unterschiedliche Beispiele in 2D und 3D gerechnet und die Ergebnisse dargestellt, sowie mit den existierenden Verfahren verglichen.<\/p>\n","protected":false},"featured_media":39638,"comment_status":"open","ping_status":"closed","template":"","meta":[],"yoast_head":"<!-- This site is optimized with the Yoast SEO plugin v16.1.1 - https:\/\/yoast.com\/wordpress\/plugins\/seo\/ -->\n<link rel=\"canonical\" href=\"https:\/\/tugraztestweb.asol.at\/gesamtverzeichnis\/bauingenieurwissenschaften\/coupling-bem-fem-for-fluid-soil-structure-interaction\/\" \/>\n<meta property=\"og:locale\" content=\"en_US\" \/>\n<meta property=\"og:type\" content=\"article\" \/>\n<meta property=\"og:title\" content=\"Coupling BEM\/FEM for fluid-soil-structure interaction - Verlag der TU Graz\" \/>\n<meta property=\"og:description\" content=\"Das Ziel dieser Arbeit ist die Entwicklung effizienter und robuster numerischer Algorithmen zur Kopplung von mehreren Gebieten in der Dynamik sowie in der Elastostatik. Mit Hilfe der Methode der Randelemente und der Finite Elemente Methode werden instation\u00e4re Problemstellungen der Fl\u00fcssigkeit - Boden - Bauwerk Interaktion behandelt. Die Formulierung basiert auf einem Koppelungsalgorithmus f\u00fcr unterschiedlichste Gebiete statischer Problemstellungen. Dieser Algorithmus wird mit Hilfe der Variationsrechnung hergeleitet, wobei die Gr\u00f6\u00dfe der resultierenden Steifigkeitsmatrix der Anzahl der Freitheitsgrade an der Kopplungsfl\u00e4che entspricht. Die erste Anwendung ist formuliert auf der Basis der Integralgeichung nach Duhamel, welche mit der Methode der Faltungsquadratur und der Methode der Randelemente im Laplace Raum numerisch behandelt wird. Eine weitere M\u00f6glichkeit ist die direkte Berechnung der Steifigkeitsmatrizen. Hierbei wird die instation\u00e4re Randintegralgleichung f\u00fcr Probleme bestehend aus einem Gebiet verwendet und so adaptiert, dass sie zur Berechnung von Steifigkeitsmatrizen mehrerer Gebiete geeignet ist. Festk\u00f6rpergebiete werden entweder elastisch oder viskoelastisch modelliert und Fl\u00fcssigkeitsgebiete werden als akustische Medien ber\u00fccksichtigt. Zur Diskretisierung der Gebiete und zur Berechnung der Steifigkeitsmatrizen werden sowohl die Methode der Randelemente (BEM) als auch die der Finiten Elemente (FEM) angewendet. Im Fall der FEM wird zur Beschreibung des zeitlichen Verlaufes die Methode nach Newmark verwendet, im Fall der BEM kommt entweder die klassische Zeit-Gebietsformulierung (TD-BEM) oder eine transformierte Zeit-Gebietsformulierung (CQM-BEM) zur Anwendung. Die Wahl der Methode ist von vielen Faktoren abh\u00e4ngig, und es gibt daher keinen konkreten Vorteil einer Methode gegen\u00fcber den anderen. Der Vorteil der untersuchten Methoden liegt in der Anzahl der Unbekannten die auf die Anzahl der Freiheitsgrade an der Kopplungsfl\u00e4che reduziert wird. Dies bedeutet eine erhebliche Steigerung der Effizienz der Berechnung gegen\u00fcber existierenden Verfahren. Um die implementierten Techniken in Bezug auf Genauigkeit, Effizienz und Benutzerfreundlichkeit zu \u00fcberpr\u00fcfen werden unterschiedliche Beispiele in 2D und 3D gerechnet und die Ergebnisse dargestellt, sowie mit den existierenden Verfahren verglichen.\" \/>\n<meta property=\"og:url\" content=\"https:\/\/tugraztestweb.asol.at\/gesamtverzeichnis\/bauingenieurwissenschaften\/coupling-bem-fem-for-fluid-soil-structure-interaction\/\" \/>\n<meta property=\"og:site_name\" content=\"Verlag der TU Graz\" \/>\n<meta property=\"article:modified_time\" content=\"2020-08-21T12:54:44+00:00\" \/>\n<meta property=\"og:image\" content=\"https:\/\/tugraztestweb.asol.at\/wp-content\/uploads\/2020\/08\/image-978-3-85125-010-7.jpg\" \/>\n\t<meta property=\"og:image:width\" content=\"454\" \/>\n\t<meta property=\"og:image:height\" content=\"663\" \/>\n<meta name=\"twitter:card\" content=\"summary_large_image\" \/>\n<meta name=\"twitter:label1\" content=\"Est. reading time\">\n\t<meta name=\"twitter:data1\" content=\"2 minutes\">\n<script type=\"application\/ld+json\" class=\"yoast-schema-graph\">{\"@context\":\"https:\/\/schema.org\",\"@graph\":[{\"@type\":\"WebSite\",\"@id\":\"https:\/\/tugraztestweb.asol.at\/#website\",\"url\":\"https:\/\/tugraztestweb.asol.at\/\",\"name\":\"Verlag der TU Graz\",\"description\":\"Verlag der Technischen Universit\\u00e4t Graz\",\"potentialAction\":[{\"@type\":\"SearchAction\",\"target\":\"https:\/\/tugraztestweb.asol.at\/?s={search_term_string}\",\"query-input\":\"required name=search_term_string\"}],\"inLanguage\":\"en-US\"},{\"@type\":\"ImageObject\",\"@id\":\"https:\/\/tugraztestweb.asol.at\/gesamtverzeichnis\/bauingenieurwissenschaften\/coupling-bem-fem-for-fluid-soil-structure-interaction\/#primaryimage\",\"inLanguage\":\"en-US\",\"url\":\"https:\/\/tugraztestweb.asol.at\/wp-content\/uploads\/2020\/08\/image-978-3-85125-010-7.jpg\",\"contentUrl\":\"https:\/\/tugraztestweb.asol.at\/wp-content\/uploads\/2020\/08\/image-978-3-85125-010-7.jpg\",\"width\":454,\"height\":663},{\"@type\":\"WebPage\",\"@id\":\"https:\/\/tugraztestweb.asol.at\/gesamtverzeichnis\/bauingenieurwissenschaften\/coupling-bem-fem-for-fluid-soil-structure-interaction\/#webpage\",\"url\":\"https:\/\/tugraztestweb.asol.at\/gesamtverzeichnis\/bauingenieurwissenschaften\/coupling-bem-fem-for-fluid-soil-structure-interaction\/\",\"name\":\"Coupling BEM\/FEM for fluid-soil-structure interaction - Verlag der TU Graz\",\"isPartOf\":{\"@id\":\"https:\/\/tugraztestweb.asol.at\/#website\"},\"primaryImageOfPage\":{\"@id\":\"https:\/\/tugraztestweb.asol.at\/gesamtverzeichnis\/bauingenieurwissenschaften\/coupling-bem-fem-for-fluid-soil-structure-interaction\/#primaryimage\"},\"datePublished\":\"2020-08-21T12:53:43+00:00\",\"dateModified\":\"2020-08-21T12:54:44+00:00\",\"breadcrumb\":{\"@id\":\"https:\/\/tugraztestweb.asol.at\/gesamtverzeichnis\/bauingenieurwissenschaften\/coupling-bem-fem-for-fluid-soil-structure-interaction\/#breadcrumb\"},\"inLanguage\":\"en-US\",\"potentialAction\":[{\"@type\":\"ReadAction\",\"target\":[\"https:\/\/tugraztestweb.asol.at\/gesamtverzeichnis\/bauingenieurwissenschaften\/coupling-bem-fem-for-fluid-soil-structure-interaction\/\"]}]},{\"@type\":\"BreadcrumbList\",\"@id\":\"https:\/\/tugraztestweb.asol.at\/gesamtverzeichnis\/bauingenieurwissenschaften\/coupling-bem-fem-for-fluid-soil-structure-interaction\/#breadcrumb\",\"itemListElement\":[{\"@type\":\"ListItem\",\"position\":1,\"item\":{\"@type\":\"WebPage\",\"@id\":\"https:\/\/tugraztestweb.asol.at\/\",\"url\":\"https:\/\/tugraztestweb.asol.at\/\",\"name\":\"Home\"}},{\"@type\":\"ListItem\",\"position\":2,\"item\":{\"@type\":\"WebPage\",\"@id\":\"https:\/\/tugraztestweb.asol.at\/gesamtverzeichnis\/\",\"url\":\"https:\/\/tugraztestweb.asol.at\/gesamtverzeichnis\/\",\"name\":\"Gesamtverzeichnis\"}},{\"@type\":\"ListItem\",\"position\":3,\"item\":{\"@type\":\"WebPage\",\"@id\":\"https:\/\/tugraztestweb.asol.at\/gesamtverzeichnis\/bauingenieurwissenschaften\/coupling-bem-fem-for-fluid-soil-structure-interaction\/\",\"url\":\"https:\/\/tugraztestweb.asol.at\/gesamtverzeichnis\/bauingenieurwissenschaften\/coupling-bem-fem-for-fluid-soil-structure-interaction\/\",\"name\":\"Coupling BEM\/FEM for fluid-soil-structure interaction\"}}]}]}<\/script>\n<!-- \/ Yoast SEO plugin. -->","_links":{"self":[{"href":"https:\/\/tugraztestweb.asol.at\/en\/wp-json\/wp\/v2\/product\/29730"}],"collection":[{"href":"https:\/\/tugraztestweb.asol.at\/en\/wp-json\/wp\/v2\/product"}],"about":[{"href":"https:\/\/tugraztestweb.asol.at\/en\/wp-json\/wp\/v2\/types\/product"}],"replies":[{"embeddable":true,"href":"https:\/\/tugraztestweb.asol.at\/en\/wp-json\/wp\/v2\/comments?post=29730"}],"wp:featuredmedia":[{"embeddable":true,"href":"https:\/\/tugraztestweb.asol.at\/en\/wp-json\/wp\/v2\/media\/39638"}],"wp:attachment":[{"href":"https:\/\/tugraztestweb.asol.at\/en\/wp-json\/wp\/v2\/media?parent=29730"}],"curies":[{"name":"wp","href":"https:\/\/api.w.org\/{rel}","templated":true}]}}