{"id":29737,"date":"2020-08-21T12:53:46","date_gmt":"2020-08-21T12:53:46","guid":{"rendered":"http:\/\/tugraztestweb.asol.at\/gesamtverzeichnis\/unkategorisiert\/das-praxishandbuch-wissensmanagement\/"},"modified":"2020-08-21T14:54:47","modified_gmt":"2020-08-21T12:54:47","slug":"das-praxishandbuch-wissensmanagement","status":"publish","type":"product","link":"https:\/\/tugraztestweb.asol.at\/en\/gesamtverzeichnis\/maschinenbau-und-wirtschaftswissenschaften\/das-praxishandbuch-wissensmanagement\/","title":{"rendered":"Das Praxishandbuch Wissensmanagement"},"content":{"rendered":"<p class=\"qtranxs-available-languages-message qtranxs-available-languages-message-en\">Sorry, this entry is only available in <a href=\"https:\/\/tugraztestweb.asol.at\/de\/wp-json\/wp\/v2\/product\/29737\" class=\"qtranxs-available-language-link qtranxs-available-language-link-de\" title=\"Deutsch\">Deutsch<\/a>.<\/p><p>Integratives Wissensmanagement<\/p>\n<p>Wie setzt man Wissen effizient ein, um strategische Ziele eines Unternehmens zu erreichen? Was passiert, wenn wichtige Wissenstr\u00e4ger die Organisation verlassen? Warum wird in verschiedenen Abteilungen das \u201eRad\u201c immer wieder neu erfunden? Mit der L\u00f6sung solcher Fragestellungen besch\u00e4ftigt sich Wissensmanagement und wirkt damit als wesentliche  Schnittstelle zwischen Mensch, Organisation und Technologie.<\/p>\n<p>Die Bedeutung der Ressource Wissen \u2013 als vierter Produktionsfaktor neben Arbeit, Kapital und Land \u2013 ist im Rahmen der gegenw\u00e4rtigen Wissensgesellschaft unbestritten. Wissensmanagement gilt als einer der viel versprechendsten Managementans\u00e4tze des 21. Jahrhunderts. Dem strategischen Umgang mit dieser Ressource in Organisationen ist das \u201ePraxishandbuch Wissensmanagement\u201c gewidmet, das im Verlag der TU Graz erschienen ist. Das Buch eignet sich aufgrund der praxisgerechten Aufbereitung der Themen gleicherma\u00dfen f\u00fcr Praktiker, Lehrende und Lernende und soll zur Bearbeitung von konkreten Fragestellungen in Organisationen dienen.<\/p>\n<p>Da Wissen erst durch Teilung und Anwendung seine gr\u00f6\u00dfte Wirkung entfaltet, wurde das \u201ePraxishandbuch Wissensmanagement\u201c von einer Gruppe von Experten in gemeinsamer Arbeit erstellt und vom Wissensmanagement Forum (WMF) herausgegeben. Dem WMF geh\u00f6ren Wissenschafter und Praktiker aus dem Umfeld von drei steirischen Universit\u00e4ten an: Der TU Graz, der Karl-Franzens-Universit\u00e4t Graz und der Montanuniversit\u00e4t Leoben. Diese bearbeiten praxisorientiert und mit hohem wissenschaftlichem Anspruch interdisziplin\u00e4re Aspekte aus den Bereichen Technik, Wirtschaft und Geisteswissenschaften zum Thema Wissensmanagement.<\/p>\n<p>Mehr Infos unter: www.wm-forum.org<\/p>\n<p>Das Projektteam des besteht aus folgenden Personen:<\/p>\n<p>Renate Bauer<br \/>\nS&#038;T Business Solution, Doktorandin am Institut f\u00fcr Organisations- und Personalmanagement der Karl-Franzens-Universit\u00e4t Graz<\/p>\n<p>Benjamin Ditzel<br \/>\nQualit\u00e4tsmanager an der Universit\u00e4t Hildesheim<\/p>\n<p>Daniela Ebner<br \/>\nWissenschaftliche Mitarbeiterin und Doktorandin am Department Wirtschafts- und Betriebswissenschaften der Montanuniversit\u00e4t Leoben<\/p>\n<p>Robert Gutounig<br \/>\nProjektmanager Neue Medien, Steirische Wirtschaftsf\u00f6rderungsgesellschaft mbH, Doktorand am Institut f\u00fcr Philosophie der Karl-Franzens-Universit\u00e4t Graz<\/p>\n<p>Stefan Koller<br \/>\nProkurist Captura Wirtschaftsberatung GmbH, Doktorand am Institut f\u00fcr Organisations- und Personalmanagement der Karl-Franzens-Universit\u00e4t Graz<\/p>\n<p>Manfred Ninaus<br \/>\nInnovation Service Network \u2013 ISN, zuvor Wissenschaftlicher Mitarbeiter und Doktorand am, Institut f\u00fcr Industriebetriebslehre und Innovationsforschung der TU Graz, Dissertation zum Thema Prozessorientiertes Wissensmanagement in der Produktentwicklung<\/p>\n<p>Hannes Oberschmid<br \/>\nWissenschaftlicher Mitarbeiter und Doktorand am, Institut f\u00fcr Industriebetriebslehre und Innovationsforschung der TU Graz, Dissertation zum Thema Risikoorientierung im Wissensmanagement<\/p>\n<p>Roland Winkler<br \/>\nInnovation Service Network \u2013 ISN, zuvor Wissenschaftlicher Mitarbeiter am Institut f\u00fcr Industriebetriebslehre und Innovationsforschung der TU Graz, Dissertation zum Thema Systemorientiertes Wissenscontrolling<\/p>","protected":false},"excerpt":{"rendered":"<p class=\"qtranxs-available-languages-message qtranxs-available-languages-message-en\">Sorry, this entry is only available in <a href=\"https:\/\/tugraztestweb.asol.at\/de\/wp-json\/wp\/v2\/product\/29737\" class=\"qtranxs-available-language-link qtranxs-available-language-link-de\" title=\"Deutsch\">Deutsch<\/a>.<\/p>\n<p>Integratives Wissensmanagement<\/p>\n<p>Wie setzt man Wissen effizient ein, um strategische Ziele eines Unternehmens zu erreichen? Was passiert, wenn wichtige Wissenstr\u00e4ger die Organisation verlassen? Warum wird in verschiedenen Abteilungen das \u201eRad\u201c immer wieder neu erfunden? Mit der L\u00f6sung solcher Fragestellungen besch\u00e4ftigt sich Wissensmanagement und wirkt damit als wesentliche  Schnittstelle zwischen Mensch, Organisation und Technologie.<\/p>\n<p>Die Bedeutung der Ressource Wissen \u2013 als vierter Produktionsfaktor neben Arbeit, Kapital und Land \u2013 ist im Rahmen der gegenw\u00e4rtigen Wissensgesellschaft unbestritten. Wissensmanagement gilt als einer der viel versprechendsten Managementans\u00e4tze des 21. Jahrhunderts. Dem strategischen Umgang mit dieser Ressource in Organisationen ist das \u201ePraxishandbuch Wissensmanagement\u201c gewidmet, das im Verlag der TU Graz erschienen ist. Das Buch eignet sich aufgrund der praxisgerechten Aufbereitung der Themen gleicherma\u00dfen f\u00fcr Praktiker, Lehrende und Lernende und soll zur Bearbeitung von konkreten Fragestellungen in Organisationen dienen.<\/p>\n<p>Da Wissen erst durch Teilung und Anwendung seine gr\u00f6\u00dfte Wirkung entfaltet, wurde das \u201ePraxishandbuch Wissensmanagement\u201c von einer Gruppe von Experten in gemeinsamer Arbeit erstellt und vom Wissensmanagement Forum (WMF) herausgegeben. Dem WMF geh\u00f6ren Wissenschafter und Praktiker aus dem Umfeld von drei steirischen Universit\u00e4ten an: Der TU Graz, der Karl-Franzens-Universit\u00e4t Graz und der Montanuniversit\u00e4t Leoben. Diese bearbeiten praxisorientiert und mit hohem wissenschaftlichem Anspruch interdisziplin\u00e4re Aspekte aus den Bereichen Technik, Wirtschaft und Geisteswissenschaften zum Thema Wissensmanagement.<\/p>\n<p>Mehr Infos unter: www.wm-forum.org<\/p>\n<p>Das Projektteam des besteht aus folgenden Personen:<\/p>\n<p>Renate Bauer<br \/>\nS&#038;T Business Solution, Doktorandin am Institut f\u00fcr Organisations- und Personalmanagement der Karl-Franzens-Universit\u00e4t Graz<\/p>\n<p>Benjamin Ditzel<br \/>\nQualit\u00e4tsmanager an der Universit\u00e4t Hildesheim<\/p>\n<p>Daniela Ebner<br \/>\nWissenschaftliche Mitarbeiterin und Doktorandin am Department Wirtschafts- und Betriebswissenschaften der Montanuniversit\u00e4t Leoben<\/p>\n<p>Robert Gutounig<br \/>\nProjektmanager Neue Medien, Steirische Wirtschaftsf\u00f6rderungsgesellschaft mbH, Doktorand am Institut f\u00fcr Philosophie der Karl-Franzens-Universit\u00e4t Graz<\/p>\n<p>Stefan Koller<br \/>\nProkurist Captura Wirtschaftsberatung GmbH, Doktorand am Institut f\u00fcr Organisations- und Personalmanagement der Karl-Franzens-Universit\u00e4t Graz<\/p>\n<p>Manfred Ninaus<br \/>\nInnovation Service Network \u2013 ISN, zuvor Wissenschaftlicher Mitarbeiter und Doktorand am, Institut f\u00fcr Industriebetriebslehre und Innovationsforschung der TU Graz, Dissertation zum Thema Prozessorientiertes Wissensmanagement in der Produktentwicklung<\/p>\n<p>Hannes Oberschmid<br \/>\nWissenschaftlicher Mitarbeiter und Doktorand am, Institut f\u00fcr Industriebetriebslehre und Innovationsforschung der TU Graz, Dissertation zum Thema Risikoorientierung im Wissensmanagement<\/p>\n<p>Roland Winkler<br \/>\nInnovation Service Network \u2013 ISN, zuvor Wissenschaftlicher Mitarbeiter am Institut f\u00fcr Industriebetriebslehre und Innovationsforschung der TU Graz, Dissertation zum Thema Systemorientiertes Wissenscontrolling<\/p>\n","protected":false},"featured_media":39641,"comment_status":"open","ping_status":"closed","template":"","meta":[],"yoast_head":"<!-- This site is optimized with the Yoast SEO plugin v16.1.1 - https:\/\/yoast.com\/wordpress\/plugins\/seo\/ -->\n<link rel=\"canonical\" href=\"https:\/\/tugraztestweb.asol.at\/en\/gesamtverzeichnis\/maschinenbau-und-wirtschaftswissenschaften\/das-praxishandbuch-wissensmanagement\/\" \/>\n<meta property=\"og:locale\" content=\"en_US\" \/>\n<meta property=\"og:type\" content=\"article\" \/>\n<meta property=\"og:title\" content=\"Das Praxishandbuch Wissensmanagement - Verlag der TU Graz\" \/>\n<meta property=\"og:description\" content=\"Integratives Wissensmanagement Wie setzt man Wissen effizient ein, um strategische Ziele eines Unternehmens zu erreichen? Was passiert, wenn wichtige Wissenstr\u00e4ger die Organisation verlassen? Warum wird in verschiedenen Abteilungen das \u201eRad\u201c immer wieder neu erfunden? Mit der L\u00f6sung solcher Fragestellungen besch\u00e4ftigt sich Wissensmanagement und wirkt damit als wesentliche Schnittstelle zwischen Mensch, Organisation und Technologie. Die Bedeutung der Ressource Wissen \u2013 als vierter Produktionsfaktor neben Arbeit, Kapital und Land \u2013 ist im Rahmen der gegenw\u00e4rtigen Wissensgesellschaft unbestritten. Wissensmanagement gilt als einer der viel versprechendsten Managementans\u00e4tze des 21. Jahrhunderts. Dem strategischen Umgang mit dieser Ressource in Organisationen ist das \u201ePraxishandbuch Wissensmanagement\u201c gewidmet, das im Verlag der TU Graz erschienen ist. Das Buch eignet sich aufgrund der praxisgerechten Aufbereitung der Themen gleicherma\u00dfen f\u00fcr Praktiker, Lehrende und Lernende und soll zur Bearbeitung von konkreten Fragestellungen in Organisationen dienen. Da Wissen erst durch Teilung und Anwendung seine gr\u00f6\u00dfte Wirkung entfaltet, wurde das \u201ePraxishandbuch Wissensmanagement\u201c von einer Gruppe von Experten in gemeinsamer Arbeit erstellt und vom Wissensmanagement Forum (WMF) herausgegeben. Dem WMF geh\u00f6ren Wissenschafter und Praktiker aus dem Umfeld von drei steirischen Universit\u00e4ten an: Der TU Graz, der Karl-Franzens-Universit\u00e4t Graz und der Montanuniversit\u00e4t Leoben. Diese bearbeiten praxisorientiert und mit hohem wissenschaftlichem Anspruch interdisziplin\u00e4re Aspekte aus den Bereichen Technik, Wirtschaft und Geisteswissenschaften zum Thema Wissensmanagement. Mehr Infos unter: www.wm-forum.org Das Projektteam des besteht aus folgenden Personen:  Renate Bauer S&amp;T Business Solution, Doktorandin am Institut f\u00fcr Organisations- und Personalmanagement der Karl-Franzens-Universit\u00e4t Graz Benjamin Ditzel Qualit\u00e4tsmanager an der Universit\u00e4t Hildesheim Daniela Ebner Wissenschaftliche Mitarbeiterin und Doktorandin am Department Wirtschafts- und Betriebswissenschaften der Montanuniversit\u00e4t Leoben Robert Gutounig Projektmanager Neue Medien, Steirische Wirtschaftsf\u00f6rderungsgesellschaft mbH, Doktorand am Institut f\u00fcr Philosophie der Karl-Franzens-Universit\u00e4t Graz Stefan Koller Prokurist Captura Wirtschaftsberatung GmbH, Doktorand am Institut f\u00fcr Organisations- und Personalmanagement der Karl-Franzens-Universit\u00e4t Graz Manfred Ninaus Innovation Service Network \u2013 ISN, zuvor Wissenschaftlicher Mitarbeiter und Doktorand am, Institut f\u00fcr Industriebetriebslehre und Innovationsforschung der TU Graz, Dissertation zum Thema Prozessorientiertes Wissensmanagement in der Produktentwicklung Hannes Oberschmid Wissenschaftlicher Mitarbeiter und Doktorand am, Institut f\u00fcr Industriebetriebslehre und Innovationsforschung der TU Graz, Dissertation zum Thema Risikoorientierung im Wissensmanagement Roland Winkler Innovation Service Network \u2013 ISN, zuvor Wissenschaftlicher Mitarbeiter am Institut f\u00fcr Industriebetriebslehre und Innovationsforschung der TU Graz, Dissertation zum Thema Systemorientiertes Wissenscontrolling\" \/>\n<meta property=\"og:url\" content=\"https:\/\/tugraztestweb.asol.at\/en\/gesamtverzeichnis\/maschinenbau-und-wirtschaftswissenschaften\/das-praxishandbuch-wissensmanagement\/\" \/>\n<meta property=\"og:site_name\" content=\"Verlag der TU Graz\" \/>\n<meta property=\"article:modified_time\" content=\"2020-08-21T12:54:47+00:00\" \/>\n<meta property=\"og:image\" content=\"https:\/\/tugraztestweb.asol.at\/wp-content\/uploads\/2020\/08\/image-978-3-902465-83-2.jpg\" \/>\n\t<meta property=\"og:image:width\" content=\"552\" \/>\n\t<meta property=\"og:image:height\" content=\"780\" \/>\n<meta name=\"twitter:card\" content=\"summary_large_image\" \/>\n<meta name=\"twitter:label1\" content=\"Est. reading time\">\n\t<meta name=\"twitter:data1\" content=\"2 minutes\">\n<script type=\"application\/ld+json\" class=\"yoast-schema-graph\">{\"@context\":\"https:\/\/schema.org\",\"@graph\":[{\"@type\":\"WebSite\",\"@id\":\"https:\/\/tugraztestweb.asol.at\/#website\",\"url\":\"https:\/\/tugraztestweb.asol.at\/\",\"name\":\"Verlag der TU Graz\",\"description\":\"Verlag der Technischen Universit\\u00e4t Graz\",\"potentialAction\":[{\"@type\":\"SearchAction\",\"target\":\"https:\/\/tugraztestweb.asol.at\/?s={search_term_string}\",\"query-input\":\"required name=search_term_string\"}],\"inLanguage\":\"en-US\"},{\"@type\":\"ImageObject\",\"@id\":\"https:\/\/tugraztestweb.asol.at\/en\/gesamtverzeichnis\/maschinenbau-und-wirtschaftswissenschaften\/das-praxishandbuch-wissensmanagement\/#primaryimage\",\"inLanguage\":\"en-US\",\"url\":\"https:\/\/tugraztestweb.asol.at\/wp-content\/uploads\/2020\/08\/image-978-3-902465-83-2.jpg\",\"contentUrl\":\"https:\/\/tugraztestweb.asol.at\/wp-content\/uploads\/2020\/08\/image-978-3-902465-83-2.jpg\",\"width\":552,\"height\":780},{\"@type\":\"WebPage\",\"@id\":\"https:\/\/tugraztestweb.asol.at\/en\/gesamtverzeichnis\/maschinenbau-und-wirtschaftswissenschaften\/das-praxishandbuch-wissensmanagement\/#webpage\",\"url\":\"https:\/\/tugraztestweb.asol.at\/en\/gesamtverzeichnis\/maschinenbau-und-wirtschaftswissenschaften\/das-praxishandbuch-wissensmanagement\/\",\"name\":\"Das Praxishandbuch Wissensmanagement - Verlag der TU Graz\",\"isPartOf\":{\"@id\":\"https:\/\/tugraztestweb.asol.at\/#website\"},\"primaryImageOfPage\":{\"@id\":\"https:\/\/tugraztestweb.asol.at\/en\/gesamtverzeichnis\/maschinenbau-und-wirtschaftswissenschaften\/das-praxishandbuch-wissensmanagement\/#primaryimage\"},\"datePublished\":\"2020-08-21T12:53:46+00:00\",\"dateModified\":\"2020-08-21T12:54:47+00:00\",\"breadcrumb\":{\"@id\":\"https:\/\/tugraztestweb.asol.at\/en\/gesamtverzeichnis\/maschinenbau-und-wirtschaftswissenschaften\/das-praxishandbuch-wissensmanagement\/#breadcrumb\"},\"inLanguage\":\"en-US\",\"potentialAction\":[{\"@type\":\"ReadAction\",\"target\":[\"https:\/\/tugraztestweb.asol.at\/en\/gesamtverzeichnis\/maschinenbau-und-wirtschaftswissenschaften\/das-praxishandbuch-wissensmanagement\/\"]}]},{\"@type\":\"BreadcrumbList\",\"@id\":\"https:\/\/tugraztestweb.asol.at\/en\/gesamtverzeichnis\/maschinenbau-und-wirtschaftswissenschaften\/das-praxishandbuch-wissensmanagement\/#breadcrumb\",\"itemListElement\":[{\"@type\":\"ListItem\",\"position\":1,\"item\":{\"@type\":\"WebPage\",\"@id\":\"https:\/\/tugraztestweb.asol.at\/\",\"url\":\"https:\/\/tugraztestweb.asol.at\/\",\"name\":\"Home\"}},{\"@type\":\"ListItem\",\"position\":2,\"item\":{\"@type\":\"WebPage\",\"@id\":\"https:\/\/tugraztestweb.asol.at\/gesamtverzeichnis\/\",\"url\":\"https:\/\/tugraztestweb.asol.at\/gesamtverzeichnis\/\",\"name\":\"Gesamtverzeichnis\"}},{\"@type\":\"ListItem\",\"position\":3,\"item\":{\"@type\":\"WebPage\",\"@id\":\"https:\/\/tugraztestweb.asol.at\/en\/gesamtverzeichnis\/maschinenbau-und-wirtschaftswissenschaften\/das-praxishandbuch-wissensmanagement\/\",\"url\":\"https:\/\/tugraztestweb.asol.at\/en\/gesamtverzeichnis\/maschinenbau-und-wirtschaftswissenschaften\/das-praxishandbuch-wissensmanagement\/\",\"name\":\"Das Praxishandbuch Wissensmanagement\"}}]}]}<\/script>\n<!-- \/ Yoast SEO plugin. -->","_links":{"self":[{"href":"https:\/\/tugraztestweb.asol.at\/en\/wp-json\/wp\/v2\/product\/29737"}],"collection":[{"href":"https:\/\/tugraztestweb.asol.at\/en\/wp-json\/wp\/v2\/product"}],"about":[{"href":"https:\/\/tugraztestweb.asol.at\/en\/wp-json\/wp\/v2\/types\/product"}],"replies":[{"embeddable":true,"href":"https:\/\/tugraztestweb.asol.at\/en\/wp-json\/wp\/v2\/comments?post=29737"}],"wp:featuredmedia":[{"embeddable":true,"href":"https:\/\/tugraztestweb.asol.at\/en\/wp-json\/wp\/v2\/media\/39641"}],"wp:attachment":[{"href":"https:\/\/tugraztestweb.asol.at\/en\/wp-json\/wp\/v2\/media?parent=29737"}],"curies":[{"name":"wp","href":"https:\/\/api.w.org\/{rel}","templated":true}]}}