{"id":29752,"date":"2020-08-21T12:53:47","date_gmt":"2020-08-21T12:53:47","guid":{"rendered":"http:\/\/tugraztestweb.asol.at\/gesamtverzeichnis\/unkategorisiert\/duennwandige-segmentfertigteilbauweisen-im-brueckenbau-aus-gefasertem-ultrahochleistungsbeton-uhfb\/"},"modified":"2020-08-21T14:54:47","modified_gmt":"2020-08-21T12:54:47","slug":"duennwandige-segmentfertigteilbauweisen-im-brueckenbau-aus-gefasertem-ultrahochleistungsbeton-uhfb","status":"publish","type":"product","link":"https:\/\/tugraztestweb.asol.at\/en\/gesamtverzeichnis\/bauingenieurwissenschaften\/duennwandige-segmentfertigteilbauweisen-im-brueckenbau-aus-gefasertem-ultrahochleistungsbeton-uhfb\/","title":{"rendered":"D\u00fcnnwandige Segmentfertigteilbauweisen im Br\u00fcckenbau aus gefasertem Ultrahochleistungsbeton (UHFB)"},"content":{"rendered":"<p class=\"qtranxs-available-languages-message qtranxs-available-languages-message-en\">Sorry, this entry is only available in <a href=\"https:\/\/tugraztestweb.asol.at\/de\/wp-json\/wp\/v2\/product\/29752\" class=\"qtranxs-available-language-link qtranxs-available-language-link-de\" title=\"Deutsch\">Deutsch<\/a>.<\/p><p>Gefaserter Ultrahochfester Beton (UHFB) stellt einen derzeitigen Endstand in der Betontechnologie dar und ist mit seinen exzellenten Eigenschaften geradezu pr\u00e4destiniert f\u00fcr Br\u00fcckenbauwerke. Mit der konsequenten Einbeziehung dieser exzellenten Eigenschaften und Besonderheiten sowie unter Ber\u00fccksichtigung der Forderungen der Nachhaltigkeit k\u00f6nnen neue Konstruktionsprinzipien abgeleitet werden, die zu filigranen, modularen und flexiblen Segmentfertigteilbauweisen mit externer Vorspannung und Trockenfuge f\u00fchren. Diese Arbeit kl\u00e4rt wissenschaftliche Fragen, die f\u00fcr die weitere Umsetzung von stoffgerechten, innovativen und wirtschaftlichen Br\u00fcckenkonstruktionen in Kombination mit UHFB erforderlich sind.<\/p>\n<p>Nach der Findung von optimal auf den Werkstoff abgestimmten Konstruktionsprinzipien und der Entwicklung geeigneter Querschnittsformen werden auf Basis einer Analyse der mechanischen Eigenschaften von UHFB entsprechende Werkstoffgesetze und weiter darauf aufbauend Bemessungsmodelle abgeleitet, diskutiert und zusammengestellt. Auf Grundlage dieser erarbeiteten Werkzeuge erfolgen die weitere Optimierung der vorgeschlagenen Querschnitte und Untersuchungen in Br\u00fcckenl\u00e4ngs- und Br\u00fcckenquerrichtung, um letztlich die Machbarkeit und Vorteile der vorgeschlagenen Bauweise aufzuzeigen.<\/p>","protected":false},"excerpt":{"rendered":"<p class=\"qtranxs-available-languages-message qtranxs-available-languages-message-en\">Sorry, this entry is only available in <a href=\"https:\/\/tugraztestweb.asol.at\/de\/wp-json\/wp\/v2\/product\/29752\" class=\"qtranxs-available-language-link qtranxs-available-language-link-de\" title=\"Deutsch\">Deutsch<\/a>.<\/p>\n<p>Gefaserter Ultrahochfester Beton (UHFB) stellt einen derzeitigen Endstand in der Betontechnologie dar und ist mit seinen exzellenten Eigenschaften geradezu pr\u00e4destiniert f\u00fcr Br\u00fcckenbauwerke. Mit der konsequenten Einbeziehung dieser exzellenten Eigenschaften und Besonderheiten sowie unter Ber\u00fccksichtigung der Forderungen der Nachhaltigkeit k\u00f6nnen neue Konstruktionsprinzipien abgeleitet werden, die zu filigranen, modularen und flexiblen Segmentfertigteilbauweisen mit externer Vorspannung und Trockenfuge f\u00fchren. Diese Arbeit kl\u00e4rt wissenschaftliche Fragen, die f\u00fcr die weitere Umsetzung von stoffgerechten, innovativen und wirtschaftlichen Br\u00fcckenkonstruktionen in Kombination mit UHFB erforderlich sind.<\/p>\n<p>Nach der Findung von optimal auf den Werkstoff abgestimmten Konstruktionsprinzipien und der Entwicklung geeigneter Querschnittsformen werden auf Basis einer Analyse der mechanischen Eigenschaften von UHFB entsprechende Werkstoffgesetze und weiter darauf aufbauend Bemessungsmodelle abgeleitet, diskutiert und zusammengestellt. Auf Grundlage dieser erarbeiteten Werkzeuge erfolgen die weitere Optimierung der vorgeschlagenen Querschnitte und Untersuchungen in Br\u00fcckenl\u00e4ngs- und Br\u00fcckenquerrichtung, um letztlich die Machbarkeit und Vorteile der vorgeschlagenen Bauweise aufzuzeigen.<\/p>\n","protected":false},"featured_media":39646,"comment_status":"open","ping_status":"closed","template":"","meta":[],"yoast_head":"<!-- This site is optimized with the Yoast SEO plugin v16.1.1 - https:\/\/yoast.com\/wordpress\/plugins\/seo\/ -->\n<link rel=\"canonical\" href=\"https:\/\/tugraztestweb.asol.at\/en\/gesamtverzeichnis\/bauingenieurwissenschaften\/duennwandige-segmentfertigteilbauweisen-im-brueckenbau-aus-gefasertem-ultrahochleistungsbeton-uhfb\/\" \/>\n<meta property=\"og:locale\" content=\"en_US\" \/>\n<meta property=\"og:type\" content=\"article\" \/>\n<meta property=\"og:title\" content=\"D\u00fcnnwandige Segmentfertigteilbauweisen im Br\u00fcckenbau aus gefasertem Ultrahochleistungsbeton (UHFB) - Verlag der TU Graz\" \/>\n<meta property=\"og:description\" content=\"Gefaserter Ultrahochfester Beton (UHFB) stellt einen derzeitigen Endstand in der Betontechnologie dar und ist mit seinen exzellenten Eigenschaften geradezu pr\u00e4destiniert f\u00fcr Br\u00fcckenbauwerke. Mit der konsequenten Einbeziehung dieser exzellenten Eigenschaften und Besonderheiten sowie unter Ber\u00fccksichtigung der Forderungen der Nachhaltigkeit k\u00f6nnen neue Konstruktionsprinzipien abgeleitet werden, die zu filigranen, modularen und flexiblen Segmentfertigteilbauweisen mit externer Vorspannung und Trockenfuge f\u00fchren. Diese Arbeit kl\u00e4rt wissenschaftliche Fragen, die f\u00fcr die weitere Umsetzung von stoffgerechten, innovativen und wirtschaftlichen Br\u00fcckenkonstruktionen in Kombination mit UHFB erforderlich sind. Nach der Findung von optimal auf den Werkstoff abgestimmten Konstruktionsprinzipien und der Entwicklung geeigneter Querschnittsformen werden auf Basis einer Analyse der mechanischen Eigenschaften von UHFB entsprechende Werkstoffgesetze und weiter darauf aufbauend Bemessungsmodelle abgeleitet, diskutiert und zusammengestellt. Auf Grundlage dieser erarbeiteten Werkzeuge erfolgen die weitere Optimierung der vorgeschlagenen Querschnitte und Untersuchungen in Br\u00fcckenl\u00e4ngs- und Br\u00fcckenquerrichtung, um letztlich die Machbarkeit und Vorteile der vorgeschlagenen Bauweise aufzuzeigen.\" \/>\n<meta property=\"og:url\" content=\"https:\/\/tugraztestweb.asol.at\/en\/gesamtverzeichnis\/bauingenieurwissenschaften\/duennwandige-segmentfertigteilbauweisen-im-brueckenbau-aus-gefasertem-ultrahochleistungsbeton-uhfb\/\" \/>\n<meta property=\"og:site_name\" content=\"Verlag der TU Graz\" \/>\n<meta property=\"article:modified_time\" content=\"2020-08-21T12:54:47+00:00\" \/>\n<meta property=\"og:image\" content=\"https:\/\/tugraztestweb.asol.at\/wp-content\/uploads\/2020\/08\/image-978-3-85125-168-5.jpg\" \/>\n\t<meta property=\"og:image:width\" content=\"575\" \/>\n\t<meta property=\"og:image:height\" content=\"843\" \/>\n<meta name=\"twitter:card\" content=\"summary_large_image\" \/>\n<meta name=\"twitter:label1\" content=\"Est. reading time\">\n\t<meta name=\"twitter:data1\" content=\"1 minute\">\n<script type=\"application\/ld+json\" class=\"yoast-schema-graph\">{\"@context\":\"https:\/\/schema.org\",\"@graph\":[{\"@type\":\"WebSite\",\"@id\":\"https:\/\/tugraztestweb.asol.at\/#website\",\"url\":\"https:\/\/tugraztestweb.asol.at\/\",\"name\":\"Verlag der TU Graz\",\"description\":\"Verlag der Technischen Universit\\u00e4t Graz\",\"potentialAction\":[{\"@type\":\"SearchAction\",\"target\":\"https:\/\/tugraztestweb.asol.at\/?s={search_term_string}\",\"query-input\":\"required name=search_term_string\"}],\"inLanguage\":\"en-US\"},{\"@type\":\"ImageObject\",\"@id\":\"https:\/\/tugraztestweb.asol.at\/en\/gesamtverzeichnis\/bauingenieurwissenschaften\/duennwandige-segmentfertigteilbauweisen-im-brueckenbau-aus-gefasertem-ultrahochleistungsbeton-uhfb\/#primaryimage\",\"inLanguage\":\"en-US\",\"url\":\"https:\/\/tugraztestweb.asol.at\/wp-content\/uploads\/2020\/08\/image-978-3-85125-168-5.jpg\",\"contentUrl\":\"https:\/\/tugraztestweb.asol.at\/wp-content\/uploads\/2020\/08\/image-978-3-85125-168-5.jpg\",\"width\":575,\"height\":843},{\"@type\":\"WebPage\",\"@id\":\"https:\/\/tugraztestweb.asol.at\/en\/gesamtverzeichnis\/bauingenieurwissenschaften\/duennwandige-segmentfertigteilbauweisen-im-brueckenbau-aus-gefasertem-ultrahochleistungsbeton-uhfb\/#webpage\",\"url\":\"https:\/\/tugraztestweb.asol.at\/en\/gesamtverzeichnis\/bauingenieurwissenschaften\/duennwandige-segmentfertigteilbauweisen-im-brueckenbau-aus-gefasertem-ultrahochleistungsbeton-uhfb\/\",\"name\":\"D\\u00fcnnwandige Segmentfertigteilbauweisen im Br\\u00fcckenbau aus gefasertem Ultrahochleistungsbeton (UHFB) - Verlag der TU Graz\",\"isPartOf\":{\"@id\":\"https:\/\/tugraztestweb.asol.at\/#website\"},\"primaryImageOfPage\":{\"@id\":\"https:\/\/tugraztestweb.asol.at\/en\/gesamtverzeichnis\/bauingenieurwissenschaften\/duennwandige-segmentfertigteilbauweisen-im-brueckenbau-aus-gefasertem-ultrahochleistungsbeton-uhfb\/#primaryimage\"},\"datePublished\":\"2020-08-21T12:53:47+00:00\",\"dateModified\":\"2020-08-21T12:54:47+00:00\",\"breadcrumb\":{\"@id\":\"https:\/\/tugraztestweb.asol.at\/en\/gesamtverzeichnis\/bauingenieurwissenschaften\/duennwandige-segmentfertigteilbauweisen-im-brueckenbau-aus-gefasertem-ultrahochleistungsbeton-uhfb\/#breadcrumb\"},\"inLanguage\":\"en-US\",\"potentialAction\":[{\"@type\":\"ReadAction\",\"target\":[\"https:\/\/tugraztestweb.asol.at\/en\/gesamtverzeichnis\/bauingenieurwissenschaften\/duennwandige-segmentfertigteilbauweisen-im-brueckenbau-aus-gefasertem-ultrahochleistungsbeton-uhfb\/\"]}]},{\"@type\":\"BreadcrumbList\",\"@id\":\"https:\/\/tugraztestweb.asol.at\/en\/gesamtverzeichnis\/bauingenieurwissenschaften\/duennwandige-segmentfertigteilbauweisen-im-brueckenbau-aus-gefasertem-ultrahochleistungsbeton-uhfb\/#breadcrumb\",\"itemListElement\":[{\"@type\":\"ListItem\",\"position\":1,\"item\":{\"@type\":\"WebPage\",\"@id\":\"https:\/\/tugraztestweb.asol.at\/\",\"url\":\"https:\/\/tugraztestweb.asol.at\/\",\"name\":\"Home\"}},{\"@type\":\"ListItem\",\"position\":2,\"item\":{\"@type\":\"WebPage\",\"@id\":\"https:\/\/tugraztestweb.asol.at\/gesamtverzeichnis\/\",\"url\":\"https:\/\/tugraztestweb.asol.at\/gesamtverzeichnis\/\",\"name\":\"Gesamtverzeichnis\"}},{\"@type\":\"ListItem\",\"position\":3,\"item\":{\"@type\":\"WebPage\",\"@id\":\"https:\/\/tugraztestweb.asol.at\/en\/gesamtverzeichnis\/bauingenieurwissenschaften\/duennwandige-segmentfertigteilbauweisen-im-brueckenbau-aus-gefasertem-ultrahochleistungsbeton-uhfb\/\",\"url\":\"https:\/\/tugraztestweb.asol.at\/en\/gesamtverzeichnis\/bauingenieurwissenschaften\/duennwandige-segmentfertigteilbauweisen-im-brueckenbau-aus-gefasertem-ultrahochleistungsbeton-uhfb\/\",\"name\":\"D\\u00fcnnwandige Segmentfertigteilbauweisen im Br\\u00fcckenbau aus gefasertem Ultrahochleistungsbeton (UHFB)\"}}]}]}<\/script>\n<!-- \/ Yoast SEO plugin. -->","_links":{"self":[{"href":"https:\/\/tugraztestweb.asol.at\/en\/wp-json\/wp\/v2\/product\/29752"}],"collection":[{"href":"https:\/\/tugraztestweb.asol.at\/en\/wp-json\/wp\/v2\/product"}],"about":[{"href":"https:\/\/tugraztestweb.asol.at\/en\/wp-json\/wp\/v2\/types\/product"}],"replies":[{"embeddable":true,"href":"https:\/\/tugraztestweb.asol.at\/en\/wp-json\/wp\/v2\/comments?post=29752"}],"wp:featuredmedia":[{"embeddable":true,"href":"https:\/\/tugraztestweb.asol.at\/en\/wp-json\/wp\/v2\/media\/39646"}],"wp:attachment":[{"href":"https:\/\/tugraztestweb.asol.at\/en\/wp-json\/wp\/v2\/media?parent=29752"}],"curies":[{"name":"wp","href":"https:\/\/api.w.org\/{rel}","templated":true}]}}