{"id":29754,"date":"2020-08-21T12:53:47","date_gmt":"2020-08-21T12:53:47","guid":{"rendered":"http:\/\/tugraztestweb.asol.at\/gesamtverzeichnis\/unkategorisiert\/dynamic-behavior-of-semi-rigid-frames-considering-ssi\/"},"modified":"2020-08-21T14:54:47","modified_gmt":"2020-08-21T12:54:47","slug":"dynamic-behavior-of-semi-rigid-frames-considering-ssi","status":"publish","type":"product","link":"https:\/\/tugraztestweb.asol.at\/en\/gesamtverzeichnis\/bauingenieurwissenschaften\/dynamic-behavior-of-semi-rigid-frames-considering-ssi\/","title":{"rendered":"Dynamic behavior of semi-rigid frames considering SSI"},"content":{"rendered":"<p class=\"qtranxs-available-languages-message qtranxs-available-languages-message-en\">Sorry, this entry is only available in <a href=\"https:\/\/tugraztestweb.asol.at\/de\/wp-json\/wp\/v2\/product\/29754\" class=\"qtranxs-available-language-link qtranxs-available-language-link-de\" title=\"Deutsch\">Deutsch<\/a>.<\/p><p>In dieser Arbeit werden die Auswirkungen nachgiebiger Verbindungen und nachgiebiger Lagerbedingungen auf Stahlrahmen untersucht. Zu diesem Zweck wird eine Simulation entwickelt, die sowohl nachgiebige Verbindungen als auch die Interaktion zwischen Boden und Bauwerk ber\u00fccksichtigt. F\u00fcr die Berechnung der Boden-Bauwerk-Interaktion wird eine gekoppelte BEM-FEM Rechnung durchgef\u00fchrt, auf diese Weise k\u00f6nnen die individuellen Vorteile der beiden Methoden bestm\u00f6glich gen\u00fctzt werden. Die Struktur mit den nachgiebigen Verbindungen wird mit finiten Elementen abgebildet, was die Ber\u00fccksichtigung nichtlinearer Verbindungskennlinien erm\u00f6glicht. Der unendlich ausgedehnte Baugrund wird mit Randelementen diskretisiert, soda\u00df die Abstrahlbedingung implizit erf\u00fcllt ist. Zun\u00e4chst werden verschiedene Verbindungsmodelle und deren Einbau in Strukturmodelle diskutiert. Nach einem \u00dcberblick \u00fcber die Grundlagen der FEM und BEM f\u00fcr transiente Probleme wird die Duhamel-BEM vorgestellt. Diese Substrukturtechnik basiert auf verallgemeinerten Duhamel-Integralen und deren numerischer Auswertung mit Hilfe des Faltungsquadraturverfahrens (CQM). Einige Beispiele verdeutlichen die Auswirkung von nachgiebigen Verbindungen und weichem Baugrund auf das dynamische Verhalten von Stahlrahmen. Mehrere Verbindungsarten und Fundamente auf verschiedenen B\u00f6den zeigen, da\u00df die Eigenschwingzeit mit abnehmender Steifigkeit zunimmt. Sowohl weiche Bodenbedingungen als auch nachgiebige Verbindungen tragen zur Reduktion der Steifigkeit und damit zu h\u00f6heren Eigenperioden bei. Durch die Wahl bestimmter Verbindungsarten kann die H\u00f6he der D\u00e4mpfungswirkung beeinflu\u00dft werden. Die Verformungsantwort aufgrund harmonischer Belastung h\u00e4ngt von der Erregerfrequenz ab, wobei die absoluten Deformationen in Konstruktionen mit nachgiebigen Verbindungen stets gr\u00f6\u00dfer sind. Mit zunehmender Steifigkeit des Bodens nimmt die Auswirkung der Boden-Bauwerks-Interaktion ab, und die D\u00e4mpfungswirkung ist zunehmend auf die flexiblen Verbindungen zur\u00fcckzuf\u00fchren.<\/p>","protected":false},"excerpt":{"rendered":"<p class=\"qtranxs-available-languages-message qtranxs-available-languages-message-en\">Sorry, this entry is only available in <a href=\"https:\/\/tugraztestweb.asol.at\/de\/wp-json\/wp\/v2\/product\/29754\" class=\"qtranxs-available-language-link qtranxs-available-language-link-de\" title=\"Deutsch\">Deutsch<\/a>.<\/p>\n<p>In dieser Arbeit werden die Auswirkungen nachgiebiger Verbindungen und nachgiebiger Lagerbedingungen auf Stahlrahmen untersucht. Zu diesem Zweck wird eine Simulation entwickelt, die sowohl nachgiebige Verbindungen als auch die Interaktion zwischen Boden und Bauwerk ber\u00fccksichtigt. F\u00fcr die Berechnung der Boden-Bauwerk-Interaktion wird eine gekoppelte BEM-FEM Rechnung durchgef\u00fchrt, auf diese Weise k\u00f6nnen die individuellen Vorteile der beiden Methoden bestm\u00f6glich gen\u00fctzt werden. Die Struktur mit den nachgiebigen Verbindungen wird mit finiten Elementen abgebildet, was die Ber\u00fccksichtigung nichtlinearer Verbindungskennlinien erm\u00f6glicht. Der unendlich ausgedehnte Baugrund wird mit Randelementen diskretisiert, soda\u00df die Abstrahlbedingung implizit erf\u00fcllt ist. Zun\u00e4chst werden verschiedene Verbindungsmodelle und deren Einbau in Strukturmodelle diskutiert. Nach einem \u00dcberblick \u00fcber die Grundlagen der FEM und BEM f\u00fcr transiente Probleme wird die Duhamel-BEM vorgestellt. Diese Substrukturtechnik basiert auf verallgemeinerten Duhamel-Integralen und deren numerischer Auswertung mit Hilfe des Faltungsquadraturverfahrens (CQM). Einige Beispiele verdeutlichen die Auswirkung von nachgiebigen Verbindungen und weichem Baugrund auf das dynamische Verhalten von Stahlrahmen. Mehrere Verbindungsarten und Fundamente auf verschiedenen B\u00f6den zeigen, da\u00df die Eigenschwingzeit mit abnehmender Steifigkeit zunimmt. Sowohl weiche Bodenbedingungen als auch nachgiebige Verbindungen tragen zur Reduktion der Steifigkeit und damit zu h\u00f6heren Eigenperioden bei. Durch die Wahl bestimmter Verbindungsarten kann die H\u00f6he der D\u00e4mpfungswirkung beeinflu\u00dft werden. Die Verformungsantwort aufgrund harmonischer Belastung h\u00e4ngt von der Erregerfrequenz ab, wobei die absoluten Deformationen in Konstruktionen mit nachgiebigen Verbindungen stets gr\u00f6\u00dfer sind. Mit zunehmender Steifigkeit des Bodens nimmt die Auswirkung der Boden-Bauwerks-Interaktion ab, und die D\u00e4mpfungswirkung ist zunehmend auf die flexiblen Verbindungen zur\u00fcckzuf\u00fchren.<\/p>\n","protected":false},"featured_media":39647,"comment_status":"open","ping_status":"closed","template":"","meta":[],"yoast_head":"<!-- This site is optimized with the Yoast SEO plugin v16.1.1 - https:\/\/yoast.com\/wordpress\/plugins\/seo\/ -->\n<link rel=\"canonical\" href=\"https:\/\/tugraztestweb.asol.at\/gesamtverzeichnis\/bauingenieurwissenschaften\/dynamic-behavior-of-semi-rigid-frames-considering-ssi\/\" \/>\n<meta property=\"og:locale\" content=\"en_US\" \/>\n<meta property=\"og:type\" content=\"article\" \/>\n<meta property=\"og:title\" content=\"Dynamic behavior of semi-rigid frames considering SSI - Verlag der TU Graz\" \/>\n<meta property=\"og:description\" content=\"In dieser Arbeit werden die Auswirkungen nachgiebiger Verbindungen und nachgiebiger Lagerbedingungen auf Stahlrahmen untersucht. Zu diesem Zweck wird eine Simulation entwickelt, die sowohl nachgiebige Verbindungen als auch die Interaktion zwischen Boden und Bauwerk ber\u00fccksichtigt. F\u00fcr die Berechnung der Boden-Bauwerk-Interaktion wird eine gekoppelte BEM-FEM Rechnung durchgef\u00fchrt, auf diese Weise k\u00f6nnen die individuellen Vorteile der beiden Methoden bestm\u00f6glich gen\u00fctzt werden. Die Struktur mit den nachgiebigen Verbindungen wird mit finiten Elementen abgebildet, was die Ber\u00fccksichtigung nichtlinearer Verbindungskennlinien erm\u00f6glicht. Der unendlich ausgedehnte Baugrund wird mit Randelementen diskretisiert, soda\u00df die Abstrahlbedingung implizit erf\u00fcllt ist. Zun\u00e4chst werden verschiedene Verbindungsmodelle und deren Einbau in Strukturmodelle diskutiert. Nach einem \u00dcberblick \u00fcber die Grundlagen der FEM und BEM f\u00fcr transiente Probleme wird die Duhamel-BEM vorgestellt. Diese Substrukturtechnik basiert auf verallgemeinerten Duhamel-Integralen und deren numerischer Auswertung mit Hilfe des Faltungsquadraturverfahrens (CQM). Einige Beispiele verdeutlichen die Auswirkung von nachgiebigen Verbindungen und weichem Baugrund auf das dynamische Verhalten von Stahlrahmen. Mehrere Verbindungsarten und Fundamente auf verschiedenen B\u00f6den zeigen, da\u00df die Eigenschwingzeit mit abnehmender Steifigkeit zunimmt. Sowohl weiche Bodenbedingungen als auch nachgiebige Verbindungen tragen zur Reduktion der Steifigkeit und damit zu h\u00f6heren Eigenperioden bei. Durch die Wahl bestimmter Verbindungsarten kann die H\u00f6he der D\u00e4mpfungswirkung beeinflu\u00dft werden. Die Verformungsantwort aufgrund harmonischer Belastung h\u00e4ngt von der Erregerfrequenz ab, wobei die absoluten Deformationen in Konstruktionen mit nachgiebigen Verbindungen stets gr\u00f6\u00dfer sind. Mit zunehmender Steifigkeit des Bodens nimmt die Auswirkung der Boden-Bauwerks-Interaktion ab, und die D\u00e4mpfungswirkung ist zunehmend auf die flexiblen Verbindungen zur\u00fcckzuf\u00fchren.\" \/>\n<meta property=\"og:url\" content=\"https:\/\/tugraztestweb.asol.at\/gesamtverzeichnis\/bauingenieurwissenschaften\/dynamic-behavior-of-semi-rigid-frames-considering-ssi\/\" \/>\n<meta property=\"og:site_name\" content=\"Verlag der TU Graz\" \/>\n<meta property=\"article:modified_time\" content=\"2020-08-21T12:54:47+00:00\" \/>\n<meta property=\"og:image\" content=\"https:\/\/tugraztestweb.asol.at\/wp-content\/uploads\/2020\/08\/image-978-3-85125-064-0.jpg\" \/>\n\t<meta property=\"og:image:width\" content=\"457\" \/>\n\t<meta property=\"og:image:height\" content=\"672\" \/>\n<meta name=\"twitter:card\" content=\"summary_large_image\" \/>\n<meta name=\"twitter:label1\" content=\"Est. reading time\">\n\t<meta name=\"twitter:data1\" content=\"1 minute\">\n<script type=\"application\/ld+json\" class=\"yoast-schema-graph\">{\"@context\":\"https:\/\/schema.org\",\"@graph\":[{\"@type\":\"WebSite\",\"@id\":\"https:\/\/tugraztestweb.asol.at\/#website\",\"url\":\"https:\/\/tugraztestweb.asol.at\/\",\"name\":\"Verlag der TU Graz\",\"description\":\"Verlag der Technischen Universit\\u00e4t Graz\",\"potentialAction\":[{\"@type\":\"SearchAction\",\"target\":\"https:\/\/tugraztestweb.asol.at\/?s={search_term_string}\",\"query-input\":\"required name=search_term_string\"}],\"inLanguage\":\"en-US\"},{\"@type\":\"ImageObject\",\"@id\":\"https:\/\/tugraztestweb.asol.at\/gesamtverzeichnis\/bauingenieurwissenschaften\/dynamic-behavior-of-semi-rigid-frames-considering-ssi\/#primaryimage\",\"inLanguage\":\"en-US\",\"url\":\"https:\/\/tugraztestweb.asol.at\/wp-content\/uploads\/2020\/08\/image-978-3-85125-064-0.jpg\",\"contentUrl\":\"https:\/\/tugraztestweb.asol.at\/wp-content\/uploads\/2020\/08\/image-978-3-85125-064-0.jpg\",\"width\":457,\"height\":672},{\"@type\":\"WebPage\",\"@id\":\"https:\/\/tugraztestweb.asol.at\/gesamtverzeichnis\/bauingenieurwissenschaften\/dynamic-behavior-of-semi-rigid-frames-considering-ssi\/#webpage\",\"url\":\"https:\/\/tugraztestweb.asol.at\/gesamtverzeichnis\/bauingenieurwissenschaften\/dynamic-behavior-of-semi-rigid-frames-considering-ssi\/\",\"name\":\"Dynamic behavior of semi-rigid frames considering SSI - Verlag der TU Graz\",\"isPartOf\":{\"@id\":\"https:\/\/tugraztestweb.asol.at\/#website\"},\"primaryImageOfPage\":{\"@id\":\"https:\/\/tugraztestweb.asol.at\/gesamtverzeichnis\/bauingenieurwissenschaften\/dynamic-behavior-of-semi-rigid-frames-considering-ssi\/#primaryimage\"},\"datePublished\":\"2020-08-21T12:53:47+00:00\",\"dateModified\":\"2020-08-21T12:54:47+00:00\",\"breadcrumb\":{\"@id\":\"https:\/\/tugraztestweb.asol.at\/gesamtverzeichnis\/bauingenieurwissenschaften\/dynamic-behavior-of-semi-rigid-frames-considering-ssi\/#breadcrumb\"},\"inLanguage\":\"en-US\",\"potentialAction\":[{\"@type\":\"ReadAction\",\"target\":[\"https:\/\/tugraztestweb.asol.at\/gesamtverzeichnis\/bauingenieurwissenschaften\/dynamic-behavior-of-semi-rigid-frames-considering-ssi\/\"]}]},{\"@type\":\"BreadcrumbList\",\"@id\":\"https:\/\/tugraztestweb.asol.at\/gesamtverzeichnis\/bauingenieurwissenschaften\/dynamic-behavior-of-semi-rigid-frames-considering-ssi\/#breadcrumb\",\"itemListElement\":[{\"@type\":\"ListItem\",\"position\":1,\"item\":{\"@type\":\"WebPage\",\"@id\":\"https:\/\/tugraztestweb.asol.at\/\",\"url\":\"https:\/\/tugraztestweb.asol.at\/\",\"name\":\"Home\"}},{\"@type\":\"ListItem\",\"position\":2,\"item\":{\"@type\":\"WebPage\",\"@id\":\"https:\/\/tugraztestweb.asol.at\/gesamtverzeichnis\/\",\"url\":\"https:\/\/tugraztestweb.asol.at\/gesamtverzeichnis\/\",\"name\":\"Gesamtverzeichnis\"}},{\"@type\":\"ListItem\",\"position\":3,\"item\":{\"@type\":\"WebPage\",\"@id\":\"https:\/\/tugraztestweb.asol.at\/gesamtverzeichnis\/bauingenieurwissenschaften\/dynamic-behavior-of-semi-rigid-frames-considering-ssi\/\",\"url\":\"https:\/\/tugraztestweb.asol.at\/gesamtverzeichnis\/bauingenieurwissenschaften\/dynamic-behavior-of-semi-rigid-frames-considering-ssi\/\",\"name\":\"Dynamic behavior of semi-rigid frames considering SSI\"}}]}]}<\/script>\n<!-- \/ Yoast SEO plugin. -->","_links":{"self":[{"href":"https:\/\/tugraztestweb.asol.at\/en\/wp-json\/wp\/v2\/product\/29754"}],"collection":[{"href":"https:\/\/tugraztestweb.asol.at\/en\/wp-json\/wp\/v2\/product"}],"about":[{"href":"https:\/\/tugraztestweb.asol.at\/en\/wp-json\/wp\/v2\/types\/product"}],"replies":[{"embeddable":true,"href":"https:\/\/tugraztestweb.asol.at\/en\/wp-json\/wp\/v2\/comments?post=29754"}],"wp:featuredmedia":[{"embeddable":true,"href":"https:\/\/tugraztestweb.asol.at\/en\/wp-json\/wp\/v2\/media\/39647"}],"wp:attachment":[{"href":"https:\/\/tugraztestweb.asol.at\/en\/wp-json\/wp\/v2\/media?parent=29754"}],"curies":[{"name":"wp","href":"https:\/\/api.w.org\/{rel}","templated":true}]}}