{"id":29767,"date":"2020-08-21T12:53:47","date_gmt":"2020-08-21T12:53:47","guid":{"rendered":"http:\/\/tugraztestweb.asol.at\/gesamtverzeichnis\/unkategorisiert\/entwicklungsbegleitende-kalkulation-im-maschinenbau\/"},"modified":"2020-08-21T14:54:47","modified_gmt":"2020-08-21T12:54:47","slug":"entwicklungsbegleitende-kalkulation-im-maschinenbau","status":"publish","type":"product","link":"https:\/\/tugraztestweb.asol.at\/en\/gesamtverzeichnis\/maschinenbau-und-wirtschaftswissenschaften\/entwicklungsbegleitende-kalkulation-im-maschinenbau\/","title":{"rendered":"Entwicklungsbegleitende Kalkulation im Maschinenbau"},"content":{"rendered":"<p class=\"qtranxs-available-languages-message qtranxs-available-languages-message-en\">Sorry, this entry is only available in <a href=\"https:\/\/tugraztestweb.asol.at\/de\/wp-json\/wp\/v2\/product\/29767\" class=\"qtranxs-available-language-link qtranxs-available-language-link-de\" title=\"Deutsch\">Deutsch<\/a>.<\/p><p>Das Kostenbeeinflussungspotential ist gerade in fr\u00fchen Phasen des Konstruktionsprozesses besonders hoch. Um dieses Potential nutzen zu k\u00f6nnen, sind entsprechende Werkzeuge zur kostenm\u00e4\u00dfigen Bewertung alternativer konstruktiver L\u00f6sungen notwendig. Kalkulationsrelevante Informationen stehen allerdings erst am Ende des Konstruktionsprozesses zur Verf\u00fcgung, neue Wege in der Kalkulation sind deshalb gefordert.<br \/>\nDieses Buch basiert auf den Erkenntnissen, welche bei der Entwicklung eines Kalkulationswerkzeugs f\u00fcr den Einsatz w\u00e4hrend des Konstruktionsprozesses gewonnen werden konnten. Das erarbeitete Verfahren zur Bestimmung der Herstellungskosten von Schwei\u00dfbauteilen zeichnet sich durch ein statistisch abgesichertes Kostenmodell und eine sehr hohe Kalkulationsgenauigkeit aus.<br \/>\nUm die Erkenntnisse auf andere Unternehmen \u00fcbertragen zu k\u00f6nnen, wird insbesondere auf den zugrundliegenden Kostenmodellansatz eingegangen. Dar\u00fcber hinaus werden die wichtigsten Grundlagen beleuchtet, ein \u00dcberblick \u00fcber den Stand der Technik im Bereich der entwicklungsbegleitenden Kalkulation gegeben und der Entwicklungsprozess mit seinen wichtigsten Einflussfaktoren beschrieben<\/p>","protected":false},"excerpt":{"rendered":"<p class=\"qtranxs-available-languages-message qtranxs-available-languages-message-en\">Sorry, this entry is only available in <a href=\"https:\/\/tugraztestweb.asol.at\/de\/wp-json\/wp\/v2\/product\/29767\" class=\"qtranxs-available-language-link qtranxs-available-language-link-de\" title=\"Deutsch\">Deutsch<\/a>.<\/p>\n<p>Das Kostenbeeinflussungspotential ist gerade in fr\u00fchen Phasen des Konstruktionsprozesses besonders hoch. Um dieses Potential nutzen zu k\u00f6nnen, sind entsprechende Werkzeuge zur kostenm\u00e4\u00dfigen Bewertung alternativer konstruktiver L\u00f6sungen notwendig. Kalkulationsrelevante Informationen stehen allerdings erst am Ende des Konstruktionsprozesses zur Verf\u00fcgung, neue Wege in der Kalkulation sind deshalb gefordert.<br \/>\nDieses Buch basiert auf den Erkenntnissen, welche bei der Entwicklung eines Kalkulationswerkzeugs f\u00fcr den Einsatz w\u00e4hrend des Konstruktionsprozesses gewonnen werden konnten. Das erarbeitete Verfahren zur Bestimmung der Herstellungskosten von Schwei\u00dfbauteilen zeichnet sich durch ein statistisch abgesichertes Kostenmodell und eine sehr hohe Kalkulationsgenauigkeit aus.<br \/>\nUm die Erkenntnisse auf andere Unternehmen \u00fcbertragen zu k\u00f6nnen, wird insbesondere auf den zugrundliegenden Kostenmodellansatz eingegangen. Dar\u00fcber hinaus werden die wichtigsten Grundlagen beleuchtet, ein \u00dcberblick \u00fcber den Stand der Technik im Bereich der entwicklungsbegleitenden Kalkulation gegeben und der Entwicklungsprozess mit seinen wichtigsten Einflussfaktoren beschrieben<\/p>\n","protected":false},"featured_media":39652,"comment_status":"open","ping_status":"closed","template":"","meta":[],"yoast_head":"<!-- This site is optimized with the Yoast SEO plugin v16.1.1 - https:\/\/yoast.com\/wordpress\/plugins\/seo\/ -->\n<link rel=\"canonical\" href=\"https:\/\/tugraztestweb.asol.at\/gesamtverzeichnis\/maschinenbau-und-wirtschaftswissenschaften\/entwicklungsbegleitende-kalkulation-im-maschinenbau\/\" \/>\n<meta property=\"og:locale\" content=\"en_US\" \/>\n<meta property=\"og:type\" content=\"article\" \/>\n<meta property=\"og:title\" content=\"Entwicklungsbegleitende Kalkulation im Maschinenbau - Verlag der TU Graz\" \/>\n<meta property=\"og:description\" content=\"Das Kostenbeeinflussungspotential ist gerade in fr\u00fchen Phasen des Konstruktionsprozesses besonders hoch. Um dieses Potential nutzen zu k\u00f6nnen, sind entsprechende Werkzeuge zur kostenm\u00e4\u00dfigen Bewertung alternativer konstruktiver L\u00f6sungen notwendig. Kalkulationsrelevante Informationen stehen allerdings erst am Ende des Konstruktionsprozesses zur Verf\u00fcgung, neue Wege in der Kalkulation sind deshalb gefordert. Dieses Buch basiert auf den Erkenntnissen, welche bei der Entwicklung eines Kalkulationswerkzeugs f\u00fcr den Einsatz w\u00e4hrend des Konstruktionsprozesses gewonnen werden konnten. Das erarbeitete Verfahren zur Bestimmung der Herstellungskosten von Schwei\u00dfbauteilen zeichnet sich durch ein statistisch abgesichertes Kostenmodell und eine sehr hohe Kalkulationsgenauigkeit aus. Um die Erkenntnisse auf andere Unternehmen \u00fcbertragen zu k\u00f6nnen, wird insbesondere auf den zugrundliegenden Kostenmodellansatz eingegangen. Dar\u00fcber hinaus werden die wichtigsten Grundlagen beleuchtet, ein \u00dcberblick \u00fcber den Stand der Technik im Bereich der entwicklungsbegleitenden Kalkulation gegeben und der Entwicklungsprozess mit seinen wichtigsten Einflussfaktoren beschrieben\" \/>\n<meta property=\"og:url\" content=\"https:\/\/tugraztestweb.asol.at\/gesamtverzeichnis\/maschinenbau-und-wirtschaftswissenschaften\/entwicklungsbegleitende-kalkulation-im-maschinenbau\/\" \/>\n<meta property=\"og:site_name\" content=\"Verlag der TU Graz\" \/>\n<meta property=\"article:modified_time\" content=\"2020-08-21T12:54:47+00:00\" \/>\n<meta property=\"og:image\" content=\"https:\/\/tugraztestweb.asol.at\/wp-content\/uploads\/2020\/08\/image-978-3-85125-087-9.jpg\" \/>\n\t<meta property=\"og:image:width\" content=\"522\" \/>\n\t<meta property=\"og:image:height\" content=\"765\" \/>\n<meta name=\"twitter:card\" content=\"summary_large_image\" \/>\n<meta name=\"twitter:label1\" content=\"Est. reading time\">\n\t<meta name=\"twitter:data1\" content=\"1 minute\">\n<script type=\"application\/ld+json\" class=\"yoast-schema-graph\">{\"@context\":\"https:\/\/schema.org\",\"@graph\":[{\"@type\":\"WebSite\",\"@id\":\"https:\/\/tugraztestweb.asol.at\/#website\",\"url\":\"https:\/\/tugraztestweb.asol.at\/\",\"name\":\"Verlag der TU Graz\",\"description\":\"Verlag der Technischen Universit\\u00e4t Graz\",\"potentialAction\":[{\"@type\":\"SearchAction\",\"target\":\"https:\/\/tugraztestweb.asol.at\/?s={search_term_string}\",\"query-input\":\"required name=search_term_string\"}],\"inLanguage\":\"en-US\"},{\"@type\":\"ImageObject\",\"@id\":\"https:\/\/tugraztestweb.asol.at\/gesamtverzeichnis\/maschinenbau-und-wirtschaftswissenschaften\/entwicklungsbegleitende-kalkulation-im-maschinenbau\/#primaryimage\",\"inLanguage\":\"en-US\",\"url\":\"https:\/\/tugraztestweb.asol.at\/wp-content\/uploads\/2020\/08\/image-978-3-85125-087-9.jpg\",\"contentUrl\":\"https:\/\/tugraztestweb.asol.at\/wp-content\/uploads\/2020\/08\/image-978-3-85125-087-9.jpg\",\"width\":522,\"height\":765},{\"@type\":\"WebPage\",\"@id\":\"https:\/\/tugraztestweb.asol.at\/gesamtverzeichnis\/maschinenbau-und-wirtschaftswissenschaften\/entwicklungsbegleitende-kalkulation-im-maschinenbau\/#webpage\",\"url\":\"https:\/\/tugraztestweb.asol.at\/gesamtverzeichnis\/maschinenbau-und-wirtschaftswissenschaften\/entwicklungsbegleitende-kalkulation-im-maschinenbau\/\",\"name\":\"Entwicklungsbegleitende Kalkulation im Maschinenbau - Verlag der TU Graz\",\"isPartOf\":{\"@id\":\"https:\/\/tugraztestweb.asol.at\/#website\"},\"primaryImageOfPage\":{\"@id\":\"https:\/\/tugraztestweb.asol.at\/gesamtverzeichnis\/maschinenbau-und-wirtschaftswissenschaften\/entwicklungsbegleitende-kalkulation-im-maschinenbau\/#primaryimage\"},\"datePublished\":\"2020-08-21T12:53:47+00:00\",\"dateModified\":\"2020-08-21T12:54:47+00:00\",\"breadcrumb\":{\"@id\":\"https:\/\/tugraztestweb.asol.at\/gesamtverzeichnis\/maschinenbau-und-wirtschaftswissenschaften\/entwicklungsbegleitende-kalkulation-im-maschinenbau\/#breadcrumb\"},\"inLanguage\":\"en-US\",\"potentialAction\":[{\"@type\":\"ReadAction\",\"target\":[\"https:\/\/tugraztestweb.asol.at\/gesamtverzeichnis\/maschinenbau-und-wirtschaftswissenschaften\/entwicklungsbegleitende-kalkulation-im-maschinenbau\/\"]}]},{\"@type\":\"BreadcrumbList\",\"@id\":\"https:\/\/tugraztestweb.asol.at\/gesamtverzeichnis\/maschinenbau-und-wirtschaftswissenschaften\/entwicklungsbegleitende-kalkulation-im-maschinenbau\/#breadcrumb\",\"itemListElement\":[{\"@type\":\"ListItem\",\"position\":1,\"item\":{\"@type\":\"WebPage\",\"@id\":\"https:\/\/tugraztestweb.asol.at\/\",\"url\":\"https:\/\/tugraztestweb.asol.at\/\",\"name\":\"Home\"}},{\"@type\":\"ListItem\",\"position\":2,\"item\":{\"@type\":\"WebPage\",\"@id\":\"https:\/\/tugraztestweb.asol.at\/gesamtverzeichnis\/\",\"url\":\"https:\/\/tugraztestweb.asol.at\/gesamtverzeichnis\/\",\"name\":\"Gesamtverzeichnis\"}},{\"@type\":\"ListItem\",\"position\":3,\"item\":{\"@type\":\"WebPage\",\"@id\":\"https:\/\/tugraztestweb.asol.at\/gesamtverzeichnis\/maschinenbau-und-wirtschaftswissenschaften\/entwicklungsbegleitende-kalkulation-im-maschinenbau\/\",\"url\":\"https:\/\/tugraztestweb.asol.at\/gesamtverzeichnis\/maschinenbau-und-wirtschaftswissenschaften\/entwicklungsbegleitende-kalkulation-im-maschinenbau\/\",\"name\":\"Entwicklungsbegleitende Kalkulation im Maschinenbau\"}}]}]}<\/script>\n<!-- \/ Yoast SEO plugin. -->","_links":{"self":[{"href":"https:\/\/tugraztestweb.asol.at\/en\/wp-json\/wp\/v2\/product\/29767"}],"collection":[{"href":"https:\/\/tugraztestweb.asol.at\/en\/wp-json\/wp\/v2\/product"}],"about":[{"href":"https:\/\/tugraztestweb.asol.at\/en\/wp-json\/wp\/v2\/types\/product"}],"replies":[{"embeddable":true,"href":"https:\/\/tugraztestweb.asol.at\/en\/wp-json\/wp\/v2\/comments?post=29767"}],"wp:featuredmedia":[{"embeddable":true,"href":"https:\/\/tugraztestweb.asol.at\/en\/wp-json\/wp\/v2\/media\/39652"}],"wp:attachment":[{"href":"https:\/\/tugraztestweb.asol.at\/en\/wp-json\/wp\/v2\/media?parent=29767"}],"curies":[{"name":"wp","href":"https:\/\/api.w.org\/{rel}","templated":true}]}}