{"id":29771,"date":"2020-08-21T12:53:48","date_gmt":"2020-08-21T12:53:48","guid":{"rendered":"http:\/\/tugraztestweb.asol.at\/gesamtverzeichnis\/unkategorisiert\/erfolgreiche-geschaeftsabschluesse-bei-bauingenieurdienstleistungen\/"},"modified":"2020-08-21T14:54:48","modified_gmt":"2020-08-21T12:54:48","slug":"erfolgreiche-geschaeftsabschluesse-bei-bauingenieurdienstleistungen","status":"publish","type":"product","link":"https:\/\/tugraztestweb.asol.at\/en\/gesamtverzeichnis\/maschinenbau-und-wirtschaftswissenschaften\/erfolgreiche-geschaeftsabschluesse-bei-bauingenieurdienstleistungen\/","title":{"rendered":"Erfolgreiche Gesch\u00e4ftsabschl\u00fcsse bei Bauingenieurdienstleistungen"},"content":{"rendered":"<p class=\"qtranxs-available-languages-message qtranxs-available-languages-message-en\">Sorry, this entry is only available in <a href=\"https:\/\/tugraztestweb.asol.at\/de\/wp-json\/wp\/v2\/product\/29771\" class=\"qtranxs-available-language-link qtranxs-available-language-link-de\" title=\"Deutsch\">Deutsch<\/a>.<\/p><p>Erfolgreiche Gesch\u00e4ftsabschl\u00fcsse sind f\u00fcr jede Unternehmung ein zentrales Element und dementsprechend auch f\u00fcr die betriebswirtschaftliche Forschung ein gro\u00dfes Thema. Um branchenspezifische Besonderheiten und Verzerrungen auszuschlie\u00dfen wurden ausschlie\u00dflich Bauingenieurdienstleistungen betrachtet. Das Fundament dieser Arbeit ist eine umfangreiche Literaturrecherche zum Themenkreis \u201eerfolgreiche Gesch\u00e4ftsabschl\u00fcsse\u201c. Die zwei zu dieser Aufgabe durchgef\u00fchrten Studien werden genau dokumentiert, die statistischen Analysen bauen auf diesen auf.<br \/>\nDabei wird ermittelt, bei welchen Faktoren sich erfolgreiche von wenig erfolgreichen Unternehmungen signifikant unterscheiden. Der Schlussstein wird gelegt mit Interpretationen zu diesen Unterschieden und indem Handlungsempfehlungen abgeleitet werden.<\/p>","protected":false},"excerpt":{"rendered":"<p class=\"qtranxs-available-languages-message qtranxs-available-languages-message-en\">Sorry, this entry is only available in <a href=\"https:\/\/tugraztestweb.asol.at\/de\/wp-json\/wp\/v2\/product\/29771\" class=\"qtranxs-available-language-link qtranxs-available-language-link-de\" title=\"Deutsch\">Deutsch<\/a>.<\/p>\n<p>Erfolgreiche Gesch\u00e4ftsabschl\u00fcsse sind f\u00fcr jede Unternehmung ein zentrales Element und dementsprechend auch f\u00fcr die betriebswirtschaftliche Forschung ein gro\u00dfes Thema. Um branchenspezifische Besonderheiten und Verzerrungen auszuschlie\u00dfen wurden ausschlie\u00dflich Bauingenieurdienstleistungen betrachtet. Das Fundament dieser Arbeit ist eine umfangreiche Literaturrecherche zum Themenkreis \u201eerfolgreiche Gesch\u00e4ftsabschl\u00fcsse\u201c. Die zwei zu dieser Aufgabe durchgef\u00fchrten Studien werden genau dokumentiert, die statistischen Analysen bauen auf diesen auf.<br \/>\nDabei wird ermittelt, bei welchen Faktoren sich erfolgreiche von wenig erfolgreichen Unternehmungen signifikant unterscheiden. Der Schlussstein wird gelegt mit Interpretationen zu diesen Unterschieden und indem Handlungsempfehlungen abgeleitet werden.<\/p>\n","protected":false},"featured_media":39654,"comment_status":"open","ping_status":"closed","template":"","meta":[],"yoast_head":"<!-- This site is optimized with the Yoast SEO plugin v16.1.1 - https:\/\/yoast.com\/wordpress\/plugins\/seo\/ -->\n<link rel=\"canonical\" href=\"https:\/\/tugraztestweb.asol.at\/gesamtverzeichnis\/maschinenbau-und-wirtschaftswissenschaften\/erfolgreiche-geschaeftsabschluesse-bei-bauingenieurdienstleistungen\/\" \/>\n<meta property=\"og:locale\" content=\"en_US\" \/>\n<meta property=\"og:type\" content=\"article\" \/>\n<meta property=\"og:title\" content=\"Erfolgreiche Gesch\u00e4ftsabschl\u00fcsse bei Bauingenieurdienstleistungen - Verlag der TU Graz\" \/>\n<meta property=\"og:description\" content=\"Erfolgreiche Gesch\u00e4ftsabschl\u00fcsse sind f\u00fcr jede Unternehmung ein zentrales Element und dementsprechend auch f\u00fcr die betriebswirtschaftliche Forschung ein gro\u00dfes Thema. Um branchenspezifische Besonderheiten und Verzerrungen auszuschlie\u00dfen wurden ausschlie\u00dflich Bauingenieurdienstleistungen betrachtet. Das Fundament dieser Arbeit ist eine umfangreiche Literaturrecherche zum Themenkreis \u201eerfolgreiche Gesch\u00e4ftsabschl\u00fcsse\u201c. Die zwei zu dieser Aufgabe durchgef\u00fchrten Studien werden genau dokumentiert, die statistischen Analysen bauen auf diesen auf. Dabei wird ermittelt, bei welchen Faktoren sich erfolgreiche von wenig erfolgreichen Unternehmungen signifikant unterscheiden. Der Schlussstein wird gelegt mit Interpretationen zu diesen Unterschieden und indem Handlungsempfehlungen abgeleitet werden.\" \/>\n<meta property=\"og:url\" content=\"https:\/\/tugraztestweb.asol.at\/gesamtverzeichnis\/maschinenbau-und-wirtschaftswissenschaften\/erfolgreiche-geschaeftsabschluesse-bei-bauingenieurdienstleistungen\/\" \/>\n<meta property=\"og:site_name\" content=\"Verlag der TU Graz\" \/>\n<meta property=\"article:modified_time\" content=\"2020-08-21T12:54:48+00:00\" \/>\n<meta property=\"og:image\" content=\"https:\/\/tugraztestweb.asol.at\/wp-content\/uploads\/2020\/08\/image-978-3-85125-162-3.jpg\" \/>\n\t<meta property=\"og:image:width\" content=\"517\" \/>\n\t<meta property=\"og:image:height\" content=\"761\" \/>\n<meta name=\"twitter:card\" content=\"summary_large_image\" \/>\n<script type=\"application\/ld+json\" class=\"yoast-schema-graph\">{\"@context\":\"https:\/\/schema.org\",\"@graph\":[{\"@type\":\"WebSite\",\"@id\":\"https:\/\/tugraztestweb.asol.at\/#website\",\"url\":\"https:\/\/tugraztestweb.asol.at\/\",\"name\":\"Verlag der TU Graz\",\"description\":\"Verlag der Technischen Universit\\u00e4t Graz\",\"potentialAction\":[{\"@type\":\"SearchAction\",\"target\":\"https:\/\/tugraztestweb.asol.at\/?s={search_term_string}\",\"query-input\":\"required name=search_term_string\"}],\"inLanguage\":\"en-US\"},{\"@type\":\"ImageObject\",\"@id\":\"https:\/\/tugraztestweb.asol.at\/gesamtverzeichnis\/maschinenbau-und-wirtschaftswissenschaften\/erfolgreiche-geschaeftsabschluesse-bei-bauingenieurdienstleistungen\/#primaryimage\",\"inLanguage\":\"en-US\",\"url\":\"https:\/\/tugraztestweb.asol.at\/wp-content\/uploads\/2020\/08\/image-978-3-85125-162-3.jpg\",\"contentUrl\":\"https:\/\/tugraztestweb.asol.at\/wp-content\/uploads\/2020\/08\/image-978-3-85125-162-3.jpg\",\"width\":517,\"height\":761},{\"@type\":\"WebPage\",\"@id\":\"https:\/\/tugraztestweb.asol.at\/gesamtverzeichnis\/maschinenbau-und-wirtschaftswissenschaften\/erfolgreiche-geschaeftsabschluesse-bei-bauingenieurdienstleistungen\/#webpage\",\"url\":\"https:\/\/tugraztestweb.asol.at\/gesamtverzeichnis\/maschinenbau-und-wirtschaftswissenschaften\/erfolgreiche-geschaeftsabschluesse-bei-bauingenieurdienstleistungen\/\",\"name\":\"Erfolgreiche Gesch\\u00e4ftsabschl\\u00fcsse bei Bauingenieurdienstleistungen - Verlag der TU Graz\",\"isPartOf\":{\"@id\":\"https:\/\/tugraztestweb.asol.at\/#website\"},\"primaryImageOfPage\":{\"@id\":\"https:\/\/tugraztestweb.asol.at\/gesamtverzeichnis\/maschinenbau-und-wirtschaftswissenschaften\/erfolgreiche-geschaeftsabschluesse-bei-bauingenieurdienstleistungen\/#primaryimage\"},\"datePublished\":\"2020-08-21T12:53:48+00:00\",\"dateModified\":\"2020-08-21T12:54:48+00:00\",\"breadcrumb\":{\"@id\":\"https:\/\/tugraztestweb.asol.at\/gesamtverzeichnis\/maschinenbau-und-wirtschaftswissenschaften\/erfolgreiche-geschaeftsabschluesse-bei-bauingenieurdienstleistungen\/#breadcrumb\"},\"inLanguage\":\"en-US\",\"potentialAction\":[{\"@type\":\"ReadAction\",\"target\":[\"https:\/\/tugraztestweb.asol.at\/gesamtverzeichnis\/maschinenbau-und-wirtschaftswissenschaften\/erfolgreiche-geschaeftsabschluesse-bei-bauingenieurdienstleistungen\/\"]}]},{\"@type\":\"BreadcrumbList\",\"@id\":\"https:\/\/tugraztestweb.asol.at\/gesamtverzeichnis\/maschinenbau-und-wirtschaftswissenschaften\/erfolgreiche-geschaeftsabschluesse-bei-bauingenieurdienstleistungen\/#breadcrumb\",\"itemListElement\":[{\"@type\":\"ListItem\",\"position\":1,\"item\":{\"@type\":\"WebPage\",\"@id\":\"https:\/\/tugraztestweb.asol.at\/\",\"url\":\"https:\/\/tugraztestweb.asol.at\/\",\"name\":\"Home\"}},{\"@type\":\"ListItem\",\"position\":2,\"item\":{\"@type\":\"WebPage\",\"@id\":\"https:\/\/tugraztestweb.asol.at\/gesamtverzeichnis\/\",\"url\":\"https:\/\/tugraztestweb.asol.at\/gesamtverzeichnis\/\",\"name\":\"Gesamtverzeichnis\"}},{\"@type\":\"ListItem\",\"position\":3,\"item\":{\"@type\":\"WebPage\",\"@id\":\"https:\/\/tugraztestweb.asol.at\/gesamtverzeichnis\/maschinenbau-und-wirtschaftswissenschaften\/erfolgreiche-geschaeftsabschluesse-bei-bauingenieurdienstleistungen\/\",\"url\":\"https:\/\/tugraztestweb.asol.at\/gesamtverzeichnis\/maschinenbau-und-wirtschaftswissenschaften\/erfolgreiche-geschaeftsabschluesse-bei-bauingenieurdienstleistungen\/\",\"name\":\"Erfolgreiche Gesch\\u00e4ftsabschl\\u00fcsse bei Bauingenieurdienstleistungen\"}}]}]}<\/script>\n<!-- \/ Yoast SEO plugin. -->","_links":{"self":[{"href":"https:\/\/tugraztestweb.asol.at\/en\/wp-json\/wp\/v2\/product\/29771"}],"collection":[{"href":"https:\/\/tugraztestweb.asol.at\/en\/wp-json\/wp\/v2\/product"}],"about":[{"href":"https:\/\/tugraztestweb.asol.at\/en\/wp-json\/wp\/v2\/types\/product"}],"replies":[{"embeddable":true,"href":"https:\/\/tugraztestweb.asol.at\/en\/wp-json\/wp\/v2\/comments?post=29771"}],"wp:featuredmedia":[{"embeddable":true,"href":"https:\/\/tugraztestweb.asol.at\/en\/wp-json\/wp\/v2\/media\/39654"}],"wp:attachment":[{"href":"https:\/\/tugraztestweb.asol.at\/en\/wp-json\/wp\/v2\/media?parent=29771"}],"curies":[{"name":"wp","href":"https:\/\/api.w.org\/{rel}","templated":true}]}}