{"id":29773,"date":"2020-08-21T12:53:48","date_gmt":"2020-08-21T12:53:48","guid":{"rendered":"http:\/\/tugraztestweb.asol.at\/gesamtverzeichnis\/unkategorisiert\/ermittlung-von-neuen-preisen-infolge-von-leistungsaenderungen\/"},"modified":"2020-08-21T14:54:48","modified_gmt":"2020-08-21T12:54:48","slug":"ermittlung-von-neuen-preisen-infolge-von-leistungsaenderungen","status":"publish","type":"product","link":"https:\/\/tugraztestweb.asol.at\/en\/gesamtverzeichnis\/bauingenieurwissenschaften\/ermittlung-von-neuen-preisen-infolge-von-leistungsaenderungen\/","title":{"rendered":"Ermittlung von neuen Preisen infolge von Leistungs\u00e4nderungen"},"content":{"rendered":"<p class=\"qtranxs-available-languages-message qtranxs-available-languages-message-en\">Sorry, this entry is only available in <a href=\"https:\/\/tugraztestweb.asol.at\/de\/wp-json\/wp\/v2\/product\/29773\" class=\"qtranxs-available-language-link qtranxs-available-language-link-de\" title=\"Deutsch\">Deutsch<\/a>.<\/p><p>\u201eNeue\u201c Preise f\u00fcr Leistungen, die gegen\u00fcber den urspr\u00fcnglichen Vertragspreisen ge\u00e4ndertwerden, k\u00f6nnen und sollen bei<br \/>\nbestimmten Gegebenheiten von den letzteren abgeleitet werden. Wie weit die Anbindungan diese zu gehen habe, wird diskutiert.<br \/>\nIm vorliegenden Beitrag wird der Versuch unternommen, die neuen Preise sehr streng an das Preisniveau des Vertrages (zwingend)<br \/>\nzu binden, wodurch ggf. langwierige Verhandlungen, Streitigkeiten zwischen den Vertragspartnern und unfaire Ergebnisse vermieden werden<br \/>\nk\u00f6nnen. Eine Anregung zu einer fachlichen Diskussion.<\/p>","protected":false},"excerpt":{"rendered":"<p class=\"qtranxs-available-languages-message qtranxs-available-languages-message-en\">Sorry, this entry is only available in <a href=\"https:\/\/tugraztestweb.asol.at\/de\/wp-json\/wp\/v2\/product\/29773\" class=\"qtranxs-available-language-link qtranxs-available-language-link-de\" title=\"Deutsch\">Deutsch<\/a>.<\/p>\n<p>\u201eNeue\u201c Preise f\u00fcr Leistungen, die gegen\u00fcber den urspr\u00fcnglichen Vertragspreisen ge\u00e4ndertwerden, k\u00f6nnen und sollen bei<br \/>\nbestimmten Gegebenheiten von den letzteren abgeleitet werden. Wie weit die Anbindungan diese zu gehen habe, wird diskutiert.<br \/>\nIm vorliegenden Beitrag wird der Versuch unternommen, die neuen Preise sehr streng an das Preisniveau des Vertrages (zwingend)<br \/>\nzu binden, wodurch ggf. langwierige Verhandlungen, Streitigkeiten zwischen den Vertragspartnern und unfaire Ergebnisse vermieden werden<br \/>\nk\u00f6nnen. Eine Anregung zu einer fachlichen Diskussion.<\/p>\n","protected":false},"featured_media":39475,"comment_status":"open","ping_status":"closed","template":"","meta":[],"yoast_head":"<!-- This site is optimized with the Yoast SEO plugin v16.1.1 - https:\/\/yoast.com\/wordpress\/plugins\/seo\/ -->\n<link rel=\"canonical\" href=\"https:\/\/tugraztestweb.asol.at\/en\/gesamtverzeichnis\/bauingenieurwissenschaften\/ermittlung-von-neuen-preisen-infolge-von-leistungsaenderungen\/\" \/>\n<meta property=\"og:locale\" content=\"en_US\" \/>\n<meta property=\"og:type\" content=\"article\" \/>\n<meta property=\"og:title\" content=\"Ermittlung von neuen Preisen infolge von Leistungs\u00e4nderungen - Verlag der TU Graz\" \/>\n<meta property=\"og:description\" content=\"\u201eNeue\u201c Preise f\u00fcr Leistungen, die gegen\u00fcber den urspr\u00fcnglichen Vertragspreisen ge\u00e4ndertwerden, k\u00f6nnen und sollen bei bestimmten Gegebenheiten von den letzteren abgeleitet werden. Wie weit die Anbindungan diese zu gehen habe, wird diskutiert. Im vorliegenden Beitrag wird der Versuch unternommen, die neuen Preise sehr streng an das Preisniveau des Vertrages (zwingend) zu binden, wodurch ggf. langwierige Verhandlungen, Streitigkeiten zwischen den Vertragspartnern und unfaire Ergebnisse vermieden werden k\u00f6nnen. Eine Anregung zu einer fachlichen Diskussion.\" \/>\n<meta property=\"og:url\" content=\"https:\/\/tugraztestweb.asol.at\/en\/gesamtverzeichnis\/bauingenieurwissenschaften\/ermittlung-von-neuen-preisen-infolge-von-leistungsaenderungen\/\" \/>\n<meta property=\"og:site_name\" content=\"Verlag der TU Graz\" \/>\n<meta property=\"article:modified_time\" content=\"2020-08-21T12:54:48+00:00\" \/>\n<meta property=\"og:image\" content=\"https:\/\/tugraztestweb.asol.at\/wp-content\/uploads\/2020\/08\/image-978-3-85125-089-3.jpg\" \/>\n\t<meta property=\"og:image:width\" content=\"609\" \/>\n\t<meta property=\"og:image:height\" content=\"860\" \/>\n<meta name=\"twitter:card\" content=\"summary_large_image\" \/>\n<script type=\"application\/ld+json\" class=\"yoast-schema-graph\">{\"@context\":\"https:\/\/schema.org\",\"@graph\":[{\"@type\":\"WebSite\",\"@id\":\"https:\/\/tugraztestweb.asol.at\/#website\",\"url\":\"https:\/\/tugraztestweb.asol.at\/\",\"name\":\"Verlag der TU Graz\",\"description\":\"Verlag der Technischen Universit\\u00e4t Graz\",\"potentialAction\":[{\"@type\":\"SearchAction\",\"target\":\"https:\/\/tugraztestweb.asol.at\/?s={search_term_string}\",\"query-input\":\"required name=search_term_string\"}],\"inLanguage\":\"en-US\"},{\"@type\":\"ImageObject\",\"@id\":\"https:\/\/tugraztestweb.asol.at\/en\/gesamtverzeichnis\/bauingenieurwissenschaften\/ermittlung-von-neuen-preisen-infolge-von-leistungsaenderungen\/#primaryimage\",\"inLanguage\":\"en-US\",\"url\":\"https:\/\/tugraztestweb.asol.at\/wp-content\/uploads\/2020\/08\/image-978-3-85125-089-3.jpg\",\"contentUrl\":\"https:\/\/tugraztestweb.asol.at\/wp-content\/uploads\/2020\/08\/image-978-3-85125-089-3.jpg\",\"width\":609,\"height\":860},{\"@type\":\"WebPage\",\"@id\":\"https:\/\/tugraztestweb.asol.at\/en\/gesamtverzeichnis\/bauingenieurwissenschaften\/ermittlung-von-neuen-preisen-infolge-von-leistungsaenderungen\/#webpage\",\"url\":\"https:\/\/tugraztestweb.asol.at\/en\/gesamtverzeichnis\/bauingenieurwissenschaften\/ermittlung-von-neuen-preisen-infolge-von-leistungsaenderungen\/\",\"name\":\"Ermittlung von neuen Preisen infolge von Leistungs\\u00e4nderungen - Verlag der TU Graz\",\"isPartOf\":{\"@id\":\"https:\/\/tugraztestweb.asol.at\/#website\"},\"primaryImageOfPage\":{\"@id\":\"https:\/\/tugraztestweb.asol.at\/en\/gesamtverzeichnis\/bauingenieurwissenschaften\/ermittlung-von-neuen-preisen-infolge-von-leistungsaenderungen\/#primaryimage\"},\"datePublished\":\"2020-08-21T12:53:48+00:00\",\"dateModified\":\"2020-08-21T12:54:48+00:00\",\"breadcrumb\":{\"@id\":\"https:\/\/tugraztestweb.asol.at\/en\/gesamtverzeichnis\/bauingenieurwissenschaften\/ermittlung-von-neuen-preisen-infolge-von-leistungsaenderungen\/#breadcrumb\"},\"inLanguage\":\"en-US\",\"potentialAction\":[{\"@type\":\"ReadAction\",\"target\":[\"https:\/\/tugraztestweb.asol.at\/en\/gesamtverzeichnis\/bauingenieurwissenschaften\/ermittlung-von-neuen-preisen-infolge-von-leistungsaenderungen\/\"]}]},{\"@type\":\"BreadcrumbList\",\"@id\":\"https:\/\/tugraztestweb.asol.at\/en\/gesamtverzeichnis\/bauingenieurwissenschaften\/ermittlung-von-neuen-preisen-infolge-von-leistungsaenderungen\/#breadcrumb\",\"itemListElement\":[{\"@type\":\"ListItem\",\"position\":1,\"item\":{\"@type\":\"WebPage\",\"@id\":\"https:\/\/tugraztestweb.asol.at\/\",\"url\":\"https:\/\/tugraztestweb.asol.at\/\",\"name\":\"Home\"}},{\"@type\":\"ListItem\",\"position\":2,\"item\":{\"@type\":\"WebPage\",\"@id\":\"https:\/\/tugraztestweb.asol.at\/gesamtverzeichnis\/\",\"url\":\"https:\/\/tugraztestweb.asol.at\/gesamtverzeichnis\/\",\"name\":\"Gesamtverzeichnis\"}},{\"@type\":\"ListItem\",\"position\":3,\"item\":{\"@type\":\"WebPage\",\"@id\":\"https:\/\/tugraztestweb.asol.at\/en\/gesamtverzeichnis\/bauingenieurwissenschaften\/ermittlung-von-neuen-preisen-infolge-von-leistungsaenderungen\/\",\"url\":\"https:\/\/tugraztestweb.asol.at\/en\/gesamtverzeichnis\/bauingenieurwissenschaften\/ermittlung-von-neuen-preisen-infolge-von-leistungsaenderungen\/\",\"name\":\"Ermittlung von neuen Preisen infolge von Leistungs\\u00e4nderungen\"}}]}]}<\/script>\n<!-- \/ Yoast SEO plugin. -->","_links":{"self":[{"href":"https:\/\/tugraztestweb.asol.at\/en\/wp-json\/wp\/v2\/product\/29773"}],"collection":[{"href":"https:\/\/tugraztestweb.asol.at\/en\/wp-json\/wp\/v2\/product"}],"about":[{"href":"https:\/\/tugraztestweb.asol.at\/en\/wp-json\/wp\/v2\/types\/product"}],"replies":[{"embeddable":true,"href":"https:\/\/tugraztestweb.asol.at\/en\/wp-json\/wp\/v2\/comments?post=29773"}],"wp:featuredmedia":[{"embeddable":true,"href":"https:\/\/tugraztestweb.asol.at\/en\/wp-json\/wp\/v2\/media\/39475"}],"wp:attachment":[{"href":"https:\/\/tugraztestweb.asol.at\/en\/wp-json\/wp\/v2\/media?parent=29773"}],"curies":[{"name":"wp","href":"https:\/\/api.w.org\/{rel}","templated":true}]}}