{"id":29782,"date":"2020-08-21T12:53:48","date_gmt":"2020-08-21T12:53:48","guid":{"rendered":"http:\/\/tugraztestweb.asol.at\/gesamtverzeichnis\/unkategorisiert\/festschrift-1969-2009-40-jahre-institut-fuer-baubetrieb-und-bauwirtschaft\/"},"modified":"2020-08-21T14:54:48","modified_gmt":"2020-08-21T12:54:48","slug":"festschrift-1969-2009-40-jahre-institut-fuer-baubetrieb-und-bauwirtschaft","status":"publish","type":"product","link":"https:\/\/tugraztestweb.asol.at\/en\/gesamtverzeichnis\/bauingenieurwissenschaften\/festschrift-1969-2009-40-jahre-institut-fuer-baubetrieb-und-bauwirtschaft\/","title":{"rendered":"Festschrift 1969 &#8211; 2009; 40 Jahre Institut f\u00fcr Baubetrieb und Bauwirtschaft"},"content":{"rendered":"<p class=\"qtranxs-available-languages-message qtranxs-available-languages-message-en\">Sorry, this entry is only available in <a href=\"https:\/\/tugraztestweb.asol.at\/de\/wp-json\/wp\/v2\/product\/29782\" class=\"qtranxs-available-language-link qtranxs-available-language-link-de\" title=\"Deutsch\">Deutsch<\/a>.<\/p><p>Das Institut feiert mit seinem 40-j\u00e4hrigen Bestehen nicht nur die Institution \u201eBaubetrieb und Bauwirtschaft\u201c als anerkannte Kompetenzstelle innerhalb der Fakult\u00e4t f\u00fcr Bauingenieurwissenschaften der TU Graz, sondern bildete die Entwicklung \u00fcber Generationen von Bauingenieuren ab.<br \/>\nDie Schaffensbreite des Institutes mit angebotenen Lehrveranstaltungen, Absolventen und Mitarbeitern, Forschungsprojekten sowie wissenschaftlichen Veranstaltungen spiegelt sich in dieser Festschrift wider.<br \/>\nBesonders eindrucksvoll wird das Leistungsspektrum durch die Festschrift mit 64 Beitr\u00e4gen auf 800 Seiten veranschaulicht. Hierbei werden die Bereiche Baubetrieb, Bauwirtschaft und Baurecht ebenso wie Projektmanagement, Nachhaltigkeit, Lehre und Forschung abgedeckt.<br \/>\nDie Autoren repr\u00e4sentieren hierbei nicht nur die wissenschaftlichen Einrichtungen, sondern auch jene interdisziplin\u00e4ren Bereiche der Wirtschaft, Verwaltung und Praxis.<\/p>","protected":false},"excerpt":{"rendered":"<p class=\"qtranxs-available-languages-message qtranxs-available-languages-message-en\">Sorry, this entry is only available in <a href=\"https:\/\/tugraztestweb.asol.at\/de\/wp-json\/wp\/v2\/product\/29782\" class=\"qtranxs-available-language-link qtranxs-available-language-link-de\" title=\"Deutsch\">Deutsch<\/a>.<\/p>\n<p>Das Institut feiert mit seinem 40-j\u00e4hrigen Bestehen nicht nur die Institution \u201eBaubetrieb und Bauwirtschaft\u201c als anerkannte Kompetenzstelle innerhalb der Fakult\u00e4t f\u00fcr Bauingenieurwissenschaften der TU Graz, sondern bildete die Entwicklung \u00fcber Generationen von Bauingenieuren ab.<br \/>\nDie Schaffensbreite des Institutes mit angebotenen Lehrveranstaltungen, Absolventen und Mitarbeitern, Forschungsprojekten sowie wissenschaftlichen Veranstaltungen spiegelt sich in dieser Festschrift wider.<br \/>\nBesonders eindrucksvoll wird das Leistungsspektrum durch die Festschrift mit 64 Beitr\u00e4gen auf 800 Seiten veranschaulicht. Hierbei werden die Bereiche Baubetrieb, Bauwirtschaft und Baurecht ebenso wie Projektmanagement, Nachhaltigkeit, Lehre und Forschung abgedeckt.<br \/>\nDie Autoren repr\u00e4sentieren hierbei nicht nur die wissenschaftlichen Einrichtungen, sondern auch jene interdisziplin\u00e4ren Bereiche der Wirtschaft, Verwaltung und Praxis.<\/p>\n","protected":false},"featured_media":39477,"comment_status":"open","ping_status":"closed","template":"","meta":[],"yoast_head":"<!-- This site is optimized with the Yoast SEO plugin v16.1.1 - https:\/\/yoast.com\/wordpress\/plugins\/seo\/ -->\n<link rel=\"canonical\" href=\"https:\/\/tugraztestweb.asol.at\/gesamtverzeichnis\/bauingenieurwissenschaften\/festschrift-1969-2009-40-jahre-institut-fuer-baubetrieb-und-bauwirtschaft\/\" \/>\n<meta property=\"og:locale\" content=\"en_US\" \/>\n<meta property=\"og:type\" content=\"article\" \/>\n<meta property=\"og:title\" content=\"Festschrift 1969 - 2009; 40 Jahre Institut f\u00fcr Baubetrieb und Bauwirtschaft - Verlag der TU Graz\" \/>\n<meta property=\"og:description\" content=\"Das Institut feiert mit seinem 40-j\u00e4hrigen Bestehen nicht nur die Institution \u201eBaubetrieb und Bauwirtschaft\u201c als anerkannte Kompetenzstelle innerhalb der Fakult\u00e4t f\u00fcr Bauingenieurwissenschaften der TU Graz, sondern bildete die Entwicklung \u00fcber Generationen von Bauingenieuren ab. Die Schaffensbreite des Institutes mit angebotenen Lehrveranstaltungen, Absolventen und Mitarbeitern, Forschungsprojekten sowie wissenschaftlichen Veranstaltungen spiegelt sich in dieser Festschrift wider. Besonders eindrucksvoll wird das Leistungsspektrum durch die Festschrift mit 64 Beitr\u00e4gen auf 800 Seiten veranschaulicht. Hierbei werden die Bereiche Baubetrieb, Bauwirtschaft und Baurecht ebenso wie Projektmanagement, Nachhaltigkeit, Lehre und Forschung abgedeckt. Die Autoren repr\u00e4sentieren hierbei nicht nur die wissenschaftlichen Einrichtungen, sondern auch jene interdisziplin\u00e4ren Bereiche der Wirtschaft, Verwaltung und Praxis.\" \/>\n<meta property=\"og:url\" content=\"https:\/\/tugraztestweb.asol.at\/gesamtverzeichnis\/bauingenieurwissenschaften\/festschrift-1969-2009-40-jahre-institut-fuer-baubetrieb-und-bauwirtschaft\/\" \/>\n<meta property=\"og:site_name\" content=\"Verlag der TU Graz\" \/>\n<meta property=\"article:modified_time\" content=\"2020-08-21T12:54:48+00:00\" \/>\n<meta property=\"og:image\" content=\"https:\/\/tugraztestweb.asol.at\/wp-content\/uploads\/2020\/08\/image-978-3-85125-065-7.jpg\" \/>\n\t<meta property=\"og:image:width\" content=\"454\" \/>\n\t<meta property=\"og:image:height\" content=\"643\" \/>\n<meta name=\"twitter:card\" content=\"summary_large_image\" \/>\n<meta name=\"twitter:label1\" content=\"Est. reading time\">\n\t<meta name=\"twitter:data1\" content=\"1 minute\">\n<script type=\"application\/ld+json\" class=\"yoast-schema-graph\">{\"@context\":\"https:\/\/schema.org\",\"@graph\":[{\"@type\":\"WebSite\",\"@id\":\"https:\/\/tugraztestweb.asol.at\/#website\",\"url\":\"https:\/\/tugraztestweb.asol.at\/\",\"name\":\"Verlag der TU Graz\",\"description\":\"Verlag der Technischen Universit\\u00e4t Graz\",\"potentialAction\":[{\"@type\":\"SearchAction\",\"target\":\"https:\/\/tugraztestweb.asol.at\/?s={search_term_string}\",\"query-input\":\"required name=search_term_string\"}],\"inLanguage\":\"en-US\"},{\"@type\":\"ImageObject\",\"@id\":\"https:\/\/tugraztestweb.asol.at\/gesamtverzeichnis\/bauingenieurwissenschaften\/festschrift-1969-2009-40-jahre-institut-fuer-baubetrieb-und-bauwirtschaft\/#primaryimage\",\"inLanguage\":\"en-US\",\"url\":\"https:\/\/tugraztestweb.asol.at\/wp-content\/uploads\/2020\/08\/image-978-3-85125-065-7.jpg\",\"contentUrl\":\"https:\/\/tugraztestweb.asol.at\/wp-content\/uploads\/2020\/08\/image-978-3-85125-065-7.jpg\",\"width\":454,\"height\":643},{\"@type\":\"WebPage\",\"@id\":\"https:\/\/tugraztestweb.asol.at\/gesamtverzeichnis\/bauingenieurwissenschaften\/festschrift-1969-2009-40-jahre-institut-fuer-baubetrieb-und-bauwirtschaft\/#webpage\",\"url\":\"https:\/\/tugraztestweb.asol.at\/gesamtverzeichnis\/bauingenieurwissenschaften\/festschrift-1969-2009-40-jahre-institut-fuer-baubetrieb-und-bauwirtschaft\/\",\"name\":\"Festschrift 1969 - 2009; 40 Jahre Institut f\\u00fcr Baubetrieb und Bauwirtschaft - Verlag der TU Graz\",\"isPartOf\":{\"@id\":\"https:\/\/tugraztestweb.asol.at\/#website\"},\"primaryImageOfPage\":{\"@id\":\"https:\/\/tugraztestweb.asol.at\/gesamtverzeichnis\/bauingenieurwissenschaften\/festschrift-1969-2009-40-jahre-institut-fuer-baubetrieb-und-bauwirtschaft\/#primaryimage\"},\"datePublished\":\"2020-08-21T12:53:48+00:00\",\"dateModified\":\"2020-08-21T12:54:48+00:00\",\"breadcrumb\":{\"@id\":\"https:\/\/tugraztestweb.asol.at\/gesamtverzeichnis\/bauingenieurwissenschaften\/festschrift-1969-2009-40-jahre-institut-fuer-baubetrieb-und-bauwirtschaft\/#breadcrumb\"},\"inLanguage\":\"en-US\",\"potentialAction\":[{\"@type\":\"ReadAction\",\"target\":[\"https:\/\/tugraztestweb.asol.at\/gesamtverzeichnis\/bauingenieurwissenschaften\/festschrift-1969-2009-40-jahre-institut-fuer-baubetrieb-und-bauwirtschaft\/\"]}]},{\"@type\":\"BreadcrumbList\",\"@id\":\"https:\/\/tugraztestweb.asol.at\/gesamtverzeichnis\/bauingenieurwissenschaften\/festschrift-1969-2009-40-jahre-institut-fuer-baubetrieb-und-bauwirtschaft\/#breadcrumb\",\"itemListElement\":[{\"@type\":\"ListItem\",\"position\":1,\"item\":{\"@type\":\"WebPage\",\"@id\":\"https:\/\/tugraztestweb.asol.at\/\",\"url\":\"https:\/\/tugraztestweb.asol.at\/\",\"name\":\"Home\"}},{\"@type\":\"ListItem\",\"position\":2,\"item\":{\"@type\":\"WebPage\",\"@id\":\"https:\/\/tugraztestweb.asol.at\/gesamtverzeichnis\/\",\"url\":\"https:\/\/tugraztestweb.asol.at\/gesamtverzeichnis\/\",\"name\":\"Gesamtverzeichnis\"}},{\"@type\":\"ListItem\",\"position\":3,\"item\":{\"@type\":\"WebPage\",\"@id\":\"https:\/\/tugraztestweb.asol.at\/gesamtverzeichnis\/bauingenieurwissenschaften\/festschrift-1969-2009-40-jahre-institut-fuer-baubetrieb-und-bauwirtschaft\/\",\"url\":\"https:\/\/tugraztestweb.asol.at\/gesamtverzeichnis\/bauingenieurwissenschaften\/festschrift-1969-2009-40-jahre-institut-fuer-baubetrieb-und-bauwirtschaft\/\",\"name\":\"Festschrift 1969 &#8211; 2009; 40 Jahre Institut f\\u00fcr Baubetrieb und Bauwirtschaft\"}}]}]}<\/script>\n<!-- \/ Yoast SEO plugin. -->","_links":{"self":[{"href":"https:\/\/tugraztestweb.asol.at\/en\/wp-json\/wp\/v2\/product\/29782"}],"collection":[{"href":"https:\/\/tugraztestweb.asol.at\/en\/wp-json\/wp\/v2\/product"}],"about":[{"href":"https:\/\/tugraztestweb.asol.at\/en\/wp-json\/wp\/v2\/types\/product"}],"replies":[{"embeddable":true,"href":"https:\/\/tugraztestweb.asol.at\/en\/wp-json\/wp\/v2\/comments?post=29782"}],"wp:featuredmedia":[{"embeddable":true,"href":"https:\/\/tugraztestweb.asol.at\/en\/wp-json\/wp\/v2\/media\/39477"}],"wp:attachment":[{"href":"https:\/\/tugraztestweb.asol.at\/en\/wp-json\/wp\/v2\/media?parent=29782"}],"curies":[{"name":"wp","href":"https:\/\/api.w.org\/{rel}","templated":true}]}}