{"id":29811,"date":"2020-10-06T08:37:12","date_gmt":"2020-10-06T08:37:12","guid":{"rendered":"http:\/\/tugraztestweb.asol.at\/gesamtverzeichnis\/unkategorisiert\/historisch-wertvolle-dachwerke-in-unesco-weltkulturerbe-zonen\/"},"modified":"2020-10-06T10:38:12","modified_gmt":"2020-10-06T08:38:12","slug":"historisch-wertvolle-dachwerke-in-unesco-weltkulturerbe-zonen","status":"publish","type":"product","link":"https:\/\/tugraztestweb.asol.at\/en\/gesamtverzeichnis\/bauingenieurwissenschaften\/historisch-wertvolle-dachwerke-in-unesco-weltkulturerbe-zonen\/","title":{"rendered":"Historisch wertvolle Dachwerke in UNESCO-Weltkulturerbe-Zonen"},"content":{"rendered":"<p class=\"qtranxs-available-languages-message qtranxs-available-languages-message-en\">Sorry, this entry is only available in <a href=\"https:\/\/tugraztestweb.asol.at\/de\/wp-json\/wp\/v2\/product\/29811\" class=\"qtranxs-available-language-link qtranxs-available-language-link-de\" title=\"Deutsch\">Deutsch<\/a>.<\/p><p><\/p>\n<div>Das Institut f\u00fcr Holzbau und Holztechnologie liefert unter anderem im Forschungsprojekt D(N)achhaltigkeit Graz einen wesentlichen Beitrag f\u00fcr die Erhaltung der, die Grazer Dachlandschaft tragenden, historischen Dachkonstruktionen. So wurden bisher 35 Erfassungen, davon 10 detaillierte Bestands- und Schadenserfassungen, von historischen Dachtragewerken durchgef\u00fchrt. Aufbauend auf den Erkenntnissen aus den Erfassungen werden in weiterer Folge Wartungs- und Inspektionspl\u00e4ne erarbeitet. Die zweckdienliche Bauzustandserfassung mit Schwerpunkt auf die Modellbildung ist ein weiterer Schwerpunkt des Forschungsprojektes. Musterdetaill\u00f6sungen f\u00fcr die Instandsetzung von gesch\u00e4digten Tragewerken bzw. Tragwerksgliedern werden in Zusammenarbeit mit Zimmermeistern erarbeitet. Alle Ergebnisse dieser Arbeiten werden zum Zeitpunkt der Tagung vorliegen und pr\u00e4sentiert.<\/div>\n<div><\/div>\n<div>Die 2. Grazer Holzbau-Sonderfachtagung versucht einen gro\u00dfen Bogen zu spannen, beginnend von Fragestellungen betreffend der Aufgaben und Wertma\u00dfst\u00e4be im Denkmalschutz, \u00fcber die Bauforschung, zahlreichen Bestands- und Schadenanalysen historischer Dachwerke bis hin zur Ausf\u00fchrung von Instandsetzungskonzepten in \u00d6sterreich und Deutschland. Zudem werden zimmermanns- und ingenieurm\u00e4\u00dfige Musterdetaill\u00f6sungen f\u00fcr die Instandsetzung historischer Dachwerke erl\u00e4utert und auf deren Bemessung eingegangen.<\/div>\n<div><\/div>\n<p><\/p>","protected":false},"excerpt":{"rendered":"<p class=\"qtranxs-available-languages-message qtranxs-available-languages-message-en\">Sorry, this entry is only available in <a href=\"https:\/\/tugraztestweb.asol.at\/de\/wp-json\/wp\/v2\/product\/29811\" class=\"qtranxs-available-language-link qtranxs-available-language-link-de\" title=\"Deutsch\">Deutsch<\/a>.<\/p>\n<div>Das Institut f\u00fcr Holzbau und Holztechnologie liefert unter anderem im Forschungsprojekt D(N)achhaltigkeit Graz einen wesentlichen Beitrag f\u00fcr die Erhaltung der, die Grazer Dachlandschaft tragenden, historischen Dachkonstruktionen. So wurden bisher 35 Erfassungen, davon 10 detaillierte Bestands- und Schadenserfassungen, von historischen Dachtragewerken durchgef\u00fchrt. Aufbauend auf den Erkenntnissen aus den Erfassungen werden in weiterer Folge Wartungs- und Inspektionspl\u00e4ne erarbeitet. Die zweckdienliche Bauzustandserfassung mit Schwerpunkt auf die Modellbildung ist ein weiterer Schwerpunkt des Forschungsprojektes. Musterdetaill\u00f6sungen f\u00fcr die Instandsetzung von gesch\u00e4digten Tragewerken bzw. Tragwerksgliedern werden in Zusammenarbeit mit Zimmermeistern erarbeitet. Alle Ergebnisse dieser Arbeiten werden zum Zeitpunkt der Tagung vorliegen und pr\u00e4sentiert.<\/div>\n<div><\/div>\n<div>Die 2. Grazer Holzbau-Sonderfachtagung versucht einen gro\u00dfen Bogen zu spannen, beginnend von Fragestellungen betreffend der Aufgaben und Wertma\u00dfst\u00e4be im Denkmalschutz, \u00fcber die Bauforschung, zahlreichen Bestands- und Schadenanalysen historischer Dachwerke bis hin zur Ausf\u00fchrung von Instandsetzungskonzepten in \u00d6sterreich und Deutschland. Zudem werden zimmermanns- und ingenieurm\u00e4\u00dfige Musterdetaill\u00f6sungen f\u00fcr die Instandsetzung historischer Dachwerke erl\u00e4utert und auf deren Bemessung eingegangen.<\/div>\n<div><\/div>\n","protected":false},"featured_media":39662,"comment_status":"open","ping_status":"closed","template":"","meta":[],"yoast_head":"<!-- This site is optimized with the Yoast SEO plugin v16.1.1 - https:\/\/yoast.com\/wordpress\/plugins\/seo\/ -->\n<link rel=\"canonical\" href=\"https:\/\/tugraztestweb.asol.at\/gesamtverzeichnis\/bauingenieurwissenschaften\/historisch-wertvolle-dachwerke-in-unesco-weltkulturerbe-zonen\/\" \/>\n<meta property=\"og:locale\" content=\"en_US\" \/>\n<meta property=\"og:type\" content=\"article\" \/>\n<meta property=\"og:title\" content=\"Historisch wertvolle Dachwerke in UNESCO-Weltkulturerbe-Zonen - Verlag der TU Graz\" \/>\n<meta property=\"og:description\" content=\"Das Institut f\u00fcr Holzbau und Holztechnologie liefert unter anderem im Forschungsprojekt D(N)achhaltigkeit Graz einen wesentlichen Beitrag f\u00fcr die Erhaltung der, die Grazer Dachlandschaft tragenden, historischen Dachkonstruktionen. So wurden bisher 35 Erfassungen, davon 10 detaillierte Bestands- und Schadenserfassungen, von historischen Dachtragewerken durchgef\u00fchrt. Aufbauend auf den Erkenntnissen aus den Erfassungen werden in weiterer Folge Wartungs- und Inspektionspl\u00e4ne erarbeitet. Die zweckdienliche Bauzustandserfassung mit Schwerpunkt auf die Modellbildung ist ein weiterer Schwerpunkt des Forschungsprojektes. Musterdetaill\u00f6sungen f\u00fcr die Instandsetzung von gesch\u00e4digten Tragewerken bzw. Tragwerksgliedern werden in Zusammenarbeit mit Zimmermeistern erarbeitet. Alle Ergebnisse dieser Arbeiten werden zum Zeitpunkt der Tagung vorliegen und pr\u00e4sentiert.Die 2. Grazer Holzbau-Sonderfachtagung versucht einen gro\u00dfen Bogen zu spannen, beginnend von Fragestellungen betreffend der Aufgaben und Wertma\u00dfst\u00e4be im Denkmalschutz, \u00fcber die Bauforschung, zahlreichen Bestands- und Schadenanalysen historischer Dachwerke bis hin zur Ausf\u00fchrung von Instandsetzungskonzepten in \u00d6sterreich und Deutschland. Zudem werden zimmermanns- und ingenieurm\u00e4\u00dfige Musterdetaill\u00f6sungen f\u00fcr die Instandsetzung historischer Dachwerke erl\u00e4utert und auf deren Bemessung eingegangen.\" \/>\n<meta property=\"og:url\" content=\"https:\/\/tugraztestweb.asol.at\/gesamtverzeichnis\/bauingenieurwissenschaften\/historisch-wertvolle-dachwerke-in-unesco-weltkulturerbe-zonen\/\" \/>\n<meta property=\"og:site_name\" content=\"Verlag der TU Graz\" \/>\n<meta property=\"article:modified_time\" content=\"2020-10-06T08:38:12+00:00\" \/>\n<meta property=\"og:image\" content=\"https:\/\/tugraztestweb.asol.at\/wp-content\/uploads\/2020\/10\/image-978-3-85125-155-5.jpg\" \/>\n\t<meta property=\"og:image:width\" content=\"541\" \/>\n\t<meta property=\"og:image:height\" content=\"767\" \/>\n<meta name=\"twitter:card\" content=\"summary_large_image\" \/>\n<meta name=\"twitter:label1\" content=\"Est. reading time\">\n\t<meta name=\"twitter:data1\" content=\"1 minute\">\n<script type=\"application\/ld+json\" class=\"yoast-schema-graph\">{\"@context\":\"https:\/\/schema.org\",\"@graph\":[{\"@type\":\"WebSite\",\"@id\":\"https:\/\/tugraztestweb.asol.at\/#website\",\"url\":\"https:\/\/tugraztestweb.asol.at\/\",\"name\":\"Verlag der TU Graz\",\"description\":\"Verlag der Technischen Universit\\u00e4t Graz\",\"potentialAction\":[{\"@type\":\"SearchAction\",\"target\":\"https:\/\/tugraztestweb.asol.at\/?s={search_term_string}\",\"query-input\":\"required name=search_term_string\"}],\"inLanguage\":\"en-US\"},{\"@type\":\"ImageObject\",\"@id\":\"https:\/\/tugraztestweb.asol.at\/gesamtverzeichnis\/bauingenieurwissenschaften\/historisch-wertvolle-dachwerke-in-unesco-weltkulturerbe-zonen\/#primaryimage\",\"inLanguage\":\"en-US\",\"url\":\"https:\/\/tugraztestweb.asol.at\/wp-content\/uploads\/2020\/10\/image-978-3-85125-155-5.jpg\",\"contentUrl\":\"https:\/\/tugraztestweb.asol.at\/wp-content\/uploads\/2020\/10\/image-978-3-85125-155-5.jpg\",\"width\":541,\"height\":767},{\"@type\":\"WebPage\",\"@id\":\"https:\/\/tugraztestweb.asol.at\/gesamtverzeichnis\/bauingenieurwissenschaften\/historisch-wertvolle-dachwerke-in-unesco-weltkulturerbe-zonen\/#webpage\",\"url\":\"https:\/\/tugraztestweb.asol.at\/gesamtverzeichnis\/bauingenieurwissenschaften\/historisch-wertvolle-dachwerke-in-unesco-weltkulturerbe-zonen\/\",\"name\":\"Historisch wertvolle Dachwerke in UNESCO-Weltkulturerbe-Zonen - Verlag der TU Graz\",\"isPartOf\":{\"@id\":\"https:\/\/tugraztestweb.asol.at\/#website\"},\"primaryImageOfPage\":{\"@id\":\"https:\/\/tugraztestweb.asol.at\/gesamtverzeichnis\/bauingenieurwissenschaften\/historisch-wertvolle-dachwerke-in-unesco-weltkulturerbe-zonen\/#primaryimage\"},\"datePublished\":\"2020-10-06T08:37:12+00:00\",\"dateModified\":\"2020-10-06T08:38:12+00:00\",\"breadcrumb\":{\"@id\":\"https:\/\/tugraztestweb.asol.at\/gesamtverzeichnis\/bauingenieurwissenschaften\/historisch-wertvolle-dachwerke-in-unesco-weltkulturerbe-zonen\/#breadcrumb\"},\"inLanguage\":\"en-US\",\"potentialAction\":[{\"@type\":\"ReadAction\",\"target\":[\"https:\/\/tugraztestweb.asol.at\/gesamtverzeichnis\/bauingenieurwissenschaften\/historisch-wertvolle-dachwerke-in-unesco-weltkulturerbe-zonen\/\"]}]},{\"@type\":\"BreadcrumbList\",\"@id\":\"https:\/\/tugraztestweb.asol.at\/gesamtverzeichnis\/bauingenieurwissenschaften\/historisch-wertvolle-dachwerke-in-unesco-weltkulturerbe-zonen\/#breadcrumb\",\"itemListElement\":[{\"@type\":\"ListItem\",\"position\":1,\"item\":{\"@type\":\"WebPage\",\"@id\":\"https:\/\/tugraztestweb.asol.at\/\",\"url\":\"https:\/\/tugraztestweb.asol.at\/\",\"name\":\"Home\"}},{\"@type\":\"ListItem\",\"position\":2,\"item\":{\"@type\":\"WebPage\",\"@id\":\"https:\/\/tugraztestweb.asol.at\/gesamtverzeichnis\/\",\"url\":\"https:\/\/tugraztestweb.asol.at\/gesamtverzeichnis\/\",\"name\":\"Gesamtverzeichnis\"}},{\"@type\":\"ListItem\",\"position\":3,\"item\":{\"@type\":\"WebPage\",\"@id\":\"https:\/\/tugraztestweb.asol.at\/gesamtverzeichnis\/bauingenieurwissenschaften\/historisch-wertvolle-dachwerke-in-unesco-weltkulturerbe-zonen\/\",\"url\":\"https:\/\/tugraztestweb.asol.at\/gesamtverzeichnis\/bauingenieurwissenschaften\/historisch-wertvolle-dachwerke-in-unesco-weltkulturerbe-zonen\/\",\"name\":\"Historisch wertvolle Dachwerke in UNESCO-Weltkulturerbe-Zonen\"}}]}]}<\/script>\n<!-- \/ Yoast SEO plugin. -->","_links":{"self":[{"href":"https:\/\/tugraztestweb.asol.at\/en\/wp-json\/wp\/v2\/product\/29811"}],"collection":[{"href":"https:\/\/tugraztestweb.asol.at\/en\/wp-json\/wp\/v2\/product"}],"about":[{"href":"https:\/\/tugraztestweb.asol.at\/en\/wp-json\/wp\/v2\/types\/product"}],"replies":[{"embeddable":true,"href":"https:\/\/tugraztestweb.asol.at\/en\/wp-json\/wp\/v2\/comments?post=29811"}],"wp:featuredmedia":[{"embeddable":true,"href":"https:\/\/tugraztestweb.asol.at\/en\/wp-json\/wp\/v2\/media\/39662"}],"wp:attachment":[{"href":"https:\/\/tugraztestweb.asol.at\/en\/wp-json\/wp\/v2\/media?parent=29811"}],"curies":[{"name":"wp","href":"https:\/\/api.w.org\/{rel}","templated":true}]}}