{"id":29816,"date":"2020-08-21T12:53:52","date_gmt":"2020-08-21T12:53:52","guid":{"rendered":"http:\/\/tugraztestweb.asol.at\/gesamtverzeichnis\/unkategorisiert\/hydraulic-studies-on-trifurcations\/"},"modified":"2020-08-21T14:54:52","modified_gmt":"2020-08-21T12:54:52","slug":"hydraulic-studies-on-trifurcations","status":"publish","type":"product","link":"https:\/\/tugraztestweb.asol.at\/en\/gesamtverzeichnis\/bauingenieurwissenschaften\/hydraulic-studies-on-trifurcations\/","title":{"rendered":"Hydraulic Studies on Trifurcations"},"content":{"rendered":"<p class=\"qtranxs-available-languages-message qtranxs-available-languages-message-en\">Sorry, this entry is only available in <a href=\"https:\/\/tugraztestweb.asol.at\/de\/wp-json\/wp\/v2\/product\/29816\" class=\"qtranxs-available-language-link qtranxs-available-language-link-de\" title=\"Deutsch\">Deutsch<\/a>.<\/p><p>Die vorliegende Diplomarbeit behandelt aufbauend auf einem Literaturstudium die Ermittlung von Formverlusten zweier Dreifachverteilleitungen (Trifurcatoren) anhand hydraulischer Modelle und den Vergleich der im Modellversuch gewonnenen Erkenntnisse mit jenen, die in Publikationen behandelt sind. F\u00fcr diese Modellversuche werden alle auftretenden Erscheinungen und Probleme sowie die Auswirkungen m\u00f6glicher Me\u00dfwertabweichungen dargestellt. Au\u00dferdem werden die Str\u00f6mungszust\u00e4nde in diesen Verteilsystemen untersucht, um in Zukunft eine str\u00f6mungstechnisch g\u00fcnstigere Ausformung der Innenkontur f\u00fcr \u00e4hnliche Verzweigungen konstruieren zu k\u00f6nnen. Konkret wird die hydraulische Wirkung von innenliegenden Sicheln bei zwei verschiedenen Sicheltiefen in Bezug auf die H\u00f6he der Formverluste untersucht. Abschlie\u00dfend sind noch die Auswirkungen dieser Formverluste auf die in einer Wasserkraftanlage erreichbare Leistung dargestellt.<\/p>","protected":false},"excerpt":{"rendered":"<p class=\"qtranxs-available-languages-message qtranxs-available-languages-message-en\">Sorry, this entry is only available in <a href=\"https:\/\/tugraztestweb.asol.at\/de\/wp-json\/wp\/v2\/product\/29816\" class=\"qtranxs-available-language-link qtranxs-available-language-link-de\" title=\"Deutsch\">Deutsch<\/a>.<\/p>\n<p>Die vorliegende Diplomarbeit behandelt aufbauend auf einem Literaturstudium die Ermittlung von Formverlusten zweier Dreifachverteilleitungen (Trifurcatoren) anhand hydraulischer Modelle und den Vergleich der im Modellversuch gewonnenen Erkenntnisse mit jenen, die in Publikationen behandelt sind. F\u00fcr diese Modellversuche werden alle auftretenden Erscheinungen und Probleme sowie die Auswirkungen m\u00f6glicher Me\u00dfwertabweichungen dargestellt. Au\u00dferdem werden die Str\u00f6mungszust\u00e4nde in diesen Verteilsystemen untersucht, um in Zukunft eine str\u00f6mungstechnisch g\u00fcnstigere Ausformung der Innenkontur f\u00fcr \u00e4hnliche Verzweigungen konstruieren zu k\u00f6nnen. Konkret wird die hydraulische Wirkung von innenliegenden Sicheln bei zwei verschiedenen Sicheltiefen in Bezug auf die H\u00f6he der Formverluste untersucht. Abschlie\u00dfend sind noch die Auswirkungen dieser Formverluste auf die in einer Wasserkraftanlage erreichbare Leistung dargestellt.<\/p>\n","protected":false},"featured_media":39664,"comment_status":"open","ping_status":"closed","template":"","meta":[],"yoast_head":"<!-- This site is optimized with the Yoast SEO plugin v16.1.1 - https:\/\/yoast.com\/wordpress\/plugins\/seo\/ -->\n<link rel=\"canonical\" href=\"https:\/\/tugraztestweb.asol.at\/en\/gesamtverzeichnis\/bauingenieurwissenschaften\/hydraulic-studies-on-trifurcations\/\" \/>\n<meta property=\"og:locale\" content=\"en_US\" \/>\n<meta property=\"og:type\" content=\"article\" \/>\n<meta property=\"og:title\" content=\"Hydraulic Studies on Trifurcations - Verlag der TU Graz\" \/>\n<meta property=\"og:description\" content=\"Die vorliegende Diplomarbeit behandelt aufbauend auf einem Literaturstudium die Ermittlung von Formverlusten zweier Dreifachverteilleitungen (Trifurcatoren) anhand hydraulischer Modelle und den Vergleich der im Modellversuch gewonnenen Erkenntnisse mit jenen, die in Publikationen behandelt sind. F\u00fcr diese Modellversuche werden alle auftretenden Erscheinungen und Probleme sowie die Auswirkungen m\u00f6glicher Me\u00dfwertabweichungen dargestellt. Au\u00dferdem werden die Str\u00f6mungszust\u00e4nde in diesen Verteilsystemen untersucht, um in Zukunft eine str\u00f6mungstechnisch g\u00fcnstigere Ausformung der Innenkontur f\u00fcr \u00e4hnliche Verzweigungen konstruieren zu k\u00f6nnen. Konkret wird die hydraulische Wirkung von innenliegenden Sicheln bei zwei verschiedenen Sicheltiefen in Bezug auf die H\u00f6he der Formverluste untersucht. Abschlie\u00dfend sind noch die Auswirkungen dieser Formverluste auf die in einer Wasserkraftanlage erreichbare Leistung dargestellt.\" \/>\n<meta property=\"og:url\" content=\"https:\/\/tugraztestweb.asol.at\/en\/gesamtverzeichnis\/bauingenieurwissenschaften\/hydraulic-studies-on-trifurcations\/\" \/>\n<meta property=\"og:site_name\" content=\"Verlag der TU Graz\" \/>\n<meta property=\"article:modified_time\" content=\"2020-08-21T12:54:52+00:00\" \/>\n<meta property=\"og:image\" content=\"https:\/\/tugraztestweb.asol.at\/wp-content\/uploads\/2020\/08\/image-978-3-85125-066-4.jpg\" \/>\n\t<meta property=\"og:image:width\" content=\"580\" \/>\n\t<meta property=\"og:image:height\" content=\"851\" \/>\n<meta name=\"twitter:card\" content=\"summary_large_image\" \/>\n<meta name=\"twitter:label1\" content=\"Est. reading time\">\n\t<meta name=\"twitter:data1\" content=\"1 minute\">\n<script type=\"application\/ld+json\" class=\"yoast-schema-graph\">{\"@context\":\"https:\/\/schema.org\",\"@graph\":[{\"@type\":\"WebSite\",\"@id\":\"https:\/\/tugraztestweb.asol.at\/#website\",\"url\":\"https:\/\/tugraztestweb.asol.at\/\",\"name\":\"Verlag der TU Graz\",\"description\":\"Verlag der Technischen Universit\\u00e4t Graz\",\"potentialAction\":[{\"@type\":\"SearchAction\",\"target\":\"https:\/\/tugraztestweb.asol.at\/?s={search_term_string}\",\"query-input\":\"required name=search_term_string\"}],\"inLanguage\":\"en-US\"},{\"@type\":\"ImageObject\",\"@id\":\"https:\/\/tugraztestweb.asol.at\/en\/gesamtverzeichnis\/bauingenieurwissenschaften\/hydraulic-studies-on-trifurcations\/#primaryimage\",\"inLanguage\":\"en-US\",\"url\":\"https:\/\/tugraztestweb.asol.at\/wp-content\/uploads\/2020\/08\/image-978-3-85125-066-4.jpg\",\"contentUrl\":\"https:\/\/tugraztestweb.asol.at\/wp-content\/uploads\/2020\/08\/image-978-3-85125-066-4.jpg\",\"width\":580,\"height\":851},{\"@type\":\"WebPage\",\"@id\":\"https:\/\/tugraztestweb.asol.at\/en\/gesamtverzeichnis\/bauingenieurwissenschaften\/hydraulic-studies-on-trifurcations\/#webpage\",\"url\":\"https:\/\/tugraztestweb.asol.at\/en\/gesamtverzeichnis\/bauingenieurwissenschaften\/hydraulic-studies-on-trifurcations\/\",\"name\":\"Hydraulic Studies on Trifurcations - Verlag der TU Graz\",\"isPartOf\":{\"@id\":\"https:\/\/tugraztestweb.asol.at\/#website\"},\"primaryImageOfPage\":{\"@id\":\"https:\/\/tugraztestweb.asol.at\/en\/gesamtverzeichnis\/bauingenieurwissenschaften\/hydraulic-studies-on-trifurcations\/#primaryimage\"},\"datePublished\":\"2020-08-21T12:53:52+00:00\",\"dateModified\":\"2020-08-21T12:54:52+00:00\",\"breadcrumb\":{\"@id\":\"https:\/\/tugraztestweb.asol.at\/en\/gesamtverzeichnis\/bauingenieurwissenschaften\/hydraulic-studies-on-trifurcations\/#breadcrumb\"},\"inLanguage\":\"en-US\",\"potentialAction\":[{\"@type\":\"ReadAction\",\"target\":[\"https:\/\/tugraztestweb.asol.at\/en\/gesamtverzeichnis\/bauingenieurwissenschaften\/hydraulic-studies-on-trifurcations\/\"]}]},{\"@type\":\"BreadcrumbList\",\"@id\":\"https:\/\/tugraztestweb.asol.at\/en\/gesamtverzeichnis\/bauingenieurwissenschaften\/hydraulic-studies-on-trifurcations\/#breadcrumb\",\"itemListElement\":[{\"@type\":\"ListItem\",\"position\":1,\"item\":{\"@type\":\"WebPage\",\"@id\":\"https:\/\/tugraztestweb.asol.at\/\",\"url\":\"https:\/\/tugraztestweb.asol.at\/\",\"name\":\"Home\"}},{\"@type\":\"ListItem\",\"position\":2,\"item\":{\"@type\":\"WebPage\",\"@id\":\"https:\/\/tugraztestweb.asol.at\/gesamtverzeichnis\/\",\"url\":\"https:\/\/tugraztestweb.asol.at\/gesamtverzeichnis\/\",\"name\":\"Gesamtverzeichnis\"}},{\"@type\":\"ListItem\",\"position\":3,\"item\":{\"@type\":\"WebPage\",\"@id\":\"https:\/\/tugraztestweb.asol.at\/en\/gesamtverzeichnis\/bauingenieurwissenschaften\/hydraulic-studies-on-trifurcations\/\",\"url\":\"https:\/\/tugraztestweb.asol.at\/en\/gesamtverzeichnis\/bauingenieurwissenschaften\/hydraulic-studies-on-trifurcations\/\",\"name\":\"Hydraulic Studies on Trifurcations\"}}]}]}<\/script>\n<!-- \/ Yoast SEO plugin. -->","_links":{"self":[{"href":"https:\/\/tugraztestweb.asol.at\/en\/wp-json\/wp\/v2\/product\/29816"}],"collection":[{"href":"https:\/\/tugraztestweb.asol.at\/en\/wp-json\/wp\/v2\/product"}],"about":[{"href":"https:\/\/tugraztestweb.asol.at\/en\/wp-json\/wp\/v2\/types\/product"}],"replies":[{"embeddable":true,"href":"https:\/\/tugraztestweb.asol.at\/en\/wp-json\/wp\/v2\/comments?post=29816"}],"wp:featuredmedia":[{"embeddable":true,"href":"https:\/\/tugraztestweb.asol.at\/en\/wp-json\/wp\/v2\/media\/39664"}],"wp:attachment":[{"href":"https:\/\/tugraztestweb.asol.at\/en\/wp-json\/wp\/v2\/media?parent=29816"}],"curies":[{"name":"wp","href":"https:\/\/api.w.org\/{rel}","templated":true}]}}