{"id":29828,"date":"2020-08-21T12:53:55","date_gmt":"2020-08-21T12:53:55","guid":{"rendered":"http:\/\/tugraztestweb.asol.at\/gesamtverzeichnis\/unkategorisiert\/industriebetriebslehre-2011\/"},"modified":"2020-08-21T14:54:55","modified_gmt":"2020-08-21T12:54:55","slug":"industriebetriebslehre-2011","status":"publish","type":"product","link":"https:\/\/tugraztestweb.asol.at\/en\/gesamtverzeichnis\/maschinenbau-und-wirtschaftswissenschaften\/industriebetriebslehre-2011\/","title":{"rendered":"Industriebetriebslehre 2011"},"content":{"rendered":"<p class=\"qtranxs-available-languages-message qtranxs-available-languages-message-en\">Sorry, this entry is only available in <a href=\"https:\/\/tugraztestweb.asol.at\/de\/wp-json\/wp\/v2\/product\/29828\" class=\"qtranxs-available-language-link qtranxs-available-language-link-de\" title=\"Deutsch\">Deutsch<\/a>.<\/p><p>INDUSTRIEBETRIEBSLEHRE 2011 gibt einen \u00dcberblick \u00fcber die bisherigen bzw. aktuellen wissenschaftlichen Bem\u00fchungen am Institut f\u00fcr Industriebetriebslehre und Innovationsforschung sowie am Institute of Production Science of Management.<br \/>\nDer erste Abschnitt umfasst eine etwas erweiterte Fassung der Abschlussvorlesung \u201eIndustrielles Management \u2013 Techno\u00f6konomie und Leadership\u201c. Darin werden zentrale Anliegen von Forschung und Lehre in den zur\u00fcckliegenden Jahren beleuchtet.<br \/>\nErg\u00e4nzt werden die Ausf\u00fchrungen durch ausgew\u00e4hlte Zahlen, Daten und Fakten \u00fcber die Arbeit an den beiden genannten Instituten. Im Weiteren werden Kurzbeschreibungen derzeit aktueller Forschungsarbeiten von InstitutsmitarbeiterInnen angef\u00fcgt. In einer pers\u00f6nlichen Reflexion wird schlie\u00dflich versucht, die Verbundenheit zur Technik in Graz zum Ausdruck zu bringen.<br \/>\nINDUSTRIEBETRIEBSLEHRE 2011 kann damit auch als fachspezifischer Beitrag zur Dokumentation der Vitalit\u00e4t der Technischen Universit\u00e4t Graz im Jubil\u00e4umsjahr 2011 auf dem Weg zur Exzellenz-Universit\u00e4t interpretiert werden.<\/p>","protected":false},"excerpt":{"rendered":"<p class=\"qtranxs-available-languages-message qtranxs-available-languages-message-en\">Sorry, this entry is only available in <a href=\"https:\/\/tugraztestweb.asol.at\/de\/wp-json\/wp\/v2\/product\/29828\" class=\"qtranxs-available-language-link qtranxs-available-language-link-de\" title=\"Deutsch\">Deutsch<\/a>.<\/p>\n<p>INDUSTRIEBETRIEBSLEHRE 2011 gibt einen \u00dcberblick \u00fcber die bisherigen bzw. aktuellen wissenschaftlichen Bem\u00fchungen am Institut f\u00fcr Industriebetriebslehre und Innovationsforschung sowie am Institute of Production Science of Management.<br \/>\nDer erste Abschnitt umfasst eine etwas erweiterte Fassung der Abschlussvorlesung \u201eIndustrielles Management \u2013 Techno\u00f6konomie und Leadership\u201c. Darin werden zentrale Anliegen von Forschung und Lehre in den zur\u00fcckliegenden Jahren beleuchtet.<br \/>\nErg\u00e4nzt werden die Ausf\u00fchrungen durch ausgew\u00e4hlte Zahlen, Daten und Fakten \u00fcber die Arbeit an den beiden genannten Instituten. Im Weiteren werden Kurzbeschreibungen derzeit aktueller Forschungsarbeiten von InstitutsmitarbeiterInnen angef\u00fcgt. In einer pers\u00f6nlichen Reflexion wird schlie\u00dflich versucht, die Verbundenheit zur Technik in Graz zum Ausdruck zu bringen.<br \/>\nINDUSTRIEBETRIEBSLEHRE 2011 kann damit auch als fachspezifischer Beitrag zur Dokumentation der Vitalit\u00e4t der Technischen Universit\u00e4t Graz im Jubil\u00e4umsjahr 2011 auf dem Weg zur Exzellenz-Universit\u00e4t interpretiert werden.<\/p>\n","protected":false},"featured_media":39668,"comment_status":"open","ping_status":"closed","template":"","meta":[],"yoast_head":"<!-- This site is optimized with the Yoast SEO plugin v16.1.1 - https:\/\/yoast.com\/wordpress\/plugins\/seo\/ -->\n<link rel=\"canonical\" href=\"https:\/\/tugraztestweb.asol.at\/gesamtverzeichnis\/maschinenbau-und-wirtschaftswissenschaften\/industriebetriebslehre-2011\/\" \/>\n<meta property=\"og:locale\" content=\"en_US\" \/>\n<meta property=\"og:type\" content=\"article\" \/>\n<meta property=\"og:title\" content=\"Industriebetriebslehre 2011 - Verlag der TU Graz\" \/>\n<meta property=\"og:description\" content=\"INDUSTRIEBETRIEBSLEHRE 2011 gibt einen \u00dcberblick \u00fcber die bisherigen bzw. aktuellen wissenschaftlichen Bem\u00fchungen am Institut f\u00fcr Industriebetriebslehre und Innovationsforschung sowie am Institute of Production Science of Management. Der erste Abschnitt umfasst eine etwas erweiterte Fassung der Abschlussvorlesung \u201eIndustrielles Management \u2013 Techno\u00f6konomie und Leadership\u201c. Darin werden zentrale Anliegen von Forschung und Lehre in den zur\u00fcckliegenden Jahren beleuchtet. Erg\u00e4nzt werden die Ausf\u00fchrungen durch ausgew\u00e4hlte Zahlen, Daten und Fakten \u00fcber die Arbeit an den beiden genannten Instituten. Im Weiteren werden Kurzbeschreibungen derzeit aktueller Forschungsarbeiten von InstitutsmitarbeiterInnen angef\u00fcgt. In einer pers\u00f6nlichen Reflexion wird schlie\u00dflich versucht, die Verbundenheit zur Technik in Graz zum Ausdruck zu bringen. INDUSTRIEBETRIEBSLEHRE 2011 kann damit auch als fachspezifischer Beitrag zur Dokumentation der Vitalit\u00e4t der Technischen Universit\u00e4t Graz im Jubil\u00e4umsjahr 2011 auf dem Weg zur Exzellenz-Universit\u00e4t interpretiert werden.\" \/>\n<meta property=\"og:url\" content=\"https:\/\/tugraztestweb.asol.at\/gesamtverzeichnis\/maschinenbau-und-wirtschaftswissenschaften\/industriebetriebslehre-2011\/\" \/>\n<meta property=\"og:site_name\" content=\"Verlag der TU Graz\" \/>\n<meta property=\"article:modified_time\" content=\"2020-08-21T12:54:55+00:00\" \/>\n<meta property=\"og:image\" content=\"https:\/\/tugraztestweb.asol.at\/wp-content\/uploads\/2020\/08\/image-978-3-85125-154-8.jpg\" \/>\n\t<meta property=\"og:image:width\" content=\"588\" \/>\n\t<meta property=\"og:image:height\" content=\"865\" \/>\n<meta name=\"twitter:card\" content=\"summary_large_image\" \/>\n<meta name=\"twitter:label1\" content=\"Est. reading time\">\n\t<meta name=\"twitter:data1\" content=\"1 minute\">\n<script type=\"application\/ld+json\" class=\"yoast-schema-graph\">{\"@context\":\"https:\/\/schema.org\",\"@graph\":[{\"@type\":\"WebSite\",\"@id\":\"https:\/\/tugraztestweb.asol.at\/#website\",\"url\":\"https:\/\/tugraztestweb.asol.at\/\",\"name\":\"Verlag der TU Graz\",\"description\":\"Verlag der Technischen Universit\\u00e4t Graz\",\"potentialAction\":[{\"@type\":\"SearchAction\",\"target\":\"https:\/\/tugraztestweb.asol.at\/?s={search_term_string}\",\"query-input\":\"required name=search_term_string\"}],\"inLanguage\":\"en-US\"},{\"@type\":\"ImageObject\",\"@id\":\"https:\/\/tugraztestweb.asol.at\/gesamtverzeichnis\/maschinenbau-und-wirtschaftswissenschaften\/industriebetriebslehre-2011\/#primaryimage\",\"inLanguage\":\"en-US\",\"url\":\"https:\/\/tugraztestweb.asol.at\/wp-content\/uploads\/2020\/08\/image-978-3-85125-154-8.jpg\",\"contentUrl\":\"https:\/\/tugraztestweb.asol.at\/wp-content\/uploads\/2020\/08\/image-978-3-85125-154-8.jpg\",\"width\":588,\"height\":865},{\"@type\":\"WebPage\",\"@id\":\"https:\/\/tugraztestweb.asol.at\/gesamtverzeichnis\/maschinenbau-und-wirtschaftswissenschaften\/industriebetriebslehre-2011\/#webpage\",\"url\":\"https:\/\/tugraztestweb.asol.at\/gesamtverzeichnis\/maschinenbau-und-wirtschaftswissenschaften\/industriebetriebslehre-2011\/\",\"name\":\"Industriebetriebslehre 2011 - Verlag der TU Graz\",\"isPartOf\":{\"@id\":\"https:\/\/tugraztestweb.asol.at\/#website\"},\"primaryImageOfPage\":{\"@id\":\"https:\/\/tugraztestweb.asol.at\/gesamtverzeichnis\/maschinenbau-und-wirtschaftswissenschaften\/industriebetriebslehre-2011\/#primaryimage\"},\"datePublished\":\"2020-08-21T12:53:55+00:00\",\"dateModified\":\"2020-08-21T12:54:55+00:00\",\"breadcrumb\":{\"@id\":\"https:\/\/tugraztestweb.asol.at\/gesamtverzeichnis\/maschinenbau-und-wirtschaftswissenschaften\/industriebetriebslehre-2011\/#breadcrumb\"},\"inLanguage\":\"en-US\",\"potentialAction\":[{\"@type\":\"ReadAction\",\"target\":[\"https:\/\/tugraztestweb.asol.at\/gesamtverzeichnis\/maschinenbau-und-wirtschaftswissenschaften\/industriebetriebslehre-2011\/\"]}]},{\"@type\":\"BreadcrumbList\",\"@id\":\"https:\/\/tugraztestweb.asol.at\/gesamtverzeichnis\/maschinenbau-und-wirtschaftswissenschaften\/industriebetriebslehre-2011\/#breadcrumb\",\"itemListElement\":[{\"@type\":\"ListItem\",\"position\":1,\"item\":{\"@type\":\"WebPage\",\"@id\":\"https:\/\/tugraztestweb.asol.at\/\",\"url\":\"https:\/\/tugraztestweb.asol.at\/\",\"name\":\"Home\"}},{\"@type\":\"ListItem\",\"position\":2,\"item\":{\"@type\":\"WebPage\",\"@id\":\"https:\/\/tugraztestweb.asol.at\/gesamtverzeichnis\/\",\"url\":\"https:\/\/tugraztestweb.asol.at\/gesamtverzeichnis\/\",\"name\":\"Gesamtverzeichnis\"}},{\"@type\":\"ListItem\",\"position\":3,\"item\":{\"@type\":\"WebPage\",\"@id\":\"https:\/\/tugraztestweb.asol.at\/gesamtverzeichnis\/maschinenbau-und-wirtschaftswissenschaften\/industriebetriebslehre-2011\/\",\"url\":\"https:\/\/tugraztestweb.asol.at\/gesamtverzeichnis\/maschinenbau-und-wirtschaftswissenschaften\/industriebetriebslehre-2011\/\",\"name\":\"Industriebetriebslehre 2011\"}}]}]}<\/script>\n<!-- \/ Yoast SEO plugin. -->","_links":{"self":[{"href":"https:\/\/tugraztestweb.asol.at\/en\/wp-json\/wp\/v2\/product\/29828"}],"collection":[{"href":"https:\/\/tugraztestweb.asol.at\/en\/wp-json\/wp\/v2\/product"}],"about":[{"href":"https:\/\/tugraztestweb.asol.at\/en\/wp-json\/wp\/v2\/types\/product"}],"replies":[{"embeddable":true,"href":"https:\/\/tugraztestweb.asol.at\/en\/wp-json\/wp\/v2\/comments?post=29828"}],"wp:featuredmedia":[{"embeddable":true,"href":"https:\/\/tugraztestweb.asol.at\/en\/wp-json\/wp\/v2\/media\/39668"}],"wp:attachment":[{"href":"https:\/\/tugraztestweb.asol.at\/en\/wp-json\/wp\/v2\/media?parent=29828"}],"curies":[{"name":"wp","href":"https:\/\/api.w.org\/{rel}","templated":true}]}}