{"id":29843,"date":"2020-08-21T12:53:56","date_gmt":"2020-08-21T12:53:56","guid":{"rendered":"http:\/\/tugraztestweb.asol.at\/gesamtverzeichnis\/unkategorisiert\/komplexitaetsmanagement-im-front-end-of-innovation\/"},"modified":"2020-08-21T14:54:56","modified_gmt":"2020-08-21T12:54:56","slug":"komplexitaetsmanagement-im-front-end-of-innovation","status":"publish","type":"product","link":"https:\/\/tugraztestweb.asol.at\/en\/gesamtverzeichnis\/maschinenbau-und-wirtschaftswissenschaften\/komplexitaetsmanagement-im-front-end-of-innovation\/","title":{"rendered":"Komplexit\u00e4tsmanagement im Front End of Innovation"},"content":{"rendered":"<p class=\"qtranxs-available-languages-message qtranxs-available-languages-message-en\">Sorry, this entry is only available in <a href=\"https:\/\/tugraztestweb.asol.at\/de\/wp-json\/wp\/v2\/product\/29843\" class=\"qtranxs-available-language-link qtranxs-available-language-link-de\" title=\"Deutsch\">Deutsch<\/a>.<\/p><p>Innovationen sind notwendig f\u00fcr das langfristige \u00dcberleben von Unternehmungen.<br \/>\nAuf Grund der hohen Komplexit\u00e4t und Neuigkeit konfrontieren Innovationen, besonders in den fr\u00fchen Phasen, das Management mit enormen Herausforderungen. Zu viele potentielle Ideen scheitern bei der Ideenauswahl, die effektive Abstimmung mit den Unternehmungsressourcen ist dabei eines der gravierendsten Probleme.<br \/>\nSonja Embst untersucht, wie durch umfassendes Evaluieren und komplexit\u00e4tsorientiertes Bewerten von Produktideen deren Erfolg zu potentiellen Innovationen verbessert werden kann. Hierf\u00fcr wurde ein L\u00f6sungsansatz zum Komplexit\u00e4tsmanagement in Innovationsvorhaben entwickelt. Ziel ist die fr\u00fchzeitige Komplexit\u00e4tsbew\u00e4ltigung bei Produktideen, sodass die Planung f\u00fcr Entwicklungsma\u00dfnahmen unterst\u00fctzt wird.<br \/>\nUnter Einbeziehung komplexit\u00e4tsorientierter Methoden und dem Ergebnis empirischer Fallstudien \u2013 \u00f6sterreichische Industriepartner, die einen Innovationspreis<br \/>\nerhalten haben \u2013 bietet das vorliegende Buch einen Leitfaden zur Implementierung und Umsetzung des Komplexit\u00e4tsmanagements in Innovationsvorhaben.<\/p>","protected":false},"excerpt":{"rendered":"<p class=\"qtranxs-available-languages-message qtranxs-available-languages-message-en\">Sorry, this entry is only available in <a href=\"https:\/\/tugraztestweb.asol.at\/de\/wp-json\/wp\/v2\/product\/29843\" class=\"qtranxs-available-language-link qtranxs-available-language-link-de\" title=\"Deutsch\">Deutsch<\/a>.<\/p>\n<p>Innovationen sind notwendig f\u00fcr das langfristige \u00dcberleben von Unternehmungen.<br \/>\nAuf Grund der hohen Komplexit\u00e4t und Neuigkeit konfrontieren Innovationen, besonders in den fr\u00fchen Phasen, das Management mit enormen Herausforderungen. Zu viele potentielle Ideen scheitern bei der Ideenauswahl, die effektive Abstimmung mit den Unternehmungsressourcen ist dabei eines der gravierendsten Probleme.<br \/>\nSonja Embst untersucht, wie durch umfassendes Evaluieren und komplexit\u00e4tsorientiertes Bewerten von Produktideen deren Erfolg zu potentiellen Innovationen verbessert werden kann. Hierf\u00fcr wurde ein L\u00f6sungsansatz zum Komplexit\u00e4tsmanagement in Innovationsvorhaben entwickelt. Ziel ist die fr\u00fchzeitige Komplexit\u00e4tsbew\u00e4ltigung bei Produktideen, sodass die Planung f\u00fcr Entwicklungsma\u00dfnahmen unterst\u00fctzt wird.<br \/>\nUnter Einbeziehung komplexit\u00e4tsorientierter Methoden und dem Ergebnis empirischer Fallstudien \u2013 \u00f6sterreichische Industriepartner, die einen Innovationspreis<br \/>\nerhalten haben \u2013 bietet das vorliegende Buch einen Leitfaden zur Implementierung und Umsetzung des Komplexit\u00e4tsmanagements in Innovationsvorhaben.<\/p>\n","protected":false},"featured_media":39671,"comment_status":"open","ping_status":"closed","template":"","meta":[],"yoast_head":"<!-- This site is optimized with the Yoast SEO plugin v16.1.1 - https:\/\/yoast.com\/wordpress\/plugins\/seo\/ -->\n<link rel=\"canonical\" href=\"https:\/\/tugraztestweb.asol.at\/gesamtverzeichnis\/maschinenbau-und-wirtschaftswissenschaften\/komplexitaetsmanagement-im-front-end-of-innovation\/\" \/>\n<meta property=\"og:locale\" content=\"en_US\" \/>\n<meta property=\"og:type\" content=\"article\" \/>\n<meta property=\"og:title\" content=\"Komplexit\u00e4tsmanagement im Front End of Innovation - Verlag der TU Graz\" \/>\n<meta property=\"og:description\" content=\"Innovationen sind notwendig f\u00fcr das langfristige \u00dcberleben von Unternehmungen. Auf Grund der hohen Komplexit\u00e4t und Neuigkeit konfrontieren Innovationen, besonders in den fr\u00fchen Phasen, das Management mit enormen Herausforderungen. Zu viele potentielle Ideen scheitern bei der Ideenauswahl, die effektive Abstimmung mit den Unternehmungsressourcen ist dabei eines der gravierendsten Probleme. Sonja Embst untersucht, wie durch umfassendes Evaluieren und komplexit\u00e4tsorientiertes Bewerten von Produktideen deren Erfolg zu potentiellen Innovationen verbessert werden kann. Hierf\u00fcr wurde ein L\u00f6sungsansatz zum Komplexit\u00e4tsmanagement in Innovationsvorhaben entwickelt. Ziel ist die fr\u00fchzeitige Komplexit\u00e4tsbew\u00e4ltigung bei Produktideen, sodass die Planung f\u00fcr Entwicklungsma\u00dfnahmen unterst\u00fctzt wird. Unter Einbeziehung komplexit\u00e4tsorientierter Methoden und dem Ergebnis empirischer Fallstudien \u2013 \u00f6sterreichische Industriepartner, die einen Innovationspreis erhalten haben \u2013 bietet das vorliegende Buch einen Leitfaden zur Implementierung und Umsetzung des Komplexit\u00e4tsmanagements in Innovationsvorhaben.\" \/>\n<meta property=\"og:url\" content=\"https:\/\/tugraztestweb.asol.at\/gesamtverzeichnis\/maschinenbau-und-wirtschaftswissenschaften\/komplexitaetsmanagement-im-front-end-of-innovation\/\" \/>\n<meta property=\"og:site_name\" content=\"Verlag der TU Graz\" \/>\n<meta property=\"article:modified_time\" content=\"2020-08-21T12:54:56+00:00\" \/>\n<meta property=\"og:image\" content=\"https:\/\/tugraztestweb.asol.at\/wp-content\/uploads\/2020\/08\/image-978-3-85125-143-2.jpg\" \/>\n\t<meta property=\"og:image:width\" content=\"585\" \/>\n\t<meta property=\"og:image:height\" content=\"862\" \/>\n<meta name=\"twitter:card\" content=\"summary_large_image\" \/>\n<meta name=\"twitter:label1\" content=\"Est. reading time\">\n\t<meta name=\"twitter:data1\" content=\"1 minute\">\n<script type=\"application\/ld+json\" class=\"yoast-schema-graph\">{\"@context\":\"https:\/\/schema.org\",\"@graph\":[{\"@type\":\"WebSite\",\"@id\":\"https:\/\/tugraztestweb.asol.at\/#website\",\"url\":\"https:\/\/tugraztestweb.asol.at\/\",\"name\":\"Verlag der TU Graz\",\"description\":\"Verlag der Technischen Universit\\u00e4t Graz\",\"potentialAction\":[{\"@type\":\"SearchAction\",\"target\":\"https:\/\/tugraztestweb.asol.at\/?s={search_term_string}\",\"query-input\":\"required name=search_term_string\"}],\"inLanguage\":\"en-US\"},{\"@type\":\"ImageObject\",\"@id\":\"https:\/\/tugraztestweb.asol.at\/gesamtverzeichnis\/maschinenbau-und-wirtschaftswissenschaften\/komplexitaetsmanagement-im-front-end-of-innovation\/#primaryimage\",\"inLanguage\":\"en-US\",\"url\":\"https:\/\/tugraztestweb.asol.at\/wp-content\/uploads\/2020\/08\/image-978-3-85125-143-2.jpg\",\"contentUrl\":\"https:\/\/tugraztestweb.asol.at\/wp-content\/uploads\/2020\/08\/image-978-3-85125-143-2.jpg\",\"width\":585,\"height\":862},{\"@type\":\"WebPage\",\"@id\":\"https:\/\/tugraztestweb.asol.at\/gesamtverzeichnis\/maschinenbau-und-wirtschaftswissenschaften\/komplexitaetsmanagement-im-front-end-of-innovation\/#webpage\",\"url\":\"https:\/\/tugraztestweb.asol.at\/gesamtverzeichnis\/maschinenbau-und-wirtschaftswissenschaften\/komplexitaetsmanagement-im-front-end-of-innovation\/\",\"name\":\"Komplexit\\u00e4tsmanagement im Front End of Innovation - Verlag der TU Graz\",\"isPartOf\":{\"@id\":\"https:\/\/tugraztestweb.asol.at\/#website\"},\"primaryImageOfPage\":{\"@id\":\"https:\/\/tugraztestweb.asol.at\/gesamtverzeichnis\/maschinenbau-und-wirtschaftswissenschaften\/komplexitaetsmanagement-im-front-end-of-innovation\/#primaryimage\"},\"datePublished\":\"2020-08-21T12:53:56+00:00\",\"dateModified\":\"2020-08-21T12:54:56+00:00\",\"breadcrumb\":{\"@id\":\"https:\/\/tugraztestweb.asol.at\/gesamtverzeichnis\/maschinenbau-und-wirtschaftswissenschaften\/komplexitaetsmanagement-im-front-end-of-innovation\/#breadcrumb\"},\"inLanguage\":\"en-US\",\"potentialAction\":[{\"@type\":\"ReadAction\",\"target\":[\"https:\/\/tugraztestweb.asol.at\/gesamtverzeichnis\/maschinenbau-und-wirtschaftswissenschaften\/komplexitaetsmanagement-im-front-end-of-innovation\/\"]}]},{\"@type\":\"BreadcrumbList\",\"@id\":\"https:\/\/tugraztestweb.asol.at\/gesamtverzeichnis\/maschinenbau-und-wirtschaftswissenschaften\/komplexitaetsmanagement-im-front-end-of-innovation\/#breadcrumb\",\"itemListElement\":[{\"@type\":\"ListItem\",\"position\":1,\"item\":{\"@type\":\"WebPage\",\"@id\":\"https:\/\/tugraztestweb.asol.at\/\",\"url\":\"https:\/\/tugraztestweb.asol.at\/\",\"name\":\"Home\"}},{\"@type\":\"ListItem\",\"position\":2,\"item\":{\"@type\":\"WebPage\",\"@id\":\"https:\/\/tugraztestweb.asol.at\/gesamtverzeichnis\/\",\"url\":\"https:\/\/tugraztestweb.asol.at\/gesamtverzeichnis\/\",\"name\":\"Gesamtverzeichnis\"}},{\"@type\":\"ListItem\",\"position\":3,\"item\":{\"@type\":\"WebPage\",\"@id\":\"https:\/\/tugraztestweb.asol.at\/gesamtverzeichnis\/maschinenbau-und-wirtschaftswissenschaften\/komplexitaetsmanagement-im-front-end-of-innovation\/\",\"url\":\"https:\/\/tugraztestweb.asol.at\/gesamtverzeichnis\/maschinenbau-und-wirtschaftswissenschaften\/komplexitaetsmanagement-im-front-end-of-innovation\/\",\"name\":\"Komplexit\\u00e4tsmanagement im Front End of Innovation\"}}]}]}<\/script>\n<!-- \/ Yoast SEO plugin. -->","_links":{"self":[{"href":"https:\/\/tugraztestweb.asol.at\/en\/wp-json\/wp\/v2\/product\/29843"}],"collection":[{"href":"https:\/\/tugraztestweb.asol.at\/en\/wp-json\/wp\/v2\/product"}],"about":[{"href":"https:\/\/tugraztestweb.asol.at\/en\/wp-json\/wp\/v2\/types\/product"}],"replies":[{"embeddable":true,"href":"https:\/\/tugraztestweb.asol.at\/en\/wp-json\/wp\/v2\/comments?post=29843"}],"wp:featuredmedia":[{"embeddable":true,"href":"https:\/\/tugraztestweb.asol.at\/en\/wp-json\/wp\/v2\/media\/39671"}],"wp:attachment":[{"href":"https:\/\/tugraztestweb.asol.at\/en\/wp-json\/wp\/v2\/media?parent=29843"}],"curies":[{"name":"wp","href":"https:\/\/api.w.org\/{rel}","templated":true}]}}