{"id":29848,"date":"2020-08-21T12:53:56","date_gmt":"2020-08-21T12:53:56","guid":{"rendered":"http:\/\/tugraztestweb.asol.at\/gesamtverzeichnis\/unkategorisiert\/kostenplanung-normen-regelwerke\/"},"modified":"2020-08-21T14:54:56","modified_gmt":"2020-08-21T12:54:56","slug":"kostenplanung-normen-regelwerke","status":"publish","type":"product","link":"https:\/\/tugraztestweb.asol.at\/en\/gesamtverzeichnis\/bauingenieurwissenschaften\/kostenplanung-normen-regelwerke\/","title":{"rendered":"Kostenplanung, Normen, Regelwerke"},"content":{"rendered":"<p class=\"qtranxs-available-languages-message qtranxs-available-languages-message-en\">Sorry, this entry is only available in <a href=\"https:\/\/tugraztestweb.asol.at\/de\/wp-json\/wp\/v2\/product\/29848\" class=\"qtranxs-available-language-link qtranxs-available-language-link-de\" title=\"Deutsch\">Deutsch<\/a>.<\/p><p>Die Optimierung von Kostensch\u00e4tzung und Kostenberechnung ist Wunsch vieler Bauherren.<br \/>\nWirtschaftliche Konzeption von Bauprojekten und bewusster Einsatz \u201ebegrenzter\u201c Ressourcen werden zunehmend wichtiger.<br \/>\nWoher kommen die Preise ?<br \/>\nDie Notwendigkeit, \u00fcber Inhalt, Umfang und Umsetzung der Kostenplanung ausreichend informiert zu sein, ist sowohl f\u00fcr<br \/>\nPlanungs- und Bauabwicklungsbeteiligte, als auch f\u00fcr Auftraggeber von projektentscheidender Bedeutung.<br \/>\nKostenplanungsarbeit mit Vergleichsprojekten, Relevanz von Projektvergleichen.<\/p>\n<p>ZIELE<br \/>\nAnleitung zur praxisgerechten Methodik<br \/>\nf\u00fcr Kostenrahmen, Kostensch\u00e4tzung<br \/>\nund Kostenberechnung<br \/>\nHinweise zur Umsetzung in der Praxis<\/p>\n<p>INHALTE<br \/>\nStruktur und Inhalt der BKI Datenbank<br \/>\nArbeit mit Kosten oder Preisen<br \/>\nRelevanz der Beispiele<br \/>\nProtokollierung der Ver\u00e4nderungen<\/p>","protected":false},"excerpt":{"rendered":"<p class=\"qtranxs-available-languages-message qtranxs-available-languages-message-en\">Sorry, this entry is only available in <a href=\"https:\/\/tugraztestweb.asol.at\/de\/wp-json\/wp\/v2\/product\/29848\" class=\"qtranxs-available-language-link qtranxs-available-language-link-de\" title=\"Deutsch\">Deutsch<\/a>.<\/p>\n<p>Die Optimierung von Kostensch\u00e4tzung und Kostenberechnung ist Wunsch vieler Bauherren.<br \/>\nWirtschaftliche Konzeption von Bauprojekten und bewusster Einsatz \u201ebegrenzter\u201c Ressourcen werden zunehmend wichtiger.<br \/>\nWoher kommen die Preise ?<br \/>\nDie Notwendigkeit, \u00fcber Inhalt, Umfang und Umsetzung der Kostenplanung ausreichend informiert zu sein, ist sowohl f\u00fcr<br \/>\nPlanungs- und Bauabwicklungsbeteiligte, als auch f\u00fcr Auftraggeber von projektentscheidender Bedeutung.<br \/>\nKostenplanungsarbeit mit Vergleichsprojekten, Relevanz von Projektvergleichen.<\/p>\n<p>ZIELE<br \/>\nAnleitung zur praxisgerechten Methodik<br \/>\nf\u00fcr Kostenrahmen, Kostensch\u00e4tzung<br \/>\nund Kostenberechnung<br \/>\nHinweise zur Umsetzung in der Praxis<\/p>\n<p>INHALTE<br \/>\nStruktur und Inhalt der BKI Datenbank<br \/>\nArbeit mit Kosten oder Preisen<br \/>\nRelevanz der Beispiele<br \/>\nProtokollierung der Ver\u00e4nderungen<\/p>\n","protected":false},"featured_media":39674,"comment_status":"open","ping_status":"closed","template":"","meta":[],"yoast_head":"<!-- This site is optimized with the Yoast SEO plugin v16.1.1 - https:\/\/yoast.com\/wordpress\/plugins\/seo\/ -->\n<link rel=\"canonical\" href=\"https:\/\/tugraztestweb.asol.at\/gesamtverzeichnis\/bauingenieurwissenschaften\/kostenplanung-normen-regelwerke\/\" \/>\n<meta property=\"og:locale\" content=\"en_US\" \/>\n<meta property=\"og:type\" content=\"article\" \/>\n<meta property=\"og:title\" content=\"Kostenplanung, Normen, Regelwerke - Verlag der TU Graz\" \/>\n<meta property=\"og:description\" content=\"Die Optimierung von Kostensch\u00e4tzung und Kostenberechnung ist Wunsch vieler Bauherren. Wirtschaftliche Konzeption von Bauprojekten und bewusster Einsatz \u201ebegrenzter\u201c Ressourcen werden zunehmend wichtiger. Woher kommen die Preise ? Die Notwendigkeit, \u00fcber Inhalt, Umfang und Umsetzung der Kostenplanung ausreichend informiert zu sein, ist sowohl f\u00fcr Planungs- und Bauabwicklungsbeteiligte, als auch f\u00fcr Auftraggeber von projektentscheidender Bedeutung. Kostenplanungsarbeit mit Vergleichsprojekten, Relevanz von Projektvergleichen. ZIELE Anleitung zur praxisgerechten Methodik f\u00fcr Kostenrahmen, Kostensch\u00e4tzung und Kostenberechnung Hinweise zur Umsetzung in der Praxis INHALTE Struktur und Inhalt der BKI Datenbank Arbeit mit Kosten oder Preisen Relevanz der Beispiele Protokollierung der Ver\u00e4nderungen\" \/>\n<meta property=\"og:url\" content=\"https:\/\/tugraztestweb.asol.at\/gesamtverzeichnis\/bauingenieurwissenschaften\/kostenplanung-normen-regelwerke\/\" \/>\n<meta property=\"og:site_name\" content=\"Verlag der TU Graz\" \/>\n<meta property=\"article:modified_time\" content=\"2020-08-21T12:54:56+00:00\" \/>\n<meta property=\"og:image\" content=\"https:\/\/tugraztestweb.asol.at\/wp-content\/uploads\/2020\/08\/image-978-3-85125-099-2.jpg\" \/>\n\t<meta property=\"og:image:width\" content=\"1193\" \/>\n\t<meta property=\"og:image:height\" content=\"843\" \/>\n<meta name=\"twitter:card\" content=\"summary_large_image\" \/>\n<script type=\"application\/ld+json\" class=\"yoast-schema-graph\">{\"@context\":\"https:\/\/schema.org\",\"@graph\":[{\"@type\":\"WebSite\",\"@id\":\"https:\/\/tugraztestweb.asol.at\/#website\",\"url\":\"https:\/\/tugraztestweb.asol.at\/\",\"name\":\"Verlag der TU Graz\",\"description\":\"Verlag der Technischen Universit\\u00e4t Graz\",\"potentialAction\":[{\"@type\":\"SearchAction\",\"target\":\"https:\/\/tugraztestweb.asol.at\/?s={search_term_string}\",\"query-input\":\"required name=search_term_string\"}],\"inLanguage\":\"en-US\"},{\"@type\":\"ImageObject\",\"@id\":\"https:\/\/tugraztestweb.asol.at\/gesamtverzeichnis\/bauingenieurwissenschaften\/kostenplanung-normen-regelwerke\/#primaryimage\",\"inLanguage\":\"en-US\",\"url\":\"https:\/\/tugraztestweb.asol.at\/wp-content\/uploads\/2020\/08\/image-978-3-85125-099-2.jpg\",\"contentUrl\":\"https:\/\/tugraztestweb.asol.at\/wp-content\/uploads\/2020\/08\/image-978-3-85125-099-2.jpg\",\"width\":1193,\"height\":843},{\"@type\":\"WebPage\",\"@id\":\"https:\/\/tugraztestweb.asol.at\/gesamtverzeichnis\/bauingenieurwissenschaften\/kostenplanung-normen-regelwerke\/#webpage\",\"url\":\"https:\/\/tugraztestweb.asol.at\/gesamtverzeichnis\/bauingenieurwissenschaften\/kostenplanung-normen-regelwerke\/\",\"name\":\"Kostenplanung, Normen, Regelwerke - Verlag der TU Graz\",\"isPartOf\":{\"@id\":\"https:\/\/tugraztestweb.asol.at\/#website\"},\"primaryImageOfPage\":{\"@id\":\"https:\/\/tugraztestweb.asol.at\/gesamtverzeichnis\/bauingenieurwissenschaften\/kostenplanung-normen-regelwerke\/#primaryimage\"},\"datePublished\":\"2020-08-21T12:53:56+00:00\",\"dateModified\":\"2020-08-21T12:54:56+00:00\",\"breadcrumb\":{\"@id\":\"https:\/\/tugraztestweb.asol.at\/gesamtverzeichnis\/bauingenieurwissenschaften\/kostenplanung-normen-regelwerke\/#breadcrumb\"},\"inLanguage\":\"en-US\",\"potentialAction\":[{\"@type\":\"ReadAction\",\"target\":[\"https:\/\/tugraztestweb.asol.at\/gesamtverzeichnis\/bauingenieurwissenschaften\/kostenplanung-normen-regelwerke\/\"]}]},{\"@type\":\"BreadcrumbList\",\"@id\":\"https:\/\/tugraztestweb.asol.at\/gesamtverzeichnis\/bauingenieurwissenschaften\/kostenplanung-normen-regelwerke\/#breadcrumb\",\"itemListElement\":[{\"@type\":\"ListItem\",\"position\":1,\"item\":{\"@type\":\"WebPage\",\"@id\":\"https:\/\/tugraztestweb.asol.at\/\",\"url\":\"https:\/\/tugraztestweb.asol.at\/\",\"name\":\"Home\"}},{\"@type\":\"ListItem\",\"position\":2,\"item\":{\"@type\":\"WebPage\",\"@id\":\"https:\/\/tugraztestweb.asol.at\/gesamtverzeichnis\/\",\"url\":\"https:\/\/tugraztestweb.asol.at\/gesamtverzeichnis\/\",\"name\":\"Gesamtverzeichnis\"}},{\"@type\":\"ListItem\",\"position\":3,\"item\":{\"@type\":\"WebPage\",\"@id\":\"https:\/\/tugraztestweb.asol.at\/gesamtverzeichnis\/bauingenieurwissenschaften\/kostenplanung-normen-regelwerke\/\",\"url\":\"https:\/\/tugraztestweb.asol.at\/gesamtverzeichnis\/bauingenieurwissenschaften\/kostenplanung-normen-regelwerke\/\",\"name\":\"Kostenplanung, Normen, Regelwerke\"}}]}]}<\/script>\n<!-- \/ Yoast SEO plugin. -->","_links":{"self":[{"href":"https:\/\/tugraztestweb.asol.at\/en\/wp-json\/wp\/v2\/product\/29848"}],"collection":[{"href":"https:\/\/tugraztestweb.asol.at\/en\/wp-json\/wp\/v2\/product"}],"about":[{"href":"https:\/\/tugraztestweb.asol.at\/en\/wp-json\/wp\/v2\/types\/product"}],"replies":[{"embeddable":true,"href":"https:\/\/tugraztestweb.asol.at\/en\/wp-json\/wp\/v2\/comments?post=29848"}],"wp:featuredmedia":[{"embeddable":true,"href":"https:\/\/tugraztestweb.asol.at\/en\/wp-json\/wp\/v2\/media\/39674"}],"wp:attachment":[{"href":"https:\/\/tugraztestweb.asol.at\/en\/wp-json\/wp\/v2\/media?parent=29848"}],"curies":[{"name":"wp","href":"https:\/\/api.w.org\/{rel}","templated":true}]}}