{"id":29850,"date":"2020-11-23T06:55:33","date_gmt":"2020-11-23T06:55:33","guid":{"rendered":"http:\/\/tugraztestweb.asol.at\/gesamtverzeichnis\/unkategorisiert\/kostenschaetzung-kostenberechnung\/"},"modified":"2020-11-23T09:56:33","modified_gmt":"2020-11-23T07:56:33","slug":"kostenschaetzung-kostenberechnung","status":"publish","type":"product","link":"https:\/\/tugraztestweb.asol.at\/en\/gesamtverzeichnis\/bauingenieurwissenschaften\/kostenschaetzung-kostenberechnung\/","title":{"rendered":"Kostensch\u00e4tzung, Kostenberechnung"},"content":{"rendered":"<p class=\"qtranxs-available-languages-message qtranxs-available-languages-message-en\">Sorry, this entry is only available in <a href=\"https:\/\/tugraztestweb.asol.at\/de\/wp-json\/wp\/v2\/product\/29850\" class=\"qtranxs-available-language-link qtranxs-available-language-link-de\" title=\"Deutsch\">Deutsch<\/a>.<\/p><p>Die meisten Kostensch\u00e4tzungen f\u00fcr Standardbauten werden aus Kennwerten von Vergleichsprojekten erarbeitet.<br \/>\nDie Relevanz des Vergleichsprojektes, die Einsch\u00e4tzung der Kostenentwicklung sind wichtig f\u00fcr das Endergebnis.<br \/>\nVor- und Nachteile der Normstrukturen, die Einbindung der StLBs und unabh\u00e4ngiger Modelle werden vorgestellt.<br \/>\nDarstellung der unterschiedlichen Genauigkeitsebenen, der methodischen Ans\u00e4tze der Projektarbeit. Differenzierung zwischen Kostensch\u00e4tzung und Kostenberechnung. Standardwerkzeuge leisten zu wenig f\u00fcr professionelle Kostenplanung.<\/p>\n<p>ZIELE<br \/>\nAufbau eines Datenger\u00fcstes f\u00fcr die<br \/>\nKostenplanungsarbeit mit Leitpositionen<br \/>\nStrukturen der \u00d6N B 1801 &#8211; DIN 276<br \/>\nPrognosesch\u00e4rfe \u2260 Ressourcen<br \/>\nBeitr\u00e4ge der Fachplaner, Integration,<br \/>\nSchnittstellen<\/p>\n<p>INHALTE<br \/>\nausf\u00fchrungsorientierte Kostenplanung<br \/>\nKostendatenbanken, Preisspeicher<br \/>\nIndexbearbeitung, Kostenrevision<br \/>\nRisiko als Reserve<\/p>","protected":false},"excerpt":{"rendered":"<p class=\"qtranxs-available-languages-message qtranxs-available-languages-message-en\">Sorry, this entry is only available in <a href=\"https:\/\/tugraztestweb.asol.at\/de\/wp-json\/wp\/v2\/product\/29850\" class=\"qtranxs-available-language-link qtranxs-available-language-link-de\" title=\"Deutsch\">Deutsch<\/a>.<\/p>\n<p>Die meisten Kostensch\u00e4tzungen f\u00fcr Standardbauten werden aus Kennwerten von Vergleichsprojekten erarbeitet.<br \/>\nDie Relevanz des Vergleichsprojektes, die Einsch\u00e4tzung der Kostenentwicklung sind wichtig f\u00fcr das Endergebnis.<br \/>\nVor- und Nachteile der Normstrukturen, die Einbindung der StLBs und unabh\u00e4ngiger Modelle werden vorgestellt.<br \/>\nDarstellung der unterschiedlichen Genauigkeitsebenen, der methodischen Ans\u00e4tze der Projektarbeit. Differenzierung zwischen Kostensch\u00e4tzung und Kostenberechnung. Standardwerkzeuge leisten zu wenig f\u00fcr professionelle Kostenplanung.<\/p>\n<p>ZIELE<br \/>\nAufbau eines Datenger\u00fcstes f\u00fcr die<br \/>\nKostenplanungsarbeit mit Leitpositionen<br \/>\nStrukturen der \u00d6N B 1801 &#8211; DIN 276<br \/>\nPrognosesch\u00e4rfe \u2260 Ressourcen<br \/>\nBeitr\u00e4ge der Fachplaner, Integration,<br \/>\nSchnittstellen<\/p>\n<p>INHALTE<br \/>\nausf\u00fchrungsorientierte Kostenplanung<br \/>\nKostendatenbanken, Preisspeicher<br \/>\nIndexbearbeitung, Kostenrevision<br \/>\nRisiko als Reserve<\/p>\n","protected":false},"featured_media":39675,"comment_status":"open","ping_status":"closed","template":"","meta":[],"yoast_head":"<!-- This site is optimized with the Yoast SEO plugin v16.1.1 - https:\/\/yoast.com\/wordpress\/plugins\/seo\/ -->\n<link rel=\"canonical\" href=\"https:\/\/tugraztestweb.asol.at\/gesamtverzeichnis\/bauingenieurwissenschaften\/kostenschaetzung-kostenberechnung\/\" \/>\n<meta property=\"og:locale\" content=\"en_US\" \/>\n<meta property=\"og:type\" content=\"article\" \/>\n<meta property=\"og:title\" content=\"Kostensch\u00e4tzung, Kostenberechnung - Verlag der TU Graz\" \/>\n<meta property=\"og:description\" content=\"Die meisten Kostensch\u00e4tzungen f\u00fcr Standardbauten werden aus Kennwerten von Vergleichsprojekten erarbeitet. Die Relevanz des Vergleichsprojektes, die Einsch\u00e4tzung der Kostenentwicklung sind wichtig f\u00fcr das Endergebnis. Vor- und Nachteile der Normstrukturen, die Einbindung der StLBs und unabh\u00e4ngiger Modelle werden vorgestellt. Darstellung der unterschiedlichen Genauigkeitsebenen, der methodischen Ans\u00e4tze der Projektarbeit. Differenzierung zwischen Kostensch\u00e4tzung und Kostenberechnung. Standardwerkzeuge leisten zu wenig f\u00fcr professionelle Kostenplanung. ZIELE Aufbau eines Datenger\u00fcstes f\u00fcr die Kostenplanungsarbeit mit Leitpositionen Strukturen der \u00d6N B 1801 - DIN 276 Prognosesch\u00e4rfe \u2260 Ressourcen Beitr\u00e4ge der Fachplaner, Integration, Schnittstellen INHALTE ausf\u00fchrungsorientierte Kostenplanung Kostendatenbanken, Preisspeicher Indexbearbeitung, Kostenrevision Risiko als Reserve\" \/>\n<meta property=\"og:url\" content=\"https:\/\/tugraztestweb.asol.at\/gesamtverzeichnis\/bauingenieurwissenschaften\/kostenschaetzung-kostenberechnung\/\" \/>\n<meta property=\"og:site_name\" content=\"Verlag der TU Graz\" \/>\n<meta property=\"article:modified_time\" content=\"2020-11-23T07:56:33+00:00\" \/>\n<meta property=\"og:image\" content=\"https:\/\/tugraztestweb.asol.at\/wp-content\/uploads\/2020\/11\/image-978-3-85125-100-5.jpg\" \/>\n\t<meta property=\"og:image:width\" content=\"1193\" \/>\n\t<meta property=\"og:image:height\" content=\"843\" \/>\n<meta name=\"twitter:card\" content=\"summary_large_image\" \/>\n<meta name=\"twitter:label1\" content=\"Est. reading time\">\n\t<meta name=\"twitter:data1\" content=\"1 minute\">\n<script type=\"application\/ld+json\" class=\"yoast-schema-graph\">{\"@context\":\"https:\/\/schema.org\",\"@graph\":[{\"@type\":\"WebSite\",\"@id\":\"https:\/\/tugraztestweb.asol.at\/#website\",\"url\":\"https:\/\/tugraztestweb.asol.at\/\",\"name\":\"Verlag der TU Graz\",\"description\":\"Verlag der Technischen Universit\\u00e4t Graz\",\"potentialAction\":[{\"@type\":\"SearchAction\",\"target\":\"https:\/\/tugraztestweb.asol.at\/?s={search_term_string}\",\"query-input\":\"required name=search_term_string\"}],\"inLanguage\":\"en-US\"},{\"@type\":\"ImageObject\",\"@id\":\"https:\/\/tugraztestweb.asol.at\/gesamtverzeichnis\/bauingenieurwissenschaften\/kostenschaetzung-kostenberechnung\/#primaryimage\",\"inLanguage\":\"en-US\",\"url\":\"https:\/\/tugraztestweb.asol.at\/wp-content\/uploads\/2020\/11\/image-978-3-85125-100-5.jpg\",\"contentUrl\":\"https:\/\/tugraztestweb.asol.at\/wp-content\/uploads\/2020\/11\/image-978-3-85125-100-5.jpg\",\"width\":1193,\"height\":843},{\"@type\":\"WebPage\",\"@id\":\"https:\/\/tugraztestweb.asol.at\/gesamtverzeichnis\/bauingenieurwissenschaften\/kostenschaetzung-kostenberechnung\/#webpage\",\"url\":\"https:\/\/tugraztestweb.asol.at\/gesamtverzeichnis\/bauingenieurwissenschaften\/kostenschaetzung-kostenberechnung\/\",\"name\":\"Kostensch\\u00e4tzung, Kostenberechnung - Verlag der TU Graz\",\"isPartOf\":{\"@id\":\"https:\/\/tugraztestweb.asol.at\/#website\"},\"primaryImageOfPage\":{\"@id\":\"https:\/\/tugraztestweb.asol.at\/gesamtverzeichnis\/bauingenieurwissenschaften\/kostenschaetzung-kostenberechnung\/#primaryimage\"},\"datePublished\":\"2020-11-23T06:55:33+00:00\",\"dateModified\":\"2020-11-23T07:56:33+00:00\",\"breadcrumb\":{\"@id\":\"https:\/\/tugraztestweb.asol.at\/gesamtverzeichnis\/bauingenieurwissenschaften\/kostenschaetzung-kostenberechnung\/#breadcrumb\"},\"inLanguage\":\"en-US\",\"potentialAction\":[{\"@type\":\"ReadAction\",\"target\":[\"https:\/\/tugraztestweb.asol.at\/gesamtverzeichnis\/bauingenieurwissenschaften\/kostenschaetzung-kostenberechnung\/\"]}]},{\"@type\":\"BreadcrumbList\",\"@id\":\"https:\/\/tugraztestweb.asol.at\/gesamtverzeichnis\/bauingenieurwissenschaften\/kostenschaetzung-kostenberechnung\/#breadcrumb\",\"itemListElement\":[{\"@type\":\"ListItem\",\"position\":1,\"item\":{\"@type\":\"WebPage\",\"@id\":\"https:\/\/tugraztestweb.asol.at\/\",\"url\":\"https:\/\/tugraztestweb.asol.at\/\",\"name\":\"Home\"}},{\"@type\":\"ListItem\",\"position\":2,\"item\":{\"@type\":\"WebPage\",\"@id\":\"https:\/\/tugraztestweb.asol.at\/gesamtverzeichnis\/\",\"url\":\"https:\/\/tugraztestweb.asol.at\/gesamtverzeichnis\/\",\"name\":\"Gesamtverzeichnis\"}},{\"@type\":\"ListItem\",\"position\":3,\"item\":{\"@type\":\"WebPage\",\"@id\":\"https:\/\/tugraztestweb.asol.at\/gesamtverzeichnis\/bauingenieurwissenschaften\/kostenschaetzung-kostenberechnung\/\",\"url\":\"https:\/\/tugraztestweb.asol.at\/gesamtverzeichnis\/bauingenieurwissenschaften\/kostenschaetzung-kostenberechnung\/\",\"name\":\"Kostensch\\u00e4tzung, Kostenberechnung\"}}]}]}<\/script>\n<!-- \/ Yoast SEO plugin. -->","_links":{"self":[{"href":"https:\/\/tugraztestweb.asol.at\/en\/wp-json\/wp\/v2\/product\/29850"}],"collection":[{"href":"https:\/\/tugraztestweb.asol.at\/en\/wp-json\/wp\/v2\/product"}],"about":[{"href":"https:\/\/tugraztestweb.asol.at\/en\/wp-json\/wp\/v2\/types\/product"}],"replies":[{"embeddable":true,"href":"https:\/\/tugraztestweb.asol.at\/en\/wp-json\/wp\/v2\/comments?post=29850"}],"wp:featuredmedia":[{"embeddable":true,"href":"https:\/\/tugraztestweb.asol.at\/en\/wp-json\/wp\/v2\/media\/39675"}],"wp:attachment":[{"href":"https:\/\/tugraztestweb.asol.at\/en\/wp-json\/wp\/v2\/media?parent=29850"}],"curies":[{"name":"wp","href":"https:\/\/api.w.org\/{rel}","templated":true}]}}