{"id":29852,"date":"2020-08-21T12:53:56","date_gmt":"2020-08-21T12:53:56","guid":{"rendered":"http:\/\/tugraztestweb.asol.at\/gesamtverzeichnis\/unkategorisiert\/kriegstagebuch-franz-allmer-1941-1945\/"},"modified":"2020-08-21T14:54:56","modified_gmt":"2020-08-21T12:54:56","slug":"kriegstagebuch-franz-allmer-1941-1945","status":"publish","type":"product","link":"https:\/\/tugraztestweb.asol.at\/en\/gesamtverzeichnis\/interdiszipinaeres\/kriegstagebuch-franz-allmer-1941-1945\/","title":{"rendered":"Kriegstagebuch Franz Allmer 1941 &#8211; 1945"},"content":{"rendered":"<p class=\"qtranxs-available-languages-message qtranxs-available-languages-message-en\">Sorry, this entry is only available in <a href=\"https:\/\/tugraztestweb.asol.at\/de\/wp-json\/wp\/v2\/product\/29852\" class=\"qtranxs-available-language-link qtranxs-available-language-link-de\" title=\"Deutsch\">Deutsch<\/a>.<\/p><p>1000 Tage des 2. Weltkrieges aus der Sicht eines Sanit\u00e4tswagenfahrers, der sich entschieden hatte, seinem Einsatz im Krieg den Sinn zu geben, verwundeten Frontsoldaten m\u00f6glichst rasch \u00e4rztliche Hilfe zukommen zu lassen und Leben zu retten. Eine unersch\u00fctterlich positive Lebenseinstellung begleitete ihn durch h\u00e4rteste Eins\u00e4tze. Bemerkenswert konsequente Eintragungen veranschaulichen das allt\u00e4gliche Leben und Sterben an der Leningrader Front von 1941 bis 1944, die Konfrontation des damals 25j\u00e4hrigen mit Tod, Grausamkeit und unzumutbaren Dauerzust\u00e4nden. Der Verfasser schuf ein in seiner Unmittelbarkeit packendes Dokument zwischen Pflicht, Hoffnung, Lebenswillen und Aufbegehren.<\/p>\n<p>Das Tagebuch als pers\u00f6nlichste Niederschrift eines Menschen zeigt auch auf, welche Eigenschaften aufzubringen waren, zu \u00fcberleben, und wie der Krieg jegliche Menschlichkeit mit der Zeit zerm\u00fcrbt und verh\u00e4rtet. Erg\u00e4nzt wird das Tagebuch durch hunderte Bilder des Verfassers, teilweise auch in Farbe, welche dem Text \u00f6rtlich und zeitlich zuordenbar sind. Sie zeigen sowohl die Realit\u00e4t des Krieges als auch die landschaftlichen Eigenheiten und kulturellen Sch\u00f6nheiten des vom Krieg gezeichneten Landes.<\/p>","protected":false},"excerpt":{"rendered":"<p class=\"qtranxs-available-languages-message qtranxs-available-languages-message-en\">Sorry, this entry is only available in <a href=\"https:\/\/tugraztestweb.asol.at\/de\/wp-json\/wp\/v2\/product\/29852\" class=\"qtranxs-available-language-link qtranxs-available-language-link-de\" title=\"Deutsch\">Deutsch<\/a>.<\/p>\n<p>1000 Tage des 2. Weltkrieges aus der Sicht eines Sanit\u00e4tswagenfahrers, der sich entschieden hatte, seinem Einsatz im Krieg den Sinn zu geben, verwundeten Frontsoldaten m\u00f6glichst rasch \u00e4rztliche Hilfe zukommen zu lassen und Leben zu retten. Eine unersch\u00fctterlich positive Lebenseinstellung begleitete ihn durch h\u00e4rteste Eins\u00e4tze. Bemerkenswert konsequente Eintragungen veranschaulichen das allt\u00e4gliche Leben und Sterben an der Leningrader Front von 1941 bis 1944, die Konfrontation des damals 25j\u00e4hrigen mit Tod, Grausamkeit und unzumutbaren Dauerzust\u00e4nden. Der Verfasser schuf ein in seiner Unmittelbarkeit packendes Dokument zwischen Pflicht, Hoffnung, Lebenswillen und Aufbegehren.<\/p>\n<p>Das Tagebuch als pers\u00f6nlichste Niederschrift eines Menschen zeigt auch auf, welche Eigenschaften aufzubringen waren, zu \u00fcberleben, und wie der Krieg jegliche Menschlichkeit mit der Zeit zerm\u00fcrbt und verh\u00e4rtet. Erg\u00e4nzt wird das Tagebuch durch hunderte Bilder des Verfassers, teilweise auch in Farbe, welche dem Text \u00f6rtlich und zeitlich zuordenbar sind. Sie zeigen sowohl die Realit\u00e4t des Krieges als auch die landschaftlichen Eigenheiten und kulturellen Sch\u00f6nheiten des vom Krieg gezeichneten Landes.<\/p>\n","protected":false},"featured_media":39676,"comment_status":"open","ping_status":"closed","template":"","meta":[],"yoast_head":"<!-- This site is optimized with the Yoast SEO plugin v16.1.1 - https:\/\/yoast.com\/wordpress\/plugins\/seo\/ -->\n<link rel=\"canonical\" href=\"https:\/\/tugraztestweb.asol.at\/en\/gesamtverzeichnis\/interdiszipinaeres\/kriegstagebuch-franz-allmer-1941-1945\/\" \/>\n<meta property=\"og:locale\" content=\"en_US\" \/>\n<meta property=\"og:type\" content=\"article\" \/>\n<meta property=\"og:title\" content=\"Kriegstagebuch Franz Allmer 1941 - 1945 - Verlag der TU Graz\" \/>\n<meta property=\"og:description\" content=\"1000 Tage des 2. Weltkrieges aus der Sicht eines Sanit\u00e4tswagenfahrers, der sich entschieden hatte, seinem Einsatz im Krieg den Sinn zu geben, verwundeten Frontsoldaten m\u00f6glichst rasch \u00e4rztliche Hilfe zukommen zu lassen und Leben zu retten. Eine unersch\u00fctterlich positive Lebenseinstellung begleitete ihn durch h\u00e4rteste Eins\u00e4tze. Bemerkenswert konsequente Eintragungen veranschaulichen das allt\u00e4gliche Leben und Sterben an der Leningrader Front von 1941 bis 1944, die Konfrontation des damals 25j\u00e4hrigen mit Tod, Grausamkeit und unzumutbaren Dauerzust\u00e4nden. Der Verfasser schuf ein in seiner Unmittelbarkeit packendes Dokument zwischen Pflicht, Hoffnung, Lebenswillen und Aufbegehren. Das Tagebuch als pers\u00f6nlichste Niederschrift eines Menschen zeigt auch auf, welche Eigenschaften aufzubringen waren, zu \u00fcberleben, und wie der Krieg jegliche Menschlichkeit mit der Zeit zerm\u00fcrbt und verh\u00e4rtet. Erg\u00e4nzt wird das Tagebuch durch hunderte Bilder des Verfassers, teilweise auch in Farbe, welche dem Text \u00f6rtlich und zeitlich zuordenbar sind. Sie zeigen sowohl die Realit\u00e4t des Krieges als auch die landschaftlichen Eigenheiten und kulturellen Sch\u00f6nheiten des vom Krieg gezeichneten Landes.\" \/>\n<meta property=\"og:url\" content=\"https:\/\/tugraztestweb.asol.at\/en\/gesamtverzeichnis\/interdiszipinaeres\/kriegstagebuch-franz-allmer-1941-1945\/\" \/>\n<meta property=\"og:site_name\" content=\"Verlag der TU Graz\" \/>\n<meta property=\"article:modified_time\" content=\"2020-08-21T12:54:56+00:00\" \/>\n<meta property=\"og:image\" content=\"https:\/\/tugraztestweb.asol.at\/wp-content\/uploads\/2020\/08\/image-978-3-85125-131-9.jpg\" \/>\n\t<meta property=\"og:image:width\" content=\"651\" \/>\n\t<meta property=\"og:image:height\" content=\"819\" \/>\n<meta name=\"twitter:card\" content=\"summary_large_image\" \/>\n<meta name=\"twitter:label1\" content=\"Est. reading time\">\n\t<meta name=\"twitter:data1\" content=\"1 minute\">\n<script type=\"application\/ld+json\" class=\"yoast-schema-graph\">{\"@context\":\"https:\/\/schema.org\",\"@graph\":[{\"@type\":\"WebSite\",\"@id\":\"https:\/\/tugraztestweb.asol.at\/#website\",\"url\":\"https:\/\/tugraztestweb.asol.at\/\",\"name\":\"Verlag der TU Graz\",\"description\":\"Verlag der Technischen Universit\\u00e4t Graz\",\"potentialAction\":[{\"@type\":\"SearchAction\",\"target\":\"https:\/\/tugraztestweb.asol.at\/?s={search_term_string}\",\"query-input\":\"required name=search_term_string\"}],\"inLanguage\":\"en-US\"},{\"@type\":\"ImageObject\",\"@id\":\"https:\/\/tugraztestweb.asol.at\/en\/gesamtverzeichnis\/interdiszipinaeres\/kriegstagebuch-franz-allmer-1941-1945\/#primaryimage\",\"inLanguage\":\"en-US\",\"url\":\"https:\/\/tugraztestweb.asol.at\/wp-content\/uploads\/2020\/08\/image-978-3-85125-131-9.jpg\",\"contentUrl\":\"https:\/\/tugraztestweb.asol.at\/wp-content\/uploads\/2020\/08\/image-978-3-85125-131-9.jpg\",\"width\":651,\"height\":819},{\"@type\":\"WebPage\",\"@id\":\"https:\/\/tugraztestweb.asol.at\/en\/gesamtverzeichnis\/interdiszipinaeres\/kriegstagebuch-franz-allmer-1941-1945\/#webpage\",\"url\":\"https:\/\/tugraztestweb.asol.at\/en\/gesamtverzeichnis\/interdiszipinaeres\/kriegstagebuch-franz-allmer-1941-1945\/\",\"name\":\"Kriegstagebuch Franz Allmer 1941 - 1945 - Verlag der TU Graz\",\"isPartOf\":{\"@id\":\"https:\/\/tugraztestweb.asol.at\/#website\"},\"primaryImageOfPage\":{\"@id\":\"https:\/\/tugraztestweb.asol.at\/en\/gesamtverzeichnis\/interdiszipinaeres\/kriegstagebuch-franz-allmer-1941-1945\/#primaryimage\"},\"datePublished\":\"2020-08-21T12:53:56+00:00\",\"dateModified\":\"2020-08-21T12:54:56+00:00\",\"breadcrumb\":{\"@id\":\"https:\/\/tugraztestweb.asol.at\/en\/gesamtverzeichnis\/interdiszipinaeres\/kriegstagebuch-franz-allmer-1941-1945\/#breadcrumb\"},\"inLanguage\":\"en-US\",\"potentialAction\":[{\"@type\":\"ReadAction\",\"target\":[\"https:\/\/tugraztestweb.asol.at\/en\/gesamtverzeichnis\/interdiszipinaeres\/kriegstagebuch-franz-allmer-1941-1945\/\"]}]},{\"@type\":\"BreadcrumbList\",\"@id\":\"https:\/\/tugraztestweb.asol.at\/en\/gesamtverzeichnis\/interdiszipinaeres\/kriegstagebuch-franz-allmer-1941-1945\/#breadcrumb\",\"itemListElement\":[{\"@type\":\"ListItem\",\"position\":1,\"item\":{\"@type\":\"WebPage\",\"@id\":\"https:\/\/tugraztestweb.asol.at\/\",\"url\":\"https:\/\/tugraztestweb.asol.at\/\",\"name\":\"Home\"}},{\"@type\":\"ListItem\",\"position\":2,\"item\":{\"@type\":\"WebPage\",\"@id\":\"https:\/\/tugraztestweb.asol.at\/gesamtverzeichnis\/\",\"url\":\"https:\/\/tugraztestweb.asol.at\/gesamtverzeichnis\/\",\"name\":\"Gesamtverzeichnis\"}},{\"@type\":\"ListItem\",\"position\":3,\"item\":{\"@type\":\"WebPage\",\"@id\":\"https:\/\/tugraztestweb.asol.at\/en\/gesamtverzeichnis\/interdiszipinaeres\/kriegstagebuch-franz-allmer-1941-1945\/\",\"url\":\"https:\/\/tugraztestweb.asol.at\/en\/gesamtverzeichnis\/interdiszipinaeres\/kriegstagebuch-franz-allmer-1941-1945\/\",\"name\":\"Kriegstagebuch Franz Allmer 1941 &#8211; 1945\"}}]}]}<\/script>\n<!-- \/ Yoast SEO plugin. -->","_links":{"self":[{"href":"https:\/\/tugraztestweb.asol.at\/en\/wp-json\/wp\/v2\/product\/29852"}],"collection":[{"href":"https:\/\/tugraztestweb.asol.at\/en\/wp-json\/wp\/v2\/product"}],"about":[{"href":"https:\/\/tugraztestweb.asol.at\/en\/wp-json\/wp\/v2\/types\/product"}],"replies":[{"embeddable":true,"href":"https:\/\/tugraztestweb.asol.at\/en\/wp-json\/wp\/v2\/comments?post=29852"}],"wp:featuredmedia":[{"embeddable":true,"href":"https:\/\/tugraztestweb.asol.at\/en\/wp-json\/wp\/v2\/media\/39676"}],"wp:attachment":[{"href":"https:\/\/tugraztestweb.asol.at\/en\/wp-json\/wp\/v2\/media?parent=29852"}],"curies":[{"name":"wp","href":"https:\/\/api.w.org\/{rel}","templated":true}]}}