{"id":29860,"date":"2020-08-21T12:53:56","date_gmt":"2020-08-21T12:53:56","guid":{"rendered":"http:\/\/tugraztestweb.asol.at\/gesamtverzeichnis\/unkategorisiert\/leistungsordnungen-als-handlungsmodelle\/"},"modified":"2020-08-21T14:54:56","modified_gmt":"2020-08-21T12:54:56","slug":"leistungsordnungen-als-handlungsmodelle","status":"publish","type":"product","link":"https:\/\/tugraztestweb.asol.at\/en\/gesamtverzeichnis\/bauingenieurwissenschaften\/leistungsordnungen-als-handlungsmodelle\/","title":{"rendered":"Leistungsordnungen als Handlungsmodelle"},"content":{"rendered":"<p class=\"qtranxs-available-languages-message qtranxs-available-languages-message-en\">Sorry, this entry is only available in <a href=\"https:\/\/tugraztestweb.asol.at\/de\/wp-json\/wp\/v2\/product\/29860\" class=\"qtranxs-available-language-link qtranxs-available-language-link-de\" title=\"Deutsch\">Deutsch<\/a>.<\/p><p>Geb\u00fchrenordnungen wurden und werden oftmals als Kartelle, als Inkassosysteme, zu selten jedoch als Handlungsanweisungen<br \/>\nund Regiekonzepte betrachtet.<\/p>\n<p>Nach 1997 sind (fast) alle HOs als ablauforientierte Regelwerke neu konzipiert worden und eher als Leistungsordnung zu definieren<\/p>\n<p>Komplexere Projekte und damit immer mehr Planungsbeteiligte erfordern konkrete Abgrenzung der Aufgabenstellung<br \/>\nund Einsatzplanung.<\/p>\n<p>Planervertr\u00e4ge werden allzu oft mit materiellen Vertr\u00e4gen gemeinsam konzipiert.<br \/>\nDie richtige Konzeption macht aus Planern (und Bauleitungen) jedoch treuh\u00e4ndische<br \/>\nVertreter der Auftraggeber und steigert den Einsatzwillen f\u00fcr das Projekt.<\/p>\n<p>ZIELE<br \/>\nLeistungsbilder als methodische Aufgabensammlung<br \/>\nschnittstellen- und l\u00fcckenfreie Aufgabenstellung<br \/>\nin Planervertr\u00e4gen<br \/>\nKoordination und Integration der<br \/>\nPlanerleistungen<\/p>\n<p>INHALTE<br \/>\nStrukturmodell der Honorarordnungen<br \/>\nProjektplaner (HOA, HOB-S, HO-IT)<br \/>\nBemessungsgrundlagen, Honorarermittlung<br \/>\nals Rechenhilfe<\/p>","protected":false},"excerpt":{"rendered":"<p class=\"qtranxs-available-languages-message qtranxs-available-languages-message-en\">Sorry, this entry is only available in <a href=\"https:\/\/tugraztestweb.asol.at\/de\/wp-json\/wp\/v2\/product\/29860\" class=\"qtranxs-available-language-link qtranxs-available-language-link-de\" title=\"Deutsch\">Deutsch<\/a>.<\/p>\n<p>Geb\u00fchrenordnungen wurden und werden oftmals als Kartelle, als Inkassosysteme, zu selten jedoch als Handlungsanweisungen<br \/>\nund Regiekonzepte betrachtet.<\/p>\n<p>Nach 1997 sind (fast) alle HOs als ablauforientierte Regelwerke neu konzipiert worden und eher als Leistungsordnung zu definieren<\/p>\n<p>Komplexere Projekte und damit immer mehr Planungsbeteiligte erfordern konkrete Abgrenzung der Aufgabenstellung<br \/>\nund Einsatzplanung.<\/p>\n<p>Planervertr\u00e4ge werden allzu oft mit materiellen Vertr\u00e4gen gemeinsam konzipiert.<br \/>\nDie richtige Konzeption macht aus Planern (und Bauleitungen) jedoch treuh\u00e4ndische<br \/>\nVertreter der Auftraggeber und steigert den Einsatzwillen f\u00fcr das Projekt.<\/p>\n<p>ZIELE<br \/>\nLeistungsbilder als methodische Aufgabensammlung<br \/>\nschnittstellen- und l\u00fcckenfreie Aufgabenstellung<br \/>\nin Planervertr\u00e4gen<br \/>\nKoordination und Integration der<br \/>\nPlanerleistungen<\/p>\n<p>INHALTE<br \/>\nStrukturmodell der Honorarordnungen<br \/>\nProjektplaner (HOA, HOB-S, HO-IT)<br \/>\nBemessungsgrundlagen, Honorarermittlung<br \/>\nals Rechenhilfe<\/p>\n","protected":false},"featured_media":39678,"comment_status":"open","ping_status":"closed","template":"","meta":[],"yoast_head":"<!-- This site is optimized with the Yoast SEO plugin v16.1.1 - https:\/\/yoast.com\/wordpress\/plugins\/seo\/ -->\n<link rel=\"canonical\" href=\"https:\/\/tugraztestweb.asol.at\/gesamtverzeichnis\/bauingenieurwissenschaften\/leistungsordnungen-als-handlungsmodelle\/\" \/>\n<meta property=\"og:locale\" content=\"en_US\" \/>\n<meta property=\"og:type\" content=\"article\" \/>\n<meta property=\"og:title\" content=\"Leistungsordnungen als Handlungsmodelle - Verlag der TU Graz\" \/>\n<meta property=\"og:description\" content=\"Geb\u00fchrenordnungen wurden und werden oftmals als Kartelle, als Inkassosysteme, zu selten jedoch als Handlungsanweisungen und Regiekonzepte betrachtet. Nach 1997 sind (fast) alle HOs als ablauforientierte Regelwerke neu konzipiert worden und eher als Leistungsordnung zu definieren Komplexere Projekte und damit immer mehr Planungsbeteiligte erfordern konkrete Abgrenzung der Aufgabenstellung und Einsatzplanung. Planervertr\u00e4ge werden allzu oft mit materiellen Vertr\u00e4gen gemeinsam konzipiert. Die richtige Konzeption macht aus Planern (und Bauleitungen) jedoch treuh\u00e4ndische Vertreter der Auftraggeber und steigert den Einsatzwillen f\u00fcr das Projekt. ZIELE Leistungsbilder als methodische Aufgabensammlung schnittstellen- und l\u00fcckenfreie Aufgabenstellung in Planervertr\u00e4gen Koordination und Integration der Planerleistungen INHALTE Strukturmodell der Honorarordnungen Projektplaner (HOA, HOB-S, HO-IT) Bemessungsgrundlagen, Honorarermittlung als Rechenhilfe\" \/>\n<meta property=\"og:url\" content=\"https:\/\/tugraztestweb.asol.at\/gesamtverzeichnis\/bauingenieurwissenschaften\/leistungsordnungen-als-handlungsmodelle\/\" \/>\n<meta property=\"og:site_name\" content=\"Verlag der TU Graz\" \/>\n<meta property=\"article:modified_time\" content=\"2020-08-21T12:54:56+00:00\" \/>\n<meta property=\"og:image\" content=\"https:\/\/tugraztestweb.asol.at\/wp-content\/uploads\/2020\/08\/image-978-3-85125-092-3.jpg\" \/>\n\t<meta property=\"og:image:width\" content=\"1194\" \/>\n\t<meta property=\"og:image:height\" content=\"844\" \/>\n<meta name=\"twitter:card\" content=\"summary_large_image\" \/>\n<meta name=\"twitter:label1\" content=\"Est. reading time\">\n\t<meta name=\"twitter:data1\" content=\"1 minute\">\n<script type=\"application\/ld+json\" class=\"yoast-schema-graph\">{\"@context\":\"https:\/\/schema.org\",\"@graph\":[{\"@type\":\"WebSite\",\"@id\":\"https:\/\/tugraztestweb.asol.at\/#website\",\"url\":\"https:\/\/tugraztestweb.asol.at\/\",\"name\":\"Verlag der TU Graz\",\"description\":\"Verlag der Technischen Universit\\u00e4t Graz\",\"potentialAction\":[{\"@type\":\"SearchAction\",\"target\":\"https:\/\/tugraztestweb.asol.at\/?s={search_term_string}\",\"query-input\":\"required name=search_term_string\"}],\"inLanguage\":\"en-US\"},{\"@type\":\"ImageObject\",\"@id\":\"https:\/\/tugraztestweb.asol.at\/gesamtverzeichnis\/bauingenieurwissenschaften\/leistungsordnungen-als-handlungsmodelle\/#primaryimage\",\"inLanguage\":\"en-US\",\"url\":\"https:\/\/tugraztestweb.asol.at\/wp-content\/uploads\/2020\/08\/image-978-3-85125-092-3.jpg\",\"contentUrl\":\"https:\/\/tugraztestweb.asol.at\/wp-content\/uploads\/2020\/08\/image-978-3-85125-092-3.jpg\",\"width\":1194,\"height\":844},{\"@type\":\"WebPage\",\"@id\":\"https:\/\/tugraztestweb.asol.at\/gesamtverzeichnis\/bauingenieurwissenschaften\/leistungsordnungen-als-handlungsmodelle\/#webpage\",\"url\":\"https:\/\/tugraztestweb.asol.at\/gesamtverzeichnis\/bauingenieurwissenschaften\/leistungsordnungen-als-handlungsmodelle\/\",\"name\":\"Leistungsordnungen als Handlungsmodelle - Verlag der TU Graz\",\"isPartOf\":{\"@id\":\"https:\/\/tugraztestweb.asol.at\/#website\"},\"primaryImageOfPage\":{\"@id\":\"https:\/\/tugraztestweb.asol.at\/gesamtverzeichnis\/bauingenieurwissenschaften\/leistungsordnungen-als-handlungsmodelle\/#primaryimage\"},\"datePublished\":\"2020-08-21T12:53:56+00:00\",\"dateModified\":\"2020-08-21T12:54:56+00:00\",\"breadcrumb\":{\"@id\":\"https:\/\/tugraztestweb.asol.at\/gesamtverzeichnis\/bauingenieurwissenschaften\/leistungsordnungen-als-handlungsmodelle\/#breadcrumb\"},\"inLanguage\":\"en-US\",\"potentialAction\":[{\"@type\":\"ReadAction\",\"target\":[\"https:\/\/tugraztestweb.asol.at\/gesamtverzeichnis\/bauingenieurwissenschaften\/leistungsordnungen-als-handlungsmodelle\/\"]}]},{\"@type\":\"BreadcrumbList\",\"@id\":\"https:\/\/tugraztestweb.asol.at\/gesamtverzeichnis\/bauingenieurwissenschaften\/leistungsordnungen-als-handlungsmodelle\/#breadcrumb\",\"itemListElement\":[{\"@type\":\"ListItem\",\"position\":1,\"item\":{\"@type\":\"WebPage\",\"@id\":\"https:\/\/tugraztestweb.asol.at\/\",\"url\":\"https:\/\/tugraztestweb.asol.at\/\",\"name\":\"Home\"}},{\"@type\":\"ListItem\",\"position\":2,\"item\":{\"@type\":\"WebPage\",\"@id\":\"https:\/\/tugraztestweb.asol.at\/gesamtverzeichnis\/\",\"url\":\"https:\/\/tugraztestweb.asol.at\/gesamtverzeichnis\/\",\"name\":\"Gesamtverzeichnis\"}},{\"@type\":\"ListItem\",\"position\":3,\"item\":{\"@type\":\"WebPage\",\"@id\":\"https:\/\/tugraztestweb.asol.at\/gesamtverzeichnis\/bauingenieurwissenschaften\/leistungsordnungen-als-handlungsmodelle\/\",\"url\":\"https:\/\/tugraztestweb.asol.at\/gesamtverzeichnis\/bauingenieurwissenschaften\/leistungsordnungen-als-handlungsmodelle\/\",\"name\":\"Leistungsordnungen als Handlungsmodelle\"}}]}]}<\/script>\n<!-- \/ Yoast SEO plugin. -->","_links":{"self":[{"href":"https:\/\/tugraztestweb.asol.at\/en\/wp-json\/wp\/v2\/product\/29860"}],"collection":[{"href":"https:\/\/tugraztestweb.asol.at\/en\/wp-json\/wp\/v2\/product"}],"about":[{"href":"https:\/\/tugraztestweb.asol.at\/en\/wp-json\/wp\/v2\/types\/product"}],"replies":[{"embeddable":true,"href":"https:\/\/tugraztestweb.asol.at\/en\/wp-json\/wp\/v2\/comments?post=29860"}],"wp:featuredmedia":[{"embeddable":true,"href":"https:\/\/tugraztestweb.asol.at\/en\/wp-json\/wp\/v2\/media\/39678"}],"wp:attachment":[{"href":"https:\/\/tugraztestweb.asol.at\/en\/wp-json\/wp\/v2\/media?parent=29860"}],"curies":[{"name":"wp","href":"https:\/\/api.w.org\/{rel}","templated":true}]}}