{"id":29862,"date":"2020-08-21T12:53:56","date_gmt":"2020-08-21T12:53:56","guid":{"rendered":"http:\/\/tugraztestweb.asol.at\/gesamtverzeichnis\/unkategorisiert\/leitfaden-zur-vergleichenden-beurteilung-von-bau-kosten-in-fruehen-planungsphasen\/"},"modified":"2020-08-21T14:54:56","modified_gmt":"2020-08-21T12:54:56","slug":"leitfaden-zur-vergleichenden-beurteilung-von-bau-kosten-in-fruehen-planungsphasen","status":"publish","type":"product","link":"https:\/\/tugraztestweb.asol.at\/en\/gesamtverzeichnis\/bauingenieurwissenschaften\/leitfaden-zur-vergleichenden-beurteilung-von-bau-kosten-in-fruehen-planungsphasen\/","title":{"rendered":"Leitfaden zur vergleichenden Beurteilung von (Bau-) Kosten in fr\u00fchen Planungsphasen"},"content":{"rendered":"<p class=\"qtranxs-available-languages-message qtranxs-available-languages-message-en\">Sorry, this entry is only available in <a href=\"https:\/\/tugraztestweb.asol.at\/de\/wp-json\/wp\/v2\/product\/29862\" class=\"qtranxs-available-language-link qtranxs-available-language-link-de\" title=\"Deutsch\">Deutsch<\/a>.<\/p><p>Analyse der Kostenplanungsarbeit, Normwerkzeuge, Kennwerte, Kostenvergleichsrechnung und Methodenvorschlag zur Einbeziehung der Projektkosten in die Entscheidungsfindung von Wettbewerben. Das Ziel ist eine fair argumentierte Methodik aufzustellen, mit der die Kostenunterschiede der Projektvorschl\u00e4ge als Entscheidungsmatrix herausgearbeitet werden.<br \/>\nDie Erwartung der Auftraggeber im \u00f6ffentlichen und privaten Bereich geht dahin, die Kosten der Projekte zu einem m\u00f6glichst fr\u00fchen Zeitpunkt m\u00f6glichst pr\u00e4zise und konkret zu erfassen und festzulegen. Dem steht jedoch der Regelplanungsablauf entgegen, mit dem eine h\u00f6here Kostengenauigkeit erst in sp\u00e4teren Planungsphasen erreicht wird.<br \/>\nDie Arbeit bietet ein Rechenmodell f\u00fcr die vergleichende Darstellung der Kosten von Wettbewerbsbeitr\u00e4gen. Die Anwendung ist bereits in mehreren Wettbewerbsverfahren praxiserprobt.<\/p>","protected":false},"excerpt":{"rendered":"<p class=\"qtranxs-available-languages-message qtranxs-available-languages-message-en\">Sorry, this entry is only available in <a href=\"https:\/\/tugraztestweb.asol.at\/de\/wp-json\/wp\/v2\/product\/29862\" class=\"qtranxs-available-language-link qtranxs-available-language-link-de\" title=\"Deutsch\">Deutsch<\/a>.<\/p>\n<p>Analyse der Kostenplanungsarbeit, Normwerkzeuge, Kennwerte, Kostenvergleichsrechnung und Methodenvorschlag zur Einbeziehung der Projektkosten in die Entscheidungsfindung von Wettbewerben. Das Ziel ist eine fair argumentierte Methodik aufzustellen, mit der die Kostenunterschiede der Projektvorschl\u00e4ge als Entscheidungsmatrix herausgearbeitet werden.<br \/>\nDie Erwartung der Auftraggeber im \u00f6ffentlichen und privaten Bereich geht dahin, die Kosten der Projekte zu einem m\u00f6glichst fr\u00fchen Zeitpunkt m\u00f6glichst pr\u00e4zise und konkret zu erfassen und festzulegen. Dem steht jedoch der Regelplanungsablauf entgegen, mit dem eine h\u00f6here Kostengenauigkeit erst in sp\u00e4teren Planungsphasen erreicht wird.<br \/>\nDie Arbeit bietet ein Rechenmodell f\u00fcr die vergleichende Darstellung der Kosten von Wettbewerbsbeitr\u00e4gen. Die Anwendung ist bereits in mehreren Wettbewerbsverfahren praxiserprobt.<\/p>\n","protected":false},"featured_media":39679,"comment_status":"open","ping_status":"closed","template":"","meta":[],"yoast_head":"<!-- This site is optimized with the Yoast SEO plugin v16.1.1 - https:\/\/yoast.com\/wordpress\/plugins\/seo\/ -->\n<link rel=\"canonical\" href=\"https:\/\/tugraztestweb.asol.at\/gesamtverzeichnis\/bauingenieurwissenschaften\/leitfaden-zur-vergleichenden-beurteilung-von-bau-kosten-in-fruehen-planungsphasen\/\" \/>\n<meta property=\"og:locale\" content=\"en_US\" \/>\n<meta property=\"og:type\" content=\"article\" \/>\n<meta property=\"og:title\" content=\"Leitfaden zur vergleichenden Beurteilung von (Bau-) Kosten in fr\u00fchen Planungsphasen - Verlag der TU Graz\" \/>\n<meta property=\"og:description\" content=\"Analyse der Kostenplanungsarbeit, Normwerkzeuge, Kennwerte, Kostenvergleichsrechnung und Methodenvorschlag zur Einbeziehung der Projektkosten in die Entscheidungsfindung von Wettbewerben. Das Ziel ist eine fair argumentierte Methodik aufzustellen, mit der die Kostenunterschiede der Projektvorschl\u00e4ge als Entscheidungsmatrix herausgearbeitet werden. Die Erwartung der Auftraggeber im \u00f6ffentlichen und privaten Bereich geht dahin, die Kosten der Projekte zu einem m\u00f6glichst fr\u00fchen Zeitpunkt m\u00f6glichst pr\u00e4zise und konkret zu erfassen und festzulegen. Dem steht jedoch der Regelplanungsablauf entgegen, mit dem eine h\u00f6here Kostengenauigkeit erst in sp\u00e4teren Planungsphasen erreicht wird. Die Arbeit bietet ein Rechenmodell f\u00fcr die vergleichende Darstellung der Kosten von Wettbewerbsbeitr\u00e4gen. Die Anwendung ist bereits in mehreren Wettbewerbsverfahren praxiserprobt.\" \/>\n<meta property=\"og:url\" content=\"https:\/\/tugraztestweb.asol.at\/gesamtverzeichnis\/bauingenieurwissenschaften\/leitfaden-zur-vergleichenden-beurteilung-von-bau-kosten-in-fruehen-planungsphasen\/\" \/>\n<meta property=\"og:site_name\" content=\"Verlag der TU Graz\" \/>\n<meta property=\"article:modified_time\" content=\"2020-08-21T12:54:56+00:00\" \/>\n<meta property=\"og:image\" content=\"https:\/\/tugraztestweb.asol.at\/wp-content\/uploads\/2020\/08\/image-978-3-902465-58-0.jpg\" \/>\n\t<meta property=\"og:image:width\" content=\"1809\" \/>\n\t<meta property=\"og:image:height\" content=\"2560\" \/>\n<meta name=\"twitter:card\" content=\"summary_large_image\" \/>\n<meta name=\"twitter:label1\" content=\"Est. reading time\">\n\t<meta name=\"twitter:data1\" content=\"1 minute\">\n<script type=\"application\/ld+json\" class=\"yoast-schema-graph\">{\"@context\":\"https:\/\/schema.org\",\"@graph\":[{\"@type\":\"WebSite\",\"@id\":\"https:\/\/tugraztestweb.asol.at\/#website\",\"url\":\"https:\/\/tugraztestweb.asol.at\/\",\"name\":\"Verlag der TU Graz\",\"description\":\"Verlag der Technischen Universit\\u00e4t Graz\",\"potentialAction\":[{\"@type\":\"SearchAction\",\"target\":\"https:\/\/tugraztestweb.asol.at\/?s={search_term_string}\",\"query-input\":\"required name=search_term_string\"}],\"inLanguage\":\"en-US\"},{\"@type\":\"ImageObject\",\"@id\":\"https:\/\/tugraztestweb.asol.at\/gesamtverzeichnis\/bauingenieurwissenschaften\/leitfaden-zur-vergleichenden-beurteilung-von-bau-kosten-in-fruehen-planungsphasen\/#primaryimage\",\"inLanguage\":\"en-US\",\"url\":\"https:\/\/tugraztestweb.asol.at\/wp-content\/uploads\/2020\/08\/image-978-3-902465-58-0.jpg\",\"contentUrl\":\"https:\/\/tugraztestweb.asol.at\/wp-content\/uploads\/2020\/08\/image-978-3-902465-58-0.jpg\",\"width\":1809,\"height\":2560},{\"@type\":\"WebPage\",\"@id\":\"https:\/\/tugraztestweb.asol.at\/gesamtverzeichnis\/bauingenieurwissenschaften\/leitfaden-zur-vergleichenden-beurteilung-von-bau-kosten-in-fruehen-planungsphasen\/#webpage\",\"url\":\"https:\/\/tugraztestweb.asol.at\/gesamtverzeichnis\/bauingenieurwissenschaften\/leitfaden-zur-vergleichenden-beurteilung-von-bau-kosten-in-fruehen-planungsphasen\/\",\"name\":\"Leitfaden zur vergleichenden Beurteilung von (Bau-) Kosten in fr\\u00fchen Planungsphasen - Verlag der TU Graz\",\"isPartOf\":{\"@id\":\"https:\/\/tugraztestweb.asol.at\/#website\"},\"primaryImageOfPage\":{\"@id\":\"https:\/\/tugraztestweb.asol.at\/gesamtverzeichnis\/bauingenieurwissenschaften\/leitfaden-zur-vergleichenden-beurteilung-von-bau-kosten-in-fruehen-planungsphasen\/#primaryimage\"},\"datePublished\":\"2020-08-21T12:53:56+00:00\",\"dateModified\":\"2020-08-21T12:54:56+00:00\",\"breadcrumb\":{\"@id\":\"https:\/\/tugraztestweb.asol.at\/gesamtverzeichnis\/bauingenieurwissenschaften\/leitfaden-zur-vergleichenden-beurteilung-von-bau-kosten-in-fruehen-planungsphasen\/#breadcrumb\"},\"inLanguage\":\"en-US\",\"potentialAction\":[{\"@type\":\"ReadAction\",\"target\":[\"https:\/\/tugraztestweb.asol.at\/gesamtverzeichnis\/bauingenieurwissenschaften\/leitfaden-zur-vergleichenden-beurteilung-von-bau-kosten-in-fruehen-planungsphasen\/\"]}]},{\"@type\":\"BreadcrumbList\",\"@id\":\"https:\/\/tugraztestweb.asol.at\/gesamtverzeichnis\/bauingenieurwissenschaften\/leitfaden-zur-vergleichenden-beurteilung-von-bau-kosten-in-fruehen-planungsphasen\/#breadcrumb\",\"itemListElement\":[{\"@type\":\"ListItem\",\"position\":1,\"item\":{\"@type\":\"WebPage\",\"@id\":\"https:\/\/tugraztestweb.asol.at\/\",\"url\":\"https:\/\/tugraztestweb.asol.at\/\",\"name\":\"Home\"}},{\"@type\":\"ListItem\",\"position\":2,\"item\":{\"@type\":\"WebPage\",\"@id\":\"https:\/\/tugraztestweb.asol.at\/gesamtverzeichnis\/\",\"url\":\"https:\/\/tugraztestweb.asol.at\/gesamtverzeichnis\/\",\"name\":\"Gesamtverzeichnis\"}},{\"@type\":\"ListItem\",\"position\":3,\"item\":{\"@type\":\"WebPage\",\"@id\":\"https:\/\/tugraztestweb.asol.at\/gesamtverzeichnis\/bauingenieurwissenschaften\/leitfaden-zur-vergleichenden-beurteilung-von-bau-kosten-in-fruehen-planungsphasen\/\",\"url\":\"https:\/\/tugraztestweb.asol.at\/gesamtverzeichnis\/bauingenieurwissenschaften\/leitfaden-zur-vergleichenden-beurteilung-von-bau-kosten-in-fruehen-planungsphasen\/\",\"name\":\"Leitfaden zur vergleichenden Beurteilung von (Bau-) Kosten in fr\\u00fchen Planungsphasen\"}}]}]}<\/script>\n<!-- \/ Yoast SEO plugin. -->","_links":{"self":[{"href":"https:\/\/tugraztestweb.asol.at\/en\/wp-json\/wp\/v2\/product\/29862"}],"collection":[{"href":"https:\/\/tugraztestweb.asol.at\/en\/wp-json\/wp\/v2\/product"}],"about":[{"href":"https:\/\/tugraztestweb.asol.at\/en\/wp-json\/wp\/v2\/types\/product"}],"replies":[{"embeddable":true,"href":"https:\/\/tugraztestweb.asol.at\/en\/wp-json\/wp\/v2\/comments?post=29862"}],"wp:featuredmedia":[{"embeddable":true,"href":"https:\/\/tugraztestweb.asol.at\/en\/wp-json\/wp\/v2\/media\/39679"}],"wp:attachment":[{"href":"https:\/\/tugraztestweb.asol.at\/en\/wp-json\/wp\/v2\/media?parent=29862"}],"curies":[{"name":"wp","href":"https:\/\/api.w.org\/{rel}","templated":true}]}}