{"id":29866,"date":"2020-08-21T12:53:56","date_gmt":"2020-08-21T12:53:56","guid":{"rendered":"http:\/\/tugraztestweb.asol.at\/gesamtverzeichnis\/unkategorisiert\/level-d-bauprojektmanagement-assistent\/"},"modified":"2020-08-21T14:54:56","modified_gmt":"2020-08-21T12:54:56","slug":"level-d-bauprojektmanagement-assistent","status":"publish","type":"product","link":"https:\/\/tugraztestweb.asol.at\/en\/gesamtverzeichnis\/bauingenieurwissenschaften\/level-d-bauprojektmanagement-assistent\/","title":{"rendered":"Level D Bauprojektmanagement Assistent"},"content":{"rendered":"<p class=\"qtranxs-available-languages-message qtranxs-available-languages-message-en\">Sorry, this entry is only available in <a href=\"https:\/\/tugraztestweb.asol.at\/de\/wp-json\/wp\/v2\/product\/29866\" class=\"qtranxs-available-language-link qtranxs-available-language-link-de\" title=\"Deutsch\">Deutsch<\/a>.<\/p><p>Invention sehen wir als die Transformation von Ressourcen in anwendungsf\u00e4higes Wissen. Einige dieser Ressourcen stellen Sie \u00fcber Ihre Beitr\u00e4ge zum Gemeinwesen der Republik und die Republik wiederum \u00fcber das Budget der Universit\u00e4t uns zur Verf\u00fcgung. Wir sehen es nicht nur als unsere Pflicht an, die prim\u00e4re Lehre \u2013 die Erstausbildung der Studenten \u2013 zu betreiben, wir wollen mit diesen Ressourcen auch gr\u00f6\u00dfere Kreise ziehen und diese Ergebnisse der Wirtschaft und damit Ihnen zur Verf\u00fcgung stellen.<br \/>\nInnovation ist die Planung, Erzeugung und Durchsetzung neuer Produkte, neuer Produktions- und Planungsverfahren, neuer Methoden f\u00fcr Organisation und Management. J. A. Schumpeter beschrieb dies ganz einfach: Invention ist die Transformation von Geld in Wissen und Innovation die Verwandlung von Wissen in Geld.<br \/>\nDie Umwandlung von Wissen in neue Aktivit\u00e4ten wird also jetzt Ihr Part in dem Spiel, das uns alle antreibt. Wenn Ihnen unsere Publikation dazu n\u00fctzlich erscheint, scheuen Sie sich nicht, diesen kybernetische Prozess mit weiteren Exemplaren, die Sie bei uns bestellen, zu verst\u00e4rken, um den Kreislauf von Grundlagenforschung, Anwendungsforschung, Projektentwicklung und Produktion noch mehr anzukurbeln<\/p>","protected":false},"excerpt":{"rendered":"<p class=\"qtranxs-available-languages-message qtranxs-available-languages-message-en\">Sorry, this entry is only available in <a href=\"https:\/\/tugraztestweb.asol.at\/de\/wp-json\/wp\/v2\/product\/29866\" class=\"qtranxs-available-language-link qtranxs-available-language-link-de\" title=\"Deutsch\">Deutsch<\/a>.<\/p>\n<p>Invention sehen wir als die Transformation von Ressourcen in anwendungsf\u00e4higes Wissen. Einige dieser Ressourcen stellen Sie \u00fcber Ihre Beitr\u00e4ge zum Gemeinwesen der Republik und die Republik wiederum \u00fcber das Budget der Universit\u00e4t uns zur Verf\u00fcgung. Wir sehen es nicht nur als unsere Pflicht an, die prim\u00e4re Lehre \u2013 die Erstausbildung der Studenten \u2013 zu betreiben, wir wollen mit diesen Ressourcen auch gr\u00f6\u00dfere Kreise ziehen und diese Ergebnisse der Wirtschaft und damit Ihnen zur Verf\u00fcgung stellen.<br \/>\nInnovation ist die Planung, Erzeugung und Durchsetzung neuer Produkte, neuer Produktions- und Planungsverfahren, neuer Methoden f\u00fcr Organisation und Management. J. A. Schumpeter beschrieb dies ganz einfach: Invention ist die Transformation von Geld in Wissen und Innovation die Verwandlung von Wissen in Geld.<br \/>\nDie Umwandlung von Wissen in neue Aktivit\u00e4ten wird also jetzt Ihr Part in dem Spiel, das uns alle antreibt. Wenn Ihnen unsere Publikation dazu n\u00fctzlich erscheint, scheuen Sie sich nicht, diesen kybernetische Prozess mit weiteren Exemplaren, die Sie bei uns bestellen, zu verst\u00e4rken, um den Kreislauf von Grundlagenforschung, Anwendungsforschung, Projektentwicklung und Produktion noch mehr anzukurbeln<\/p>\n","protected":false},"featured_media":39681,"comment_status":"open","ping_status":"closed","template":"","meta":[],"yoast_head":"<!-- This site is optimized with the Yoast SEO plugin v16.1.1 - https:\/\/yoast.com\/wordpress\/plugins\/seo\/ -->\n<link rel=\"canonical\" href=\"https:\/\/tugraztestweb.asol.at\/en\/gesamtverzeichnis\/bauingenieurwissenschaften\/level-d-bauprojektmanagement-assistent\/\" \/>\n<meta property=\"og:locale\" content=\"en_US\" \/>\n<meta property=\"og:type\" content=\"article\" \/>\n<meta property=\"og:title\" content=\"Level D Bauprojektmanagement Assistent - Verlag der TU Graz\" \/>\n<meta property=\"og:description\" content=\"Invention sehen wir als die Transformation von Ressourcen in anwendungsf\u00e4higes Wissen. Einige dieser Ressourcen stellen Sie \u00fcber Ihre Beitr\u00e4ge zum Gemeinwesen der Republik und die Republik wiederum \u00fcber das Budget der Universit\u00e4t uns zur Verf\u00fcgung. Wir sehen es nicht nur als unsere Pflicht an, die prim\u00e4re Lehre \u2013 die Erstausbildung der Studenten \u2013 zu betreiben, wir wollen mit diesen Ressourcen auch gr\u00f6\u00dfere Kreise ziehen und diese Ergebnisse der Wirtschaft und damit Ihnen zur Verf\u00fcgung stellen. Innovation ist die Planung, Erzeugung und Durchsetzung neuer Produkte, neuer Produktions- und Planungsverfahren, neuer Methoden f\u00fcr Organisation und Management. J. A. Schumpeter beschrieb dies ganz einfach: Invention ist die Transformation von Geld in Wissen und Innovation die Verwandlung von Wissen in Geld. Die Umwandlung von Wissen in neue Aktivit\u00e4ten wird also jetzt Ihr Part in dem Spiel, das uns alle antreibt. Wenn Ihnen unsere Publikation dazu n\u00fctzlich erscheint, scheuen Sie sich nicht, diesen kybernetische Prozess mit weiteren Exemplaren, die Sie bei uns bestellen, zu verst\u00e4rken, um den Kreislauf von Grundlagenforschung, Anwendungsforschung, Projektentwicklung und Produktion noch mehr anzukurbeln\" \/>\n<meta property=\"og:url\" content=\"https:\/\/tugraztestweb.asol.at\/en\/gesamtverzeichnis\/bauingenieurwissenschaften\/level-d-bauprojektmanagement-assistent\/\" \/>\n<meta property=\"og:site_name\" content=\"Verlag der TU Graz\" \/>\n<meta property=\"article:modified_time\" content=\"2020-08-21T12:54:56+00:00\" \/>\n<meta property=\"og:image\" content=\"https:\/\/tugraztestweb.asol.at\/wp-content\/uploads\/2020\/08\/image-978-3-85125-105-0.jpg\" \/>\n\t<meta property=\"og:image:width\" content=\"453\" \/>\n\t<meta property=\"og:image:height\" content=\"641\" \/>\n<meta name=\"twitter:card\" content=\"summary_large_image\" \/>\n<meta name=\"twitter:label1\" content=\"Est. reading time\">\n\t<meta name=\"twitter:data1\" content=\"1 minute\">\n<script type=\"application\/ld+json\" class=\"yoast-schema-graph\">{\"@context\":\"https:\/\/schema.org\",\"@graph\":[{\"@type\":\"WebSite\",\"@id\":\"https:\/\/tugraztestweb.asol.at\/#website\",\"url\":\"https:\/\/tugraztestweb.asol.at\/\",\"name\":\"Verlag der TU Graz\",\"description\":\"Verlag der Technischen Universit\\u00e4t Graz\",\"potentialAction\":[{\"@type\":\"SearchAction\",\"target\":\"https:\/\/tugraztestweb.asol.at\/?s={search_term_string}\",\"query-input\":\"required name=search_term_string\"}],\"inLanguage\":\"en-US\"},{\"@type\":\"ImageObject\",\"@id\":\"https:\/\/tugraztestweb.asol.at\/en\/gesamtverzeichnis\/bauingenieurwissenschaften\/level-d-bauprojektmanagement-assistent\/#primaryimage\",\"inLanguage\":\"en-US\",\"url\":\"https:\/\/tugraztestweb.asol.at\/wp-content\/uploads\/2020\/08\/image-978-3-85125-105-0.jpg\",\"contentUrl\":\"https:\/\/tugraztestweb.asol.at\/wp-content\/uploads\/2020\/08\/image-978-3-85125-105-0.jpg\",\"width\":453,\"height\":641},{\"@type\":\"WebPage\",\"@id\":\"https:\/\/tugraztestweb.asol.at\/en\/gesamtverzeichnis\/bauingenieurwissenschaften\/level-d-bauprojektmanagement-assistent\/#webpage\",\"url\":\"https:\/\/tugraztestweb.asol.at\/en\/gesamtverzeichnis\/bauingenieurwissenschaften\/level-d-bauprojektmanagement-assistent\/\",\"name\":\"Level D Bauprojektmanagement Assistent - Verlag der TU Graz\",\"isPartOf\":{\"@id\":\"https:\/\/tugraztestweb.asol.at\/#website\"},\"primaryImageOfPage\":{\"@id\":\"https:\/\/tugraztestweb.asol.at\/en\/gesamtverzeichnis\/bauingenieurwissenschaften\/level-d-bauprojektmanagement-assistent\/#primaryimage\"},\"datePublished\":\"2020-08-21T12:53:56+00:00\",\"dateModified\":\"2020-08-21T12:54:56+00:00\",\"breadcrumb\":{\"@id\":\"https:\/\/tugraztestweb.asol.at\/en\/gesamtverzeichnis\/bauingenieurwissenschaften\/level-d-bauprojektmanagement-assistent\/#breadcrumb\"},\"inLanguage\":\"en-US\",\"potentialAction\":[{\"@type\":\"ReadAction\",\"target\":[\"https:\/\/tugraztestweb.asol.at\/en\/gesamtverzeichnis\/bauingenieurwissenschaften\/level-d-bauprojektmanagement-assistent\/\"]}]},{\"@type\":\"BreadcrumbList\",\"@id\":\"https:\/\/tugraztestweb.asol.at\/en\/gesamtverzeichnis\/bauingenieurwissenschaften\/level-d-bauprojektmanagement-assistent\/#breadcrumb\",\"itemListElement\":[{\"@type\":\"ListItem\",\"position\":1,\"item\":{\"@type\":\"WebPage\",\"@id\":\"https:\/\/tugraztestweb.asol.at\/\",\"url\":\"https:\/\/tugraztestweb.asol.at\/\",\"name\":\"Home\"}},{\"@type\":\"ListItem\",\"position\":2,\"item\":{\"@type\":\"WebPage\",\"@id\":\"https:\/\/tugraztestweb.asol.at\/gesamtverzeichnis\/\",\"url\":\"https:\/\/tugraztestweb.asol.at\/gesamtverzeichnis\/\",\"name\":\"Gesamtverzeichnis\"}},{\"@type\":\"ListItem\",\"position\":3,\"item\":{\"@type\":\"WebPage\",\"@id\":\"https:\/\/tugraztestweb.asol.at\/en\/gesamtverzeichnis\/bauingenieurwissenschaften\/level-d-bauprojektmanagement-assistent\/\",\"url\":\"https:\/\/tugraztestweb.asol.at\/en\/gesamtverzeichnis\/bauingenieurwissenschaften\/level-d-bauprojektmanagement-assistent\/\",\"name\":\"Level D Bauprojektmanagement Assistent\"}}]}]}<\/script>\n<!-- \/ Yoast SEO plugin. -->","_links":{"self":[{"href":"https:\/\/tugraztestweb.asol.at\/en\/wp-json\/wp\/v2\/product\/29866"}],"collection":[{"href":"https:\/\/tugraztestweb.asol.at\/en\/wp-json\/wp\/v2\/product"}],"about":[{"href":"https:\/\/tugraztestweb.asol.at\/en\/wp-json\/wp\/v2\/types\/product"}],"replies":[{"embeddable":true,"href":"https:\/\/tugraztestweb.asol.at\/en\/wp-json\/wp\/v2\/comments?post=29866"}],"wp:featuredmedia":[{"embeddable":true,"href":"https:\/\/tugraztestweb.asol.at\/en\/wp-json\/wp\/v2\/media\/39681"}],"wp:attachment":[{"href":"https:\/\/tugraztestweb.asol.at\/en\/wp-json\/wp\/v2\/media?parent=29866"}],"curies":[{"name":"wp","href":"https:\/\/api.w.org\/{rel}","templated":true}]}}