{"id":29870,"date":"2020-08-21T12:53:56","date_gmt":"2020-08-21T12:53:56","guid":{"rendered":"http:\/\/tugraztestweb.asol.at\/gesamtverzeichnis\/unkategorisiert\/logistikplanung-im-produktinnovationsprozess\/"},"modified":"2020-08-21T14:54:57","modified_gmt":"2020-08-21T12:54:57","slug":"logistikplanung-im-produktinnovationsprozess","status":"publish","type":"product","link":"https:\/\/tugraztestweb.asol.at\/en\/gesamtverzeichnis\/maschinenbau-und-wirtschaftswissenschaften\/logistikplanung-im-produktinnovationsprozess\/","title":{"rendered":"Logistikplanung im Produktinnovationsprozess"},"content":{"rendered":"<p class=\"qtranxs-available-languages-message qtranxs-available-languages-message-en\">Sorry, this entry is only available in <a href=\"https:\/\/tugraztestweb.asol.at\/de\/wp-json\/wp\/v2\/product\/29870\" class=\"qtranxs-available-language-link qtranxs-available-language-link-de\" title=\"Deutsch\">Deutsch<\/a>.<\/p><p>Um neue Produkte in k\u00fcrzeren Zeiten auf den Markt bringen zu k\u00f6nnen, wird ein Modell pr\u00e4sentiert, welches eine integrierte Logistikplanung im Produktinnovationsprozess erm\u00f6glicht. Durch internationale M\u00e4rkte und Zulieferstrukturen werden die Anforderungen an die Produktinnovation sowie an die globalen Wertsch\u00f6pfungsnetzwerke immer umfangreicher. Durch ein Wertsch\u00f6pfungsnetzwerk, welches auf die Produktstruktur fr\u00fchzeitig abgestimmt wird, soll die \u201eUmsetzungszeit des Innovationsprojektes verk\u00fcrzt und die Qualit\u00e4t der Produkte sowie den damit verbunden Serviceleistungen erh\u00f6ht werden.<\/p>\n<p>Nikolaus Mitterer gestaltete den Ansatz des Modells dementsprechend, dass eine m\u00f6glichst fr\u00fche Verkn\u00fcpfung des Produktinnovationsprozesses und der Logistikplanung erm\u00f6glicht wird. Mit dieser Voraussetzung sollen Unternehmungen ein integriertes Vorgehen pr\u00e4sentiert bekommen, mit welchem sie neue Produkte mit den dazugeh\u00f6rigen Logistikketten parallel erarbeiten k\u00f6nnen.<br \/>\nDabei wird auf die wechselseitigen Beziehungen zwischen der Produktinnovation und dem Logistikplanungsprozess ein besonderes Augenmerk gelegt. Erst durch deren Aufschl\u00fcsselung wird der Gesamtzusammenhang aufgezeigt, welcher f\u00fcr das abgestimmte Vorgehen notwendig ist.<\/p>","protected":false},"excerpt":{"rendered":"<p class=\"qtranxs-available-languages-message qtranxs-available-languages-message-en\">Sorry, this entry is only available in <a href=\"https:\/\/tugraztestweb.asol.at\/de\/wp-json\/wp\/v2\/product\/29870\" class=\"qtranxs-available-language-link qtranxs-available-language-link-de\" title=\"Deutsch\">Deutsch<\/a>.<\/p>\n<p>Um neue Produkte in k\u00fcrzeren Zeiten auf den Markt bringen zu k\u00f6nnen, wird ein Modell pr\u00e4sentiert, welches eine integrierte Logistikplanung im Produktinnovationsprozess erm\u00f6glicht. Durch internationale M\u00e4rkte und Zulieferstrukturen werden die Anforderungen an die Produktinnovation sowie an die globalen Wertsch\u00f6pfungsnetzwerke immer umfangreicher. Durch ein Wertsch\u00f6pfungsnetzwerk, welches auf die Produktstruktur fr\u00fchzeitig abgestimmt wird, soll die \u201eUmsetzungszeit des Innovationsprojektes verk\u00fcrzt und die Qualit\u00e4t der Produkte sowie den damit verbunden Serviceleistungen erh\u00f6ht werden.<\/p>\n<p>Nikolaus Mitterer gestaltete den Ansatz des Modells dementsprechend, dass eine m\u00f6glichst fr\u00fche Verkn\u00fcpfung des Produktinnovationsprozesses und der Logistikplanung erm\u00f6glicht wird. Mit dieser Voraussetzung sollen Unternehmungen ein integriertes Vorgehen pr\u00e4sentiert bekommen, mit welchem sie neue Produkte mit den dazugeh\u00f6rigen Logistikketten parallel erarbeiten k\u00f6nnen.<br \/>\nDabei wird auf die wechselseitigen Beziehungen zwischen der Produktinnovation und dem Logistikplanungsprozess ein besonderes Augenmerk gelegt. Erst durch deren Aufschl\u00fcsselung wird der Gesamtzusammenhang aufgezeigt, welcher f\u00fcr das abgestimmte Vorgehen notwendig ist.<\/p>\n","protected":false},"featured_media":39683,"comment_status":"open","ping_status":"closed","template":"","meta":[],"yoast_head":"<!-- This site is optimized with the Yoast SEO plugin v16.1.1 - https:\/\/yoast.com\/wordpress\/plugins\/seo\/ -->\n<link rel=\"canonical\" href=\"https:\/\/tugraztestweb.asol.at\/gesamtverzeichnis\/maschinenbau-und-wirtschaftswissenschaften\/logistikplanung-im-produktinnovationsprozess\/\" \/>\n<meta property=\"og:locale\" content=\"en_US\" \/>\n<meta property=\"og:type\" content=\"article\" \/>\n<meta property=\"og:title\" content=\"Logistikplanung im Produktinnovationsprozess - Verlag der TU Graz\" \/>\n<meta property=\"og:description\" content=\"Um neue Produkte in k\u00fcrzeren Zeiten auf den Markt bringen zu k\u00f6nnen, wird ein Modell pr\u00e4sentiert, welches eine integrierte Logistikplanung im Produktinnovationsprozess erm\u00f6glicht. Durch internationale M\u00e4rkte und Zulieferstrukturen werden die Anforderungen an die Produktinnovation sowie an die globalen Wertsch\u00f6pfungsnetzwerke immer umfangreicher. Durch ein Wertsch\u00f6pfungsnetzwerk, welches auf die Produktstruktur fr\u00fchzeitig abgestimmt wird, soll die \u201eUmsetzungszeit des Innovationsprojektes verk\u00fcrzt und die Qualit\u00e4t der Produkte sowie den damit verbunden Serviceleistungen erh\u00f6ht werden. Nikolaus Mitterer gestaltete den Ansatz des Modells dementsprechend, dass eine m\u00f6glichst fr\u00fche Verkn\u00fcpfung des Produktinnovationsprozesses und der Logistikplanung erm\u00f6glicht wird. Mit dieser Voraussetzung sollen Unternehmungen ein integriertes Vorgehen pr\u00e4sentiert bekommen, mit welchem sie neue Produkte mit den dazugeh\u00f6rigen Logistikketten parallel erarbeiten k\u00f6nnen. Dabei wird auf die wechselseitigen Beziehungen zwischen der Produktinnovation und dem Logistikplanungsprozess ein besonderes Augenmerk gelegt. Erst durch deren Aufschl\u00fcsselung wird der Gesamtzusammenhang aufgezeigt, welcher f\u00fcr das abgestimmte Vorgehen notwendig ist.\" \/>\n<meta property=\"og:url\" content=\"https:\/\/tugraztestweb.asol.at\/gesamtverzeichnis\/maschinenbau-und-wirtschaftswissenschaften\/logistikplanung-im-produktinnovationsprozess\/\" \/>\n<meta property=\"og:site_name\" content=\"Verlag der TU Graz\" \/>\n<meta property=\"article:modified_time\" content=\"2020-08-21T12:54:57+00:00\" \/>\n<meta property=\"og:image\" content=\"https:\/\/tugraztestweb.asol.at\/wp-content\/uploads\/2020\/08\/image-978-3-85125-144-9.jpg\" \/>\n\t<meta property=\"og:image:width\" content=\"519\" \/>\n\t<meta property=\"og:image:height\" content=\"764\" \/>\n<meta name=\"twitter:card\" content=\"summary_large_image\" \/>\n<meta name=\"twitter:label1\" content=\"Est. reading time\">\n\t<meta name=\"twitter:data1\" content=\"1 minute\">\n<script type=\"application\/ld+json\" class=\"yoast-schema-graph\">{\"@context\":\"https:\/\/schema.org\",\"@graph\":[{\"@type\":\"WebSite\",\"@id\":\"https:\/\/tugraztestweb.asol.at\/#website\",\"url\":\"https:\/\/tugraztestweb.asol.at\/\",\"name\":\"Verlag der TU Graz\",\"description\":\"Verlag der Technischen Universit\\u00e4t Graz\",\"potentialAction\":[{\"@type\":\"SearchAction\",\"target\":\"https:\/\/tugraztestweb.asol.at\/?s={search_term_string}\",\"query-input\":\"required name=search_term_string\"}],\"inLanguage\":\"en-US\"},{\"@type\":\"ImageObject\",\"@id\":\"https:\/\/tugraztestweb.asol.at\/gesamtverzeichnis\/maschinenbau-und-wirtschaftswissenschaften\/logistikplanung-im-produktinnovationsprozess\/#primaryimage\",\"inLanguage\":\"en-US\",\"url\":\"https:\/\/tugraztestweb.asol.at\/wp-content\/uploads\/2020\/08\/image-978-3-85125-144-9.jpg\",\"contentUrl\":\"https:\/\/tugraztestweb.asol.at\/wp-content\/uploads\/2020\/08\/image-978-3-85125-144-9.jpg\",\"width\":519,\"height\":764},{\"@type\":\"WebPage\",\"@id\":\"https:\/\/tugraztestweb.asol.at\/gesamtverzeichnis\/maschinenbau-und-wirtschaftswissenschaften\/logistikplanung-im-produktinnovationsprozess\/#webpage\",\"url\":\"https:\/\/tugraztestweb.asol.at\/gesamtverzeichnis\/maschinenbau-und-wirtschaftswissenschaften\/logistikplanung-im-produktinnovationsprozess\/\",\"name\":\"Logistikplanung im Produktinnovationsprozess - Verlag der TU Graz\",\"isPartOf\":{\"@id\":\"https:\/\/tugraztestweb.asol.at\/#website\"},\"primaryImageOfPage\":{\"@id\":\"https:\/\/tugraztestweb.asol.at\/gesamtverzeichnis\/maschinenbau-und-wirtschaftswissenschaften\/logistikplanung-im-produktinnovationsprozess\/#primaryimage\"},\"datePublished\":\"2020-08-21T12:53:56+00:00\",\"dateModified\":\"2020-08-21T12:54:57+00:00\",\"breadcrumb\":{\"@id\":\"https:\/\/tugraztestweb.asol.at\/gesamtverzeichnis\/maschinenbau-und-wirtschaftswissenschaften\/logistikplanung-im-produktinnovationsprozess\/#breadcrumb\"},\"inLanguage\":\"en-US\",\"potentialAction\":[{\"@type\":\"ReadAction\",\"target\":[\"https:\/\/tugraztestweb.asol.at\/gesamtverzeichnis\/maschinenbau-und-wirtschaftswissenschaften\/logistikplanung-im-produktinnovationsprozess\/\"]}]},{\"@type\":\"BreadcrumbList\",\"@id\":\"https:\/\/tugraztestweb.asol.at\/gesamtverzeichnis\/maschinenbau-und-wirtschaftswissenschaften\/logistikplanung-im-produktinnovationsprozess\/#breadcrumb\",\"itemListElement\":[{\"@type\":\"ListItem\",\"position\":1,\"item\":{\"@type\":\"WebPage\",\"@id\":\"https:\/\/tugraztestweb.asol.at\/\",\"url\":\"https:\/\/tugraztestweb.asol.at\/\",\"name\":\"Home\"}},{\"@type\":\"ListItem\",\"position\":2,\"item\":{\"@type\":\"WebPage\",\"@id\":\"https:\/\/tugraztestweb.asol.at\/gesamtverzeichnis\/\",\"url\":\"https:\/\/tugraztestweb.asol.at\/gesamtverzeichnis\/\",\"name\":\"Gesamtverzeichnis\"}},{\"@type\":\"ListItem\",\"position\":3,\"item\":{\"@type\":\"WebPage\",\"@id\":\"https:\/\/tugraztestweb.asol.at\/gesamtverzeichnis\/maschinenbau-und-wirtschaftswissenschaften\/logistikplanung-im-produktinnovationsprozess\/\",\"url\":\"https:\/\/tugraztestweb.asol.at\/gesamtverzeichnis\/maschinenbau-und-wirtschaftswissenschaften\/logistikplanung-im-produktinnovationsprozess\/\",\"name\":\"Logistikplanung im Produktinnovationsprozess\"}}]}]}<\/script>\n<!-- \/ Yoast SEO plugin. -->","_links":{"self":[{"href":"https:\/\/tugraztestweb.asol.at\/en\/wp-json\/wp\/v2\/product\/29870"}],"collection":[{"href":"https:\/\/tugraztestweb.asol.at\/en\/wp-json\/wp\/v2\/product"}],"about":[{"href":"https:\/\/tugraztestweb.asol.at\/en\/wp-json\/wp\/v2\/types\/product"}],"replies":[{"embeddable":true,"href":"https:\/\/tugraztestweb.asol.at\/en\/wp-json\/wp\/v2\/comments?post=29870"}],"wp:featuredmedia":[{"embeddable":true,"href":"https:\/\/tugraztestweb.asol.at\/en\/wp-json\/wp\/v2\/media\/39683"}],"wp:attachment":[{"href":"https:\/\/tugraztestweb.asol.at\/en\/wp-json\/wp\/v2\/media?parent=29870"}],"curies":[{"name":"wp","href":"https:\/\/api.w.org\/{rel}","templated":true}]}}