{"id":29874,"date":"2020-08-21T12:53:57","date_gmt":"2020-08-21T12:53:57","guid":{"rendered":"http:\/\/tugraztestweb.asol.at\/gesamtverzeichnis\/unkategorisiert\/luftein-und-austragsprozesse-bei-anlagen-fuer-peltonturbinen-im-gegendruckbetrieb\/"},"modified":"2020-08-21T14:54:57","modified_gmt":"2020-08-21T12:54:57","slug":"luftein-und-austragsprozesse-bei-anlagen-fuer-peltonturbinen-im-gegendruckbetrieb","status":"publish","type":"product","link":"https:\/\/tugraztestweb.asol.at\/en\/gesamtverzeichnis\/bauingenieurwissenschaften\/luftein-und-austragsprozesse-bei-anlagen-fuer-peltonturbinen-im-gegendruckbetrieb\/","title":{"rendered":"Luftein- und Austragsprozesse bei Anlagen f\u00fcr Peltonturbinen im Gegendruckbetrieb"},"content":{"rendered":"<p class=\"qtranxs-available-languages-message qtranxs-available-languages-message-en\">Sorry, this entry is only available in <a href=\"https:\/\/tugraztestweb.asol.at\/de\/wp-json\/wp\/v2\/product\/29874\" class=\"qtranxs-available-language-link qtranxs-available-language-link-de\" title=\"Deutsch\">Deutsch<\/a>.<\/p><p>Der Einsatz von Pelton-Turbinen im Bereich von Pumpspeicheranlagen gewinnt aufgrund ihrer guten Regelf\u00e4higkeit immer mehr an Bedeutung im europ\u00e4ischen Elektrizit\u00e4tsmarkt. Eine konstruktive Besonderheit ist dabei der Einsatz einer Peltonturbine im Gegendruck, wobei bei dieser Anlagenkonfiguration der Wasserspiegel des Unterwasserreservoirs oberhalb der Strahlkreisebene der Turbine liegt. Hierbei ist es zur Vermeidung von Wirkungsgradeinbu\u00dfen erforderlich, dass die durch das vom Peltonrad abstr\u00f6mende Wasser eingetragene Luft im Unterwasserkanal vollst\u00e4ndig aus dem Wasser entweichen kann. Zurzeit existieren nur grobe N\u00e4herungsformeln f\u00fcr die Berechnung der interessierenden Entgasungsl\u00e4nge. Weiters ist \u00fcber die Str\u00f6mungsprozesse im Geh\u00e4use einer Peltonturbine und dem dort stattfindenden Lufteintrag nur wenig bekannt. Um den Gesamtprozess einer Peltonturbine im Gegendruckbetrieb beschreiben und quantifizieren sowie die Unterwasserkanall\u00e4nge im Planungsstadium genauer absch\u00e4tzen zu k\u00f6nnen, werden Angaben \u00fcber die determinierenden Parameter des Luftein- und Austragsprozesses bei solchen Kraftwerken ben\u00f6tigt. In der vorliegenden Arbeit wurden die f\u00fcr die Prozesse relevanten Parameter wie Abstrahlgeschwindigkeiten vom Peltonbecher, Gr\u00f6\u00dfe und Form der auf die Wasseroberfl\u00e4che auftreffenden Wasserpartikeln, Verteilung der Auftreffgeschwindigkeiten dieser Wassermassen \u00fcber die Geh\u00e4usegrundfl\u00e4che, Luftkonzentration im Geh\u00e4use und deren Verteilung \u00fcber den Unterwasserkanal, Gr\u00f6\u00dfe und Aufstiegsgeschwindigkeit der im Unterwasserkanal vorhandenen Luftblasen sowie die interessierende Gr\u00f6\u00dfe der Entgasungsl\u00e4nge behandelt. Dazu wurden in situ Messungen im Geh\u00e4use einer Prototypturbine und in den Unterwasserkan\u00e4len dreier Kraftwerke mit Peltonturbinen durchgef\u00fchrt. Detailuntersuchungen der Luftein- bzw. Austragsprozesse sowie zum Einfluss der erh\u00f6hten Gasdichte bei Gegendruck auf das Wasser Luft Gemisch bildeten dar\u00fcber hinaus weitere Grundlagendaten, welche mit vorhandenen theoretischen Erkenntnissen verglichen wurden. Die Ergebnisse erm\u00f6glichen nun eine Berechnung der Entgasungsl\u00e4nge ab Kanalbeginn, welche haupts\u00e4chlich von der Wassertiefe im Unterwasserkanal, der Auftreffgeschwindigkeit der Wasserpartikel auf die Oberfl\u00e4che des Unterwasserkanals und der Abflussgeschwindigkeit im Unterwasserkanal abh\u00e4ngen. Die vorgestellten Naturmesswerte bilden au\u00dferdem eine Grundlage f\u00fcr die Kalibrierung numerischer Vergleichsrechnungen.<\/p>","protected":false},"excerpt":{"rendered":"<p class=\"qtranxs-available-languages-message qtranxs-available-languages-message-en\">Sorry, this entry is only available in <a href=\"https:\/\/tugraztestweb.asol.at\/de\/wp-json\/wp\/v2\/product\/29874\" class=\"qtranxs-available-language-link qtranxs-available-language-link-de\" title=\"Deutsch\">Deutsch<\/a>.<\/p>\n<p>Der Einsatz von Pelton-Turbinen im Bereich von Pumpspeicheranlagen gewinnt aufgrund ihrer guten Regelf\u00e4higkeit immer mehr an Bedeutung im europ\u00e4ischen Elektrizit\u00e4tsmarkt. Eine konstruktive Besonderheit ist dabei der Einsatz einer Peltonturbine im Gegendruck, wobei bei dieser Anlagenkonfiguration der Wasserspiegel des Unterwasserreservoirs oberhalb der Strahlkreisebene der Turbine liegt. Hierbei ist es zur Vermeidung von Wirkungsgradeinbu\u00dfen erforderlich, dass die durch das vom Peltonrad abstr\u00f6mende Wasser eingetragene Luft im Unterwasserkanal vollst\u00e4ndig aus dem Wasser entweichen kann. Zurzeit existieren nur grobe N\u00e4herungsformeln f\u00fcr die Berechnung der interessierenden Entgasungsl\u00e4nge. Weiters ist \u00fcber die Str\u00f6mungsprozesse im Geh\u00e4use einer Peltonturbine und dem dort stattfindenden Lufteintrag nur wenig bekannt. Um den Gesamtprozess einer Peltonturbine im Gegendruckbetrieb beschreiben und quantifizieren sowie die Unterwasserkanall\u00e4nge im Planungsstadium genauer absch\u00e4tzen zu k\u00f6nnen, werden Angaben \u00fcber die determinierenden Parameter des Luftein- und Austragsprozesses bei solchen Kraftwerken ben\u00f6tigt. In der vorliegenden Arbeit wurden die f\u00fcr die Prozesse relevanten Parameter wie Abstrahlgeschwindigkeiten vom Peltonbecher, Gr\u00f6\u00dfe und Form der auf die Wasseroberfl\u00e4che auftreffenden Wasserpartikeln, Verteilung der Auftreffgeschwindigkeiten dieser Wassermassen \u00fcber die Geh\u00e4usegrundfl\u00e4che, Luftkonzentration im Geh\u00e4use und deren Verteilung \u00fcber den Unterwasserkanal, Gr\u00f6\u00dfe und Aufstiegsgeschwindigkeit der im Unterwasserkanal vorhandenen Luftblasen sowie die interessierende Gr\u00f6\u00dfe der Entgasungsl\u00e4nge behandelt. Dazu wurden in situ Messungen im Geh\u00e4use einer Prototypturbine und in den Unterwasserkan\u00e4len dreier Kraftwerke mit Peltonturbinen durchgef\u00fchrt. Detailuntersuchungen der Luftein- bzw. Austragsprozesse sowie zum Einfluss der erh\u00f6hten Gasdichte bei Gegendruck auf das Wasser Luft Gemisch bildeten dar\u00fcber hinaus weitere Grundlagendaten, welche mit vorhandenen theoretischen Erkenntnissen verglichen wurden. Die Ergebnisse erm\u00f6glichen nun eine Berechnung der Entgasungsl\u00e4nge ab Kanalbeginn, welche haupts\u00e4chlich von der Wassertiefe im Unterwasserkanal, der Auftreffgeschwindigkeit der Wasserpartikel auf die Oberfl\u00e4che des Unterwasserkanals und der Abflussgeschwindigkeit im Unterwasserkanal abh\u00e4ngen. Die vorgestellten Naturmesswerte bilden au\u00dferdem eine Grundlage f\u00fcr die Kalibrierung numerischer Vergleichsrechnungen.<\/p>\n","protected":false},"featured_media":39685,"comment_status":"open","ping_status":"closed","template":"","meta":[],"yoast_head":"<!-- This site is optimized with the Yoast SEO plugin v16.1.1 - https:\/\/yoast.com\/wordpress\/plugins\/seo\/ -->\n<link rel=\"canonical\" href=\"https:\/\/tugraztestweb.asol.at\/gesamtverzeichnis\/bauingenieurwissenschaften\/luftein-und-austragsprozesse-bei-anlagen-fuer-peltonturbinen-im-gegendruckbetrieb\/\" \/>\n<meta property=\"og:locale\" content=\"en_US\" \/>\n<meta property=\"og:type\" content=\"article\" \/>\n<meta property=\"og:title\" content=\"Luftein- und Austragsprozesse bei Anlagen f\u00fcr Peltonturbinen im Gegendruckbetrieb - Verlag der TU Graz\" \/>\n<meta property=\"og:description\" content=\"Der Einsatz von Pelton-Turbinen im Bereich von Pumpspeicheranlagen gewinnt aufgrund ihrer guten Regelf\u00e4higkeit immer mehr an Bedeutung im europ\u00e4ischen Elektrizit\u00e4tsmarkt. Eine konstruktive Besonderheit ist dabei der Einsatz einer Peltonturbine im Gegendruck, wobei bei dieser Anlagenkonfiguration der Wasserspiegel des Unterwasserreservoirs oberhalb der Strahlkreisebene der Turbine liegt. Hierbei ist es zur Vermeidung von Wirkungsgradeinbu\u00dfen erforderlich, dass die durch das vom Peltonrad abstr\u00f6mende Wasser eingetragene Luft im Unterwasserkanal vollst\u00e4ndig aus dem Wasser entweichen kann. Zurzeit existieren nur grobe N\u00e4herungsformeln f\u00fcr die Berechnung der interessierenden Entgasungsl\u00e4nge. Weiters ist \u00fcber die Str\u00f6mungsprozesse im Geh\u00e4use einer Peltonturbine und dem dort stattfindenden Lufteintrag nur wenig bekannt. Um den Gesamtprozess einer Peltonturbine im Gegendruckbetrieb beschreiben und quantifizieren sowie die Unterwasserkanall\u00e4nge im Planungsstadium genauer absch\u00e4tzen zu k\u00f6nnen, werden Angaben \u00fcber die determinierenden Parameter des Luftein- und Austragsprozesses bei solchen Kraftwerken ben\u00f6tigt. In der vorliegenden Arbeit wurden die f\u00fcr die Prozesse relevanten Parameter wie Abstrahlgeschwindigkeiten vom Peltonbecher, Gr\u00f6\u00dfe und Form der auf die Wasseroberfl\u00e4che auftreffenden Wasserpartikeln, Verteilung der Auftreffgeschwindigkeiten dieser Wassermassen \u00fcber die Geh\u00e4usegrundfl\u00e4che, Luftkonzentration im Geh\u00e4use und deren Verteilung \u00fcber den Unterwasserkanal, Gr\u00f6\u00dfe und Aufstiegsgeschwindigkeit der im Unterwasserkanal vorhandenen Luftblasen sowie die interessierende Gr\u00f6\u00dfe der Entgasungsl\u00e4nge behandelt. Dazu wurden in situ Messungen im Geh\u00e4use einer Prototypturbine und in den Unterwasserkan\u00e4len dreier Kraftwerke mit Peltonturbinen durchgef\u00fchrt. Detailuntersuchungen der Luftein- bzw. Austragsprozesse sowie zum Einfluss der erh\u00f6hten Gasdichte bei Gegendruck auf das Wasser Luft Gemisch bildeten dar\u00fcber hinaus weitere Grundlagendaten, welche mit vorhandenen theoretischen Erkenntnissen verglichen wurden. Die Ergebnisse erm\u00f6glichen nun eine Berechnung der Entgasungsl\u00e4nge ab Kanalbeginn, welche haupts\u00e4chlich von der Wassertiefe im Unterwasserkanal, der Auftreffgeschwindigkeit der Wasserpartikel auf die Oberfl\u00e4che des Unterwasserkanals und der Abflussgeschwindigkeit im Unterwasserkanal abh\u00e4ngen. Die vorgestellten Naturmesswerte bilden au\u00dferdem eine Grundlage f\u00fcr die Kalibrierung numerischer Vergleichsrechnungen.\" \/>\n<meta property=\"og:url\" content=\"https:\/\/tugraztestweb.asol.at\/gesamtverzeichnis\/bauingenieurwissenschaften\/luftein-und-austragsprozesse-bei-anlagen-fuer-peltonturbinen-im-gegendruckbetrieb\/\" \/>\n<meta property=\"og:site_name\" content=\"Verlag der TU Graz\" \/>\n<meta property=\"article:modified_time\" content=\"2020-08-21T12:54:57+00:00\" \/>\n<meta property=\"og:image\" content=\"https:\/\/tugraztestweb.asol.at\/wp-content\/uploads\/2020\/08\/image-978-3-85125-003-9.jpg\" \/>\n\t<meta property=\"og:image:width\" content=\"1675\" \/>\n\t<meta property=\"og:image:height\" content=\"2414\" \/>\n<meta name=\"twitter:card\" content=\"summary_large_image\" \/>\n<meta name=\"twitter:label1\" content=\"Est. reading time\">\n\t<meta name=\"twitter:data1\" content=\"2 minutes\">\n<script type=\"application\/ld+json\" class=\"yoast-schema-graph\">{\"@context\":\"https:\/\/schema.org\",\"@graph\":[{\"@type\":\"WebSite\",\"@id\":\"https:\/\/tugraztestweb.asol.at\/#website\",\"url\":\"https:\/\/tugraztestweb.asol.at\/\",\"name\":\"Verlag der TU Graz\",\"description\":\"Verlag der Technischen Universit\\u00e4t Graz\",\"potentialAction\":[{\"@type\":\"SearchAction\",\"target\":\"https:\/\/tugraztestweb.asol.at\/?s={search_term_string}\",\"query-input\":\"required name=search_term_string\"}],\"inLanguage\":\"en-US\"},{\"@type\":\"ImageObject\",\"@id\":\"https:\/\/tugraztestweb.asol.at\/gesamtverzeichnis\/bauingenieurwissenschaften\/luftein-und-austragsprozesse-bei-anlagen-fuer-peltonturbinen-im-gegendruckbetrieb\/#primaryimage\",\"inLanguage\":\"en-US\",\"url\":\"https:\/\/tugraztestweb.asol.at\/wp-content\/uploads\/2020\/08\/image-978-3-85125-003-9.jpg\",\"contentUrl\":\"https:\/\/tugraztestweb.asol.at\/wp-content\/uploads\/2020\/08\/image-978-3-85125-003-9.jpg\",\"width\":1675,\"height\":2414},{\"@type\":\"WebPage\",\"@id\":\"https:\/\/tugraztestweb.asol.at\/gesamtverzeichnis\/bauingenieurwissenschaften\/luftein-und-austragsprozesse-bei-anlagen-fuer-peltonturbinen-im-gegendruckbetrieb\/#webpage\",\"url\":\"https:\/\/tugraztestweb.asol.at\/gesamtverzeichnis\/bauingenieurwissenschaften\/luftein-und-austragsprozesse-bei-anlagen-fuer-peltonturbinen-im-gegendruckbetrieb\/\",\"name\":\"Luftein- und Austragsprozesse bei Anlagen f\\u00fcr Peltonturbinen im Gegendruckbetrieb - Verlag der TU Graz\",\"isPartOf\":{\"@id\":\"https:\/\/tugraztestweb.asol.at\/#website\"},\"primaryImageOfPage\":{\"@id\":\"https:\/\/tugraztestweb.asol.at\/gesamtverzeichnis\/bauingenieurwissenschaften\/luftein-und-austragsprozesse-bei-anlagen-fuer-peltonturbinen-im-gegendruckbetrieb\/#primaryimage\"},\"datePublished\":\"2020-08-21T12:53:57+00:00\",\"dateModified\":\"2020-08-21T12:54:57+00:00\",\"breadcrumb\":{\"@id\":\"https:\/\/tugraztestweb.asol.at\/gesamtverzeichnis\/bauingenieurwissenschaften\/luftein-und-austragsprozesse-bei-anlagen-fuer-peltonturbinen-im-gegendruckbetrieb\/#breadcrumb\"},\"inLanguage\":\"en-US\",\"potentialAction\":[{\"@type\":\"ReadAction\",\"target\":[\"https:\/\/tugraztestweb.asol.at\/gesamtverzeichnis\/bauingenieurwissenschaften\/luftein-und-austragsprozesse-bei-anlagen-fuer-peltonturbinen-im-gegendruckbetrieb\/\"]}]},{\"@type\":\"BreadcrumbList\",\"@id\":\"https:\/\/tugraztestweb.asol.at\/gesamtverzeichnis\/bauingenieurwissenschaften\/luftein-und-austragsprozesse-bei-anlagen-fuer-peltonturbinen-im-gegendruckbetrieb\/#breadcrumb\",\"itemListElement\":[{\"@type\":\"ListItem\",\"position\":1,\"item\":{\"@type\":\"WebPage\",\"@id\":\"https:\/\/tugraztestweb.asol.at\/\",\"url\":\"https:\/\/tugraztestweb.asol.at\/\",\"name\":\"Home\"}},{\"@type\":\"ListItem\",\"position\":2,\"item\":{\"@type\":\"WebPage\",\"@id\":\"https:\/\/tugraztestweb.asol.at\/gesamtverzeichnis\/\",\"url\":\"https:\/\/tugraztestweb.asol.at\/gesamtverzeichnis\/\",\"name\":\"Gesamtverzeichnis\"}},{\"@type\":\"ListItem\",\"position\":3,\"item\":{\"@type\":\"WebPage\",\"@id\":\"https:\/\/tugraztestweb.asol.at\/gesamtverzeichnis\/bauingenieurwissenschaften\/luftein-und-austragsprozesse-bei-anlagen-fuer-peltonturbinen-im-gegendruckbetrieb\/\",\"url\":\"https:\/\/tugraztestweb.asol.at\/gesamtverzeichnis\/bauingenieurwissenschaften\/luftein-und-austragsprozesse-bei-anlagen-fuer-peltonturbinen-im-gegendruckbetrieb\/\",\"name\":\"Luftein- und Austragsprozesse bei Anlagen f\\u00fcr Peltonturbinen im Gegendruckbetrieb\"}}]}]}<\/script>\n<!-- \/ Yoast SEO plugin. -->","_links":{"self":[{"href":"https:\/\/tugraztestweb.asol.at\/en\/wp-json\/wp\/v2\/product\/29874"}],"collection":[{"href":"https:\/\/tugraztestweb.asol.at\/en\/wp-json\/wp\/v2\/product"}],"about":[{"href":"https:\/\/tugraztestweb.asol.at\/en\/wp-json\/wp\/v2\/types\/product"}],"replies":[{"embeddable":true,"href":"https:\/\/tugraztestweb.asol.at\/en\/wp-json\/wp\/v2\/comments?post=29874"}],"wp:featuredmedia":[{"embeddable":true,"href":"https:\/\/tugraztestweb.asol.at\/en\/wp-json\/wp\/v2\/media\/39685"}],"wp:attachment":[{"href":"https:\/\/tugraztestweb.asol.at\/en\/wp-json\/wp\/v2\/media?parent=29874"}],"curies":[{"name":"wp","href":"https:\/\/api.w.org\/{rel}","templated":true}]}}