{"id":29898,"date":"2020-08-21T12:54:00","date_gmt":"2020-08-21T12:54:00","guid":{"rendered":"http:\/\/tugraztestweb.asol.at\/gesamtverzeichnis\/unkategorisiert\/nachhaltiges-bauen-eine-qualitative-uebersicht-und-quantitative-analyse\/"},"modified":"2020-08-21T14:55:00","modified_gmt":"2020-08-21T12:55:00","slug":"nachhaltiges-bauen-eine-qualitative-uebersicht-und-quantitative-analyse","status":"publish","type":"product","link":"https:\/\/tugraztestweb.asol.at\/en\/gesamtverzeichnis\/bauingenieurwissenschaften\/nachhaltiges-bauen-eine-qualitative-uebersicht-und-quantitative-analyse\/","title":{"rendered":"Nachhaltiges Bauen &#8211; Eine qualitative \u00dcbersicht und quantitative Analyse"},"content":{"rendered":"<p class=\"qtranxs-available-languages-message qtranxs-available-languages-message-en\">Sorry, this entry is only available in <a href=\"https:\/\/tugraztestweb.asol.at\/de\/wp-json\/wp\/v2\/product\/29898\" class=\"qtranxs-available-language-link qtranxs-available-language-link-de\" title=\"Deutsch\">Deutsch<\/a>.<\/p><p>Ausgel\u00f6st durch die Diskussion um den globalen Klimawandel und die Verf\u00fcgbarkeit und Nutzung von nat\u00fcrlichen Ressourcen, vergeht kein Tag, an dem nicht von \u201eNachhaltigkeit\u201c gesprochen wird. Gleichzeitig scheint sich bei den Marktteilnehmern der Bau- und Immobilienwirtschaft eine Erwartungshaltung gegen\u00fcber dem Konzept eines \u201eNachhaltigen Bauens\u201c zu entwickeln.<br \/>\nIm Zuge der Globalisierung und des sich versch\u00e4rfenden Wettbewerbs ist es f\u00fcr die Unternehmer zwingend erforderlich, rechtzeitig ergebnisorientierte Entwicklungen und Trends zu erkennen.<br \/>\nDerzeit fehlen noch die \u00fcblicherweise f\u00fcr einen etablierten Markt vorhandenen Erfahrungswerte. Ziel einer Analyse zum Bewusstseinszustands der Bau- und Immobilienwirtschaft am Instituts f\u00fcr Baubetrieb und Bauwirtschaft ist es, den Unternehmen langfristig orientierte Handlungsempfehlungen geben zu k\u00f6nnen, welche Herausforderungen und Chancen sich durch die Entwicklung hin zu einem \u201eNachhaltigen Bauen\u201c ergeben.<\/p>","protected":false},"excerpt":{"rendered":"<p class=\"qtranxs-available-languages-message qtranxs-available-languages-message-en\">Sorry, this entry is only available in <a href=\"https:\/\/tugraztestweb.asol.at\/de\/wp-json\/wp\/v2\/product\/29898\" class=\"qtranxs-available-language-link qtranxs-available-language-link-de\" title=\"Deutsch\">Deutsch<\/a>.<\/p>\n<p>Ausgel\u00f6st durch die Diskussion um den globalen Klimawandel und die Verf\u00fcgbarkeit und Nutzung von nat\u00fcrlichen Ressourcen, vergeht kein Tag, an dem nicht von \u201eNachhaltigkeit\u201c gesprochen wird. Gleichzeitig scheint sich bei den Marktteilnehmern der Bau- und Immobilienwirtschaft eine Erwartungshaltung gegen\u00fcber dem Konzept eines \u201eNachhaltigen Bauens\u201c zu entwickeln.<br \/>\nIm Zuge der Globalisierung und des sich versch\u00e4rfenden Wettbewerbs ist es f\u00fcr die Unternehmer zwingend erforderlich, rechtzeitig ergebnisorientierte Entwicklungen und Trends zu erkennen.<br \/>\nDerzeit fehlen noch die \u00fcblicherweise f\u00fcr einen etablierten Markt vorhandenen Erfahrungswerte. Ziel einer Analyse zum Bewusstseinszustands der Bau- und Immobilienwirtschaft am Instituts f\u00fcr Baubetrieb und Bauwirtschaft ist es, den Unternehmen langfristig orientierte Handlungsempfehlungen geben zu k\u00f6nnen, welche Herausforderungen und Chancen sich durch die Entwicklung hin zu einem \u201eNachhaltigen Bauen\u201c ergeben.<\/p>\n","protected":false},"featured_media":39694,"comment_status":"open","ping_status":"closed","template":"","meta":[],"yoast_head":"<!-- This site is optimized with the Yoast SEO plugin v16.1.1 - https:\/\/yoast.com\/wordpress\/plugins\/seo\/ -->\n<link rel=\"canonical\" href=\"https:\/\/tugraztestweb.asol.at\/gesamtverzeichnis\/bauingenieurwissenschaften\/nachhaltiges-bauen-eine-qualitative-uebersicht-und-quantitative-analyse\/\" \/>\n<meta property=\"og:locale\" content=\"en_US\" \/>\n<meta property=\"og:type\" content=\"article\" \/>\n<meta property=\"og:title\" content=\"Nachhaltiges Bauen - Eine qualitative \u00dcbersicht und quantitative Analyse - Verlag der TU Graz\" \/>\n<meta property=\"og:description\" content=\"Ausgel\u00f6st durch die Diskussion um den globalen Klimawandel und die Verf\u00fcgbarkeit und Nutzung von nat\u00fcrlichen Ressourcen, vergeht kein Tag, an dem nicht von \u201eNachhaltigkeit\u201c gesprochen wird. Gleichzeitig scheint sich bei den Marktteilnehmern der Bau- und Immobilienwirtschaft eine Erwartungshaltung gegen\u00fcber dem Konzept eines \u201eNachhaltigen Bauens\u201c zu entwickeln. Im Zuge der Globalisierung und des sich versch\u00e4rfenden Wettbewerbs ist es f\u00fcr die Unternehmer zwingend erforderlich, rechtzeitig ergebnisorientierte Entwicklungen und Trends zu erkennen. Derzeit fehlen noch die \u00fcblicherweise f\u00fcr einen etablierten Markt vorhandenen Erfahrungswerte. Ziel einer Analyse zum Bewusstseinszustands der Bau- und Immobilienwirtschaft am Instituts f\u00fcr Baubetrieb und Bauwirtschaft ist es, den Unternehmen langfristig orientierte Handlungsempfehlungen geben zu k\u00f6nnen, welche Herausforderungen und Chancen sich durch die Entwicklung hin zu einem \u201eNachhaltigen Bauen\u201c ergeben.\" \/>\n<meta property=\"og:url\" content=\"https:\/\/tugraztestweb.asol.at\/gesamtverzeichnis\/bauingenieurwissenschaften\/nachhaltiges-bauen-eine-qualitative-uebersicht-und-quantitative-analyse\/\" \/>\n<meta property=\"og:site_name\" content=\"Verlag der TU Graz\" \/>\n<meta property=\"article:modified_time\" content=\"2020-08-21T12:55:00+00:00\" \/>\n<meta property=\"og:image\" content=\"https:\/\/tugraztestweb.asol.at\/wp-content\/uploads\/2020\/08\/image-978-3-85125-074-9.jpg\" \/>\n\t<meta property=\"og:image:width\" content=\"591\" \/>\n\t<meta property=\"og:image:height\" content=\"836\" \/>\n<meta name=\"twitter:card\" content=\"summary_large_image\" \/>\n<meta name=\"twitter:label1\" content=\"Est. reading time\">\n\t<meta name=\"twitter:data1\" content=\"1 minute\">\n<script type=\"application\/ld+json\" class=\"yoast-schema-graph\">{\"@context\":\"https:\/\/schema.org\",\"@graph\":[{\"@type\":\"WebSite\",\"@id\":\"https:\/\/tugraztestweb.asol.at\/#website\",\"url\":\"https:\/\/tugraztestweb.asol.at\/\",\"name\":\"Verlag der TU Graz\",\"description\":\"Verlag der Technischen Universit\\u00e4t Graz\",\"potentialAction\":[{\"@type\":\"SearchAction\",\"target\":\"https:\/\/tugraztestweb.asol.at\/?s={search_term_string}\",\"query-input\":\"required name=search_term_string\"}],\"inLanguage\":\"en-US\"},{\"@type\":\"ImageObject\",\"@id\":\"https:\/\/tugraztestweb.asol.at\/gesamtverzeichnis\/bauingenieurwissenschaften\/nachhaltiges-bauen-eine-qualitative-uebersicht-und-quantitative-analyse\/#primaryimage\",\"inLanguage\":\"en-US\",\"url\":\"https:\/\/tugraztestweb.asol.at\/wp-content\/uploads\/2020\/08\/image-978-3-85125-074-9.jpg\",\"contentUrl\":\"https:\/\/tugraztestweb.asol.at\/wp-content\/uploads\/2020\/08\/image-978-3-85125-074-9.jpg\",\"width\":591,\"height\":836},{\"@type\":\"WebPage\",\"@id\":\"https:\/\/tugraztestweb.asol.at\/gesamtverzeichnis\/bauingenieurwissenschaften\/nachhaltiges-bauen-eine-qualitative-uebersicht-und-quantitative-analyse\/#webpage\",\"url\":\"https:\/\/tugraztestweb.asol.at\/gesamtverzeichnis\/bauingenieurwissenschaften\/nachhaltiges-bauen-eine-qualitative-uebersicht-und-quantitative-analyse\/\",\"name\":\"Nachhaltiges Bauen - Eine qualitative \\u00dcbersicht und quantitative Analyse - Verlag der TU Graz\",\"isPartOf\":{\"@id\":\"https:\/\/tugraztestweb.asol.at\/#website\"},\"primaryImageOfPage\":{\"@id\":\"https:\/\/tugraztestweb.asol.at\/gesamtverzeichnis\/bauingenieurwissenschaften\/nachhaltiges-bauen-eine-qualitative-uebersicht-und-quantitative-analyse\/#primaryimage\"},\"datePublished\":\"2020-08-21T12:54:00+00:00\",\"dateModified\":\"2020-08-21T12:55:00+00:00\",\"breadcrumb\":{\"@id\":\"https:\/\/tugraztestweb.asol.at\/gesamtverzeichnis\/bauingenieurwissenschaften\/nachhaltiges-bauen-eine-qualitative-uebersicht-und-quantitative-analyse\/#breadcrumb\"},\"inLanguage\":\"en-US\",\"potentialAction\":[{\"@type\":\"ReadAction\",\"target\":[\"https:\/\/tugraztestweb.asol.at\/gesamtverzeichnis\/bauingenieurwissenschaften\/nachhaltiges-bauen-eine-qualitative-uebersicht-und-quantitative-analyse\/\"]}]},{\"@type\":\"BreadcrumbList\",\"@id\":\"https:\/\/tugraztestweb.asol.at\/gesamtverzeichnis\/bauingenieurwissenschaften\/nachhaltiges-bauen-eine-qualitative-uebersicht-und-quantitative-analyse\/#breadcrumb\",\"itemListElement\":[{\"@type\":\"ListItem\",\"position\":1,\"item\":{\"@type\":\"WebPage\",\"@id\":\"https:\/\/tugraztestweb.asol.at\/\",\"url\":\"https:\/\/tugraztestweb.asol.at\/\",\"name\":\"Home\"}},{\"@type\":\"ListItem\",\"position\":2,\"item\":{\"@type\":\"WebPage\",\"@id\":\"https:\/\/tugraztestweb.asol.at\/gesamtverzeichnis\/\",\"url\":\"https:\/\/tugraztestweb.asol.at\/gesamtverzeichnis\/\",\"name\":\"Gesamtverzeichnis\"}},{\"@type\":\"ListItem\",\"position\":3,\"item\":{\"@type\":\"WebPage\",\"@id\":\"https:\/\/tugraztestweb.asol.at\/gesamtverzeichnis\/bauingenieurwissenschaften\/nachhaltiges-bauen-eine-qualitative-uebersicht-und-quantitative-analyse\/\",\"url\":\"https:\/\/tugraztestweb.asol.at\/gesamtverzeichnis\/bauingenieurwissenschaften\/nachhaltiges-bauen-eine-qualitative-uebersicht-und-quantitative-analyse\/\",\"name\":\"Nachhaltiges Bauen &#8211; Eine qualitative \\u00dcbersicht und quantitative Analyse\"}}]}]}<\/script>\n<!-- \/ Yoast SEO plugin. -->","_links":{"self":[{"href":"https:\/\/tugraztestweb.asol.at\/en\/wp-json\/wp\/v2\/product\/29898"}],"collection":[{"href":"https:\/\/tugraztestweb.asol.at\/en\/wp-json\/wp\/v2\/product"}],"about":[{"href":"https:\/\/tugraztestweb.asol.at\/en\/wp-json\/wp\/v2\/types\/product"}],"replies":[{"embeddable":true,"href":"https:\/\/tugraztestweb.asol.at\/en\/wp-json\/wp\/v2\/comments?post=29898"}],"wp:featuredmedia":[{"embeddable":true,"href":"https:\/\/tugraztestweb.asol.at\/en\/wp-json\/wp\/v2\/media\/39694"}],"wp:attachment":[{"href":"https:\/\/tugraztestweb.asol.at\/en\/wp-json\/wp\/v2\/media?parent=29898"}],"curies":[{"name":"wp","href":"https:\/\/api.w.org\/{rel}","templated":true}]}}