{"id":29902,"date":"2020-08-21T12:54:00","date_gmt":"2020-08-21T12:54:00","guid":{"rendered":"http:\/\/tugraztestweb.asol.at\/gesamtverzeichnis\/unkategorisiert\/numerical-simulation-of-the-precipitation-kinetics-of-nitrides-and-carbides-in-microalloyed-steel\/"},"modified":"2020-08-21T14:55:00","modified_gmt":"2020-08-21T12:55:00","slug":"numerical-simulation-of-the-precipitation-kinetics-of-nitrides-and-carbides-in-microalloyed-steel","status":"publish","type":"product","link":"https:\/\/tugraztestweb.asol.at\/en\/gesamtverzeichnis\/maschinenbau-und-wirtschaftswissenschaften\/numerical-simulation-of-the-precipitation-kinetics-of-nitrides-and-carbides-in-microalloyed-steel\/","title":{"rendered":"Numerical Simulation of the Precipitation Kinetics of Nitrides and Carbides in Microalloyed Steel"},"content":{"rendered":"<p class=\"qtranxs-available-languages-message qtranxs-available-languages-message-en\">Sorry, this entry is only available in <a href=\"https:\/\/tugraztestweb.asol.at\/de\/wp-json\/wp\/v2\/product\/29902\" class=\"qtranxs-available-language-link qtranxs-available-language-link-de\" title=\"Deutsch\">Deutsch<\/a>.<\/p><p>Die vorliegende Dissertation besch\u00e4ftigt sich mit der numerischen Simulation der Ausscheidungskinetik von Nitriden und Karbiden w\u00e4hrend der isothermen W\u00e4rmebehandlung von mikrolegiertem Stahl. Die thermodynamischen Daten aller relevanten Phasen wurden genauestens untersucht und in der thermodynamischen Datenbank &#8216;mc steel&#8217; implementiert. F\u00fcr die Computersimulation der Ausscheidungskinetik der Nitride und Karbide wurde die Thermokinetik Software MatCalc herangezogen. Dabei wurde ein neu entwickeltes Modell verwendet, welches die bevorzugte Ausscheidung von diesen Mikrolegierungsphasen an Korngrenzen beschreibt. Gleichzeitig wird die Ausscheidung von zuf\u00e4llig verteilten Teilchen an Versetzungen im Korninneren simuliert. Es wird gezeigt, dass unter Ber\u00fccksichtigung beider Mechanismen diese Ausscheidungsreaktionen konsistent modelliert werden k\u00f6nnen, in Abh\u00e4ngigkeit der chemischen Zusammensetzung, der Korngr\u00f6\u00dfe und der Gl\u00fchtemperatur. Zus\u00e4tzlich wird gezeigt, dass f\u00fcr eine konsistente Beschreibung dieser Reaktionen die Ber\u00fccksichtigung verschiedenster physikalischer Mechanismen unumg\u00e4nglich ist. Dabei wird vor allem auf die Ber\u00fccksichtigung der volumetrischen Fehlpassung (Misfit) zwischen Ausscheidung und Matrix, des temperaturabh\u00e4ngigen E-Moduls, der Abh\u00e4ngigkeit der Grenzfl\u00e4chenenergie von chemischer Zusammensetzung, Temperatur und Gr\u00f6\u00dfe der Ausscheidung, sowie das Verh\u00e4ltnis der Diffusion der einzelnen Atome an der Korngrenze zum Korninneren aufmerksam gemacht. Zum Abschluss wird eine neue Simulationsmethode vorgestellt, welche die Berechnung der Ausscheidungskinetik von Mikrolegierungsphasen w\u00e4hrend des Stranggie\u00dfens erm\u00f6glicht. Es wird gezeigt, dass Mikroseigerungen, wie sie w\u00e4hrend der Erstarrung von Stahl entstehen, eine wichtige Rolle bei der Beschreibung der Ausscheidungskinetik spielen. Alle vorgestellten Ausscheidungssimulationen sind mit experimentellen Daten aus der Literatur verglichen.<\/p>","protected":false},"excerpt":{"rendered":"<p class=\"qtranxs-available-languages-message qtranxs-available-languages-message-en\">Sorry, this entry is only available in <a href=\"https:\/\/tugraztestweb.asol.at\/de\/wp-json\/wp\/v2\/product\/29902\" class=\"qtranxs-available-language-link qtranxs-available-language-link-de\" title=\"Deutsch\">Deutsch<\/a>.<\/p>\n<p>Die vorliegende Dissertation besch\u00e4ftigt sich mit der numerischen Simulation der Ausscheidungskinetik von Nitriden und Karbiden w\u00e4hrend der isothermen W\u00e4rmebehandlung von mikrolegiertem Stahl. Die thermodynamischen Daten aller relevanten Phasen wurden genauestens untersucht und in der thermodynamischen Datenbank &#8216;mc steel&#8217; implementiert. F\u00fcr die Computersimulation der Ausscheidungskinetik der Nitride und Karbide wurde die Thermokinetik Software MatCalc herangezogen. Dabei wurde ein neu entwickeltes Modell verwendet, welches die bevorzugte Ausscheidung von diesen Mikrolegierungsphasen an Korngrenzen beschreibt. Gleichzeitig wird die Ausscheidung von zuf\u00e4llig verteilten Teilchen an Versetzungen im Korninneren simuliert. Es wird gezeigt, dass unter Ber\u00fccksichtigung beider Mechanismen diese Ausscheidungsreaktionen konsistent modelliert werden k\u00f6nnen, in Abh\u00e4ngigkeit der chemischen Zusammensetzung, der Korngr\u00f6\u00dfe und der Gl\u00fchtemperatur. Zus\u00e4tzlich wird gezeigt, dass f\u00fcr eine konsistente Beschreibung dieser Reaktionen die Ber\u00fccksichtigung verschiedenster physikalischer Mechanismen unumg\u00e4nglich ist. Dabei wird vor allem auf die Ber\u00fccksichtigung der volumetrischen Fehlpassung (Misfit) zwischen Ausscheidung und Matrix, des temperaturabh\u00e4ngigen E-Moduls, der Abh\u00e4ngigkeit der Grenzfl\u00e4chenenergie von chemischer Zusammensetzung, Temperatur und Gr\u00f6\u00dfe der Ausscheidung, sowie das Verh\u00e4ltnis der Diffusion der einzelnen Atome an der Korngrenze zum Korninneren aufmerksam gemacht. Zum Abschluss wird eine neue Simulationsmethode vorgestellt, welche die Berechnung der Ausscheidungskinetik von Mikrolegierungsphasen w\u00e4hrend des Stranggie\u00dfens erm\u00f6glicht. Es wird gezeigt, dass Mikroseigerungen, wie sie w\u00e4hrend der Erstarrung von Stahl entstehen, eine wichtige Rolle bei der Beschreibung der Ausscheidungskinetik spielen. Alle vorgestellten Ausscheidungssimulationen sind mit experimentellen Daten aus der Literatur verglichen.<\/p>\n","protected":false},"featured_media":39696,"comment_status":"open","ping_status":"closed","template":"","meta":[],"yoast_head":"<!-- This site is optimized with the Yoast SEO plugin v16.1.1 - https:\/\/yoast.com\/wordpress\/plugins\/seo\/ -->\n<link rel=\"canonical\" href=\"https:\/\/tugraztestweb.asol.at\/gesamtverzeichnis\/maschinenbau-und-wirtschaftswissenschaften\/numerical-simulation-of-the-precipitation-kinetics-of-nitrides-and-carbides-in-microalloyed-steel\/\" \/>\n<meta property=\"og:locale\" content=\"en_US\" \/>\n<meta property=\"og:type\" content=\"article\" \/>\n<meta property=\"og:title\" content=\"Numerical Simulation of the Precipitation Kinetics of Nitrides and Carbides in Microalloyed Steel - Verlag der TU Graz\" \/>\n<meta property=\"og:description\" content=\"Die vorliegende Dissertation besch\u00e4ftigt sich mit der numerischen Simulation der Ausscheidungskinetik von Nitriden und Karbiden w\u00e4hrend der isothermen W\u00e4rmebehandlung von mikrolegiertem Stahl. Die thermodynamischen Daten aller relevanten Phasen wurden genauestens untersucht und in der thermodynamischen Datenbank &#039;mc steel&#039; implementiert. F\u00fcr die Computersimulation der Ausscheidungskinetik der Nitride und Karbide wurde die Thermokinetik Software MatCalc herangezogen. Dabei wurde ein neu entwickeltes Modell verwendet, welches die bevorzugte Ausscheidung von diesen Mikrolegierungsphasen an Korngrenzen beschreibt. Gleichzeitig wird die Ausscheidung von zuf\u00e4llig verteilten Teilchen an Versetzungen im Korninneren simuliert. Es wird gezeigt, dass unter Ber\u00fccksichtigung beider Mechanismen diese Ausscheidungsreaktionen konsistent modelliert werden k\u00f6nnen, in Abh\u00e4ngigkeit der chemischen Zusammensetzung, der Korngr\u00f6\u00dfe und der Gl\u00fchtemperatur. Zus\u00e4tzlich wird gezeigt, dass f\u00fcr eine konsistente Beschreibung dieser Reaktionen die Ber\u00fccksichtigung verschiedenster physikalischer Mechanismen unumg\u00e4nglich ist. Dabei wird vor allem auf die Ber\u00fccksichtigung der volumetrischen Fehlpassung (Misfit) zwischen Ausscheidung und Matrix, des temperaturabh\u00e4ngigen E-Moduls, der Abh\u00e4ngigkeit der Grenzfl\u00e4chenenergie von chemischer Zusammensetzung, Temperatur und Gr\u00f6\u00dfe der Ausscheidung, sowie das Verh\u00e4ltnis der Diffusion der einzelnen Atome an der Korngrenze zum Korninneren aufmerksam gemacht. Zum Abschluss wird eine neue Simulationsmethode vorgestellt, welche die Berechnung der Ausscheidungskinetik von Mikrolegierungsphasen w\u00e4hrend des Stranggie\u00dfens erm\u00f6glicht. Es wird gezeigt, dass Mikroseigerungen, wie sie w\u00e4hrend der Erstarrung von Stahl entstehen, eine wichtige Rolle bei der Beschreibung der Ausscheidungskinetik spielen. Alle vorgestellten Ausscheidungssimulationen sind mit experimentellen Daten aus der Literatur verglichen.\" \/>\n<meta property=\"og:url\" content=\"https:\/\/tugraztestweb.asol.at\/gesamtverzeichnis\/maschinenbau-und-wirtschaftswissenschaften\/numerical-simulation-of-the-precipitation-kinetics-of-nitrides-and-carbides-in-microalloyed-steel\/\" \/>\n<meta property=\"og:site_name\" content=\"Verlag der TU Graz\" \/>\n<meta property=\"article:modified_time\" content=\"2020-08-21T12:55:00+00:00\" \/>\n<meta property=\"og:image\" content=\"https:\/\/tugraztestweb.asol.at\/wp-content\/uploads\/2020\/08\/image-978-3-85125-123-4.jpg\" \/>\n\t<meta property=\"og:image:width\" content=\"455\" \/>\n\t<meta property=\"og:image:height\" content=\"667\" \/>\n<meta name=\"twitter:card\" content=\"summary_large_image\" \/>\n<meta name=\"twitter:label1\" content=\"Est. reading time\">\n\t<meta name=\"twitter:data1\" content=\"1 minute\">\n<script type=\"application\/ld+json\" class=\"yoast-schema-graph\">{\"@context\":\"https:\/\/schema.org\",\"@graph\":[{\"@type\":\"WebSite\",\"@id\":\"https:\/\/tugraztestweb.asol.at\/#website\",\"url\":\"https:\/\/tugraztestweb.asol.at\/\",\"name\":\"Verlag der TU Graz\",\"description\":\"Verlag der Technischen Universit\\u00e4t Graz\",\"potentialAction\":[{\"@type\":\"SearchAction\",\"target\":\"https:\/\/tugraztestweb.asol.at\/?s={search_term_string}\",\"query-input\":\"required name=search_term_string\"}],\"inLanguage\":\"en-US\"},{\"@type\":\"ImageObject\",\"@id\":\"https:\/\/tugraztestweb.asol.at\/gesamtverzeichnis\/maschinenbau-und-wirtschaftswissenschaften\/numerical-simulation-of-the-precipitation-kinetics-of-nitrides-and-carbides-in-microalloyed-steel\/#primaryimage\",\"inLanguage\":\"en-US\",\"url\":\"https:\/\/tugraztestweb.asol.at\/wp-content\/uploads\/2020\/08\/image-978-3-85125-123-4.jpg\",\"contentUrl\":\"https:\/\/tugraztestweb.asol.at\/wp-content\/uploads\/2020\/08\/image-978-3-85125-123-4.jpg\",\"width\":455,\"height\":667},{\"@type\":\"WebPage\",\"@id\":\"https:\/\/tugraztestweb.asol.at\/gesamtverzeichnis\/maschinenbau-und-wirtschaftswissenschaften\/numerical-simulation-of-the-precipitation-kinetics-of-nitrides-and-carbides-in-microalloyed-steel\/#webpage\",\"url\":\"https:\/\/tugraztestweb.asol.at\/gesamtverzeichnis\/maschinenbau-und-wirtschaftswissenschaften\/numerical-simulation-of-the-precipitation-kinetics-of-nitrides-and-carbides-in-microalloyed-steel\/\",\"name\":\"Numerical Simulation of the Precipitation Kinetics of Nitrides and Carbides in Microalloyed Steel - Verlag der TU Graz\",\"isPartOf\":{\"@id\":\"https:\/\/tugraztestweb.asol.at\/#website\"},\"primaryImageOfPage\":{\"@id\":\"https:\/\/tugraztestweb.asol.at\/gesamtverzeichnis\/maschinenbau-und-wirtschaftswissenschaften\/numerical-simulation-of-the-precipitation-kinetics-of-nitrides-and-carbides-in-microalloyed-steel\/#primaryimage\"},\"datePublished\":\"2020-08-21T12:54:00+00:00\",\"dateModified\":\"2020-08-21T12:55:00+00:00\",\"breadcrumb\":{\"@id\":\"https:\/\/tugraztestweb.asol.at\/gesamtverzeichnis\/maschinenbau-und-wirtschaftswissenschaften\/numerical-simulation-of-the-precipitation-kinetics-of-nitrides-and-carbides-in-microalloyed-steel\/#breadcrumb\"},\"inLanguage\":\"en-US\",\"potentialAction\":[{\"@type\":\"ReadAction\",\"target\":[\"https:\/\/tugraztestweb.asol.at\/gesamtverzeichnis\/maschinenbau-und-wirtschaftswissenschaften\/numerical-simulation-of-the-precipitation-kinetics-of-nitrides-and-carbides-in-microalloyed-steel\/\"]}]},{\"@type\":\"BreadcrumbList\",\"@id\":\"https:\/\/tugraztestweb.asol.at\/gesamtverzeichnis\/maschinenbau-und-wirtschaftswissenschaften\/numerical-simulation-of-the-precipitation-kinetics-of-nitrides-and-carbides-in-microalloyed-steel\/#breadcrumb\",\"itemListElement\":[{\"@type\":\"ListItem\",\"position\":1,\"item\":{\"@type\":\"WebPage\",\"@id\":\"https:\/\/tugraztestweb.asol.at\/\",\"url\":\"https:\/\/tugraztestweb.asol.at\/\",\"name\":\"Home\"}},{\"@type\":\"ListItem\",\"position\":2,\"item\":{\"@type\":\"WebPage\",\"@id\":\"https:\/\/tugraztestweb.asol.at\/gesamtverzeichnis\/\",\"url\":\"https:\/\/tugraztestweb.asol.at\/gesamtverzeichnis\/\",\"name\":\"Gesamtverzeichnis\"}},{\"@type\":\"ListItem\",\"position\":3,\"item\":{\"@type\":\"WebPage\",\"@id\":\"https:\/\/tugraztestweb.asol.at\/gesamtverzeichnis\/maschinenbau-und-wirtschaftswissenschaften\/numerical-simulation-of-the-precipitation-kinetics-of-nitrides-and-carbides-in-microalloyed-steel\/\",\"url\":\"https:\/\/tugraztestweb.asol.at\/gesamtverzeichnis\/maschinenbau-und-wirtschaftswissenschaften\/numerical-simulation-of-the-precipitation-kinetics-of-nitrides-and-carbides-in-microalloyed-steel\/\",\"name\":\"Numerical Simulation of the Precipitation Kinetics of Nitrides and Carbides in Microalloyed Steel\"}}]}]}<\/script>\n<!-- \/ Yoast SEO plugin. -->","_links":{"self":[{"href":"https:\/\/tugraztestweb.asol.at\/en\/wp-json\/wp\/v2\/product\/29902"}],"collection":[{"href":"https:\/\/tugraztestweb.asol.at\/en\/wp-json\/wp\/v2\/product"}],"about":[{"href":"https:\/\/tugraztestweb.asol.at\/en\/wp-json\/wp\/v2\/types\/product"}],"replies":[{"embeddable":true,"href":"https:\/\/tugraztestweb.asol.at\/en\/wp-json\/wp\/v2\/comments?post=29902"}],"wp:featuredmedia":[{"embeddable":true,"href":"https:\/\/tugraztestweb.asol.at\/en\/wp-json\/wp\/v2\/media\/39696"}],"wp:attachment":[{"href":"https:\/\/tugraztestweb.asol.at\/en\/wp-json\/wp\/v2\/media?parent=29902"}],"curies":[{"name":"wp","href":"https:\/\/api.w.org\/{rel}","templated":true}]}}