{"id":29904,"date":"2020-10-23T10:44:29","date_gmt":"2020-10-23T10:44:29","guid":{"rendered":"http:\/\/tugraztestweb.asol.at\/gesamtverzeichnis\/unkategorisiert\/7-grazer-baubetriebs-und-bauwirtschaftssymposium\/"},"modified":"2020-10-23T12:45:29","modified_gmt":"2020-10-23T10:45:29","slug":"7-grazer-baubetriebs-und-bauwirtschaftssymposium","status":"publish","type":"product","link":"https:\/\/tugraztestweb.asol.at\/en\/gesamtverzeichnis\/bauingenieurwissenschaften\/7-grazer-baubetriebs-und-bauwirtschaftssymposium\/","title":{"rendered":"7. Grazer Baubetriebs- und Bauwirtschaftssymposium"},"content":{"rendered":"<p class=\"qtranxs-available-languages-message qtranxs-available-languages-message-en\">Sorry, this entry is only available in <a href=\"https:\/\/tugraztestweb.asol.at\/de\/wp-json\/wp\/v2\/product\/29904\" class=\"qtranxs-available-language-link qtranxs-available-language-link-de\" title=\"Deutsch\">Deutsch<\/a>.<\/p><p>Die \u00d6rtliche Bauaufsicht (Objekt\u00fcberwachung) ist als Vertreter des Auftraggebers mit einer immer komplexer werdenden Aufgabe betreut. Im Gegenzug sind die hohen Erwartungen mit unklaren Leistungsbildern abgebildet. Die Firmenbauleitungen selbst fokussieren zu oft nur aus Ihrem Teil des Projektes, die Gesamtheit der Abwicklung wird von partikul\u00e4ren Interessen \u00fcberlagert.<br \/>\nSchnittstellenproblematik und Leistungsverschiebungen, Pr\u00fcf-<br \/>\nund Warnpflicht der Beteiligten sind immer wiederkehrende Anforderungen an die \u00d6BA als Abwickler unzureichend geplanter Projekte. Die unterschiedlichen Beitr\u00e4ge des Symposiums analysieren die aktuelle Situation und zeigen mit neuen Formen der Organisation den Stellenwert und die Perspektiven der Qualit\u00e4tssicherung der Planung.<\/p>","protected":false},"excerpt":{"rendered":"<p class=\"qtranxs-available-languages-message qtranxs-available-languages-message-en\">Sorry, this entry is only available in <a href=\"https:\/\/tugraztestweb.asol.at\/de\/wp-json\/wp\/v2\/product\/29904\" class=\"qtranxs-available-language-link qtranxs-available-language-link-de\" title=\"Deutsch\">Deutsch<\/a>.<\/p>\n<p>Die \u00d6rtliche Bauaufsicht (Objekt\u00fcberwachung) ist als Vertreter des Auftraggebers mit einer immer komplexer werdenden Aufgabe betreut. Im Gegenzug sind die hohen Erwartungen mit unklaren Leistungsbildern abgebildet. Die Firmenbauleitungen selbst fokussieren zu oft nur aus Ihrem Teil des Projektes, die Gesamtheit der Abwicklung wird von partikul\u00e4ren Interessen \u00fcberlagert.<br \/>\nSchnittstellenproblematik und Leistungsverschiebungen, Pr\u00fcf-<br \/>\nund Warnpflicht der Beteiligten sind immer wiederkehrende Anforderungen an die \u00d6BA als Abwickler unzureichend geplanter Projekte. Die unterschiedlichen Beitr\u00e4ge des Symposiums analysieren die aktuelle Situation und zeigen mit neuen Formen der Organisation den Stellenwert und die Perspektiven der Qualit\u00e4tssicherung der Planung.<\/p>\n","protected":false},"featured_media":39697,"comment_status":"open","ping_status":"closed","template":"","meta":[],"yoast_head":"<!-- This site is optimized with the Yoast SEO plugin v16.1.1 - https:\/\/yoast.com\/wordpress\/plugins\/seo\/ -->\n<link rel=\"canonical\" href=\"https:\/\/tugraztestweb.asol.at\/en\/gesamtverzeichnis\/bauingenieurwissenschaften\/7-grazer-baubetriebs-und-bauwirtschaftssymposium\/\" \/>\n<meta property=\"og:locale\" content=\"en_US\" \/>\n<meta property=\"og:type\" content=\"article\" \/>\n<meta property=\"og:title\" content=\"7. Grazer Baubetriebs- und Bauwirtschaftssymposium - Verlag der TU Graz\" \/>\n<meta property=\"og:description\" content=\"Die \u00d6rtliche Bauaufsicht (Objekt\u00fcberwachung) ist als Vertreter des Auftraggebers mit einer immer komplexer werdenden Aufgabe betreut. Im Gegenzug sind die hohen Erwartungen mit unklaren Leistungsbildern abgebildet. Die Firmenbauleitungen selbst fokussieren zu oft nur aus Ihrem Teil des Projektes, die Gesamtheit der Abwicklung wird von partikul\u00e4ren Interessen \u00fcberlagert. Schnittstellenproblematik und Leistungsverschiebungen, Pr\u00fcf- und Warnpflicht der Beteiligten sind immer wiederkehrende Anforderungen an die \u00d6BA als Abwickler unzureichend geplanter Projekte. Die unterschiedlichen Beitr\u00e4ge des Symposiums analysieren die aktuelle Situation und zeigen mit neuen Formen der Organisation den Stellenwert und die Perspektiven der Qualit\u00e4tssicherung der Planung.\" \/>\n<meta property=\"og:url\" content=\"https:\/\/tugraztestweb.asol.at\/en\/gesamtverzeichnis\/bauingenieurwissenschaften\/7-grazer-baubetriebs-und-bauwirtschaftssymposium\/\" \/>\n<meta property=\"og:site_name\" content=\"Verlag der TU Graz\" \/>\n<meta property=\"article:modified_time\" content=\"2020-10-23T10:45:29+00:00\" \/>\n<meta property=\"og:image\" content=\"https:\/\/tugraztestweb.asol.at\/wp-content\/uploads\/2020\/10\/image-978-3-85125-038-1.jpg\" \/>\n\t<meta property=\"og:image:width\" content=\"608\" \/>\n\t<meta property=\"og:image:height\" content=\"860\" \/>\n<meta name=\"twitter:card\" content=\"summary_large_image\" \/>\n<script type=\"application\/ld+json\" class=\"yoast-schema-graph\">{\"@context\":\"https:\/\/schema.org\",\"@graph\":[{\"@type\":\"WebSite\",\"@id\":\"https:\/\/tugraztestweb.asol.at\/#website\",\"url\":\"https:\/\/tugraztestweb.asol.at\/\",\"name\":\"Verlag der TU Graz\",\"description\":\"Verlag der Technischen Universit\\u00e4t Graz\",\"potentialAction\":[{\"@type\":\"SearchAction\",\"target\":\"https:\/\/tugraztestweb.asol.at\/?s={search_term_string}\",\"query-input\":\"required name=search_term_string\"}],\"inLanguage\":\"en-US\"},{\"@type\":\"ImageObject\",\"@id\":\"https:\/\/tugraztestweb.asol.at\/en\/gesamtverzeichnis\/bauingenieurwissenschaften\/7-grazer-baubetriebs-und-bauwirtschaftssymposium\/#primaryimage\",\"inLanguage\":\"en-US\",\"url\":\"https:\/\/tugraztestweb.asol.at\/wp-content\/uploads\/2020\/10\/image-978-3-85125-038-1.jpg\",\"contentUrl\":\"https:\/\/tugraztestweb.asol.at\/wp-content\/uploads\/2020\/10\/image-978-3-85125-038-1.jpg\",\"width\":608,\"height\":860},{\"@type\":\"WebPage\",\"@id\":\"https:\/\/tugraztestweb.asol.at\/en\/gesamtverzeichnis\/bauingenieurwissenschaften\/7-grazer-baubetriebs-und-bauwirtschaftssymposium\/#webpage\",\"url\":\"https:\/\/tugraztestweb.asol.at\/en\/gesamtverzeichnis\/bauingenieurwissenschaften\/7-grazer-baubetriebs-und-bauwirtschaftssymposium\/\",\"name\":\"7. Grazer Baubetriebs- und Bauwirtschaftssymposium - Verlag der TU Graz\",\"isPartOf\":{\"@id\":\"https:\/\/tugraztestweb.asol.at\/#website\"},\"primaryImageOfPage\":{\"@id\":\"https:\/\/tugraztestweb.asol.at\/en\/gesamtverzeichnis\/bauingenieurwissenschaften\/7-grazer-baubetriebs-und-bauwirtschaftssymposium\/#primaryimage\"},\"datePublished\":\"2020-10-23T10:44:29+00:00\",\"dateModified\":\"2020-10-23T10:45:29+00:00\",\"breadcrumb\":{\"@id\":\"https:\/\/tugraztestweb.asol.at\/en\/gesamtverzeichnis\/bauingenieurwissenschaften\/7-grazer-baubetriebs-und-bauwirtschaftssymposium\/#breadcrumb\"},\"inLanguage\":\"en-US\",\"potentialAction\":[{\"@type\":\"ReadAction\",\"target\":[\"https:\/\/tugraztestweb.asol.at\/en\/gesamtverzeichnis\/bauingenieurwissenschaften\/7-grazer-baubetriebs-und-bauwirtschaftssymposium\/\"]}]},{\"@type\":\"BreadcrumbList\",\"@id\":\"https:\/\/tugraztestweb.asol.at\/en\/gesamtverzeichnis\/bauingenieurwissenschaften\/7-grazer-baubetriebs-und-bauwirtschaftssymposium\/#breadcrumb\",\"itemListElement\":[{\"@type\":\"ListItem\",\"position\":1,\"item\":{\"@type\":\"WebPage\",\"@id\":\"https:\/\/tugraztestweb.asol.at\/\",\"url\":\"https:\/\/tugraztestweb.asol.at\/\",\"name\":\"Home\"}},{\"@type\":\"ListItem\",\"position\":2,\"item\":{\"@type\":\"WebPage\",\"@id\":\"https:\/\/tugraztestweb.asol.at\/gesamtverzeichnis\/\",\"url\":\"https:\/\/tugraztestweb.asol.at\/gesamtverzeichnis\/\",\"name\":\"Gesamtverzeichnis\"}},{\"@type\":\"ListItem\",\"position\":3,\"item\":{\"@type\":\"WebPage\",\"@id\":\"https:\/\/tugraztestweb.asol.at\/en\/gesamtverzeichnis\/bauingenieurwissenschaften\/7-grazer-baubetriebs-und-bauwirtschaftssymposium\/\",\"url\":\"https:\/\/tugraztestweb.asol.at\/en\/gesamtverzeichnis\/bauingenieurwissenschaften\/7-grazer-baubetriebs-und-bauwirtschaftssymposium\/\",\"name\":\"7. Grazer Baubetriebs- und Bauwirtschaftssymposium\"}}]}]}<\/script>\n<!-- \/ Yoast SEO plugin. -->","_links":{"self":[{"href":"https:\/\/tugraztestweb.asol.at\/en\/wp-json\/wp\/v2\/product\/29904"}],"collection":[{"href":"https:\/\/tugraztestweb.asol.at\/en\/wp-json\/wp\/v2\/product"}],"about":[{"href":"https:\/\/tugraztestweb.asol.at\/en\/wp-json\/wp\/v2\/types\/product"}],"replies":[{"embeddable":true,"href":"https:\/\/tugraztestweb.asol.at\/en\/wp-json\/wp\/v2\/comments?post=29904"}],"wp:featuredmedia":[{"embeddable":true,"href":"https:\/\/tugraztestweb.asol.at\/en\/wp-json\/wp\/v2\/media\/39697"}],"wp:attachment":[{"href":"https:\/\/tugraztestweb.asol.at\/en\/wp-json\/wp\/v2\/media?parent=29904"}],"curies":[{"name":"wp","href":"https:\/\/api.w.org\/{rel}","templated":true}]}}