{"id":29908,"date":"2020-08-21T12:54:01","date_gmt":"2020-08-21T12:54:01","guid":{"rendered":"http:\/\/tugraztestweb.asol.at\/gesamtverzeichnis\/unkategorisiert\/one2one-minimal-space-minimal-housing\/"},"modified":"2020-08-21T14:55:01","modified_gmt":"2020-08-21T12:55:01","slug":"one2one-minimal-space-minimal-housing","status":"publish","type":"product","link":"https:\/\/tugraztestweb.asol.at\/en\/gesamtverzeichnis\/architektur\/one2one-minimal-space-minimal-housing\/","title":{"rendered":"one2one minimal space minimal housing"},"content":{"rendered":"<p class=\"qtranxs-available-languages-message qtranxs-available-languages-message-en\">Sorry, this entry is only available in <a href=\"https:\/\/tugraztestweb.asol.at\/de\/wp-json\/wp\/v2\/product\/29908\" class=\"qtranxs-available-language-link qtranxs-available-language-link-de\" title=\"Deutsch\">Deutsch<\/a>.<\/p><p>Die aktuelle Architektur des Wohnens ist formal progressiv aber inhaltlich reaktion\u00e4r. Sie entwickelt sich immer mehr zum Investitions- und  Luxusgut und scheint aktuelle demographische, soziale und wirtschaftliche Ver\u00e4nderungen zu ignorieren. So nimmt die durchschnittliche Wohnungsgr\u00f6\u00dfe weiter zu, w\u00e4hrend der wachsende Bedarf an kleinen Einheiten unber\u00fccksichtigt bleibt. Wohnungen f\u00fcr Menschen, die sich das vorhandene Angebot nicht leisten k\u00f6nnen oder immer h\u00e4ufiger f\u00fcr jene, die es sich nicht leisten wollen, fehlen g\u00e4nzlich. <\/p>\n<p>Dieses  Buch fordert zum Umdenken auf. Es sp\u00fcrt die Gr\u00fcnde auf, warum das Minimieren von Wohnraum dringend notwendig ist und  stellt L\u00f6sungen vor, deren gemeinsamer Nenner Kreativit\u00e4t, Klischeefreiheit und Innovation sind. Im Rahmen eines Studienprojektes wurden an der TU Graz 3 Minimalh\u00e4user entwickelt und im Ma\u00dfstab 1:1 gebaut. Das Interesse, das sie ausgel\u00f6st haben und die Erfolge, die sie danach errungen haben, machen deutlich, wie aktuell und brisant die Problemstellung an sich ist und beweisen die Richtigkeit der entwickelten Konzepte auf eindrucksvolle Art und Weise.<\/p>","protected":false},"excerpt":{"rendered":"<p class=\"qtranxs-available-languages-message qtranxs-available-languages-message-en\">Sorry, this entry is only available in <a href=\"https:\/\/tugraztestweb.asol.at\/de\/wp-json\/wp\/v2\/product\/29908\" class=\"qtranxs-available-language-link qtranxs-available-language-link-de\" title=\"Deutsch\">Deutsch<\/a>.<\/p>\n<p>Die aktuelle Architektur des Wohnens ist formal progressiv aber inhaltlich reaktion\u00e4r. Sie entwickelt sich immer mehr zum Investitions- und  Luxusgut und scheint aktuelle demographische, soziale und wirtschaftliche Ver\u00e4nderungen zu ignorieren. So nimmt die durchschnittliche Wohnungsgr\u00f6\u00dfe weiter zu, w\u00e4hrend der wachsende Bedarf an kleinen Einheiten unber\u00fccksichtigt bleibt. Wohnungen f\u00fcr Menschen, die sich das vorhandene Angebot nicht leisten k\u00f6nnen oder immer h\u00e4ufiger f\u00fcr jene, die es sich nicht leisten wollen, fehlen g\u00e4nzlich. <\/p>\n<p>Dieses  Buch fordert zum Umdenken auf. Es sp\u00fcrt die Gr\u00fcnde auf, warum das Minimieren von Wohnraum dringend notwendig ist und  stellt L\u00f6sungen vor, deren gemeinsamer Nenner Kreativit\u00e4t, Klischeefreiheit und Innovation sind. Im Rahmen eines Studienprojektes wurden an der TU Graz 3 Minimalh\u00e4user entwickelt und im Ma\u00dfstab 1:1 gebaut. Das Interesse, das sie ausgel\u00f6st haben und die Erfolge, die sie danach errungen haben, machen deutlich, wie aktuell und brisant die Problemstellung an sich ist und beweisen die Richtigkeit der entwickelten Konzepte auf eindrucksvolle Art und Weise.<\/p>\n","protected":false},"featured_media":39699,"comment_status":"open","ping_status":"closed","template":"","meta":[],"yoast_head":"<!-- This site is optimized with the Yoast SEO plugin v16.1.1 - https:\/\/yoast.com\/wordpress\/plugins\/seo\/ -->\n<link rel=\"canonical\" href=\"https:\/\/tugraztestweb.asol.at\/en\/gesamtverzeichnis\/architektur\/one2one-minimal-space-minimal-housing\/\" \/>\n<meta property=\"og:locale\" content=\"en_US\" \/>\n<meta property=\"og:type\" content=\"article\" \/>\n<meta property=\"og:title\" content=\"one2one minimal space minimal housing - Verlag der TU Graz\" \/>\n<meta property=\"og:description\" content=\"Die aktuelle Architektur des Wohnens ist formal progressiv aber inhaltlich reaktion\u00e4r. Sie entwickelt sich immer mehr zum Investitions- und Luxusgut und scheint aktuelle demographische, soziale und wirtschaftliche Ver\u00e4nderungen zu ignorieren. So nimmt die durchschnittliche Wohnungsgr\u00f6\u00dfe weiter zu, w\u00e4hrend der wachsende Bedarf an kleinen Einheiten unber\u00fccksichtigt bleibt. Wohnungen f\u00fcr Menschen, die sich das vorhandene Angebot nicht leisten k\u00f6nnen oder immer h\u00e4ufiger f\u00fcr jene, die es sich nicht leisten wollen, fehlen g\u00e4nzlich.  Dieses Buch fordert zum Umdenken auf. Es sp\u00fcrt die Gr\u00fcnde auf, warum das Minimieren von Wohnraum dringend notwendig ist und stellt L\u00f6sungen vor, deren gemeinsamer Nenner Kreativit\u00e4t, Klischeefreiheit und Innovation sind. Im Rahmen eines Studienprojektes wurden an der TU Graz 3 Minimalh\u00e4user entwickelt und im Ma\u00dfstab 1:1 gebaut. Das Interesse, das sie ausgel\u00f6st haben und die Erfolge, die sie danach errungen haben, machen deutlich, wie aktuell und brisant die Problemstellung an sich ist und beweisen die Richtigkeit der entwickelten Konzepte auf eindrucksvolle Art und Weise.\" \/>\n<meta property=\"og:url\" content=\"https:\/\/tugraztestweb.asol.at\/en\/gesamtverzeichnis\/architektur\/one2one-minimal-space-minimal-housing\/\" \/>\n<meta property=\"og:site_name\" content=\"Verlag der TU Graz\" \/>\n<meta property=\"article:modified_time\" content=\"2020-08-21T12:55:01+00:00\" \/>\n<meta property=\"og:image\" content=\"https:\/\/tugraztestweb.asol.at\/wp-content\/uploads\/2020\/08\/image-978-3-85125-043-5.jpg\" \/>\n\t<meta property=\"og:image:width\" content=\"647\" \/>\n\t<meta property=\"og:image:height\" content=\"820\" \/>\n<meta name=\"twitter:card\" content=\"summary_large_image\" \/>\n<meta name=\"twitter:label1\" content=\"Est. reading time\">\n\t<meta name=\"twitter:data1\" content=\"1 minute\">\n<script type=\"application\/ld+json\" class=\"yoast-schema-graph\">{\"@context\":\"https:\/\/schema.org\",\"@graph\":[{\"@type\":\"WebSite\",\"@id\":\"https:\/\/tugraztestweb.asol.at\/#website\",\"url\":\"https:\/\/tugraztestweb.asol.at\/\",\"name\":\"Verlag der TU Graz\",\"description\":\"Verlag der Technischen Universit\\u00e4t Graz\",\"potentialAction\":[{\"@type\":\"SearchAction\",\"target\":\"https:\/\/tugraztestweb.asol.at\/?s={search_term_string}\",\"query-input\":\"required name=search_term_string\"}],\"inLanguage\":\"en-US\"},{\"@type\":\"ImageObject\",\"@id\":\"https:\/\/tugraztestweb.asol.at\/en\/gesamtverzeichnis\/architektur\/one2one-minimal-space-minimal-housing\/#primaryimage\",\"inLanguage\":\"en-US\",\"url\":\"https:\/\/tugraztestweb.asol.at\/wp-content\/uploads\/2020\/08\/image-978-3-85125-043-5.jpg\",\"contentUrl\":\"https:\/\/tugraztestweb.asol.at\/wp-content\/uploads\/2020\/08\/image-978-3-85125-043-5.jpg\",\"width\":647,\"height\":820},{\"@type\":\"WebPage\",\"@id\":\"https:\/\/tugraztestweb.asol.at\/en\/gesamtverzeichnis\/architektur\/one2one-minimal-space-minimal-housing\/#webpage\",\"url\":\"https:\/\/tugraztestweb.asol.at\/en\/gesamtverzeichnis\/architektur\/one2one-minimal-space-minimal-housing\/\",\"name\":\"one2one minimal space minimal housing - Verlag der TU Graz\",\"isPartOf\":{\"@id\":\"https:\/\/tugraztestweb.asol.at\/#website\"},\"primaryImageOfPage\":{\"@id\":\"https:\/\/tugraztestweb.asol.at\/en\/gesamtverzeichnis\/architektur\/one2one-minimal-space-minimal-housing\/#primaryimage\"},\"datePublished\":\"2020-08-21T12:54:01+00:00\",\"dateModified\":\"2020-08-21T12:55:01+00:00\",\"breadcrumb\":{\"@id\":\"https:\/\/tugraztestweb.asol.at\/en\/gesamtverzeichnis\/architektur\/one2one-minimal-space-minimal-housing\/#breadcrumb\"},\"inLanguage\":\"en-US\",\"potentialAction\":[{\"@type\":\"ReadAction\",\"target\":[\"https:\/\/tugraztestweb.asol.at\/en\/gesamtverzeichnis\/architektur\/one2one-minimal-space-minimal-housing\/\"]}]},{\"@type\":\"BreadcrumbList\",\"@id\":\"https:\/\/tugraztestweb.asol.at\/en\/gesamtverzeichnis\/architektur\/one2one-minimal-space-minimal-housing\/#breadcrumb\",\"itemListElement\":[{\"@type\":\"ListItem\",\"position\":1,\"item\":{\"@type\":\"WebPage\",\"@id\":\"https:\/\/tugraztestweb.asol.at\/\",\"url\":\"https:\/\/tugraztestweb.asol.at\/\",\"name\":\"Home\"}},{\"@type\":\"ListItem\",\"position\":2,\"item\":{\"@type\":\"WebPage\",\"@id\":\"https:\/\/tugraztestweb.asol.at\/gesamtverzeichnis\/\",\"url\":\"https:\/\/tugraztestweb.asol.at\/gesamtverzeichnis\/\",\"name\":\"Gesamtverzeichnis\"}},{\"@type\":\"ListItem\",\"position\":3,\"item\":{\"@type\":\"WebPage\",\"@id\":\"https:\/\/tugraztestweb.asol.at\/en\/gesamtverzeichnis\/architektur\/one2one-minimal-space-minimal-housing\/\",\"url\":\"https:\/\/tugraztestweb.asol.at\/en\/gesamtverzeichnis\/architektur\/one2one-minimal-space-minimal-housing\/\",\"name\":\"one2one minimal space minimal housing\"}}]}]}<\/script>\n<!-- \/ Yoast SEO plugin. -->","_links":{"self":[{"href":"https:\/\/tugraztestweb.asol.at\/en\/wp-json\/wp\/v2\/product\/29908"}],"collection":[{"href":"https:\/\/tugraztestweb.asol.at\/en\/wp-json\/wp\/v2\/product"}],"about":[{"href":"https:\/\/tugraztestweb.asol.at\/en\/wp-json\/wp\/v2\/types\/product"}],"replies":[{"embeddable":true,"href":"https:\/\/tugraztestweb.asol.at\/en\/wp-json\/wp\/v2\/comments?post=29908"}],"wp:featuredmedia":[{"embeddable":true,"href":"https:\/\/tugraztestweb.asol.at\/en\/wp-json\/wp\/v2\/media\/39699"}],"wp:attachment":[{"href":"https:\/\/tugraztestweb.asol.at\/en\/wp-json\/wp\/v2\/media?parent=29908"}],"curies":[{"name":"wp","href":"https:\/\/api.w.org\/{rel}","templated":true}]}}