{"id":29916,"date":"2020-10-23T10:43:50","date_gmt":"2020-10-23T10:43:50","guid":{"rendered":"http:\/\/tugraztestweb.asol.at\/gesamtverzeichnis\/unkategorisiert\/6-grazer-baubetriebs-und-bauwirtschaftssymposium\/"},"modified":"2020-10-23T12:44:51","modified_gmt":"2020-10-23T10:44:51","slug":"6-grazer-baubetriebs-und-bauwirtschaftssymposium","status":"publish","type":"product","link":"https:\/\/tugraztestweb.asol.at\/en\/gesamtverzeichnis\/bauingenieurwissenschaften\/6-grazer-baubetriebs-und-bauwirtschaftssymposium\/","title":{"rendered":"6. Grazer Baubetriebs- und Bauwirtschaftssymposium"},"content":{"rendered":"<p class=\"qtranxs-available-languages-message qtranxs-available-languages-message-en\">Sorry, this entry is only available in <a href=\"https:\/\/tugraztestweb.asol.at\/de\/wp-json\/wp\/v2\/product\/29916\" class=\"qtranxs-available-language-link qtranxs-available-language-link-de\" title=\"Deutsch\">Deutsch<\/a>.<\/p><p>Die Vergabe der Planerleistungen ist in fast allen Projekten ein zentraler Meilenstein, mit dem richtungsweisende Weichen gestellt werden. Diskussionen um materielle Vergaben sind mit dem BVergG fast schon Routine geworden, die Vergabe g\u00fcnsti-ger Leistungen wirft immer noch viele Fragen, ja Mysterien auf.<br \/>\nWas liegt n\u00e4her als Auftraggeber, Planer und einige, die \u00fcber die besseren Wege nachdenken, zu einem Gedankenaustausch, zu einem Symposium zusammenzuf\u00fchren. Daraus ist dieser Tagungsband entstanden, in dem Themen wie Kommunikation, Soft Skills, Ressourcenabsch\u00e4tzung, Zuschlags- und Auswahlkriterien eingehend von anerkannten Fachleuten diskutiert werden.<\/p>","protected":false},"excerpt":{"rendered":"<p class=\"qtranxs-available-languages-message qtranxs-available-languages-message-en\">Sorry, this entry is only available in <a href=\"https:\/\/tugraztestweb.asol.at\/de\/wp-json\/wp\/v2\/product\/29916\" class=\"qtranxs-available-language-link qtranxs-available-language-link-de\" title=\"Deutsch\">Deutsch<\/a>.<\/p>\n<p>Die Vergabe der Planerleistungen ist in fast allen Projekten ein zentraler Meilenstein, mit dem richtungsweisende Weichen gestellt werden. Diskussionen um materielle Vergaben sind mit dem BVergG fast schon Routine geworden, die Vergabe g\u00fcnsti-ger Leistungen wirft immer noch viele Fragen, ja Mysterien auf.<br \/>\nWas liegt n\u00e4her als Auftraggeber, Planer und einige, die \u00fcber die besseren Wege nachdenken, zu einem Gedankenaustausch, zu einem Symposium zusammenzuf\u00fchren. Daraus ist dieser Tagungsband entstanden, in dem Themen wie Kommunikation, Soft Skills, Ressourcenabsch\u00e4tzung, Zuschlags- und Auswahlkriterien eingehend von anerkannten Fachleuten diskutiert werden.<\/p>\n","protected":false},"featured_media":39702,"comment_status":"open","ping_status":"closed","template":"","meta":[],"yoast_head":"<!-- This site is optimized with the Yoast SEO plugin v16.1.1 - https:\/\/yoast.com\/wordpress\/plugins\/seo\/ -->\n<link rel=\"canonical\" href=\"https:\/\/tugraztestweb.asol.at\/gesamtverzeichnis\/bauingenieurwissenschaften\/6-grazer-baubetriebs-und-bauwirtschaftssymposium\/\" \/>\n<meta property=\"og:locale\" content=\"en_US\" \/>\n<meta property=\"og:type\" content=\"article\" \/>\n<meta property=\"og:title\" content=\"6. Grazer Baubetriebs- und Bauwirtschaftssymposium - Verlag der TU Graz\" \/>\n<meta property=\"og:description\" content=\"Die Vergabe der Planerleistungen ist in fast allen Projekten ein zentraler Meilenstein, mit dem richtungsweisende Weichen gestellt werden. Diskussionen um materielle Vergaben sind mit dem BVergG fast schon Routine geworden, die Vergabe g\u00fcnsti-ger Leistungen wirft immer noch viele Fragen, ja Mysterien auf. Was liegt n\u00e4her als Auftraggeber, Planer und einige, die \u00fcber die besseren Wege nachdenken, zu einem Gedankenaustausch, zu einem Symposium zusammenzuf\u00fchren. Daraus ist dieser Tagungsband entstanden, in dem Themen wie Kommunikation, Soft Skills, Ressourcenabsch\u00e4tzung, Zuschlags- und Auswahlkriterien eingehend von anerkannten Fachleuten diskutiert werden.\" \/>\n<meta property=\"og:url\" content=\"https:\/\/tugraztestweb.asol.at\/gesamtverzeichnis\/bauingenieurwissenschaften\/6-grazer-baubetriebs-und-bauwirtschaftssymposium\/\" \/>\n<meta property=\"og:site_name\" content=\"Verlag der TU Graz\" \/>\n<meta property=\"article:modified_time\" content=\"2020-10-23T10:44:51+00:00\" \/>\n<meta property=\"og:image\" content=\"https:\/\/tugraztestweb.asol.at\/wp-content\/uploads\/2020\/10\/image-978-3-85125-000-8.jpg\" \/>\n\t<meta property=\"og:image:width\" content=\"1801\" \/>\n\t<meta property=\"og:image:height\" content=\"2560\" \/>\n<meta name=\"twitter:card\" content=\"summary_large_image\" \/>\n<script type=\"application\/ld+json\" class=\"yoast-schema-graph\">{\"@context\":\"https:\/\/schema.org\",\"@graph\":[{\"@type\":\"WebSite\",\"@id\":\"https:\/\/tugraztestweb.asol.at\/#website\",\"url\":\"https:\/\/tugraztestweb.asol.at\/\",\"name\":\"Verlag der TU Graz\",\"description\":\"Verlag der Technischen Universit\\u00e4t Graz\",\"potentialAction\":[{\"@type\":\"SearchAction\",\"target\":\"https:\/\/tugraztestweb.asol.at\/?s={search_term_string}\",\"query-input\":\"required name=search_term_string\"}],\"inLanguage\":\"en-US\"},{\"@type\":\"ImageObject\",\"@id\":\"https:\/\/tugraztestweb.asol.at\/gesamtverzeichnis\/bauingenieurwissenschaften\/6-grazer-baubetriebs-und-bauwirtschaftssymposium\/#primaryimage\",\"inLanguage\":\"en-US\",\"url\":\"https:\/\/tugraztestweb.asol.at\/wp-content\/uploads\/2020\/10\/image-978-3-85125-000-8.jpg\",\"contentUrl\":\"https:\/\/tugraztestweb.asol.at\/wp-content\/uploads\/2020\/10\/image-978-3-85125-000-8.jpg\",\"width\":1801,\"height\":2560},{\"@type\":\"WebPage\",\"@id\":\"https:\/\/tugraztestweb.asol.at\/gesamtverzeichnis\/bauingenieurwissenschaften\/6-grazer-baubetriebs-und-bauwirtschaftssymposium\/#webpage\",\"url\":\"https:\/\/tugraztestweb.asol.at\/gesamtverzeichnis\/bauingenieurwissenschaften\/6-grazer-baubetriebs-und-bauwirtschaftssymposium\/\",\"name\":\"6. Grazer Baubetriebs- und Bauwirtschaftssymposium - Verlag der TU Graz\",\"isPartOf\":{\"@id\":\"https:\/\/tugraztestweb.asol.at\/#website\"},\"primaryImageOfPage\":{\"@id\":\"https:\/\/tugraztestweb.asol.at\/gesamtverzeichnis\/bauingenieurwissenschaften\/6-grazer-baubetriebs-und-bauwirtschaftssymposium\/#primaryimage\"},\"datePublished\":\"2020-10-23T10:43:50+00:00\",\"dateModified\":\"2020-10-23T10:44:51+00:00\",\"breadcrumb\":{\"@id\":\"https:\/\/tugraztestweb.asol.at\/gesamtverzeichnis\/bauingenieurwissenschaften\/6-grazer-baubetriebs-und-bauwirtschaftssymposium\/#breadcrumb\"},\"inLanguage\":\"en-US\",\"potentialAction\":[{\"@type\":\"ReadAction\",\"target\":[\"https:\/\/tugraztestweb.asol.at\/gesamtverzeichnis\/bauingenieurwissenschaften\/6-grazer-baubetriebs-und-bauwirtschaftssymposium\/\"]}]},{\"@type\":\"BreadcrumbList\",\"@id\":\"https:\/\/tugraztestweb.asol.at\/gesamtverzeichnis\/bauingenieurwissenschaften\/6-grazer-baubetriebs-und-bauwirtschaftssymposium\/#breadcrumb\",\"itemListElement\":[{\"@type\":\"ListItem\",\"position\":1,\"item\":{\"@type\":\"WebPage\",\"@id\":\"https:\/\/tugraztestweb.asol.at\/\",\"url\":\"https:\/\/tugraztestweb.asol.at\/\",\"name\":\"Home\"}},{\"@type\":\"ListItem\",\"position\":2,\"item\":{\"@type\":\"WebPage\",\"@id\":\"https:\/\/tugraztestweb.asol.at\/gesamtverzeichnis\/\",\"url\":\"https:\/\/tugraztestweb.asol.at\/gesamtverzeichnis\/\",\"name\":\"Gesamtverzeichnis\"}},{\"@type\":\"ListItem\",\"position\":3,\"item\":{\"@type\":\"WebPage\",\"@id\":\"https:\/\/tugraztestweb.asol.at\/gesamtverzeichnis\/bauingenieurwissenschaften\/6-grazer-baubetriebs-und-bauwirtschaftssymposium\/\",\"url\":\"https:\/\/tugraztestweb.asol.at\/gesamtverzeichnis\/bauingenieurwissenschaften\/6-grazer-baubetriebs-und-bauwirtschaftssymposium\/\",\"name\":\"6. Grazer Baubetriebs- und Bauwirtschaftssymposium\"}}]}]}<\/script>\n<!-- \/ Yoast SEO plugin. -->","_links":{"self":[{"href":"https:\/\/tugraztestweb.asol.at\/en\/wp-json\/wp\/v2\/product\/29916"}],"collection":[{"href":"https:\/\/tugraztestweb.asol.at\/en\/wp-json\/wp\/v2\/product"}],"about":[{"href":"https:\/\/tugraztestweb.asol.at\/en\/wp-json\/wp\/v2\/types\/product"}],"replies":[{"embeddable":true,"href":"https:\/\/tugraztestweb.asol.at\/en\/wp-json\/wp\/v2\/comments?post=29916"}],"wp:featuredmedia":[{"embeddable":true,"href":"https:\/\/tugraztestweb.asol.at\/en\/wp-json\/wp\/v2\/media\/39702"}],"wp:attachment":[{"href":"https:\/\/tugraztestweb.asol.at\/en\/wp-json\/wp\/v2\/media?parent=29916"}],"curies":[{"name":"wp","href":"https:\/\/api.w.org\/{rel}","templated":true}]}}