{"id":29933,"date":"2020-08-21T12:54:04","date_gmt":"2020-08-21T12:54:04","guid":{"rendered":"http:\/\/tugraztestweb.asol.at\/gesamtverzeichnis\/unkategorisiert\/process-benchmarking-in-water-supply-sector-management-of-physical-water-losses\/"},"modified":"2020-08-21T14:55:04","modified_gmt":"2020-08-21T12:55:04","slug":"process-benchmarking-in-water-supply-sector-management-of-physical-water-losses","status":"publish","type":"product","link":"https:\/\/tugraztestweb.asol.at\/en\/gesamtverzeichnis\/bauingenieurwissenschaften\/process-benchmarking-in-water-supply-sector-management-of-physical-water-losses\/","title":{"rendered":"Process Benchmarking in Water Supply Sector Management of Physical Water Losses"},"content":{"rendered":"<p class=\"qtranxs-available-languages-message qtranxs-available-languages-message-en\">Sorry, this entry is only available in <a href=\"https:\/\/tugraztestweb.asol.at\/de\/wp-json\/wp\/v2\/product\/29933\" class=\"qtranxs-available-language-link qtranxs-available-language-link-de\" title=\"Deutsch\">Deutsch<\/a>.<\/p><p>In dieser Dissertation wurde ein Benchmarkingsystem f\u00fcr den Prozess des Wasser-verlustmanagements in Trinkwassernetzen entwickelt. Das System beschr\u00e4nkt sich auf die tats\u00e4chlichen (realen) Wasserverluste. Das Management der nicht in Rechnung gestellten Wassermengen (engl. non-revenue water) wird nicht ber\u00fcck-sichtigt. Das entwickelte Prozess-Benchmarkingsystem erm\u00f6glicht die Analyse der verschiedenen Aufgaben des Wasserverlustmanagements. Dazu geh\u00f6ren die Wasserverlust\u00fcberwachung, die Leckortung, Analyse- und Planungsaufgaben sowie das Infrastrukturmanagement und die Mitarbeiterqualifikation. Durch den Vergleich von Wasserversorgungsunternehmen k\u00f6nnen die St\u00e4rken und Schw\u00e4chen der verschiedenen Strategien im Wasserverlustmanagement, der eingesetzten Technologien und der jeweiligen Arbeitsweisen sowohl in wirtschaftlicher Hinsicht, aber auch hinsichtlich der technischen Qualit\u00e4t untersucht werden. Ein Erfahrungsaustausch zwischen den Unternehmen unterst\u00fctzt das Ableiten von Verbesserungsma\u00dfnahmen. Neben grunds\u00e4tzlichen methodischen Aspekten zum Benchmarking, insbesondere dem Prozess-Benchmarking, liefert die gegenst\u00e4ndliche Arbeit auch aktuelle Beitr\u00e4ge zum Wasserverlustmanagement. Unter anderem wird ein neu entwickeltes Klassifikationsschema f\u00fcr Wasserverluste auch in die \u00d6VGW Richtlinie W 63 (in Druck) aufgenommen, welche parallel zu dieser Dissertation \u00fcberarbeitet wurde.<\/p>","protected":false},"excerpt":{"rendered":"<p class=\"qtranxs-available-languages-message qtranxs-available-languages-message-en\">Sorry, this entry is only available in <a href=\"https:\/\/tugraztestweb.asol.at\/de\/wp-json\/wp\/v2\/product\/29933\" class=\"qtranxs-available-language-link qtranxs-available-language-link-de\" title=\"Deutsch\">Deutsch<\/a>.<\/p>\n<p>In dieser Dissertation wurde ein Benchmarkingsystem f\u00fcr den Prozess des Wasser-verlustmanagements in Trinkwassernetzen entwickelt. Das System beschr\u00e4nkt sich auf die tats\u00e4chlichen (realen) Wasserverluste. Das Management der nicht in Rechnung gestellten Wassermengen (engl. non-revenue water) wird nicht ber\u00fcck-sichtigt. Das entwickelte Prozess-Benchmarkingsystem erm\u00f6glicht die Analyse der verschiedenen Aufgaben des Wasserverlustmanagements. Dazu geh\u00f6ren die Wasserverlust\u00fcberwachung, die Leckortung, Analyse- und Planungsaufgaben sowie das Infrastrukturmanagement und die Mitarbeiterqualifikation. Durch den Vergleich von Wasserversorgungsunternehmen k\u00f6nnen die St\u00e4rken und Schw\u00e4chen der verschiedenen Strategien im Wasserverlustmanagement, der eingesetzten Technologien und der jeweiligen Arbeitsweisen sowohl in wirtschaftlicher Hinsicht, aber auch hinsichtlich der technischen Qualit\u00e4t untersucht werden. Ein Erfahrungsaustausch zwischen den Unternehmen unterst\u00fctzt das Ableiten von Verbesserungsma\u00dfnahmen. Neben grunds\u00e4tzlichen methodischen Aspekten zum Benchmarking, insbesondere dem Prozess-Benchmarking, liefert die gegenst\u00e4ndliche Arbeit auch aktuelle Beitr\u00e4ge zum Wasserverlustmanagement. Unter anderem wird ein neu entwickeltes Klassifikationsschema f\u00fcr Wasserverluste auch in die \u00d6VGW Richtlinie W 63 (in Druck) aufgenommen, welche parallel zu dieser Dissertation \u00fcberarbeitet wurde.<\/p>\n","protected":false},"featured_media":39707,"comment_status":"open","ping_status":"closed","template":"","meta":[],"yoast_head":"<!-- This site is optimized with the Yoast SEO plugin v16.1.1 - https:\/\/yoast.com\/wordpress\/plugins\/seo\/ -->\n<link rel=\"canonical\" href=\"https:\/\/tugraztestweb.asol.at\/gesamtverzeichnis\/bauingenieurwissenschaften\/process-benchmarking-in-water-supply-sector-management-of-physical-water-losses\/\" \/>\n<meta property=\"og:locale\" content=\"en_US\" \/>\n<meta property=\"og:type\" content=\"article\" \/>\n<meta property=\"og:title\" content=\"Process Benchmarking in Water Supply Sector Management of Physical Water Losses - Verlag der TU Graz\" \/>\n<meta property=\"og:description\" content=\"In dieser Dissertation wurde ein Benchmarkingsystem f\u00fcr den Prozess des Wasser-verlustmanagements in Trinkwassernetzen entwickelt. Das System beschr\u00e4nkt sich auf die tats\u00e4chlichen (realen) Wasserverluste. Das Management der nicht in Rechnung gestellten Wassermengen (engl. non-revenue water) wird nicht ber\u00fcck-sichtigt. Das entwickelte Prozess-Benchmarkingsystem erm\u00f6glicht die Analyse der verschiedenen Aufgaben des Wasserverlustmanagements. Dazu geh\u00f6ren die Wasserverlust\u00fcberwachung, die Leckortung, Analyse- und Planungsaufgaben sowie das Infrastrukturmanagement und die Mitarbeiterqualifikation. Durch den Vergleich von Wasserversorgungsunternehmen k\u00f6nnen die St\u00e4rken und Schw\u00e4chen der verschiedenen Strategien im Wasserverlustmanagement, der eingesetzten Technologien und der jeweiligen Arbeitsweisen sowohl in wirtschaftlicher Hinsicht, aber auch hinsichtlich der technischen Qualit\u00e4t untersucht werden. Ein Erfahrungsaustausch zwischen den Unternehmen unterst\u00fctzt das Ableiten von Verbesserungsma\u00dfnahmen. Neben grunds\u00e4tzlichen methodischen Aspekten zum Benchmarking, insbesondere dem Prozess-Benchmarking, liefert die gegenst\u00e4ndliche Arbeit auch aktuelle Beitr\u00e4ge zum Wasserverlustmanagement. Unter anderem wird ein neu entwickeltes Klassifikationsschema f\u00fcr Wasserverluste auch in die \u00d6VGW Richtlinie W 63 (in Druck) aufgenommen, welche parallel zu dieser Dissertation \u00fcberarbeitet wurde.\" \/>\n<meta property=\"og:url\" content=\"https:\/\/tugraztestweb.asol.at\/gesamtverzeichnis\/bauingenieurwissenschaften\/process-benchmarking-in-water-supply-sector-management-of-physical-water-losses\/\" \/>\n<meta property=\"og:site_name\" content=\"Verlag der TU Graz\" \/>\n<meta property=\"article:modified_time\" content=\"2020-08-21T12:55:04+00:00\" \/>\n<meta property=\"og:image\" content=\"https:\/\/tugraztestweb.asol.at\/wp-content\/uploads\/2020\/08\/image-978-3-85125-055-8.jpg\" \/>\n\t<meta property=\"og:image:width\" content=\"540\" \/>\n\t<meta property=\"og:image:height\" content=\"752\" \/>\n<meta name=\"twitter:card\" content=\"summary_large_image\" \/>\n<meta name=\"twitter:label1\" content=\"Est. reading time\">\n\t<meta name=\"twitter:data1\" content=\"1 minute\">\n<script type=\"application\/ld+json\" class=\"yoast-schema-graph\">{\"@context\":\"https:\/\/schema.org\",\"@graph\":[{\"@type\":\"WebSite\",\"@id\":\"https:\/\/tugraztestweb.asol.at\/#website\",\"url\":\"https:\/\/tugraztestweb.asol.at\/\",\"name\":\"Verlag der TU Graz\",\"description\":\"Verlag der Technischen Universit\\u00e4t Graz\",\"potentialAction\":[{\"@type\":\"SearchAction\",\"target\":\"https:\/\/tugraztestweb.asol.at\/?s={search_term_string}\",\"query-input\":\"required name=search_term_string\"}],\"inLanguage\":\"en-US\"},{\"@type\":\"ImageObject\",\"@id\":\"https:\/\/tugraztestweb.asol.at\/gesamtverzeichnis\/bauingenieurwissenschaften\/process-benchmarking-in-water-supply-sector-management-of-physical-water-losses\/#primaryimage\",\"inLanguage\":\"en-US\",\"url\":\"https:\/\/tugraztestweb.asol.at\/wp-content\/uploads\/2020\/08\/image-978-3-85125-055-8.jpg\",\"contentUrl\":\"https:\/\/tugraztestweb.asol.at\/wp-content\/uploads\/2020\/08\/image-978-3-85125-055-8.jpg\",\"width\":540,\"height\":752},{\"@type\":\"WebPage\",\"@id\":\"https:\/\/tugraztestweb.asol.at\/gesamtverzeichnis\/bauingenieurwissenschaften\/process-benchmarking-in-water-supply-sector-management-of-physical-water-losses\/#webpage\",\"url\":\"https:\/\/tugraztestweb.asol.at\/gesamtverzeichnis\/bauingenieurwissenschaften\/process-benchmarking-in-water-supply-sector-management-of-physical-water-losses\/\",\"name\":\"Process Benchmarking in Water Supply Sector Management of Physical Water Losses - Verlag der TU Graz\",\"isPartOf\":{\"@id\":\"https:\/\/tugraztestweb.asol.at\/#website\"},\"primaryImageOfPage\":{\"@id\":\"https:\/\/tugraztestweb.asol.at\/gesamtverzeichnis\/bauingenieurwissenschaften\/process-benchmarking-in-water-supply-sector-management-of-physical-water-losses\/#primaryimage\"},\"datePublished\":\"2020-08-21T12:54:04+00:00\",\"dateModified\":\"2020-08-21T12:55:04+00:00\",\"breadcrumb\":{\"@id\":\"https:\/\/tugraztestweb.asol.at\/gesamtverzeichnis\/bauingenieurwissenschaften\/process-benchmarking-in-water-supply-sector-management-of-physical-water-losses\/#breadcrumb\"},\"inLanguage\":\"en-US\",\"potentialAction\":[{\"@type\":\"ReadAction\",\"target\":[\"https:\/\/tugraztestweb.asol.at\/gesamtverzeichnis\/bauingenieurwissenschaften\/process-benchmarking-in-water-supply-sector-management-of-physical-water-losses\/\"]}]},{\"@type\":\"BreadcrumbList\",\"@id\":\"https:\/\/tugraztestweb.asol.at\/gesamtverzeichnis\/bauingenieurwissenschaften\/process-benchmarking-in-water-supply-sector-management-of-physical-water-losses\/#breadcrumb\",\"itemListElement\":[{\"@type\":\"ListItem\",\"position\":1,\"item\":{\"@type\":\"WebPage\",\"@id\":\"https:\/\/tugraztestweb.asol.at\/\",\"url\":\"https:\/\/tugraztestweb.asol.at\/\",\"name\":\"Home\"}},{\"@type\":\"ListItem\",\"position\":2,\"item\":{\"@type\":\"WebPage\",\"@id\":\"https:\/\/tugraztestweb.asol.at\/gesamtverzeichnis\/\",\"url\":\"https:\/\/tugraztestweb.asol.at\/gesamtverzeichnis\/\",\"name\":\"Gesamtverzeichnis\"}},{\"@type\":\"ListItem\",\"position\":3,\"item\":{\"@type\":\"WebPage\",\"@id\":\"https:\/\/tugraztestweb.asol.at\/gesamtverzeichnis\/bauingenieurwissenschaften\/process-benchmarking-in-water-supply-sector-management-of-physical-water-losses\/\",\"url\":\"https:\/\/tugraztestweb.asol.at\/gesamtverzeichnis\/bauingenieurwissenschaften\/process-benchmarking-in-water-supply-sector-management-of-physical-water-losses\/\",\"name\":\"Process Benchmarking in Water Supply Sector Management of Physical Water Losses\"}}]}]}<\/script>\n<!-- \/ Yoast SEO plugin. -->","_links":{"self":[{"href":"https:\/\/tugraztestweb.asol.at\/en\/wp-json\/wp\/v2\/product\/29933"}],"collection":[{"href":"https:\/\/tugraztestweb.asol.at\/en\/wp-json\/wp\/v2\/product"}],"about":[{"href":"https:\/\/tugraztestweb.asol.at\/en\/wp-json\/wp\/v2\/types\/product"}],"replies":[{"embeddable":true,"href":"https:\/\/tugraztestweb.asol.at\/en\/wp-json\/wp\/v2\/comments?post=29933"}],"wp:featuredmedia":[{"embeddable":true,"href":"https:\/\/tugraztestweb.asol.at\/en\/wp-json\/wp\/v2\/media\/39707"}],"wp:attachment":[{"href":"https:\/\/tugraztestweb.asol.at\/en\/wp-json\/wp\/v2\/media?parent=29933"}],"curies":[{"name":"wp","href":"https:\/\/api.w.org\/{rel}","templated":true}]}}