{"id":29947,"date":"2020-10-23T10:49:21","date_gmt":"2020-10-23T10:49:21","guid":{"rendered":"http:\/\/tugraztestweb.asol.at\/gesamtverzeichnis\/unkategorisiert\/risikomanagement-in-der-bauwirtschaft\/"},"modified":"2020-10-23T12:50:21","modified_gmt":"2020-10-23T10:50:21","slug":"risikomanagement-in-der-bauwirtschaft","status":"publish","type":"product","link":"https:\/\/tugraztestweb.asol.at\/en\/gesamtverzeichnis\/bauingenieurwissenschaften\/risikomanagement-in-der-bauwirtschaft\/","title":{"rendered":"Risikomanagement in der Bauwirtschaft"},"content":{"rendered":"<p class=\"qtranxs-available-languages-message qtranxs-available-languages-message-en\">Sorry, this entry is only available in <a href=\"https:\/\/tugraztestweb.asol.at\/de\/wp-json\/wp\/v2\/product\/29947\" class=\"qtranxs-available-language-link qtranxs-available-language-link-de\" title=\"Deutsch\">Deutsch<\/a>.<\/p><p>Dass die Bauwirtschaft durch ihre baubetrieblichen Besonderheiten Risiken zu ber\u00fccksichtigen hat, wie sie in keinem anderen Industriezweig Eingang auf den Erfolg nehmen, ist bekannt. Dennoch wird dem Risikomanagement nach wie vor zu wenig Aufmerksamkeit geschenkt.<br \/>\nDie Art der Vertragsbeziehungen, unterschiedliche Versicherungsformen, Projektorganisation, Kostenmanagement bedingen unterschiedliche Auspr\u00e4gungen von Risiken, die mit jeweils entsprechenden L\u00f6sungsans\u00e4tzen behandelt werden m\u00fcssen.<\/p>","protected":false},"excerpt":{"rendered":"<p class=\"qtranxs-available-languages-message qtranxs-available-languages-message-en\">Sorry, this entry is only available in <a href=\"https:\/\/tugraztestweb.asol.at\/de\/wp-json\/wp\/v2\/product\/29947\" class=\"qtranxs-available-language-link qtranxs-available-language-link-de\" title=\"Deutsch\">Deutsch<\/a>.<\/p>\n<p>Dass die Bauwirtschaft durch ihre baubetrieblichen Besonderheiten Risiken zu ber\u00fccksichtigen hat, wie sie in keinem anderen Industriezweig Eingang auf den Erfolg nehmen, ist bekannt. Dennoch wird dem Risikomanagement nach wie vor zu wenig Aufmerksamkeit geschenkt.<br \/>\nDie Art der Vertragsbeziehungen, unterschiedliche Versicherungsformen, Projektorganisation, Kostenmanagement bedingen unterschiedliche Auspr\u00e4gungen von Risiken, die mit jeweils entsprechenden L\u00f6sungsans\u00e4tzen behandelt werden m\u00fcssen.<\/p>\n","protected":false},"featured_media":39714,"comment_status":"open","ping_status":"closed","template":"","meta":[],"yoast_head":"<!-- This site is optimized with the Yoast SEO plugin v16.1.1 - https:\/\/yoast.com\/wordpress\/plugins\/seo\/ -->\n<link rel=\"canonical\" href=\"https:\/\/tugraztestweb.asol.at\/gesamtverzeichnis\/bauingenieurwissenschaften\/risikomanagement-in-der-bauwirtschaft\/\" \/>\n<meta property=\"og:locale\" content=\"en_US\" \/>\n<meta property=\"og:type\" content=\"article\" \/>\n<meta property=\"og:title\" content=\"Risikomanagement in der Bauwirtschaft - Verlag der TU Graz\" \/>\n<meta property=\"og:description\" content=\"Dass die Bauwirtschaft durch ihre baubetrieblichen Besonderheiten Risiken zu ber\u00fccksichtigen hat, wie sie in keinem anderen Industriezweig Eingang auf den Erfolg nehmen, ist bekannt. Dennoch wird dem Risikomanagement nach wie vor zu wenig Aufmerksamkeit geschenkt. Die Art der Vertragsbeziehungen, unterschiedliche Versicherungsformen, Projektorganisation, Kostenmanagement bedingen unterschiedliche Auspr\u00e4gungen von Risiken, die mit jeweils entsprechenden L\u00f6sungsans\u00e4tzen behandelt werden m\u00fcssen.\" \/>\n<meta property=\"og:url\" content=\"https:\/\/tugraztestweb.asol.at\/gesamtverzeichnis\/bauingenieurwissenschaften\/risikomanagement-in-der-bauwirtschaft\/\" \/>\n<meta property=\"og:site_name\" content=\"Verlag der TU Graz\" \/>\n<meta property=\"article:modified_time\" content=\"2020-10-23T10:50:21+00:00\" \/>\n<meta property=\"og:image\" content=\"https:\/\/tugraztestweb.asol.at\/wp-content\/uploads\/2020\/10\/image-978-3-901351-91-4.jpg\" \/>\n\t<meta property=\"og:image:width\" content=\"587\" \/>\n\t<meta property=\"og:image:height\" content=\"824\" \/>\n<meta name=\"twitter:card\" content=\"summary_large_image\" \/>\n<script type=\"application\/ld+json\" class=\"yoast-schema-graph\">{\"@context\":\"https:\/\/schema.org\",\"@graph\":[{\"@type\":\"WebSite\",\"@id\":\"https:\/\/tugraztestweb.asol.at\/#website\",\"url\":\"https:\/\/tugraztestweb.asol.at\/\",\"name\":\"Verlag der TU Graz\",\"description\":\"Verlag der Technischen Universit\\u00e4t Graz\",\"potentialAction\":[{\"@type\":\"SearchAction\",\"target\":\"https:\/\/tugraztestweb.asol.at\/?s={search_term_string}\",\"query-input\":\"required name=search_term_string\"}],\"inLanguage\":\"en-US\"},{\"@type\":\"ImageObject\",\"@id\":\"https:\/\/tugraztestweb.asol.at\/gesamtverzeichnis\/bauingenieurwissenschaften\/risikomanagement-in-der-bauwirtschaft\/#primaryimage\",\"inLanguage\":\"en-US\",\"url\":\"https:\/\/tugraztestweb.asol.at\/wp-content\/uploads\/2020\/10\/image-978-3-901351-91-4.jpg\",\"contentUrl\":\"https:\/\/tugraztestweb.asol.at\/wp-content\/uploads\/2020\/10\/image-978-3-901351-91-4.jpg\",\"width\":587,\"height\":824},{\"@type\":\"WebPage\",\"@id\":\"https:\/\/tugraztestweb.asol.at\/gesamtverzeichnis\/bauingenieurwissenschaften\/risikomanagement-in-der-bauwirtschaft\/#webpage\",\"url\":\"https:\/\/tugraztestweb.asol.at\/gesamtverzeichnis\/bauingenieurwissenschaften\/risikomanagement-in-der-bauwirtschaft\/\",\"name\":\"Risikomanagement in der Bauwirtschaft - Verlag der TU Graz\",\"isPartOf\":{\"@id\":\"https:\/\/tugraztestweb.asol.at\/#website\"},\"primaryImageOfPage\":{\"@id\":\"https:\/\/tugraztestweb.asol.at\/gesamtverzeichnis\/bauingenieurwissenschaften\/risikomanagement-in-der-bauwirtschaft\/#primaryimage\"},\"datePublished\":\"2020-10-23T10:49:21+00:00\",\"dateModified\":\"2020-10-23T10:50:21+00:00\",\"breadcrumb\":{\"@id\":\"https:\/\/tugraztestweb.asol.at\/gesamtverzeichnis\/bauingenieurwissenschaften\/risikomanagement-in-der-bauwirtschaft\/#breadcrumb\"},\"inLanguage\":\"en-US\",\"potentialAction\":[{\"@type\":\"ReadAction\",\"target\":[\"https:\/\/tugraztestweb.asol.at\/gesamtverzeichnis\/bauingenieurwissenschaften\/risikomanagement-in-der-bauwirtschaft\/\"]}]},{\"@type\":\"BreadcrumbList\",\"@id\":\"https:\/\/tugraztestweb.asol.at\/gesamtverzeichnis\/bauingenieurwissenschaften\/risikomanagement-in-der-bauwirtschaft\/#breadcrumb\",\"itemListElement\":[{\"@type\":\"ListItem\",\"position\":1,\"item\":{\"@type\":\"WebPage\",\"@id\":\"https:\/\/tugraztestweb.asol.at\/\",\"url\":\"https:\/\/tugraztestweb.asol.at\/\",\"name\":\"Home\"}},{\"@type\":\"ListItem\",\"position\":2,\"item\":{\"@type\":\"WebPage\",\"@id\":\"https:\/\/tugraztestweb.asol.at\/gesamtverzeichnis\/\",\"url\":\"https:\/\/tugraztestweb.asol.at\/gesamtverzeichnis\/\",\"name\":\"Gesamtverzeichnis\"}},{\"@type\":\"ListItem\",\"position\":3,\"item\":{\"@type\":\"WebPage\",\"@id\":\"https:\/\/tugraztestweb.asol.at\/gesamtverzeichnis\/bauingenieurwissenschaften\/risikomanagement-in-der-bauwirtschaft\/\",\"url\":\"https:\/\/tugraztestweb.asol.at\/gesamtverzeichnis\/bauingenieurwissenschaften\/risikomanagement-in-der-bauwirtschaft\/\",\"name\":\"Risikomanagement in der Bauwirtschaft\"}}]}]}<\/script>\n<!-- \/ Yoast SEO plugin. -->","_links":{"self":[{"href":"https:\/\/tugraztestweb.asol.at\/en\/wp-json\/wp\/v2\/product\/29947"}],"collection":[{"href":"https:\/\/tugraztestweb.asol.at\/en\/wp-json\/wp\/v2\/product"}],"about":[{"href":"https:\/\/tugraztestweb.asol.at\/en\/wp-json\/wp\/v2\/types\/product"}],"replies":[{"embeddable":true,"href":"https:\/\/tugraztestweb.asol.at\/en\/wp-json\/wp\/v2\/comments?post=29947"}],"wp:featuredmedia":[{"embeddable":true,"href":"https:\/\/tugraztestweb.asol.at\/en\/wp-json\/wp\/v2\/media\/39714"}],"wp:attachment":[{"href":"https:\/\/tugraztestweb.asol.at\/en\/wp-json\/wp\/v2\/media?parent=29947"}],"curies":[{"name":"wp","href":"https:\/\/api.w.org\/{rel}","templated":true}]}}