{"id":29949,"date":"2020-08-21T12:54:04","date_gmt":"2020-08-21T12:54:04","guid":{"rendered":"http:\/\/tugraztestweb.asol.at\/gesamtverzeichnis\/unkategorisiert\/risikomanagement-von-betreiber-und-konzessionsmodellen\/"},"modified":"2020-08-21T14:55:05","modified_gmt":"2020-08-21T12:55:05","slug":"risikomanagement-von-betreiber-und-konzessionsmodellen","status":"publish","type":"product","link":"https:\/\/tugraztestweb.asol.at\/en\/gesamtverzeichnis\/bauingenieurwissenschaften\/risikomanagement-von-betreiber-und-konzessionsmodellen\/","title":{"rendered":"Risikomanagement von Betreiber- und Konzessionsmodellen"},"content":{"rendered":"<p class=\"qtranxs-available-languages-message qtranxs-available-languages-message-en\">Sorry, this entry is only available in <a href=\"https:\/\/tugraztestweb.asol.at\/de\/wp-json\/wp\/v2\/product\/29949\" class=\"qtranxs-available-language-link qtranxs-available-language-link-de\" title=\"Deutsch\">Deutsch<\/a>.<\/p><p>Weltweit steigt der Bedarf an Infrastruktur. Betreiber- und Konzessionsmodelle haben dabei einen festen Platz erobert. Zentrales Merkmal der Realisierungsvarianten ist die umfassende, partnerschaftliche Teilung der Risiken.<br \/>\nDas Risikomanagement ist die zentrale Schl\u00fcsselkompetenz, das Know-how dazu muss kontinuierlich ausgebaut werden. An diesem Punkt setzt die vor-liegende Arbeit an und entwickelt ein neues Rahmenwerk zum Risikomanagement von Betreiber- und Konzessionsmodellen.<br \/>\nDie Basis des Rahmenwerks bildet die Richtlinienreihe ONR 4900x:2008. Sie wurde aus einer Analyse von zehn normativen Regelwerken und f\u00fcnf Ans\u00e4tzen vom Autor als am besten geeignetes RM-System herausgefiltert. Die ONR 4900x:2008 wurde an einige Aspekte des neuen Anforderungsprofils angepasst und f\u00fcr die Anwendung bei Betreiber- und Konzessionsprojekten vorkonfiguriert. Das Einsatzfeld des Rahmenwerks beschr\u00e4nkt sich nicht auf Betreibermodelle, es kann flexibel auch f\u00fcr andere Abwicklungsformen angewendet werden.<\/p>","protected":false},"excerpt":{"rendered":"<p class=\"qtranxs-available-languages-message qtranxs-available-languages-message-en\">Sorry, this entry is only available in <a href=\"https:\/\/tugraztestweb.asol.at\/de\/wp-json\/wp\/v2\/product\/29949\" class=\"qtranxs-available-language-link qtranxs-available-language-link-de\" title=\"Deutsch\">Deutsch<\/a>.<\/p>\n<p>Weltweit steigt der Bedarf an Infrastruktur. Betreiber- und Konzessionsmodelle haben dabei einen festen Platz erobert. Zentrales Merkmal der Realisierungsvarianten ist die umfassende, partnerschaftliche Teilung der Risiken.<br \/>\nDas Risikomanagement ist die zentrale Schl\u00fcsselkompetenz, das Know-how dazu muss kontinuierlich ausgebaut werden. An diesem Punkt setzt die vor-liegende Arbeit an und entwickelt ein neues Rahmenwerk zum Risikomanagement von Betreiber- und Konzessionsmodellen.<br \/>\nDie Basis des Rahmenwerks bildet die Richtlinienreihe ONR 4900x:2008. Sie wurde aus einer Analyse von zehn normativen Regelwerken und f\u00fcnf Ans\u00e4tzen vom Autor als am besten geeignetes RM-System herausgefiltert. Die ONR 4900x:2008 wurde an einige Aspekte des neuen Anforderungsprofils angepasst und f\u00fcr die Anwendung bei Betreiber- und Konzessionsprojekten vorkonfiguriert. Das Einsatzfeld des Rahmenwerks beschr\u00e4nkt sich nicht auf Betreibermodelle, es kann flexibel auch f\u00fcr andere Abwicklungsformen angewendet werden.<\/p>\n","protected":false},"featured_media":39476,"comment_status":"open","ping_status":"closed","template":"","meta":[],"yoast_head":"<!-- This site is optimized with the Yoast SEO plugin v16.1.1 - https:\/\/yoast.com\/wordpress\/plugins\/seo\/ -->\n<link rel=\"canonical\" href=\"https:\/\/tugraztestweb.asol.at\/en\/gesamtverzeichnis\/bauingenieurwissenschaften\/risikomanagement-von-betreiber-und-konzessionsmodellen\/\" \/>\n<meta property=\"og:locale\" content=\"en_US\" \/>\n<meta property=\"og:type\" content=\"article\" \/>\n<meta property=\"og:title\" content=\"Risikomanagement von Betreiber- und Konzessionsmodellen - Verlag der TU Graz\" \/>\n<meta property=\"og:description\" content=\"Weltweit steigt der Bedarf an Infrastruktur. Betreiber- und Konzessionsmodelle haben dabei einen festen Platz erobert. Zentrales Merkmal der Realisierungsvarianten ist die umfassende, partnerschaftliche Teilung der Risiken. Das Risikomanagement ist die zentrale Schl\u00fcsselkompetenz, das Know-how dazu muss kontinuierlich ausgebaut werden. An diesem Punkt setzt die vor-liegende Arbeit an und entwickelt ein neues Rahmenwerk zum Risikomanagement von Betreiber- und Konzessionsmodellen. Die Basis des Rahmenwerks bildet die Richtlinienreihe ONR 4900x:2008. Sie wurde aus einer Analyse von zehn normativen Regelwerken und f\u00fcnf Ans\u00e4tzen vom Autor als am besten geeignetes RM-System herausgefiltert. Die ONR 4900x:2008 wurde an einige Aspekte des neuen Anforderungsprofils angepasst und f\u00fcr die Anwendung bei Betreiber- und Konzessionsprojekten vorkonfiguriert. Das Einsatzfeld des Rahmenwerks beschr\u00e4nkt sich nicht auf Betreibermodelle, es kann flexibel auch f\u00fcr andere Abwicklungsformen angewendet werden.\" \/>\n<meta property=\"og:url\" content=\"https:\/\/tugraztestweb.asol.at\/en\/gesamtverzeichnis\/bauingenieurwissenschaften\/risikomanagement-von-betreiber-und-konzessionsmodellen\/\" \/>\n<meta property=\"og:site_name\" content=\"Verlag der TU Graz\" \/>\n<meta property=\"article:modified_time\" content=\"2020-08-21T12:55:05+00:00\" \/>\n<meta property=\"og:image\" content=\"https:\/\/tugraztestweb.asol.at\/wp-content\/uploads\/2020\/08\/image-978-3-85125-073-2.jpg\" \/>\n\t<meta property=\"og:image:width\" content=\"458\" \/>\n\t<meta property=\"og:image:height\" content=\"640\" \/>\n<meta name=\"twitter:card\" content=\"summary_large_image\" \/>\n<meta name=\"twitter:label1\" content=\"Est. reading time\">\n\t<meta name=\"twitter:data1\" content=\"1 minute\">\n<script type=\"application\/ld+json\" class=\"yoast-schema-graph\">{\"@context\":\"https:\/\/schema.org\",\"@graph\":[{\"@type\":\"WebSite\",\"@id\":\"https:\/\/tugraztestweb.asol.at\/#website\",\"url\":\"https:\/\/tugraztestweb.asol.at\/\",\"name\":\"Verlag der TU Graz\",\"description\":\"Verlag der Technischen Universit\\u00e4t Graz\",\"potentialAction\":[{\"@type\":\"SearchAction\",\"target\":\"https:\/\/tugraztestweb.asol.at\/?s={search_term_string}\",\"query-input\":\"required name=search_term_string\"}],\"inLanguage\":\"en-US\"},{\"@type\":\"ImageObject\",\"@id\":\"https:\/\/tugraztestweb.asol.at\/en\/gesamtverzeichnis\/bauingenieurwissenschaften\/risikomanagement-von-betreiber-und-konzessionsmodellen\/#primaryimage\",\"inLanguage\":\"en-US\",\"url\":\"https:\/\/tugraztestweb.asol.at\/wp-content\/uploads\/2020\/08\/image-978-3-85125-073-2.jpg\",\"contentUrl\":\"https:\/\/tugraztestweb.asol.at\/wp-content\/uploads\/2020\/08\/image-978-3-85125-073-2.jpg\",\"width\":458,\"height\":640},{\"@type\":\"WebPage\",\"@id\":\"https:\/\/tugraztestweb.asol.at\/en\/gesamtverzeichnis\/bauingenieurwissenschaften\/risikomanagement-von-betreiber-und-konzessionsmodellen\/#webpage\",\"url\":\"https:\/\/tugraztestweb.asol.at\/en\/gesamtverzeichnis\/bauingenieurwissenschaften\/risikomanagement-von-betreiber-und-konzessionsmodellen\/\",\"name\":\"Risikomanagement von Betreiber- und Konzessionsmodellen - Verlag der TU Graz\",\"isPartOf\":{\"@id\":\"https:\/\/tugraztestweb.asol.at\/#website\"},\"primaryImageOfPage\":{\"@id\":\"https:\/\/tugraztestweb.asol.at\/en\/gesamtverzeichnis\/bauingenieurwissenschaften\/risikomanagement-von-betreiber-und-konzessionsmodellen\/#primaryimage\"},\"datePublished\":\"2020-08-21T12:54:04+00:00\",\"dateModified\":\"2020-08-21T12:55:05+00:00\",\"breadcrumb\":{\"@id\":\"https:\/\/tugraztestweb.asol.at\/en\/gesamtverzeichnis\/bauingenieurwissenschaften\/risikomanagement-von-betreiber-und-konzessionsmodellen\/#breadcrumb\"},\"inLanguage\":\"en-US\",\"potentialAction\":[{\"@type\":\"ReadAction\",\"target\":[\"https:\/\/tugraztestweb.asol.at\/en\/gesamtverzeichnis\/bauingenieurwissenschaften\/risikomanagement-von-betreiber-und-konzessionsmodellen\/\"]}]},{\"@type\":\"BreadcrumbList\",\"@id\":\"https:\/\/tugraztestweb.asol.at\/en\/gesamtverzeichnis\/bauingenieurwissenschaften\/risikomanagement-von-betreiber-und-konzessionsmodellen\/#breadcrumb\",\"itemListElement\":[{\"@type\":\"ListItem\",\"position\":1,\"item\":{\"@type\":\"WebPage\",\"@id\":\"https:\/\/tugraztestweb.asol.at\/\",\"url\":\"https:\/\/tugraztestweb.asol.at\/\",\"name\":\"Home\"}},{\"@type\":\"ListItem\",\"position\":2,\"item\":{\"@type\":\"WebPage\",\"@id\":\"https:\/\/tugraztestweb.asol.at\/gesamtverzeichnis\/\",\"url\":\"https:\/\/tugraztestweb.asol.at\/gesamtverzeichnis\/\",\"name\":\"Gesamtverzeichnis\"}},{\"@type\":\"ListItem\",\"position\":3,\"item\":{\"@type\":\"WebPage\",\"@id\":\"https:\/\/tugraztestweb.asol.at\/en\/gesamtverzeichnis\/bauingenieurwissenschaften\/risikomanagement-von-betreiber-und-konzessionsmodellen\/\",\"url\":\"https:\/\/tugraztestweb.asol.at\/en\/gesamtverzeichnis\/bauingenieurwissenschaften\/risikomanagement-von-betreiber-und-konzessionsmodellen\/\",\"name\":\"Risikomanagement von Betreiber- und Konzessionsmodellen\"}}]}]}<\/script>\n<!-- \/ Yoast SEO plugin. -->","_links":{"self":[{"href":"https:\/\/tugraztestweb.asol.at\/en\/wp-json\/wp\/v2\/product\/29949"}],"collection":[{"href":"https:\/\/tugraztestweb.asol.at\/en\/wp-json\/wp\/v2\/product"}],"about":[{"href":"https:\/\/tugraztestweb.asol.at\/en\/wp-json\/wp\/v2\/types\/product"}],"replies":[{"embeddable":true,"href":"https:\/\/tugraztestweb.asol.at\/en\/wp-json\/wp\/v2\/comments?post=29949"}],"wp:featuredmedia":[{"embeddable":true,"href":"https:\/\/tugraztestweb.asol.at\/en\/wp-json\/wp\/v2\/media\/39476"}],"wp:attachment":[{"href":"https:\/\/tugraztestweb.asol.at\/en\/wp-json\/wp\/v2\/media?parent=29949"}],"curies":[{"name":"wp","href":"https:\/\/api.w.org\/{rel}","templated":true}]}}