{"id":29953,"date":"2020-08-21T12:54:05","date_gmt":"2020-08-21T12:54:05","guid":{"rendered":"http:\/\/tugraztestweb.asol.at\/gesamtverzeichnis\/unkategorisiert\/risk-orientation-in-logistics\/"},"modified":"2020-08-21T14:55:05","modified_gmt":"2020-08-21T12:55:05","slug":"risk-orientation-in-logistics","status":"publish","type":"product","link":"https:\/\/tugraztestweb.asol.at\/en\/gesamtverzeichnis\/maschinenbau-und-wirtschaftswissenschaften\/risk-orientation-in-logistics\/","title":{"rendered":"Risk Orientation in Logistics"},"content":{"rendered":"<p class=\"qtranxs-available-languages-message qtranxs-available-languages-message-en\">Sorry, this entry is only available in <a href=\"https:\/\/tugraztestweb.asol.at\/de\/wp-json\/wp\/v2\/product\/29953\" class=\"qtranxs-available-language-link qtranxs-available-language-link-de\" title=\"Deutsch\">Deutsch<\/a>.<\/p><p>Logistik hat sich von einer Hilfsfunktion zu einem kritischen Erfolgsfaktor f\u00fcr erfolgreiche Unternehmen entwickelt. Beispielhaft kann auf die hohe Bedeutung der Logistik in der Automobilindustrie verwiesen werden, wo mehr als zehn Prozent des Produktpreises der Logistik zuzuordnen sind. Basierend auf stetig steigender Komplexit\u00e4t in Logistiksystemen nehmen sowohl die Chancen wie auch die Risiken in logistischen Systemen zu. Jene Logistiksysteme, die den zwischenbetrieblichen Materialfluss abwickeln, k\u00f6nnen auch als Schnittstellen angesehen werden. Speziell Schnittstellen bieten \u00fcblicherweise Potential f\u00fcr Optimierung. Ziel dieser Arbeit ist es, einen Management-Ansatz zu entwickeln, welcher das Management der Logistik unter Ber\u00fccksichtigung der ebenfalls auftretenden logistischen Risiken gesamtheitliche unterst\u00fctzt. Um das erfolgreich bewerkstelligen zu k\u00f6nnen, muss der Begriff des Logistikrisikos eindeutig definiert werden, weiters m\u00fcssen die Risikoquellen, Ausl\u00f6ser und verst\u00e4rkende bzw. absorbierende Faktoren untersucht und gegliedert werden, um die Logistikrisiko-Identifikation und Quantifizierung als Basis f\u00fcr das erfolgreiche Management der Risiken erfolgreich bewerkstelligen zu k\u00f6nnen. Dieser in der Arbeit entwickelte Ansatz wird schlie\u00dflich im Rahmen einer Fallstudie exemplarisch angewendet um die daraus generierten Vorteile zu verdeutlichen. Die Arbeit schlie\u00dft mit einer Zusammenfassung und einem Ausblick \u00fcber zuk\u00fcnftiges auf diese Arbeit aufbauendes Forschungspotential.<\/p>","protected":false},"excerpt":{"rendered":"<p class=\"qtranxs-available-languages-message qtranxs-available-languages-message-en\">Sorry, this entry is only available in <a href=\"https:\/\/tugraztestweb.asol.at\/de\/wp-json\/wp\/v2\/product\/29953\" class=\"qtranxs-available-language-link qtranxs-available-language-link-de\" title=\"Deutsch\">Deutsch<\/a>.<\/p>\n<p>Logistik hat sich von einer Hilfsfunktion zu einem kritischen Erfolgsfaktor f\u00fcr erfolgreiche Unternehmen entwickelt. Beispielhaft kann auf die hohe Bedeutung der Logistik in der Automobilindustrie verwiesen werden, wo mehr als zehn Prozent des Produktpreises der Logistik zuzuordnen sind. Basierend auf stetig steigender Komplexit\u00e4t in Logistiksystemen nehmen sowohl die Chancen wie auch die Risiken in logistischen Systemen zu. Jene Logistiksysteme, die den zwischenbetrieblichen Materialfluss abwickeln, k\u00f6nnen auch als Schnittstellen angesehen werden. Speziell Schnittstellen bieten \u00fcblicherweise Potential f\u00fcr Optimierung. Ziel dieser Arbeit ist es, einen Management-Ansatz zu entwickeln, welcher das Management der Logistik unter Ber\u00fccksichtigung der ebenfalls auftretenden logistischen Risiken gesamtheitliche unterst\u00fctzt. Um das erfolgreich bewerkstelligen zu k\u00f6nnen, muss der Begriff des Logistikrisikos eindeutig definiert werden, weiters m\u00fcssen die Risikoquellen, Ausl\u00f6ser und verst\u00e4rkende bzw. absorbierende Faktoren untersucht und gegliedert werden, um die Logistikrisiko-Identifikation und Quantifizierung als Basis f\u00fcr das erfolgreiche Management der Risiken erfolgreich bewerkstelligen zu k\u00f6nnen. Dieser in der Arbeit entwickelte Ansatz wird schlie\u00dflich im Rahmen einer Fallstudie exemplarisch angewendet um die daraus generierten Vorteile zu verdeutlichen. Die Arbeit schlie\u00dft mit einer Zusammenfassung und einem Ausblick \u00fcber zuk\u00fcnftiges auf diese Arbeit aufbauendes Forschungspotential.<\/p>\n","protected":false},"featured_media":39716,"comment_status":"open","ping_status":"closed","template":"","meta":[],"yoast_head":"<!-- This site is optimized with the Yoast SEO plugin v16.1.1 - https:\/\/yoast.com\/wordpress\/plugins\/seo\/ -->\n<link rel=\"canonical\" href=\"https:\/\/tugraztestweb.asol.at\/en\/gesamtverzeichnis\/maschinenbau-und-wirtschaftswissenschaften\/risk-orientation-in-logistics\/\" \/>\n<meta property=\"og:locale\" content=\"en_US\" \/>\n<meta property=\"og:type\" content=\"article\" \/>\n<meta property=\"og:title\" content=\"Risk Orientation in Logistics - Verlag der TU Graz\" \/>\n<meta property=\"og:description\" content=\"Logistik hat sich von einer Hilfsfunktion zu einem kritischen Erfolgsfaktor f\u00fcr erfolgreiche Unternehmen entwickelt. Beispielhaft kann auf die hohe Bedeutung der Logistik in der Automobilindustrie verwiesen werden, wo mehr als zehn Prozent des Produktpreises der Logistik zuzuordnen sind. Basierend auf stetig steigender Komplexit\u00e4t in Logistiksystemen nehmen sowohl die Chancen wie auch die Risiken in logistischen Systemen zu. Jene Logistiksysteme, die den zwischenbetrieblichen Materialfluss abwickeln, k\u00f6nnen auch als Schnittstellen angesehen werden. Speziell Schnittstellen bieten \u00fcblicherweise Potential f\u00fcr Optimierung. Ziel dieser Arbeit ist es, einen Management-Ansatz zu entwickeln, welcher das Management der Logistik unter Ber\u00fccksichtigung der ebenfalls auftretenden logistischen Risiken gesamtheitliche unterst\u00fctzt. Um das erfolgreich bewerkstelligen zu k\u00f6nnen, muss der Begriff des Logistikrisikos eindeutig definiert werden, weiters m\u00fcssen die Risikoquellen, Ausl\u00f6ser und verst\u00e4rkende bzw. absorbierende Faktoren untersucht und gegliedert werden, um die Logistikrisiko-Identifikation und Quantifizierung als Basis f\u00fcr das erfolgreiche Management der Risiken erfolgreich bewerkstelligen zu k\u00f6nnen. Dieser in der Arbeit entwickelte Ansatz wird schlie\u00dflich im Rahmen einer Fallstudie exemplarisch angewendet um die daraus generierten Vorteile zu verdeutlichen. Die Arbeit schlie\u00dft mit einer Zusammenfassung und einem Ausblick \u00fcber zuk\u00fcnftiges auf diese Arbeit aufbauendes Forschungspotential.\" \/>\n<meta property=\"og:url\" content=\"https:\/\/tugraztestweb.asol.at\/en\/gesamtverzeichnis\/maschinenbau-und-wirtschaftswissenschaften\/risk-orientation-in-logistics\/\" \/>\n<meta property=\"og:site_name\" content=\"Verlag der TU Graz\" \/>\n<meta property=\"article:modified_time\" content=\"2020-08-21T12:55:05+00:00\" \/>\n<meta property=\"og:image\" content=\"https:\/\/tugraztestweb.asol.at\/wp-content\/uploads\/2020\/08\/image-978-3-85125-052-7.jpg\" \/>\n\t<meta property=\"og:image:width\" content=\"358\" \/>\n\t<meta property=\"og:image:height\" content=\"526\" \/>\n<meta name=\"twitter:card\" content=\"summary_large_image\" \/>\n<meta name=\"twitter:label1\" content=\"Est. reading time\">\n\t<meta name=\"twitter:data1\" content=\"1 minute\">\n<script type=\"application\/ld+json\" class=\"yoast-schema-graph\">{\"@context\":\"https:\/\/schema.org\",\"@graph\":[{\"@type\":\"WebSite\",\"@id\":\"https:\/\/tugraztestweb.asol.at\/#website\",\"url\":\"https:\/\/tugraztestweb.asol.at\/\",\"name\":\"Verlag der TU Graz\",\"description\":\"Verlag der Technischen Universit\\u00e4t Graz\",\"potentialAction\":[{\"@type\":\"SearchAction\",\"target\":\"https:\/\/tugraztestweb.asol.at\/?s={search_term_string}\",\"query-input\":\"required name=search_term_string\"}],\"inLanguage\":\"en-US\"},{\"@type\":\"ImageObject\",\"@id\":\"https:\/\/tugraztestweb.asol.at\/en\/gesamtverzeichnis\/maschinenbau-und-wirtschaftswissenschaften\/risk-orientation-in-logistics\/#primaryimage\",\"inLanguage\":\"en-US\",\"url\":\"https:\/\/tugraztestweb.asol.at\/wp-content\/uploads\/2020\/08\/image-978-3-85125-052-7.jpg\",\"contentUrl\":\"https:\/\/tugraztestweb.asol.at\/wp-content\/uploads\/2020\/08\/image-978-3-85125-052-7.jpg\",\"width\":358,\"height\":526},{\"@type\":\"WebPage\",\"@id\":\"https:\/\/tugraztestweb.asol.at\/en\/gesamtverzeichnis\/maschinenbau-und-wirtschaftswissenschaften\/risk-orientation-in-logistics\/#webpage\",\"url\":\"https:\/\/tugraztestweb.asol.at\/en\/gesamtverzeichnis\/maschinenbau-und-wirtschaftswissenschaften\/risk-orientation-in-logistics\/\",\"name\":\"Risk Orientation in Logistics - Verlag der TU Graz\",\"isPartOf\":{\"@id\":\"https:\/\/tugraztestweb.asol.at\/#website\"},\"primaryImageOfPage\":{\"@id\":\"https:\/\/tugraztestweb.asol.at\/en\/gesamtverzeichnis\/maschinenbau-und-wirtschaftswissenschaften\/risk-orientation-in-logistics\/#primaryimage\"},\"datePublished\":\"2020-08-21T12:54:05+00:00\",\"dateModified\":\"2020-08-21T12:55:05+00:00\",\"breadcrumb\":{\"@id\":\"https:\/\/tugraztestweb.asol.at\/en\/gesamtverzeichnis\/maschinenbau-und-wirtschaftswissenschaften\/risk-orientation-in-logistics\/#breadcrumb\"},\"inLanguage\":\"en-US\",\"potentialAction\":[{\"@type\":\"ReadAction\",\"target\":[\"https:\/\/tugraztestweb.asol.at\/en\/gesamtverzeichnis\/maschinenbau-und-wirtschaftswissenschaften\/risk-orientation-in-logistics\/\"]}]},{\"@type\":\"BreadcrumbList\",\"@id\":\"https:\/\/tugraztestweb.asol.at\/en\/gesamtverzeichnis\/maschinenbau-und-wirtschaftswissenschaften\/risk-orientation-in-logistics\/#breadcrumb\",\"itemListElement\":[{\"@type\":\"ListItem\",\"position\":1,\"item\":{\"@type\":\"WebPage\",\"@id\":\"https:\/\/tugraztestweb.asol.at\/\",\"url\":\"https:\/\/tugraztestweb.asol.at\/\",\"name\":\"Home\"}},{\"@type\":\"ListItem\",\"position\":2,\"item\":{\"@type\":\"WebPage\",\"@id\":\"https:\/\/tugraztestweb.asol.at\/gesamtverzeichnis\/\",\"url\":\"https:\/\/tugraztestweb.asol.at\/gesamtverzeichnis\/\",\"name\":\"Gesamtverzeichnis\"}},{\"@type\":\"ListItem\",\"position\":3,\"item\":{\"@type\":\"WebPage\",\"@id\":\"https:\/\/tugraztestweb.asol.at\/en\/gesamtverzeichnis\/maschinenbau-und-wirtschaftswissenschaften\/risk-orientation-in-logistics\/\",\"url\":\"https:\/\/tugraztestweb.asol.at\/en\/gesamtverzeichnis\/maschinenbau-und-wirtschaftswissenschaften\/risk-orientation-in-logistics\/\",\"name\":\"Risk Orientation in Logistics\"}}]}]}<\/script>\n<!-- \/ Yoast SEO plugin. -->","_links":{"self":[{"href":"https:\/\/tugraztestweb.asol.at\/en\/wp-json\/wp\/v2\/product\/29953"}],"collection":[{"href":"https:\/\/tugraztestweb.asol.at\/en\/wp-json\/wp\/v2\/product"}],"about":[{"href":"https:\/\/tugraztestweb.asol.at\/en\/wp-json\/wp\/v2\/types\/product"}],"replies":[{"embeddable":true,"href":"https:\/\/tugraztestweb.asol.at\/en\/wp-json\/wp\/v2\/comments?post=29953"}],"wp:featuredmedia":[{"embeddable":true,"href":"https:\/\/tugraztestweb.asol.at\/en\/wp-json\/wp\/v2\/media\/39716"}],"wp:attachment":[{"href":"https:\/\/tugraztestweb.asol.at\/en\/wp-json\/wp\/v2\/media?parent=29953"}],"curies":[{"name":"wp","href":"https:\/\/api.w.org\/{rel}","templated":true}]}}