{"id":29965,"date":"2020-08-21T12:54:05","date_gmt":"2020-08-21T12:54:05","guid":{"rendered":"http:\/\/tugraztestweb.asol.at\/gesamtverzeichnis\/unkategorisiert\/sibiu\/"},"modified":"2020-08-21T14:55:05","modified_gmt":"2020-08-21T12:55:05","slug":"sibiu","status":"publish","type":"product","link":"https:\/\/tugraztestweb.asol.at\/en\/gesamtverzeichnis\/architektur\/sibiu\/","title":{"rendered":"Sibiu"},"content":{"rendered":"<p class=\"qtranxs-available-languages-message qtranxs-available-languages-message-en\">Sorry, this entry is only available in <a href=\"https:\/\/tugraztestweb.asol.at\/de\/wp-json\/wp\/v2\/product\/29965\" class=\"qtranxs-available-language-link qtranxs-available-language-link-de\" title=\"Deutsch\">Deutsch<\/a>.<\/p><p>Das Institut f\u00fcr Geb\u00e4udelehre untersuchte im Rahmen seiner Schwerpunkte \u201eBauen im Bestand\u201c und \u201eS\u00fcdosteuropa\u201c die Potentiale und Kr\u00e4fte in den r\u00e4umlichen Transformationsprozessen der rum\u00e4nischen Stadt Sibiu\/Hermannstadt. Die Kulturhauptstadt Europas 2007 liefert dabei eine umfangreiche Grundlage zur Interpretation von post-sozialistischen Stadtidentit\u00e4ten.180 Studierende in f\u00fcnf Lehrveranstaltungen waren in die Bearbeitung des Themas eingebunden.<br \/>\nDie Ergebnisse dieser angewandten Forschungsarbeit wurden aufbereitet und zu einer Dokumentation mit einem Umfang von ca. 300 Seiten zusammengefasst.<br \/>\nDie Pr\u00e4sentation des Buches findet zusammen mit der Er\u00f6ffnung einer Ausstellung ausgew\u00e4hlter Studierendenarbeiten in der ehemaligen Stadtm\u00fchle in Graz statt.<br \/>\nIm November 2008 wir diese Ausstellung auch in der Galerie *.ARTLABS in Sibiu zu sehen sein.<\/p>","protected":false},"excerpt":{"rendered":"<p class=\"qtranxs-available-languages-message qtranxs-available-languages-message-en\">Sorry, this entry is only available in <a href=\"https:\/\/tugraztestweb.asol.at\/de\/wp-json\/wp\/v2\/product\/29965\" class=\"qtranxs-available-language-link qtranxs-available-language-link-de\" title=\"Deutsch\">Deutsch<\/a>.<\/p>\n<p>Das Institut f\u00fcr Geb\u00e4udelehre untersuchte im Rahmen seiner Schwerpunkte \u201eBauen im Bestand\u201c und \u201eS\u00fcdosteuropa\u201c die Potentiale und Kr\u00e4fte in den r\u00e4umlichen Transformationsprozessen der rum\u00e4nischen Stadt Sibiu\/Hermannstadt. Die Kulturhauptstadt Europas 2007 liefert dabei eine umfangreiche Grundlage zur Interpretation von post-sozialistischen Stadtidentit\u00e4ten.180 Studierende in f\u00fcnf Lehrveranstaltungen waren in die Bearbeitung des Themas eingebunden.<br \/>\nDie Ergebnisse dieser angewandten Forschungsarbeit wurden aufbereitet und zu einer Dokumentation mit einem Umfang von ca. 300 Seiten zusammengefasst.<br \/>\nDie Pr\u00e4sentation des Buches findet zusammen mit der Er\u00f6ffnung einer Ausstellung ausgew\u00e4hlter Studierendenarbeiten in der ehemaligen Stadtm\u00fchle in Graz statt.<br \/>\nIm November 2008 wir diese Ausstellung auch in der Galerie *.ARTLABS in Sibiu zu sehen sein.<\/p>\n","protected":false},"featured_media":39720,"comment_status":"open","ping_status":"closed","template":"","meta":[],"yoast_head":"<!-- This site is optimized with the Yoast SEO plugin v16.1.1 - https:\/\/yoast.com\/wordpress\/plugins\/seo\/ -->\n<link rel=\"canonical\" href=\"https:\/\/tugraztestweb.asol.at\/gesamtverzeichnis\/architektur\/sibiu\/\" \/>\n<meta property=\"og:locale\" content=\"en_US\" \/>\n<meta property=\"og:type\" content=\"article\" \/>\n<meta property=\"og:title\" content=\"Sibiu - Verlag der TU Graz\" \/>\n<meta property=\"og:description\" content=\"Das Institut f\u00fcr Geb\u00e4udelehre untersuchte im Rahmen seiner Schwerpunkte \u201eBauen im Bestand\u201c und \u201eS\u00fcdosteuropa\u201c die Potentiale und Kr\u00e4fte in den r\u00e4umlichen Transformationsprozessen der rum\u00e4nischen Stadt Sibiu\/Hermannstadt. Die Kulturhauptstadt Europas 2007 liefert dabei eine umfangreiche Grundlage zur Interpretation von post-sozialistischen Stadtidentit\u00e4ten.180 Studierende in f\u00fcnf Lehrveranstaltungen waren in die Bearbeitung des Themas eingebunden. Die Ergebnisse dieser angewandten Forschungsarbeit wurden aufbereitet und zu einer Dokumentation mit einem Umfang von ca. 300 Seiten zusammengefasst. Die Pr\u00e4sentation des Buches findet zusammen mit der Er\u00f6ffnung einer Ausstellung ausgew\u00e4hlter Studierendenarbeiten in der ehemaligen Stadtm\u00fchle in Graz statt. Im November 2008 wir diese Ausstellung auch in der Galerie *.ARTLABS in Sibiu zu sehen sein.\" \/>\n<meta property=\"og:url\" content=\"https:\/\/tugraztestweb.asol.at\/gesamtverzeichnis\/architektur\/sibiu\/\" \/>\n<meta property=\"og:site_name\" content=\"Verlag der TU Graz\" \/>\n<meta property=\"article:modified_time\" content=\"2020-08-21T12:55:05+00:00\" \/>\n<meta property=\"og:image\" content=\"https:\/\/tugraztestweb.asol.at\/wp-content\/uploads\/2020\/08\/image-978-3-85125-009-1.jpg\" \/>\n\t<meta property=\"og:image:width\" content=\"1701\" \/>\n\t<meta property=\"og:image:height\" content=\"2433\" \/>\n<meta name=\"twitter:card\" content=\"summary_large_image\" \/>\n<meta name=\"twitter:label1\" content=\"Est. reading time\">\n\t<meta name=\"twitter:data1\" content=\"1 minute\">\n<script type=\"application\/ld+json\" class=\"yoast-schema-graph\">{\"@context\":\"https:\/\/schema.org\",\"@graph\":[{\"@type\":\"WebSite\",\"@id\":\"https:\/\/tugraztestweb.asol.at\/#website\",\"url\":\"https:\/\/tugraztestweb.asol.at\/\",\"name\":\"Verlag der TU Graz\",\"description\":\"Verlag der Technischen Universit\\u00e4t Graz\",\"potentialAction\":[{\"@type\":\"SearchAction\",\"target\":\"https:\/\/tugraztestweb.asol.at\/?s={search_term_string}\",\"query-input\":\"required name=search_term_string\"}],\"inLanguage\":\"en-US\"},{\"@type\":\"ImageObject\",\"@id\":\"https:\/\/tugraztestweb.asol.at\/gesamtverzeichnis\/architektur\/sibiu\/#primaryimage\",\"inLanguage\":\"en-US\",\"url\":\"https:\/\/tugraztestweb.asol.at\/wp-content\/uploads\/2020\/08\/image-978-3-85125-009-1.jpg\",\"contentUrl\":\"https:\/\/tugraztestweb.asol.at\/wp-content\/uploads\/2020\/08\/image-978-3-85125-009-1.jpg\",\"width\":1701,\"height\":2433},{\"@type\":\"WebPage\",\"@id\":\"https:\/\/tugraztestweb.asol.at\/gesamtverzeichnis\/architektur\/sibiu\/#webpage\",\"url\":\"https:\/\/tugraztestweb.asol.at\/gesamtverzeichnis\/architektur\/sibiu\/\",\"name\":\"Sibiu - Verlag der TU Graz\",\"isPartOf\":{\"@id\":\"https:\/\/tugraztestweb.asol.at\/#website\"},\"primaryImageOfPage\":{\"@id\":\"https:\/\/tugraztestweb.asol.at\/gesamtverzeichnis\/architektur\/sibiu\/#primaryimage\"},\"datePublished\":\"2020-08-21T12:54:05+00:00\",\"dateModified\":\"2020-08-21T12:55:05+00:00\",\"breadcrumb\":{\"@id\":\"https:\/\/tugraztestweb.asol.at\/gesamtverzeichnis\/architektur\/sibiu\/#breadcrumb\"},\"inLanguage\":\"en-US\",\"potentialAction\":[{\"@type\":\"ReadAction\",\"target\":[\"https:\/\/tugraztestweb.asol.at\/gesamtverzeichnis\/architektur\/sibiu\/\"]}]},{\"@type\":\"BreadcrumbList\",\"@id\":\"https:\/\/tugraztestweb.asol.at\/gesamtverzeichnis\/architektur\/sibiu\/#breadcrumb\",\"itemListElement\":[{\"@type\":\"ListItem\",\"position\":1,\"item\":{\"@type\":\"WebPage\",\"@id\":\"https:\/\/tugraztestweb.asol.at\/\",\"url\":\"https:\/\/tugraztestweb.asol.at\/\",\"name\":\"Home\"}},{\"@type\":\"ListItem\",\"position\":2,\"item\":{\"@type\":\"WebPage\",\"@id\":\"https:\/\/tugraztestweb.asol.at\/gesamtverzeichnis\/\",\"url\":\"https:\/\/tugraztestweb.asol.at\/gesamtverzeichnis\/\",\"name\":\"Gesamtverzeichnis\"}},{\"@type\":\"ListItem\",\"position\":3,\"item\":{\"@type\":\"WebPage\",\"@id\":\"https:\/\/tugraztestweb.asol.at\/gesamtverzeichnis\/architektur\/sibiu\/\",\"url\":\"https:\/\/tugraztestweb.asol.at\/gesamtverzeichnis\/architektur\/sibiu\/\",\"name\":\"Sibiu\"}}]}]}<\/script>\n<!-- \/ Yoast SEO plugin. -->","_links":{"self":[{"href":"https:\/\/tugraztestweb.asol.at\/en\/wp-json\/wp\/v2\/product\/29965"}],"collection":[{"href":"https:\/\/tugraztestweb.asol.at\/en\/wp-json\/wp\/v2\/product"}],"about":[{"href":"https:\/\/tugraztestweb.asol.at\/en\/wp-json\/wp\/v2\/types\/product"}],"replies":[{"embeddable":true,"href":"https:\/\/tugraztestweb.asol.at\/en\/wp-json\/wp\/v2\/comments?post=29965"}],"wp:featuredmedia":[{"embeddable":true,"href":"https:\/\/tugraztestweb.asol.at\/en\/wp-json\/wp\/v2\/media\/39720"}],"wp:attachment":[{"href":"https:\/\/tugraztestweb.asol.at\/en\/wp-json\/wp\/v2\/media?parent=29965"}],"curies":[{"name":"wp","href":"https:\/\/api.w.org\/{rel}","templated":true}]}}