{"id":29967,"date":"2020-10-23T11:05:11","date_gmt":"2020-10-23T11:05:11","guid":{"rendered":"http:\/\/tugraztestweb.asol.at\/gesamtverzeichnis\/unkategorisiert\/sichtbeton-keine-diskrepanz-zwischen-wunsch-und-realitaet\/"},"modified":"2020-10-23T13:06:11","modified_gmt":"2020-10-23T11:06:11","slug":"sichtbeton-keine-diskrepanz-zwischen-wunsch-und-realitaet","status":"publish","type":"product","link":"https:\/\/tugraztestweb.asol.at\/en\/gesamtverzeichnis\/bauingenieurwissenschaften\/sichtbeton-keine-diskrepanz-zwischen-wunsch-und-realitaet\/","title":{"rendered":"Sichtbeton &#8211; (K)eine Diskrepanz zwischen Wunsch und Realit\u00e4t"},"content":{"rendered":"<p class=\"qtranxs-available-languages-message qtranxs-available-languages-message-en\">Sorry, this entry is only available in <a href=\"https:\/\/tugraztestweb.asol.at\/de\/wp-json\/wp\/v2\/product\/29967\" class=\"qtranxs-available-language-link qtranxs-available-language-link-de\" title=\"Deutsch\">Deutsch<\/a>.<\/p><p>F\u00fcr das erste Baubetriebs- und Bauwirtschaftssymposium wurde das Thema Sichtbeton gew\u00e4hlt.<br \/>\nEs ist zwar bekannt, dass Tragf\u00e4higkeit und Steifigkeit des Schalungssystems wesentlich zum Erscheinungsbild der Betonoberfl\u00e4che beitragen. Weiters aber auch noch die Qualit\u00e4t der Schalhaut und die eingesetzten Trennmittel, genauso wie die Zusammensetzung des Frischbetons, der Einbauvorgang, das Verdichten und die Nachbehandlung.<br \/>\nDieser Tagungsband beinhaltet das aktuelle Wissen zu diesem Themenkomplex und hilft, Fehler in Ausschreibung und Ausf\u00fchrung zu vermeiden und Streitpotential zu reduzieren.<\/p>","protected":false},"excerpt":{"rendered":"<p class=\"qtranxs-available-languages-message qtranxs-available-languages-message-en\">Sorry, this entry is only available in <a href=\"https:\/\/tugraztestweb.asol.at\/de\/wp-json\/wp\/v2\/product\/29967\" class=\"qtranxs-available-language-link qtranxs-available-language-link-de\" title=\"Deutsch\">Deutsch<\/a>.<\/p>\n<p>F\u00fcr das erste Baubetriebs- und Bauwirtschaftssymposium wurde das Thema Sichtbeton gew\u00e4hlt.<br \/>\nEs ist zwar bekannt, dass Tragf\u00e4higkeit und Steifigkeit des Schalungssystems wesentlich zum Erscheinungsbild der Betonoberfl\u00e4che beitragen. Weiters aber auch noch die Qualit\u00e4t der Schalhaut und die eingesetzten Trennmittel, genauso wie die Zusammensetzung des Frischbetons, der Einbauvorgang, das Verdichten und die Nachbehandlung.<br \/>\nDieser Tagungsband beinhaltet das aktuelle Wissen zu diesem Themenkomplex und hilft, Fehler in Ausschreibung und Ausf\u00fchrung zu vermeiden und Streitpotential zu reduzieren.<\/p>\n","protected":false},"featured_media":39721,"comment_status":"open","ping_status":"closed","template":"","meta":[],"yoast_head":"<!-- This site is optimized with the Yoast SEO plugin v16.1.1 - https:\/\/yoast.com\/wordpress\/plugins\/seo\/ -->\n<link rel=\"canonical\" href=\"https:\/\/tugraztestweb.asol.at\/gesamtverzeichnis\/bauingenieurwissenschaften\/sichtbeton-keine-diskrepanz-zwischen-wunsch-und-realitaet\/\" \/>\n<meta property=\"og:locale\" content=\"en_US\" \/>\n<meta property=\"og:type\" content=\"article\" \/>\n<meta property=\"og:title\" content=\"Sichtbeton - (K)eine Diskrepanz zwischen Wunsch und Realit\u00e4t - Verlag der TU Graz\" \/>\n<meta property=\"og:description\" content=\"F\u00fcr das erste Baubetriebs- und Bauwirtschaftssymposium wurde das Thema Sichtbeton gew\u00e4hlt. Es ist zwar bekannt, dass Tragf\u00e4higkeit und Steifigkeit des Schalungssystems wesentlich zum Erscheinungsbild der Betonoberfl\u00e4che beitragen. Weiters aber auch noch die Qualit\u00e4t der Schalhaut und die eingesetzten Trennmittel, genauso wie die Zusammensetzung des Frischbetons, der Einbauvorgang, das Verdichten und die Nachbehandlung. Dieser Tagungsband beinhaltet das aktuelle Wissen zu diesem Themenkomplex und hilft, Fehler in Ausschreibung und Ausf\u00fchrung zu vermeiden und Streitpotential zu reduzieren.\" \/>\n<meta property=\"og:url\" content=\"https:\/\/tugraztestweb.asol.at\/gesamtverzeichnis\/bauingenieurwissenschaften\/sichtbeton-keine-diskrepanz-zwischen-wunsch-und-realitaet\/\" \/>\n<meta property=\"og:site_name\" content=\"Verlag der TU Graz\" \/>\n<meta property=\"article:modified_time\" content=\"2020-10-23T11:06:11+00:00\" \/>\n<meta property=\"og:image\" content=\"https:\/\/tugraztestweb.asol.at\/wp-content\/uploads\/2020\/10\/image-978-3-901351-73-0.jpg\" \/>\n\t<meta property=\"og:image:width\" content=\"587\" \/>\n\t<meta property=\"og:image:height\" content=\"823\" \/>\n<meta name=\"twitter:card\" content=\"summary_large_image\" \/>\n<script type=\"application\/ld+json\" class=\"yoast-schema-graph\">{\"@context\":\"https:\/\/schema.org\",\"@graph\":[{\"@type\":\"WebSite\",\"@id\":\"https:\/\/tugraztestweb.asol.at\/#website\",\"url\":\"https:\/\/tugraztestweb.asol.at\/\",\"name\":\"Verlag der TU Graz\",\"description\":\"Verlag der Technischen Universit\\u00e4t Graz\",\"potentialAction\":[{\"@type\":\"SearchAction\",\"target\":\"https:\/\/tugraztestweb.asol.at\/?s={search_term_string}\",\"query-input\":\"required name=search_term_string\"}],\"inLanguage\":\"en-US\"},{\"@type\":\"ImageObject\",\"@id\":\"https:\/\/tugraztestweb.asol.at\/gesamtverzeichnis\/bauingenieurwissenschaften\/sichtbeton-keine-diskrepanz-zwischen-wunsch-und-realitaet\/#primaryimage\",\"inLanguage\":\"en-US\",\"url\":\"https:\/\/tugraztestweb.asol.at\/wp-content\/uploads\/2020\/10\/image-978-3-901351-73-0.jpg\",\"contentUrl\":\"https:\/\/tugraztestweb.asol.at\/wp-content\/uploads\/2020\/10\/image-978-3-901351-73-0.jpg\",\"width\":587,\"height\":823},{\"@type\":\"WebPage\",\"@id\":\"https:\/\/tugraztestweb.asol.at\/gesamtverzeichnis\/bauingenieurwissenschaften\/sichtbeton-keine-diskrepanz-zwischen-wunsch-und-realitaet\/#webpage\",\"url\":\"https:\/\/tugraztestweb.asol.at\/gesamtverzeichnis\/bauingenieurwissenschaften\/sichtbeton-keine-diskrepanz-zwischen-wunsch-und-realitaet\/\",\"name\":\"Sichtbeton - (K)eine Diskrepanz zwischen Wunsch und Realit\\u00e4t - Verlag der TU Graz\",\"isPartOf\":{\"@id\":\"https:\/\/tugraztestweb.asol.at\/#website\"},\"primaryImageOfPage\":{\"@id\":\"https:\/\/tugraztestweb.asol.at\/gesamtverzeichnis\/bauingenieurwissenschaften\/sichtbeton-keine-diskrepanz-zwischen-wunsch-und-realitaet\/#primaryimage\"},\"datePublished\":\"2020-10-23T11:05:11+00:00\",\"dateModified\":\"2020-10-23T11:06:11+00:00\",\"breadcrumb\":{\"@id\":\"https:\/\/tugraztestweb.asol.at\/gesamtverzeichnis\/bauingenieurwissenschaften\/sichtbeton-keine-diskrepanz-zwischen-wunsch-und-realitaet\/#breadcrumb\"},\"inLanguage\":\"en-US\",\"potentialAction\":[{\"@type\":\"ReadAction\",\"target\":[\"https:\/\/tugraztestweb.asol.at\/gesamtverzeichnis\/bauingenieurwissenschaften\/sichtbeton-keine-diskrepanz-zwischen-wunsch-und-realitaet\/\"]}]},{\"@type\":\"BreadcrumbList\",\"@id\":\"https:\/\/tugraztestweb.asol.at\/gesamtverzeichnis\/bauingenieurwissenschaften\/sichtbeton-keine-diskrepanz-zwischen-wunsch-und-realitaet\/#breadcrumb\",\"itemListElement\":[{\"@type\":\"ListItem\",\"position\":1,\"item\":{\"@type\":\"WebPage\",\"@id\":\"https:\/\/tugraztestweb.asol.at\/\",\"url\":\"https:\/\/tugraztestweb.asol.at\/\",\"name\":\"Home\"}},{\"@type\":\"ListItem\",\"position\":2,\"item\":{\"@type\":\"WebPage\",\"@id\":\"https:\/\/tugraztestweb.asol.at\/gesamtverzeichnis\/\",\"url\":\"https:\/\/tugraztestweb.asol.at\/gesamtverzeichnis\/\",\"name\":\"Gesamtverzeichnis\"}},{\"@type\":\"ListItem\",\"position\":3,\"item\":{\"@type\":\"WebPage\",\"@id\":\"https:\/\/tugraztestweb.asol.at\/gesamtverzeichnis\/bauingenieurwissenschaften\/sichtbeton-keine-diskrepanz-zwischen-wunsch-und-realitaet\/\",\"url\":\"https:\/\/tugraztestweb.asol.at\/gesamtverzeichnis\/bauingenieurwissenschaften\/sichtbeton-keine-diskrepanz-zwischen-wunsch-und-realitaet\/\",\"name\":\"Sichtbeton &#8211; (K)eine Diskrepanz zwischen Wunsch und Realit\\u00e4t\"}}]}]}<\/script>\n<!-- \/ Yoast SEO plugin. -->","_links":{"self":[{"href":"https:\/\/tugraztestweb.asol.at\/en\/wp-json\/wp\/v2\/product\/29967"}],"collection":[{"href":"https:\/\/tugraztestweb.asol.at\/en\/wp-json\/wp\/v2\/product"}],"about":[{"href":"https:\/\/tugraztestweb.asol.at\/en\/wp-json\/wp\/v2\/types\/product"}],"replies":[{"embeddable":true,"href":"https:\/\/tugraztestweb.asol.at\/en\/wp-json\/wp\/v2\/comments?post=29967"}],"wp:featuredmedia":[{"embeddable":true,"href":"https:\/\/tugraztestweb.asol.at\/en\/wp-json\/wp\/v2\/media\/39721"}],"wp:attachment":[{"href":"https:\/\/tugraztestweb.asol.at\/en\/wp-json\/wp\/v2\/media?parent=29967"}],"curies":[{"name":"wp","href":"https:\/\/api.w.org\/{rel}","templated":true}]}}