{"id":29977,"date":"2020-08-21T12:54:08","date_gmt":"2020-08-21T12:54:08","guid":{"rendered":"http:\/\/tugraztestweb.asol.at\/gesamtverzeichnis\/unkategorisiert\/smart-studies-architektur-als-soziales-gefuege\/"},"modified":"2020-08-21T14:55:08","modified_gmt":"2020-08-21T12:55:08","slug":"smart-studies-architektur-als-soziales-gefuege","status":"publish","type":"product","link":"https:\/\/tugraztestweb.asol.at\/en\/gesamtverzeichnis\/bauingenieurwissenschaften\/smart-studies-architektur-als-soziales-gefuege\/","title":{"rendered":"Smart Studies &#8211; Architektur als soziales Gef\u00fcge"},"content":{"rendered":"<p class=\"qtranxs-available-languages-message qtranxs-available-languages-message-en\">Sorry, this entry is only available in <a href=\"https:\/\/tugraztestweb.asol.at\/de\/wp-json\/wp\/v2\/product\/29977\" class=\"qtranxs-available-language-link qtranxs-available-language-link-de\" title=\"Deutsch\">Deutsch<\/a>.<\/p><p>Architektur muss heute mehr denn je der Vielfalt unterschiedlicher Organisationen und Lebensentw\u00fcrfe gerecht werden. In der Fachliteratur gab es bis dato kaum Publikationen, die sich mit der Vorbereitung und Begleitung komplexer Bauvorhaben unter dem Aspekt \u201eSoziale Nachhaltigkeit\u201c auseinandersetzten.<br \/>\nBirgit Trenkwalder und Martin Kunath ist es mit SMART STUDIES &#8211; Architektur als Soziales Gef\u00fcge gelungen, diese L\u00fccke zu schlie\u00dfen. Ein Leitfaden, auf dessen Basis auch die sozialen Aspekte eines Bauvorhabens &#8211; wie Beziehungsstrukturen, Partizipation und Atmosph\u00e4ren &#8211; standardisiert abgefragt und Nachdenkprozesse \u00fcber m\u00f6gliche Alternativen ausgel\u00f6st werden.<\/p>","protected":false},"excerpt":{"rendered":"<p class=\"qtranxs-available-languages-message qtranxs-available-languages-message-en\">Sorry, this entry is only available in <a href=\"https:\/\/tugraztestweb.asol.at\/de\/wp-json\/wp\/v2\/product\/29977\" class=\"qtranxs-available-language-link qtranxs-available-language-link-de\" title=\"Deutsch\">Deutsch<\/a>.<\/p>\n<p>Architektur muss heute mehr denn je der Vielfalt unterschiedlicher Organisationen und Lebensentw\u00fcrfe gerecht werden. In der Fachliteratur gab es bis dato kaum Publikationen, die sich mit der Vorbereitung und Begleitung komplexer Bauvorhaben unter dem Aspekt \u201eSoziale Nachhaltigkeit\u201c auseinandersetzten.<br \/>\nBirgit Trenkwalder und Martin Kunath ist es mit SMART STUDIES &#8211; Architektur als Soziales Gef\u00fcge gelungen, diese L\u00fccke zu schlie\u00dfen. Ein Leitfaden, auf dessen Basis auch die sozialen Aspekte eines Bauvorhabens &#8211; wie Beziehungsstrukturen, Partizipation und Atmosph\u00e4ren &#8211; standardisiert abgefragt und Nachdenkprozesse \u00fcber m\u00f6gliche Alternativen ausgel\u00f6st werden.<\/p>\n","protected":false},"featured_media":39725,"comment_status":"open","ping_status":"closed","template":"","meta":[],"yoast_head":"<!-- This site is optimized with the Yoast SEO plugin v16.1.1 - https:\/\/yoast.com\/wordpress\/plugins\/seo\/ -->\n<link rel=\"canonical\" href=\"https:\/\/tugraztestweb.asol.at\/en\/gesamtverzeichnis\/bauingenieurwissenschaften\/smart-studies-architektur-als-soziales-gefuege\/\" \/>\n<meta property=\"og:locale\" content=\"en_US\" \/>\n<meta property=\"og:type\" content=\"article\" \/>\n<meta property=\"og:title\" content=\"Smart Studies - Architektur als soziales Gef\u00fcge - Verlag der TU Graz\" \/>\n<meta property=\"og:description\" content=\"Architektur muss heute mehr denn je der Vielfalt unterschiedlicher Organisationen und Lebensentw\u00fcrfe gerecht werden. In der Fachliteratur gab es bis dato kaum Publikationen, die sich mit der Vorbereitung und Begleitung komplexer Bauvorhaben unter dem Aspekt \u201eSoziale Nachhaltigkeit\u201c auseinandersetzten. Birgit Trenkwalder und Martin Kunath ist es mit SMART STUDIES - Architektur als Soziales Gef\u00fcge gelungen, diese L\u00fccke zu schlie\u00dfen. Ein Leitfaden, auf dessen Basis auch die sozialen Aspekte eines Bauvorhabens - wie Beziehungsstrukturen, Partizipation und Atmosph\u00e4ren - standardisiert abgefragt und Nachdenkprozesse \u00fcber m\u00f6gliche Alternativen ausgel\u00f6st werden.\" \/>\n<meta property=\"og:url\" content=\"https:\/\/tugraztestweb.asol.at\/en\/gesamtverzeichnis\/bauingenieurwissenschaften\/smart-studies-architektur-als-soziales-gefuege\/\" \/>\n<meta property=\"og:site_name\" content=\"Verlag der TU Graz\" \/>\n<meta property=\"article:modified_time\" content=\"2020-08-21T12:55:08+00:00\" \/>\n<meta property=\"og:image\" content=\"https:\/\/tugraztestweb.asol.at\/wp-content\/uploads\/2020\/08\/image-978-3-85125-178-4.jpg\" \/>\n\t<meta property=\"og:image:width\" content=\"631\" \/>\n\t<meta property=\"og:image:height\" content=\"894\" \/>\n<meta name=\"twitter:card\" content=\"summary_large_image\" \/>\n<script type=\"application\/ld+json\" class=\"yoast-schema-graph\">{\"@context\":\"https:\/\/schema.org\",\"@graph\":[{\"@type\":\"WebSite\",\"@id\":\"https:\/\/tugraztestweb.asol.at\/#website\",\"url\":\"https:\/\/tugraztestweb.asol.at\/\",\"name\":\"Verlag der TU Graz\",\"description\":\"Verlag der Technischen Universit\\u00e4t Graz\",\"potentialAction\":[{\"@type\":\"SearchAction\",\"target\":\"https:\/\/tugraztestweb.asol.at\/?s={search_term_string}\",\"query-input\":\"required name=search_term_string\"}],\"inLanguage\":\"en-US\"},{\"@type\":\"ImageObject\",\"@id\":\"https:\/\/tugraztestweb.asol.at\/en\/gesamtverzeichnis\/bauingenieurwissenschaften\/smart-studies-architektur-als-soziales-gefuege\/#primaryimage\",\"inLanguage\":\"en-US\",\"url\":\"https:\/\/tugraztestweb.asol.at\/wp-content\/uploads\/2020\/08\/image-978-3-85125-178-4.jpg\",\"contentUrl\":\"https:\/\/tugraztestweb.asol.at\/wp-content\/uploads\/2020\/08\/image-978-3-85125-178-4.jpg\",\"width\":631,\"height\":894},{\"@type\":\"WebPage\",\"@id\":\"https:\/\/tugraztestweb.asol.at\/en\/gesamtverzeichnis\/bauingenieurwissenschaften\/smart-studies-architektur-als-soziales-gefuege\/#webpage\",\"url\":\"https:\/\/tugraztestweb.asol.at\/en\/gesamtverzeichnis\/bauingenieurwissenschaften\/smart-studies-architektur-als-soziales-gefuege\/\",\"name\":\"Smart Studies - Architektur als soziales Gef\\u00fcge - Verlag der TU Graz\",\"isPartOf\":{\"@id\":\"https:\/\/tugraztestweb.asol.at\/#website\"},\"primaryImageOfPage\":{\"@id\":\"https:\/\/tugraztestweb.asol.at\/en\/gesamtverzeichnis\/bauingenieurwissenschaften\/smart-studies-architektur-als-soziales-gefuege\/#primaryimage\"},\"datePublished\":\"2020-08-21T12:54:08+00:00\",\"dateModified\":\"2020-08-21T12:55:08+00:00\",\"breadcrumb\":{\"@id\":\"https:\/\/tugraztestweb.asol.at\/en\/gesamtverzeichnis\/bauingenieurwissenschaften\/smart-studies-architektur-als-soziales-gefuege\/#breadcrumb\"},\"inLanguage\":\"en-US\",\"potentialAction\":[{\"@type\":\"ReadAction\",\"target\":[\"https:\/\/tugraztestweb.asol.at\/en\/gesamtverzeichnis\/bauingenieurwissenschaften\/smart-studies-architektur-als-soziales-gefuege\/\"]}]},{\"@type\":\"BreadcrumbList\",\"@id\":\"https:\/\/tugraztestweb.asol.at\/en\/gesamtverzeichnis\/bauingenieurwissenschaften\/smart-studies-architektur-als-soziales-gefuege\/#breadcrumb\",\"itemListElement\":[{\"@type\":\"ListItem\",\"position\":1,\"item\":{\"@type\":\"WebPage\",\"@id\":\"https:\/\/tugraztestweb.asol.at\/\",\"url\":\"https:\/\/tugraztestweb.asol.at\/\",\"name\":\"Home\"}},{\"@type\":\"ListItem\",\"position\":2,\"item\":{\"@type\":\"WebPage\",\"@id\":\"https:\/\/tugraztestweb.asol.at\/gesamtverzeichnis\/\",\"url\":\"https:\/\/tugraztestweb.asol.at\/gesamtverzeichnis\/\",\"name\":\"Gesamtverzeichnis\"}},{\"@type\":\"ListItem\",\"position\":3,\"item\":{\"@type\":\"WebPage\",\"@id\":\"https:\/\/tugraztestweb.asol.at\/en\/gesamtverzeichnis\/bauingenieurwissenschaften\/smart-studies-architektur-als-soziales-gefuege\/\",\"url\":\"https:\/\/tugraztestweb.asol.at\/en\/gesamtverzeichnis\/bauingenieurwissenschaften\/smart-studies-architektur-als-soziales-gefuege\/\",\"name\":\"Smart Studies &#8211; Architektur als soziales Gef\\u00fcge\"}}]}]}<\/script>\n<!-- \/ Yoast SEO plugin. -->","_links":{"self":[{"href":"https:\/\/tugraztestweb.asol.at\/en\/wp-json\/wp\/v2\/product\/29977"}],"collection":[{"href":"https:\/\/tugraztestweb.asol.at\/en\/wp-json\/wp\/v2\/product"}],"about":[{"href":"https:\/\/tugraztestweb.asol.at\/en\/wp-json\/wp\/v2\/types\/product"}],"replies":[{"embeddable":true,"href":"https:\/\/tugraztestweb.asol.at\/en\/wp-json\/wp\/v2\/comments?post=29977"}],"wp:featuredmedia":[{"embeddable":true,"href":"https:\/\/tugraztestweb.asol.at\/en\/wp-json\/wp\/v2\/media\/39725"}],"wp:attachment":[{"href":"https:\/\/tugraztestweb.asol.at\/en\/wp-json\/wp\/v2\/media?parent=29977"}],"curies":[{"name":"wp","href":"https:\/\/api.w.org\/{rel}","templated":true}]}}