{"id":29994,"date":"2020-08-21T12:54:09","date_gmt":"2020-08-21T12:54:09","guid":{"rendered":"http:\/\/tugraztestweb.asol.at\/gesamtverzeichnis\/unkategorisiert\/the-three-chamber-surge-tank\/"},"modified":"2020-08-21T14:55:09","modified_gmt":"2020-08-21T12:55:09","slug":"the-three-chamber-surge-tank","status":"publish","type":"product","link":"https:\/\/tugraztestweb.asol.at\/en\/gesamtverzeichnis\/bauingenieurwissenschaften\/the-three-chamber-surge-tank\/","title":{"rendered":"The Three Chamber Surge Tank"},"content":{"rendered":"<p class=\"qtranxs-available-languages-message qtranxs-available-languages-message-en\">Sorry, this entry is only available in <a href=\"https:\/\/tugraztestweb.asol.at\/de\/wp-json\/wp\/v2\/product\/29994\" class=\"qtranxs-available-language-link qtranxs-available-language-link-de\" title=\"Deutsch\">Deutsch<\/a>.<\/p><p>Die ver\u00e4nderten Anforderungen an die hydraulischen Systeme von Pumpspeicheranlagen f\u00fchren auch zur Adaptierung und Optimierung der Wasserschlossstrategie. Eine Innovation speziell f\u00fcr den Unterwasserbereich von Pumpspeicheranlagen, stellt das in dieser Arbeit vorgestellte Dreikammerwasserschloss dar. Charakteristisch an diesem System ist die zeitweise gewollte hydraulische Trennung von zwei Unterkammern. Jede der beiden durchflossenen und in den Triebwasserweg integrierten Kammern muss dabei einen speziellen Zweck erf\u00fcllen. Gegen\u00fcber herk\u00f6mmlichen Zweikammersystemen bietet es dadurch neben Vorteilen bei der Betriebsf\u00fchrung auch wesentliche Einsparungspotenziale bei der Herstellung. Eine zu Beginn durchgef\u00fchrte Literaturstudie befasste sich neben den theoretischen Zusammenh\u00e4ngen auch mit einer umfangreichen Bestandsaufnahme von bestehenden Wasserschl\u00f6ssern in Europa und den maschinellen Anforderungen und M\u00f6glichkeiten. Diese bildete, gemeinsam mit den Erfahrungen bei der Gestaltung und Bemessung von Wasserschl\u00f6ssern aus Projektsarbeiten, die Grundlagen zur Durchf\u00fchrung der weiteren Untersuchungen. In dieser Arbeit wurden die theoretischen Zusammenh\u00e4nge und Grundz\u00fcge des neuen Systems entwickelt, sowie allgemeine Auslegungskriterien definiert. Eine zu Beginn durchgef\u00fchrte Studie \u00fcber bestehende Pumpspeicheranlagen diente dabei zur Eingrenzung wichtiger hydraulischer und geometrischer Parameter. Mittels einer umfangreichen 1D-numerischen Vergleichsrechnung wurden die m\u00f6glichen Einsatzbereiche in vor allem in Abh\u00e4ngigkeit der Kammerh\u00f6henlagen von Zwei- und Dreikammersysteme definiert. Dazu wurde ein Berechnungsprogramm im Zeitschrittverfahren entwickelt, womit auf einfach Weise eine Vielzahl an Parametern wie Systemverluste, Kammerh\u00f6henlagen, und Schaltfallkombinationen variiert werden konnten. Eine hydraulisch- konstruktive Gestaltung der \u00dcberfallkonstruktion wurde mittels hybrider Modellierung durchgef\u00fchrt, wobei die Ergebnisse der 3D-numerischen Str\u00f6mungsberechnung mit jenen des physikalischen Modellversuches sehr gut \u00fcbereinstimmten. Ein wesentliches Ergebnis dieser Arbeit stellen die Vorbemessungsbehelfe f\u00fcr Drei- sowie auch Zweikammersysteme dar, womit eine Vorabsch\u00e4tzung der Einzel- und Gesamtvolumina des Wasserschlosses, sowie der maximal auftretenden Durchfl\u00fcsse im System m\u00f6glich ist.<\/p>","protected":false},"excerpt":{"rendered":"<p class=\"qtranxs-available-languages-message qtranxs-available-languages-message-en\">Sorry, this entry is only available in <a href=\"https:\/\/tugraztestweb.asol.at\/de\/wp-json\/wp\/v2\/product\/29994\" class=\"qtranxs-available-language-link qtranxs-available-language-link-de\" title=\"Deutsch\">Deutsch<\/a>.<\/p>\n<p>Die ver\u00e4nderten Anforderungen an die hydraulischen Systeme von Pumpspeicheranlagen f\u00fchren auch zur Adaptierung und Optimierung der Wasserschlossstrategie. Eine Innovation speziell f\u00fcr den Unterwasserbereich von Pumpspeicheranlagen, stellt das in dieser Arbeit vorgestellte Dreikammerwasserschloss dar. Charakteristisch an diesem System ist die zeitweise gewollte hydraulische Trennung von zwei Unterkammern. Jede der beiden durchflossenen und in den Triebwasserweg integrierten Kammern muss dabei einen speziellen Zweck erf\u00fcllen. Gegen\u00fcber herk\u00f6mmlichen Zweikammersystemen bietet es dadurch neben Vorteilen bei der Betriebsf\u00fchrung auch wesentliche Einsparungspotenziale bei der Herstellung. Eine zu Beginn durchgef\u00fchrte Literaturstudie befasste sich neben den theoretischen Zusammenh\u00e4ngen auch mit einer umfangreichen Bestandsaufnahme von bestehenden Wasserschl\u00f6ssern in Europa und den maschinellen Anforderungen und M\u00f6glichkeiten. Diese bildete, gemeinsam mit den Erfahrungen bei der Gestaltung und Bemessung von Wasserschl\u00f6ssern aus Projektsarbeiten, die Grundlagen zur Durchf\u00fchrung der weiteren Untersuchungen. In dieser Arbeit wurden die theoretischen Zusammenh\u00e4nge und Grundz\u00fcge des neuen Systems entwickelt, sowie allgemeine Auslegungskriterien definiert. Eine zu Beginn durchgef\u00fchrte Studie \u00fcber bestehende Pumpspeicheranlagen diente dabei zur Eingrenzung wichtiger hydraulischer und geometrischer Parameter. Mittels einer umfangreichen 1D-numerischen Vergleichsrechnung wurden die m\u00f6glichen Einsatzbereiche in vor allem in Abh\u00e4ngigkeit der Kammerh\u00f6henlagen von Zwei- und Dreikammersysteme definiert. Dazu wurde ein Berechnungsprogramm im Zeitschrittverfahren entwickelt, womit auf einfach Weise eine Vielzahl an Parametern wie Systemverluste, Kammerh\u00f6henlagen, und Schaltfallkombinationen variiert werden konnten. Eine hydraulisch- konstruktive Gestaltung der \u00dcberfallkonstruktion wurde mittels hybrider Modellierung durchgef\u00fchrt, wobei die Ergebnisse der 3D-numerischen Str\u00f6mungsberechnung mit jenen des physikalischen Modellversuches sehr gut \u00fcbereinstimmten. Ein wesentliches Ergebnis dieser Arbeit stellen die Vorbemessungsbehelfe f\u00fcr Drei- sowie auch Zweikammersysteme dar, womit eine Vorabsch\u00e4tzung der Einzel- und Gesamtvolumina des Wasserschlosses, sowie der maximal auftretenden Durchfl\u00fcsse im System m\u00f6glich ist.<\/p>\n","protected":false},"featured_media":39730,"comment_status":"open","ping_status":"closed","template":"","meta":[],"yoast_head":"<!-- This site is optimized with the Yoast SEO plugin v16.1.1 - https:\/\/yoast.com\/wordpress\/plugins\/seo\/ -->\n<link rel=\"canonical\" href=\"https:\/\/tugraztestweb.asol.at\/en\/gesamtverzeichnis\/bauingenieurwissenschaften\/the-three-chamber-surge-tank\/\" \/>\n<meta property=\"og:locale\" content=\"en_US\" \/>\n<meta property=\"og:type\" content=\"article\" \/>\n<meta property=\"og:title\" content=\"The Three Chamber Surge Tank - Verlag der TU Graz\" \/>\n<meta property=\"og:description\" content=\"Die ver\u00e4nderten Anforderungen an die hydraulischen Systeme von Pumpspeicheranlagen f\u00fchren auch zur Adaptierung und Optimierung der Wasserschlossstrategie. Eine Innovation speziell f\u00fcr den Unterwasserbereich von Pumpspeicheranlagen, stellt das in dieser Arbeit vorgestellte Dreikammerwasserschloss dar. Charakteristisch an diesem System ist die zeitweise gewollte hydraulische Trennung von zwei Unterkammern. Jede der beiden durchflossenen und in den Triebwasserweg integrierten Kammern muss dabei einen speziellen Zweck erf\u00fcllen. Gegen\u00fcber herk\u00f6mmlichen Zweikammersystemen bietet es dadurch neben Vorteilen bei der Betriebsf\u00fchrung auch wesentliche Einsparungspotenziale bei der Herstellung. Eine zu Beginn durchgef\u00fchrte Literaturstudie befasste sich neben den theoretischen Zusammenh\u00e4ngen auch mit einer umfangreichen Bestandsaufnahme von bestehenden Wasserschl\u00f6ssern in Europa und den maschinellen Anforderungen und M\u00f6glichkeiten. Diese bildete, gemeinsam mit den Erfahrungen bei der Gestaltung und Bemessung von Wasserschl\u00f6ssern aus Projektsarbeiten, die Grundlagen zur Durchf\u00fchrung der weiteren Untersuchungen. In dieser Arbeit wurden die theoretischen Zusammenh\u00e4nge und Grundz\u00fcge des neuen Systems entwickelt, sowie allgemeine Auslegungskriterien definiert. Eine zu Beginn durchgef\u00fchrte Studie \u00fcber bestehende Pumpspeicheranlagen diente dabei zur Eingrenzung wichtiger hydraulischer und geometrischer Parameter. Mittels einer umfangreichen 1D-numerischen Vergleichsrechnung wurden die m\u00f6glichen Einsatzbereiche in vor allem in Abh\u00e4ngigkeit der Kammerh\u00f6henlagen von Zwei- und Dreikammersysteme definiert. Dazu wurde ein Berechnungsprogramm im Zeitschrittverfahren entwickelt, womit auf einfach Weise eine Vielzahl an Parametern wie Systemverluste, Kammerh\u00f6henlagen, und Schaltfallkombinationen variiert werden konnten. Eine hydraulisch- konstruktive Gestaltung der \u00dcberfallkonstruktion wurde mittels hybrider Modellierung durchgef\u00fchrt, wobei die Ergebnisse der 3D-numerischen Str\u00f6mungsberechnung mit jenen des physikalischen Modellversuches sehr gut \u00fcbereinstimmten. Ein wesentliches Ergebnis dieser Arbeit stellen die Vorbemessungsbehelfe f\u00fcr Drei- sowie auch Zweikammersysteme dar, womit eine Vorabsch\u00e4tzung der Einzel- und Gesamtvolumina des Wasserschlosses, sowie der maximal auftretenden Durchfl\u00fcsse im System m\u00f6glich ist.\" \/>\n<meta property=\"og:url\" content=\"https:\/\/tugraztestweb.asol.at\/en\/gesamtverzeichnis\/bauingenieurwissenschaften\/the-three-chamber-surge-tank\/\" \/>\n<meta property=\"og:site_name\" content=\"Verlag der TU Graz\" \/>\n<meta property=\"article:modified_time\" content=\"2020-08-21T12:55:09+00:00\" \/>\n<meta property=\"og:image\" content=\"https:\/\/tugraztestweb.asol.at\/wp-content\/uploads\/2020\/08\/image-978-3-85125-134-0.jpg\" \/>\n\t<meta property=\"og:image:width\" content=\"815\" \/>\n\t<meta property=\"og:image:height\" content=\"1189\" \/>\n<meta name=\"twitter:card\" content=\"summary_large_image\" \/>\n<meta name=\"twitter:label1\" content=\"Est. reading time\">\n\t<meta name=\"twitter:data1\" content=\"1 minute\">\n<script type=\"application\/ld+json\" class=\"yoast-schema-graph\">{\"@context\":\"https:\/\/schema.org\",\"@graph\":[{\"@type\":\"WebSite\",\"@id\":\"https:\/\/tugraztestweb.asol.at\/#website\",\"url\":\"https:\/\/tugraztestweb.asol.at\/\",\"name\":\"Verlag der TU Graz\",\"description\":\"Verlag der Technischen Universit\\u00e4t Graz\",\"potentialAction\":[{\"@type\":\"SearchAction\",\"target\":\"https:\/\/tugraztestweb.asol.at\/?s={search_term_string}\",\"query-input\":\"required name=search_term_string\"}],\"inLanguage\":\"en-US\"},{\"@type\":\"ImageObject\",\"@id\":\"https:\/\/tugraztestweb.asol.at\/en\/gesamtverzeichnis\/bauingenieurwissenschaften\/the-three-chamber-surge-tank\/#primaryimage\",\"inLanguage\":\"en-US\",\"url\":\"https:\/\/tugraztestweb.asol.at\/wp-content\/uploads\/2020\/08\/image-978-3-85125-134-0.jpg\",\"contentUrl\":\"https:\/\/tugraztestweb.asol.at\/wp-content\/uploads\/2020\/08\/image-978-3-85125-134-0.jpg\",\"width\":815,\"height\":1189},{\"@type\":\"WebPage\",\"@id\":\"https:\/\/tugraztestweb.asol.at\/en\/gesamtverzeichnis\/bauingenieurwissenschaften\/the-three-chamber-surge-tank\/#webpage\",\"url\":\"https:\/\/tugraztestweb.asol.at\/en\/gesamtverzeichnis\/bauingenieurwissenschaften\/the-three-chamber-surge-tank\/\",\"name\":\"The Three Chamber Surge Tank - Verlag der TU Graz\",\"isPartOf\":{\"@id\":\"https:\/\/tugraztestweb.asol.at\/#website\"},\"primaryImageOfPage\":{\"@id\":\"https:\/\/tugraztestweb.asol.at\/en\/gesamtverzeichnis\/bauingenieurwissenschaften\/the-three-chamber-surge-tank\/#primaryimage\"},\"datePublished\":\"2020-08-21T12:54:09+00:00\",\"dateModified\":\"2020-08-21T12:55:09+00:00\",\"breadcrumb\":{\"@id\":\"https:\/\/tugraztestweb.asol.at\/en\/gesamtverzeichnis\/bauingenieurwissenschaften\/the-three-chamber-surge-tank\/#breadcrumb\"},\"inLanguage\":\"en-US\",\"potentialAction\":[{\"@type\":\"ReadAction\",\"target\":[\"https:\/\/tugraztestweb.asol.at\/en\/gesamtverzeichnis\/bauingenieurwissenschaften\/the-three-chamber-surge-tank\/\"]}]},{\"@type\":\"BreadcrumbList\",\"@id\":\"https:\/\/tugraztestweb.asol.at\/en\/gesamtverzeichnis\/bauingenieurwissenschaften\/the-three-chamber-surge-tank\/#breadcrumb\",\"itemListElement\":[{\"@type\":\"ListItem\",\"position\":1,\"item\":{\"@type\":\"WebPage\",\"@id\":\"https:\/\/tugraztestweb.asol.at\/\",\"url\":\"https:\/\/tugraztestweb.asol.at\/\",\"name\":\"Home\"}},{\"@type\":\"ListItem\",\"position\":2,\"item\":{\"@type\":\"WebPage\",\"@id\":\"https:\/\/tugraztestweb.asol.at\/gesamtverzeichnis\/\",\"url\":\"https:\/\/tugraztestweb.asol.at\/gesamtverzeichnis\/\",\"name\":\"Gesamtverzeichnis\"}},{\"@type\":\"ListItem\",\"position\":3,\"item\":{\"@type\":\"WebPage\",\"@id\":\"https:\/\/tugraztestweb.asol.at\/en\/gesamtverzeichnis\/bauingenieurwissenschaften\/the-three-chamber-surge-tank\/\",\"url\":\"https:\/\/tugraztestweb.asol.at\/en\/gesamtverzeichnis\/bauingenieurwissenschaften\/the-three-chamber-surge-tank\/\",\"name\":\"The Three Chamber Surge Tank\"}}]}]}<\/script>\n<!-- \/ Yoast SEO plugin. -->","_links":{"self":[{"href":"https:\/\/tugraztestweb.asol.at\/en\/wp-json\/wp\/v2\/product\/29994"}],"collection":[{"href":"https:\/\/tugraztestweb.asol.at\/en\/wp-json\/wp\/v2\/product"}],"about":[{"href":"https:\/\/tugraztestweb.asol.at\/en\/wp-json\/wp\/v2\/types\/product"}],"replies":[{"embeddable":true,"href":"https:\/\/tugraztestweb.asol.at\/en\/wp-json\/wp\/v2\/comments?post=29994"}],"wp:featuredmedia":[{"embeddable":true,"href":"https:\/\/tugraztestweb.asol.at\/en\/wp-json\/wp\/v2\/media\/39730"}],"wp:attachment":[{"href":"https:\/\/tugraztestweb.asol.at\/en\/wp-json\/wp\/v2\/media?parent=29994"}],"curies":[{"name":"wp","href":"https:\/\/api.w.org\/{rel}","templated":true}]}}