{"id":30000,"date":"2020-08-21T12:54:09","date_gmt":"2020-08-21T12:54:09","guid":{"rendered":"http:\/\/tugraztestweb.asol.at\/gesamtverzeichnis\/unkategorisiert\/trends-in-der-oepnv-planung\/"},"modified":"2020-08-21T14:55:09","modified_gmt":"2020-08-21T12:55:09","slug":"trends-in-der-oepnv-planung","status":"publish","type":"product","link":"https:\/\/tugraztestweb.asol.at\/en\/gesamtverzeichnis\/bauingenieurwissenschaften\/trends-in-der-oepnv-planung\/","title":{"rendered":"Trends in der \u00d6PNV-Planung"},"content":{"rendered":"<p class=\"qtranxs-available-languages-message qtranxs-available-languages-message-en\">Sorry, this entry is only available in <a href=\"https:\/\/tugraztestweb.asol.at\/de\/wp-json\/wp\/v2\/product\/30000\" class=\"qtranxs-available-language-link qtranxs-available-language-link-de\" title=\"Deutsch\">Deutsch<\/a>.<\/p><p><\/p>\n<div>Der \u00d6ffentliche Personennahverkehr bildet in \u00d6sterreichs St\u00e4dten wie auch im Rest von Europa das R\u00fcckgrat des st\u00e4dtischen des st\u00e4dtischen Verkehrs. Trotz zunehmender Individualisierung der Gesellschaft sind Investitionen in den Erhalt, Ausbau und Betrieb des \u00d6PNV unverzichtbar, um die Klimaschutzziele 2020 erreichen zu k\u00f6nnen. Mit 2,6 Tonnen verkehrsbedingten CO2 \u2013 Emissionen pro Einwohner liegt \u00d6sterreich im EU-Schlussfeld. Busse und Stra\u00dfenbahnen produzieren pro Fahrgast wesentlich weniger Schadstoffe und ben\u00f6tigen weniger Verkehrsraum. Beide Argumente f\u00fcr den \u00d6PNV sind bereits an verschiedenster Stelle genannt worden, erfordern jedoch, dass die Fahrzeuge des \u00d6ffentlichen Verkehrs gut ausgelastet sind.<\/div>\n<div><\/div>\n<div>Daher ist das Ziel dieser Tagung nicht die generellen Vorz\u00fcge des \u00d6PNV und Mittel zur Erh\u00f6hung des \u00d6PNV-Anteils am Gesamtverkehrsaufkommen zu diskutieren, sondern konkrete Planungsma\u00dfnahmen zur Nutzungssteigerung des \u00d6PNV vorzustellen. Dabei stehen Projekte und Verfahren im Vordergrund, das \u00d6PNV-Angebot besser an die Nachfrage anzupassen. Die meisten \u00d6PNV-Liniennetze sind historisch gewachsen. Ver\u00e4nderungen in der Siedlungsstruktur, der Fl\u00e4chennutzung sowie \u00c4nderungen in Laden\u00f6ffnungszeiten und flexible Arbeits- und Ausbildungszeiten erfordern eine st\u00e4ndige Anpassung in Linienf\u00fchrung und Takth\u00e4ufigkeit. W\u00e4hrend Fahrpl\u00e4ne meist j\u00e4hrlich oder in noch k\u00fcrzeren Abst\u00e4nden an ge\u00e4nderte Nachfrage angepasst werden, sind Linien\u00e4nderungen kurzfristig weder organisatorisch durchzuf\u00fchren noch den Betroffenen vermittelbar. Umso wichtiger erscheinen daher gute Planungsgrundlagen bei Liniennetz\u00e4nderungen.<\/div>\n<div><\/div>\n<p><\/p>","protected":false},"excerpt":{"rendered":"<p class=\"qtranxs-available-languages-message qtranxs-available-languages-message-en\">Sorry, this entry is only available in <a href=\"https:\/\/tugraztestweb.asol.at\/de\/wp-json\/wp\/v2\/product\/30000\" class=\"qtranxs-available-language-link qtranxs-available-language-link-de\" title=\"Deutsch\">Deutsch<\/a>.<\/p>\n<div>Der \u00d6ffentliche Personennahverkehr bildet in \u00d6sterreichs St\u00e4dten wie auch im Rest von Europa das R\u00fcckgrat des st\u00e4dtischen des st\u00e4dtischen Verkehrs. Trotz zunehmender Individualisierung der Gesellschaft sind Investitionen in den Erhalt, Ausbau und Betrieb des \u00d6PNV unverzichtbar, um die Klimaschutzziele 2020 erreichen zu k\u00f6nnen. Mit 2,6 Tonnen verkehrsbedingten CO2 \u2013 Emissionen pro Einwohner liegt \u00d6sterreich im EU-Schlussfeld. Busse und Stra\u00dfenbahnen produzieren pro Fahrgast wesentlich weniger Schadstoffe und ben\u00f6tigen weniger Verkehrsraum. Beide Argumente f\u00fcr den \u00d6PNV sind bereits an verschiedenster Stelle genannt worden, erfordern jedoch, dass die Fahrzeuge des \u00d6ffentlichen Verkehrs gut ausgelastet sind.<\/div>\n<div><\/div>\n<div>Daher ist das Ziel dieser Tagung nicht die generellen Vorz\u00fcge des \u00d6PNV und Mittel zur Erh\u00f6hung des \u00d6PNV-Anteils am Gesamtverkehrsaufkommen zu diskutieren, sondern konkrete Planungsma\u00dfnahmen zur Nutzungssteigerung des \u00d6PNV vorzustellen. Dabei stehen Projekte und Verfahren im Vordergrund, das \u00d6PNV-Angebot besser an die Nachfrage anzupassen. Die meisten \u00d6PNV-Liniennetze sind historisch gewachsen. Ver\u00e4nderungen in der Siedlungsstruktur, der Fl\u00e4chennutzung sowie \u00c4nderungen in Laden\u00f6ffnungszeiten und flexible Arbeits- und Ausbildungszeiten erfordern eine st\u00e4ndige Anpassung in Linienf\u00fchrung und Takth\u00e4ufigkeit. W\u00e4hrend Fahrpl\u00e4ne meist j\u00e4hrlich oder in noch k\u00fcrzeren Abst\u00e4nden an ge\u00e4nderte Nachfrage angepasst werden, sind Linien\u00e4nderungen kurzfristig weder organisatorisch durchzuf\u00fchren noch den Betroffenen vermittelbar. Umso wichtiger erscheinen daher gute Planungsgrundlagen bei Liniennetz\u00e4nderungen.<\/div>\n<div><\/div>\n","protected":false},"featured_media":39732,"comment_status":"open","ping_status":"closed","template":"","meta":[],"yoast_head":"<!-- This site is optimized with the Yoast SEO plugin v16.1.1 - https:\/\/yoast.com\/wordpress\/plugins\/seo\/ -->\n<link rel=\"canonical\" href=\"https:\/\/tugraztestweb.asol.at\/en\/gesamtverzeichnis\/bauingenieurwissenschaften\/trends-in-der-oepnv-planung\/\" \/>\n<meta property=\"og:locale\" content=\"en_US\" \/>\n<meta property=\"og:type\" content=\"article\" \/>\n<meta property=\"og:title\" content=\"Trends in der \u00d6PNV-Planung - Verlag der TU Graz\" \/>\n<meta property=\"og:description\" content=\"Der \u00d6ffentliche Personennahverkehr bildet in \u00d6sterreichs St\u00e4dten wie auch im Rest von Europa das R\u00fcckgrat des st\u00e4dtischen des st\u00e4dtischen Verkehrs. Trotz zunehmender Individualisierung der Gesellschaft sind Investitionen in den Erhalt, Ausbau und Betrieb des \u00d6PNV unverzichtbar, um die Klimaschutzziele 2020 erreichen zu k\u00f6nnen. Mit 2,6 Tonnen verkehrsbedingten CO2 \u2013 Emissionen pro Einwohner liegt \u00d6sterreich im EU-Schlussfeld. Busse und Stra\u00dfenbahnen produzieren pro Fahrgast wesentlich weniger Schadstoffe und ben\u00f6tigen weniger Verkehrsraum. Beide Argumente f\u00fcr den \u00d6PNV sind bereits an verschiedenster Stelle genannt worden, erfordern jedoch, dass die Fahrzeuge des \u00d6ffentlichen Verkehrs gut ausgelastet sind.Daher ist das Ziel dieser Tagung nicht die generellen Vorz\u00fcge des \u00d6PNV und Mittel zur Erh\u00f6hung des \u00d6PNV-Anteils am Gesamtverkehrsaufkommen zu diskutieren, sondern konkrete Planungsma\u00dfnahmen zur Nutzungssteigerung des \u00d6PNV vorzustellen. Dabei stehen Projekte und Verfahren im Vordergrund, das \u00d6PNV-Angebot besser an die Nachfrage anzupassen. Die meisten \u00d6PNV-Liniennetze sind historisch gewachsen. Ver\u00e4nderungen in der Siedlungsstruktur, der Fl\u00e4chennutzung sowie \u00c4nderungen in Laden\u00f6ffnungszeiten und flexible Arbeits- und Ausbildungszeiten erfordern eine st\u00e4ndige Anpassung in Linienf\u00fchrung und Takth\u00e4ufigkeit. W\u00e4hrend Fahrpl\u00e4ne meist j\u00e4hrlich oder in noch k\u00fcrzeren Abst\u00e4nden an ge\u00e4nderte Nachfrage angepasst werden, sind Linien\u00e4nderungen kurzfristig weder organisatorisch durchzuf\u00fchren noch den Betroffenen vermittelbar. Umso wichtiger erscheinen daher gute Planungsgrundlagen bei Liniennetz\u00e4nderungen.\" \/>\n<meta property=\"og:url\" content=\"https:\/\/tugraztestweb.asol.at\/en\/gesamtverzeichnis\/bauingenieurwissenschaften\/trends-in-der-oepnv-planung\/\" \/>\n<meta property=\"og:site_name\" content=\"Verlag der TU Graz\" \/>\n<meta property=\"article:modified_time\" content=\"2020-08-21T12:55:09+00:00\" \/>\n<meta property=\"og:image\" content=\"https:\/\/tugraztestweb.asol.at\/wp-content\/uploads\/2020\/08\/image-978-3-85125-175-3.jpg\" \/>\n\t<meta property=\"og:image:width\" content=\"586\" \/>\n\t<meta property=\"og:image:height\" content=\"833\" \/>\n<meta name=\"twitter:card\" content=\"summary_large_image\" \/>\n<meta name=\"twitter:label1\" content=\"Est. reading time\">\n\t<meta name=\"twitter:data1\" content=\"1 minute\">\n<script type=\"application\/ld+json\" class=\"yoast-schema-graph\">{\"@context\":\"https:\/\/schema.org\",\"@graph\":[{\"@type\":\"WebSite\",\"@id\":\"https:\/\/tugraztestweb.asol.at\/#website\",\"url\":\"https:\/\/tugraztestweb.asol.at\/\",\"name\":\"Verlag der TU Graz\",\"description\":\"Verlag der Technischen Universit\\u00e4t Graz\",\"potentialAction\":[{\"@type\":\"SearchAction\",\"target\":\"https:\/\/tugraztestweb.asol.at\/?s={search_term_string}\",\"query-input\":\"required name=search_term_string\"}],\"inLanguage\":\"en-US\"},{\"@type\":\"ImageObject\",\"@id\":\"https:\/\/tugraztestweb.asol.at\/en\/gesamtverzeichnis\/bauingenieurwissenschaften\/trends-in-der-oepnv-planung\/#primaryimage\",\"inLanguage\":\"en-US\",\"url\":\"https:\/\/tugraztestweb.asol.at\/wp-content\/uploads\/2020\/08\/image-978-3-85125-175-3.jpg\",\"contentUrl\":\"https:\/\/tugraztestweb.asol.at\/wp-content\/uploads\/2020\/08\/image-978-3-85125-175-3.jpg\",\"width\":586,\"height\":833},{\"@type\":\"WebPage\",\"@id\":\"https:\/\/tugraztestweb.asol.at\/en\/gesamtverzeichnis\/bauingenieurwissenschaften\/trends-in-der-oepnv-planung\/#webpage\",\"url\":\"https:\/\/tugraztestweb.asol.at\/en\/gesamtverzeichnis\/bauingenieurwissenschaften\/trends-in-der-oepnv-planung\/\",\"name\":\"Trends in der \\u00d6PNV-Planung - Verlag der TU Graz\",\"isPartOf\":{\"@id\":\"https:\/\/tugraztestweb.asol.at\/#website\"},\"primaryImageOfPage\":{\"@id\":\"https:\/\/tugraztestweb.asol.at\/en\/gesamtverzeichnis\/bauingenieurwissenschaften\/trends-in-der-oepnv-planung\/#primaryimage\"},\"datePublished\":\"2020-08-21T12:54:09+00:00\",\"dateModified\":\"2020-08-21T12:55:09+00:00\",\"breadcrumb\":{\"@id\":\"https:\/\/tugraztestweb.asol.at\/en\/gesamtverzeichnis\/bauingenieurwissenschaften\/trends-in-der-oepnv-planung\/#breadcrumb\"},\"inLanguage\":\"en-US\",\"potentialAction\":[{\"@type\":\"ReadAction\",\"target\":[\"https:\/\/tugraztestweb.asol.at\/en\/gesamtverzeichnis\/bauingenieurwissenschaften\/trends-in-der-oepnv-planung\/\"]}]},{\"@type\":\"BreadcrumbList\",\"@id\":\"https:\/\/tugraztestweb.asol.at\/en\/gesamtverzeichnis\/bauingenieurwissenschaften\/trends-in-der-oepnv-planung\/#breadcrumb\",\"itemListElement\":[{\"@type\":\"ListItem\",\"position\":1,\"item\":{\"@type\":\"WebPage\",\"@id\":\"https:\/\/tugraztestweb.asol.at\/\",\"url\":\"https:\/\/tugraztestweb.asol.at\/\",\"name\":\"Home\"}},{\"@type\":\"ListItem\",\"position\":2,\"item\":{\"@type\":\"WebPage\",\"@id\":\"https:\/\/tugraztestweb.asol.at\/gesamtverzeichnis\/\",\"url\":\"https:\/\/tugraztestweb.asol.at\/gesamtverzeichnis\/\",\"name\":\"Gesamtverzeichnis\"}},{\"@type\":\"ListItem\",\"position\":3,\"item\":{\"@type\":\"WebPage\",\"@id\":\"https:\/\/tugraztestweb.asol.at\/en\/gesamtverzeichnis\/bauingenieurwissenschaften\/trends-in-der-oepnv-planung\/\",\"url\":\"https:\/\/tugraztestweb.asol.at\/en\/gesamtverzeichnis\/bauingenieurwissenschaften\/trends-in-der-oepnv-planung\/\",\"name\":\"Trends in der \\u00d6PNV-Planung\"}}]}]}<\/script>\n<!-- \/ Yoast SEO plugin. -->","_links":{"self":[{"href":"https:\/\/tugraztestweb.asol.at\/en\/wp-json\/wp\/v2\/product\/30000"}],"collection":[{"href":"https:\/\/tugraztestweb.asol.at\/en\/wp-json\/wp\/v2\/product"}],"about":[{"href":"https:\/\/tugraztestweb.asol.at\/en\/wp-json\/wp\/v2\/types\/product"}],"replies":[{"embeddable":true,"href":"https:\/\/tugraztestweb.asol.at\/en\/wp-json\/wp\/v2\/comments?post=30000"}],"wp:featuredmedia":[{"embeddable":true,"href":"https:\/\/tugraztestweb.asol.at\/en\/wp-json\/wp\/v2\/media\/39732"}],"wp:attachment":[{"href":"https:\/\/tugraztestweb.asol.at\/en\/wp-json\/wp\/v2\/media?parent=30000"}],"curies":[{"name":"wp","href":"https:\/\/api.w.org\/{rel}","templated":true}]}}